{"id":38,"date":"2019-02-25T11:11:01","date_gmt":"2019-02-25T11:11:01","guid":{"rendered":"https:\/\/tppone.com\/demo\/chaucay\/?page_id=38"},"modified":"2021-01-07T07:13:35","modified_gmt":"2021-01-07T07:13:35","slug":"lien-he","status":"publish","type":"page","link":"https:\/\/themex.myonter.com\/chaucay\/lien-he\/","title":{"rendered":"Li\u00ean h\u1ec7"},"content":{"rendered":"<p><iframe loading=\"lazy\" src=\"https:\/\/www.google.com\/maps\/embed?pb=!1m18!1m12!1m3!1d3723.989023546493!2d105.79153781542331!3d21.03312519300402!2m3!1f0!2f0!3f0!3m2!1i1024!2i768!4f13.1!3m3!1m2!1s0x3135ab98ebf628ad%3A0xde37a672fc5f0018!2zQ8O0bmcgdHkgdGhp4bq_dCBr4bq_IHdlYiBPbnRlciwuSnNj!5e0!3m2!1svi!2s!4v1610003552621!5m2!1svi!2s\" width=\"100%\" height=\"450\" frameborder=\"0\" style=\"border:0;\" allowfullscreen=\"\" aria-hidden=\"false\" tabindex=\"0\"><\/iframe><\/p>\n<div class=\"row\"  id=\"row-1543014154\">\n<div class=\"col medium-6 small-12 large-6\"  ><div class=\"col-inner\"  >\n<h3>Li\u00ean h\u1ec7 v\u1edbi ch\u00fang t\u00f4i<\/h3>\n<p>C\u00e2y Xinh lu\u00f4n s\u1eb5n l\u00f2ng \u0111\u00f3n nh\u1eadn c\u00e1c \u00fd ki\u1ebfn \u0111\u00f3ng g\u00f3p c\u0169ng nh\u01b0 h\u1ed3i \u0111\u00e1p c\u00e1c th\u1eafc m\u1eafc c\u1ee7a b\u1ea1n v\u1ec1 c\u00e1c s\u1ea3n ph\u1ea9m, d\u1ecbch v\u1ee5. B\u1ea1n c\u00f3 th\u1ec3 li\u00ean h\u1ec7 qua bi\u1ec3u m\u1eabu ho\u1eb7c li\u00ean h\u1ec7 theo c\u00e1c th\u00f4ng tin d\u01b0\u1edbi \u0111\u00e2y n\u1ebfu b\u1ea1n c\u00f3 b\u1ea5t k\u1ef3 y\u00eau c\u1ea7u ho\u1eb7c th\u1eafc m\u1eafc n\u00e0o<\/p>\n<a rel=\"noopener noreferrer\" href=\"#\" target=\"_blank\" class=\"button primary lowercase\"  style=\"border-radius:99px;\">\n    <span>Xem b\u1ea3n \u0111\u1ed3<\/span>\n  <\/a>\n\n<\/div><\/div>\n<div class=\"col medium-6 small-12 large-6\"  ><div class=\"col-inner\"  >\n\n<div class=\"wpcf7 no-js\" id=\"wpcf7-f474-o1\" lang=\"vi\" dir=\"ltr\">\n<div class=\"screen-reader-response\"><p role=\"status\" aria-live=\"polite\" aria-atomic=\"true\"><\/p> <ul><\/ul><\/div>\n<form action=\"\/chaucay\/wp-json\/wp\/v2\/pages\/38#wpcf7-f474-o1\" method=\"post\" class=\"wpcf7-form init\" aria-label=\"Form li\u00ean h\u1ec7\" novalidate=\"novalidate\" data-status=\"init\">\n<div style=\"display: none;\">\n<input type=\"hidden\" name=\"_wpcf7\" value=\"474\" \/>\n<input type=\"hidden\" name=\"_wpcf7_version\" value=\"5.9.8\" \/>\n<input type=\"hidden\" name=\"_wpcf7_locale\" value=\"vi\" \/>\n<input type=\"hidden\" name=\"_wpcf7_unit_tag\" value=\"wpcf7-f474-o1\" \/>\n<input type=\"hidden\" name=\"_wpcf7_container_post\" value=\"0\" \/>\n<input type=\"hidden\" name=\"_wpcf7_posted_data_hash\" value=\"\" \/>\n<\/div>\n<p><span class=\"wpcf7-form-control-wrap\" data-name=\"text-748\"><input size=\"40\" maxlength=\"400\" class=\"wpcf7-form-control wpcf7-text wpcf7-validates-as-required\" aria-required=\"true\" aria-invalid=\"false\" placeholder=\"T\u00ean c\u1ee7a b\u1ea1n...\" value=\"\" type=\"text\" name=\"text-748\" \/><\/span><br \/>\n<span class=\"wpcf7-form-control-wrap\" data-name=\"tel-670\"><input size=\"40\" maxlength=\"400\" class=\"wpcf7-form-control wpcf7-tel wpcf7-validates-as-required wpcf7-text wpcf7-validates-as-tel\" aria-required=\"true\" aria-invalid=\"false\" placeholder=\"S\u1ed1 \u0111i\u1ec7n tho\u1ea1i...\" value=\"\" type=\"tel\" name=\"tel-670\" \/><\/span><br \/>\n<span class=\"wpcf7-form-control-wrap\" data-name=\"text-7344\"><input size=\"40\" maxlength=\"400\" class=\"wpcf7-form-control wpcf7-text\" aria-invalid=\"false\" placeholder=\"\u0110\u1ecba ch\u1ec9 c\u1ee7a b\u1ea1n...\" value=\"\" type=\"text\" name=\"text-7344\" \/><\/span><br \/>\n<span class=\"wpcf7-form-control-wrap\" data-name=\"textarea-872\"><textarea cols=\"40\" rows=\"10\" maxlength=\"2000\" class=\"wpcf7-form-control wpcf7-textarea\" aria-invalid=\"false\" placeholder=\"N\u1ed9i dung tin nh\u1eafn...\" name=\"textarea-872\"><\/textarea><\/span><br \/>\n<input class=\"wpcf7-form-control wpcf7-submit has-spinner\" type=\"submit\" value=\"G\u1eedi li\u00ean h\u1ec7\" \/>\n<\/p><div class=\"wpcf7-response-output\" aria-hidden=\"true\"><\/div>\n<\/form>\n<\/div>\n\n<\/div><\/div>\n<\/div>\n","protected":false},"excerpt":{"rendered":"","protected":false},"author":1,"featured_media":0,"parent":0,"menu_order":0,"comment_status":"closed","ping_status":"closed","template":"page-right-sidebar.php","meta":{"footnotes":""},"class_list":["post-38","page","type-page","status-publish","hentry"],"_links":{"self":[{"href":"https:\/\/themex.myonter.com\/chaucay\/wp-json\/wp\/v2\/pages\/38"}],"collection":[{"href":"https:\/\/themex.myonter.com\/chaucay\/wp-json\/wp\/v2\/pages"}],"about":[{"href":"https:\/\/themex.myonter.com\/chaucay\/wp-json\/wp\/v2\/types\/page"}],"author":[{"embeddable":true,"href":"https:\/\/themex.myonter.com\/chaucay\/wp-json\/wp\/v2\/users\/1"}],"replies":[{"embeddable":true,"href":"https:\/\/themex.myonter.com\/chaucay\/wp-json\/wp\/v2\/comments?post=38"}],"version-history":[{"count":1,"href":"https:\/\/themex.myonter.com\/chaucay\/wp-json\/wp\/v2\/pages\/38\/revisions"}],"predecessor-version":[{"id":542,"href":"https:\/\/themex.myonter.com\/chaucay\/wp-json\/wp\/v2\/pages\/38\/revisions\/542"}],"wp:attachment":[{"href":"https:\/\/themex.myonter.com\/chaucay\/wp-json\/wp\/v2\/media?parent=38"}],"curies":[{"name":"wp","href":"https:\/\/api.w.org\/{rel}","templated":true}]}}