{"id":281,"date":"2019-02-26T11:06:10","date_gmt":"2019-02-26T04:06:10","guid":{"rendered":"https:\/\/tppone.com\/demo\/dichvubaove\/?page_id=281"},"modified":"2019-02-26T12:58:39","modified_gmt":"2019-02-26T05:58:39","slug":"ban-sac-van-hoa","status":"publish","type":"page","link":"https:\/\/themex.myonter.com\/dichvubaove\/ban-sac-van-hoa\/","title":{"rendered":"B\u1ea3n s\u1eafc v\u0103n h\u00f3a"},"content":{"rendered":"<h2>B\u1ea2N S\u1eaeC V\u0102N H\u00d3A<\/h2>\n<p>V\u0103n ho\u00e1 doanh nghi\u1ec7p \u0111\u01b0\u1ee3c x\u00e2y d\u1ef1ng tr\u00ean m\u1ed9t s\u1ed1 v\u1ea5n \u0111\u1ec1 c\u0103n b\u1ea3n nh\u01b0: tri\u1ebft l\u00fd ho\u1ea1t \u0111\u1ed9ng c\u1ee7a doanh nghi\u1ec7p; \u0111\u1ea1o \u0111\u1ee9c kinh doanh; h\u1ec7 th\u1ed1ng h\u00e0ng ho\u00e1 v\u00e0 d\u1ecbch v\u1ee5 m\u00e0 doanh nghi\u1ec7p cung c\u1ea5p cho th\u1ecb tr\u01b0\u1eddng; ph\u01b0\u01a1ng th\u1ee9c t\u1ed5 ch\u1ee9c ho\u1ea1t \u0111\u1ed9ng c\u1ee7a doanh nghi\u1ec7p; ph\u01b0\u01a1ng th\u1ee9c giao ti\u1ebfp c\u1ee7a doanh nghi\u1ec7p v\u1edbi x\u00e3 h\u1ed9i\u2026<\/p>\n<p><img class=\"aligncenter\" src=\"https:\/\/baovengayvadem.com\/images\/uploads\/noidung\/images\/BanSacVanHoa_01.JPG\" alt=\"B\u1ea2N S\u1eaeC V\u0102N H\u00d3A\" \/><\/p>\n<p>V\u00e0 m\u1ed7i d\u00e2n t\u1ed9c, m\u1ed7i qu\u1ed1c gia mu\u1ed1n tr\u01b0\u1eddng t\u1ed3n v\u00e0 ph\u00e1t tri\u1ec3n ph\u1ea3i c\u00f3 n\u1ec1n v\u0103n h\u00f3a m\u1ea1nh, v\u0103n h\u00f3a doanh nghi\u1ec7p kh\u00f4ng n\u1eb1m ngo\u00e0i ph\u1ea1m tr\u00f9 \u0111\u00f3. Ph\u1ea3i coi v\u0103n h\u00f3a nh\u01b0 t\u00f4n ch\u1ec9 m\u1ee5c \u0111\u00edch c\u1ee7a doanh nghi\u1ec7p m\u00ecnh. V\u00ec v\u1eady x\u00e2y d\u1ef1ng v\u0103n h\u00f3a doanh nghi\u1ec7p l\u00e0 c\u1ea5p b\u00e1ch, c\u1ea7n thi\u1ebft v\u00e0 l\u00e0 c\u00e1i \u0111\u1ea7u ti\u00ean m\u00e0 m\u1ed7i doanh nghi\u1ec7p c\u1ea7n l\u01b0u t\u00e2m t\u1edbi.<\/p>\n<p>Qu\u00e1 tr\u00ecnh g\u1ea7n 10 n\u0103m h\u00ecnh th\u00e0nh v\u00e0 ph\u00e1t tri\u1ec3n, h\u00ecnh \u1ea3nh\u00a0<strong><a title=\"bao ve\" href=\"http:\/\/baovengayvadem.com\/\">b\u1ea3o v\u1ec7<\/a><\/strong>\u00a0Ng\u00e0y &amp; \u0110\u00eam \u0111\u00e3 t\u1ea1o \u0111\u01b0\u1ee3c d\u1ea5u \u1ea5n \u0111\u1eb9p cho kh\u00e1ch h\u00e0ng, \u0111\u00f3 c\u0169ng l\u00e0 ni\u1ec1m t\u1ef1 h\u00e0o c\u1ee7a \u0111\u1ed9i ng\u0169 h\u01a1n 5.000 V\u1ec7 s\u1ef9 Ng\u00e0y &amp; \u0110\u00eam tr\u00ean m\u1ecdi mi\u1ec1n \u0111\u1ea5t n\u01b0\u1edbc. B\u1ea3n s\u1eafc v\u0103n h\u00f3a Ng\u00e0y &amp; \u0110\u00eam \u0111\u01b0\u1ee3c v\u00ed \u201cnh\u01b0 l\u00e0 m\u1ed9t m\u00e1i nh\u00e0\u201d v\u1edbi tinh th\u1ea7n \u0111o\u00e0n k\u1ebft, t\u01b0\u01a1ng th\u00e2n t\u01b0\u01a1ng \u00e1i, ch\u00e2n t\u00ecnh, g\u1eafn b\u00f3, tr\u00e1ch nhi\u1ec7m v\u00e0 d\u1ecbch v\u1ee5 ch\u1ea5t l\u01b0\u1ee3ng\u2026 Gi\u00e1 tr\u1ecb n\u00e0y \u0111\u00e3 \u0111\u01b0\u1ee3c x\u00e2y d\u1ef1ng, b\u1ed3i \u0111\u1eafp v\u00e0 ph\u00e1t tri\u1ec3n b\u1edfi L\u00e3nh \u0111\u1ea1o v\u00e0 t\u1eadp th\u1ec3 C\u00e1n B\u1ed9, Nh\u00e2n Vi\u00ean t\u1eeb B\u1eafc t\u1edbi Nam v\u1edbi m\u1ed7i ph\u00fat an to\u00e0n\u00a0c\u00f9ng v\u1edbi m\u00e0u \u00e1o thi\u00ean thanh \u0110\u1eb9p v\u00e0 Th\u00e2n thi\u1ec7n.<\/p>\n<p><img class=\"aligncenter\" src=\"https:\/\/baovengayvadem.com\/images\/uploads\/noidung\/images\/BanSacVanHoa_02.jpg\" alt=\"m\u1ed7i ph\u00fat an to\u00e0n\u00a0c\u00f9ng v\u1edbi m\u00e0u \u00e1o thi\u00ean thanh \u0110\u1eb9p v\u00e0 Th\u00e2n thi\u1ec7n\" \/><\/p>\n<p>Hi\u1ec7n nay, C\u00f4ng ty B\u1ea3o V\u1ec7 Ng\u00e0y &amp; \u0110\u00eam \u0111\u00e3 ph\u00e1t tri\u1ec3n th\u00e0nh m\u1ed9t C\u00f4ng ty v\u1edbi h\u01a1n 15 Chi nh\u00e1nh v\u00e0 V\u0103n ph\u00f2ng \u0111\u1ea1i di\u1ec7n \u0111\u01b0\u1ee3c tr\u1ea3i r\u1ed9ng t\u1eeb Th\u1ee7 \u0111\u00f4 H\u00e0 N\u1ed9i \u0111\u1ebfn c\u00e1c th\u00e0nh ph\u1ed1 l\u1edbn nh\u01b0: TP. Vinh, Th\u1eeba Thi\u00ean Hu\u1ebf, \u0110\u00e0 N\u1eb5ng, B\u00ecnh D\u01b0\u01a1ng, \u0110\u1ed3ng Nai, B\u00e0 R\u1ecba \u2013 V\u0169ng T\u00e0u, TP.HCM, T\u00e2y Ninh, B\u00ecnh Ph\u01b0\u1edbc, Long An, V\u0129nh Long, C\u1ea7n Th\u01a1\u2026 v\u1edbi t\u1ed5ng s\u1ed1 l\u01b0\u1ee3ng C\u00e1n B\u1ed9, Nh\u00e2n Vi\u00ean (CBNV) tr\u00ean 5.000 ng\u01b0\u1eddi. M\u1ed7i c\u00e1 nh\u00e2n \u0111\u1ec1u mang theo m\u00ecnh m\u1ed9t h\u00e0nh trang v\u0103n h\u00f3a kh\u00e1c nhau, v\u00ec v\u1eady vi\u1ec7c g\u00ecn gi\u1eef v\u00e0 ph\u00e1t tri\u1ec3n b\u1ea3n s\u1eafc V\u0103n h\u00f3a Ng\u00e0y &amp; \u0110\u00eam th\u1eadt kh\u00f4ng \u0111\u01a1n gi\u1ea3n v\u00e0 \u0111\u00e2y c\u0169ng l\u00e0 v\u1ea5n \u0111\u1ec1 \u0111\u01b0\u1ee3c Ban L\u00e3nh \u0110\u1ea1o c\u00f4ng ty \u0111\u1eb7c bi\u1ec7t\u00a0quan t\u00e2m trong chi\u1ebfn l\u01b0\u1ee3c ph\u00e1t tri\u1ec3n b\u1ec1n v\u1eefng c\u1ee7a c\u00f4ng ty.<\/p>\n<p>M\u1ed9t trong nh\u1eefng gi\u1ea3i ph\u00e1p c\u1ee7a chi\u1ebfn l\u01b0\u1ee3c x\u00e2y d\u1ef1ng v\u0103n h\u00f3a doanh nghi\u1ec7p l\u00e0 \u201cQui t\u1eafc \u1ee9ng x\u1eed v\u00e0 v\u0103n h\u00f3a Ng\u00e0y &amp; \u0110\u00eam\u201d \u0111\u00f3 l\u00e0: Phong c\u00e1ch l\u00e0m vi\u1ec7c v\u00e0 giao ti\u1ebfp, quan h\u1ec7 nh\u00e2n vi\u00ean, giao ti\u1ebfp v\u1edbi c\u1ea5p tr\u00ean, nh\u00e2n vi\u00ean c\u1ea5p d\u01b0\u1edbi, \u0111\u1ed3ng nghi\u1ec7p v\u00e0 quan h\u1ec7 \u0111\u1ed1i t\u00e1c kinh doanh v\u1edbi ch\u00ednh quy\u1ec1n \u0111\u1ecba ph\u01b0\u01a1ng v\u00e0 v\u1edbi b\u00e1o ch\u00ed, truy\u1ec1n th\u00f4ng\u2026 T\u1eeb \u0111\u00f3 c\u00f3 th\u1ec3 bi\u1ebft r\u00f5 v\u1ecb tr\u00ed c\u1ee7a m\u00ecnh v\u00e0 c\u00f3 c\u00e1ch \u1ee9ng x\u1eed \u0111\u00fang \u0111\u1eafn, tu\u00e2n th\u1ee7 ph\u00e1p lu\u1eadt v\u00e0 n\u1ed9i quy, qui \u0111\u1ecbnh c\u1ee7a C\u00f4ng ty.<\/p>\n<p>&nbsp;<\/p>\n<p><img class=\"aligncenter\" src=\"https:\/\/baovengayvadem.com\/images\/uploads\/noidung\/images\/BanSacVanHoa_03.JPG\" alt=\"L\u1ea5y ch\u1ea5t l\u01b0\u1ee3ng d\u1ecbch v\u1ee5 l\u00e0m \u0111\u1ed9ng l\u1ef1c ph\u00e1t tri\u1ec3n c\u00f4ng ty\" \/><\/p>\n<p>Ph\u01b0\u01a1ng ch\u00e2m \u201c<strong>L\u1ea5y ch\u1ea5t l\u01b0\u1ee3ng d\u1ecbch v\u1ee5 l\u00e0m \u0111\u1ed9ng l\u1ef1c ph\u00e1t tri\u1ec3n c\u00f4ng ty<\/strong>\u201d \u0111\u01b0\u1ee3c xem nh\u01b0 l\u00e0 kim ch\u1ec9 nam cho m\u1ecdi h\u00e0nh \u0111\u1ed9ng, theo \u0111\u1ed3ng ch\u00ed Ng\u00f4 Ch\u00ed Hi\u1ebfu, T\u1ed5ng Gi\u00e1m \u0111\u1ed1c th\u00ec \u201c<strong>Ch\u1ea5t l\u01b0\u1ee3ng d\u1ecbch v\u1ee5, ch\u00ednh l\u00e0 ch\u1ea5t l\u01b0\u1ee3ng ng\u01b0\u1eddi v\u1ec7 s\u1ef9\u201d<\/strong>, ngo\u00e0i nh\u1eefng y\u1ebfu t\u1ed1 kh\u00e1c th\u00ec ng\u01b0\u1eddi v\u1ec7 s\u1ef9 c\u1ee7a Ng\u00e0y &amp; \u0110\u00eam ph\u1ea3i h\u1ed9i \u0111\u1ee7 c\u00e1c ti\u00eau chu\u1ea9n:\u00a0<strong>\u201cNH\u00c2N \u2013 NGH\u0128A \u2013 TR\u00cd \u2013 T\u00cdN \u2013 D\u0168NG<\/strong>\u201d v\u00ec v\u1eady, kh\u1ea9u hi\u1ec7u: \u201c<strong>R\u00e8n \u0111\u1ee9c, luy\u1ec7n t\u00e0i x\u1ee9ng danh v\u1ec7 s\u1ef9<\/strong>\u201d \u0111\u01b0\u1ee3c t\u1eadp th\u1ec3 CBNV Ng\u00e0y &amp; \u0110\u00eam, r\u00e8n luy\u1ec7n m\u1ed9t c\u00e1ch khoa h\u1ecdc v\u1eadn d\u1ee5ng s\u00e1ng t\u1ea1o trong th\u1ef1c thi nhi\u1ec7m v\u1ee5.<\/p>\n<p>C\u00f3 th\u1ec3 n\u00f3i, gi\u00e1 tr\u1ecb c\u1ed1t l\u00f5i m\u00e0 v\u1ec7 s\u1ef9 Ng\u00e0y &amp; \u0110\u00eam c\u00f3 \u0111\u01b0\u1ee3c ph\u1ea3i l\u00e0:<\/p>\n<p>&#8211;\u00a0<strong>CH\u1ea4T L\u01af\u1ee2NG\u00a0<\/strong>lu\u00f4n l\u00e0 y\u00eau c\u1ea7u s\u1ed1ng c\u00f2n c\u1ee7a\u00a0<strong>C\u00f4ng ty\u00a0B\u1ea3o v\u1ec7<\/strong>\u00a0Ng\u00e0y &amp; \u0110\u00eam, tuy\u1ec7t \u0111\u1ed1i kh\u00f4ng \u0111\u1ec3 h\u00ecnh \u1ea3nh ng\u01b0\u1eddi v\u1ec7 s\u1ef9 C\u00f4ng ty Ng\u00e0y &amp; \u0110\u00eam x\u1ea5u \u0111i b\u1edfi ch\u1ea5t l\u01b0\u1ee3ng d\u1ecbch v\u1ee5 k\u00e9m.<\/p>\n<p>&#8211;\u00a0<strong>Lu\u00f4n \u0111\u1eb7t ch\u1eef T\u00cdN<\/strong>\u00a0l\u00ean h\u00e0ng \u0111\u1ea7u trong qu\u00e1 tr\u00ecnh h\u1ee3p t\u00e1c, ph\u1ee5c v\u1ee5 kh\u00e1ch h\u00e0ng; kh\u00f4ng l\u1eeba d\u1ed1i ho\u1eb7c th\u1ea5t h\u1ee9a v\u1edbi \u0111\u1ed1i t\u00e1c, kh\u00e1ch h\u00e0ng.<\/p>\n<p>&#8211; M\u1ed7i \u0111\u01a1n v\u1ecb t\u1ed3n t\u1ea1i, ph\u00e1t tri\u1ec3n tr\u00ean c\u01a1 s\u1edf\u00a0<strong>HI\u1ec6U QU\u1ea2<\/strong>\u00a0v\u00e0 l\u1ee3i \u00edch l\u00e2u d\u00e0i.<\/p>\n<p>&#8211; T\u1ea5t c\u1ea3 CBNV lu\u00f4n duy tr\u00ec phong c\u00e1ch l\u00e0m vi\u1ec7c\u00a0<strong>CHUY\u00caN NGHI\u1ec6P<\/strong>, c\u00f3 tr\u00e1ch nhi\u1ec7m cao, lu\u00f4n \u0111\u00fang gi\u1edd, c\u00f3 k\u1ebf ho\u1ea1ch ch\u1ee7 \u0111\u1ed9ng, t\u1ed1c \u0111\u1ed9 v\u00e0 t\u00ednh chu\u1ea9n x\u00e1c cao.<\/p>\n<p>&#8211; Tin t\u01b0\u1edfng tuy\u1ec7t \u0111\u1ed1i v\u00e0o s\u1ee9c m\u1ea1nh c\u1ee7a m\u1ed9t t\u1eadp th\u1ec3,\u00a0<strong>\u0110O\u00c0N K\u1ebeT<\/strong>\u00a0s\u1ebd gi\u00fap cho C\u00f4ng ty lu\u00f4n ph\u00e1t tri\u1ec3n, v\u01b0\u1ee3t qua m\u1ecdi th\u1eed th\u00e1ch, kh\u00f3 kh\u0103n.<\/p>\n\t<section class=\"section dich-vu\" id=\"section_1572506416\">\n\t\t<div class=\"bg section-bg fill bg-fill  \" >\n\n\t\t\t\n\t\t\t\n\t\t\t\n\n\t\t<\/div>\n\n\t\t<div class=\"section-content relative\">\n\t\t\t\n<div class=\"row\"  id=\"row-1984047735\">\n\n\t<div id=\"col-191052933\" class=\"col small-12 large-12\"  >\n\t\t\t\t<div class=\"col-inner\"  >\n\t\t\t\n\t\t\t\n<div class=\"container section-title-container\" ><h2 class=\"section-title section-title-center\"><b><\/b><span class=\"section-title-main\" style=\"color:rgb(0, 0, 0);\">Ch\u00fang t\u00f4i cung c\u1ea5p c\u00e1c d\u1ecbch v\u1ee5<\/span><b><\/b><\/h2><\/div>\n\t\t<\/div>\n\t\t\t\t\t<\/div>\n\n\t\n\n\t<div id=\"col-1497582670\" class=\"col medium-4 small-12 large-4\"  >\n\t\t\t\t<div class=\"col-inner text-center\"  >\n\t\t\t\n\t\t\t\n\n\t<a class=\"plain\" href=\"\/dich-vu-bao-ve-muc-tieu-co-dinh\/\" target=\"_blank\" rel=\"noopener noreferrer\" >\t<div class=\"icon-box featured-box icon-box-center text-center\"  >\n\t\t\t\t\t<div class=\"icon-box-img\" style=\"width: 265px\">\n\t\t\t\t<div class=\"icon\">\n\t\t\t\t\t<div class=\"icon-inner\" >\n\t\t\t\t\t\t<img width=\"300\" height=\"300\" src=\"https:\/\/themex.myonter.com\/dichvubaove\/wp-content\/uploads\/2019\/02\/codinh-300x300.jpg\" class=\"attachment-medium size-medium\" alt=\"\" loading=\"lazy\" srcset=\"https:\/\/themex.myonter.com\/dichvubaove\/wp-content\/uploads\/2019\/02\/codinh-300x300.jpg 300w, https:\/\/themex.myonter.com\/dichvubaove\/wp-content\/uploads\/2019\/02\/codinh-150x150.jpg 150w, https:\/\/themex.myonter.com\/dichvubaove\/wp-content\/uploads\/2019\/02\/codinh.jpg 768w\" sizes=\"(max-width: 300px) 100vw, 300px\" \/>\t\t\t\t\t<\/div>\n\t\t\t\t<\/div>\n\t\t\t<\/div>\n\t\t\t\t<div class=\"icon-box-text last-reset\">\n\t\t\t\t\t\t\t\t\t\n<h3 style=\"text-align: center;\">B\u1ea3o v\u1ec7 m\u1ee5c ti\u00eau c\u1ed1 \u0111\u1ecbnh<\/h3>\n\t\t<\/div>\n\t<\/div>\n\t<\/a>\n\t\n\t\t<\/div>\n\t\t\t\t\t<\/div>\n\n\t\n\n\t<div id=\"col-1994695899\" class=\"col medium-4 small-12 large-4\"  >\n\t\t\t\t<div class=\"col-inner\"  >\n\t\t\t\n\t\t\t\n\n\t<a class=\"plain\" href=\"\/dich-vu-bao-ve-cac-su-kien-le-hoi\/\" target=\"_blank\" rel=\"noopener noreferrer\" >\t<div class=\"icon-box featured-box icon-box-center text-center\"  >\n\t\t\t\t\t<div class=\"icon-box-img\" style=\"width: 265px\">\n\t\t\t\t<div class=\"icon\">\n\t\t\t\t\t<div class=\"icon-inner\" >\n\t\t\t\t\t\t<img width=\"300\" height=\"300\" src=\"https:\/\/themex.myonter.com\/dichvubaove\/wp-content\/uploads\/2019\/02\/kcn-300x300.jpg\" class=\"attachment-medium size-medium\" alt=\"\" loading=\"lazy\" srcset=\"https:\/\/themex.myonter.com\/dichvubaove\/wp-content\/uploads\/2019\/02\/kcn-300x300.jpg 300w, https:\/\/themex.myonter.com\/dichvubaove\/wp-content\/uploads\/2019\/02\/kcn-150x150.jpg 150w, https:\/\/themex.myonter.com\/dichvubaove\/wp-content\/uploads\/2019\/02\/kcn-768x768.jpg 768w, https:\/\/themex.myonter.com\/dichvubaove\/wp-content\/uploads\/2019\/02\/kcn.jpg 800w\" sizes=\"(max-width: 300px) 100vw, 300px\" \/>\t\t\t\t\t<\/div>\n\t\t\t\t<\/div>\n\t\t\t<\/div>\n\t\t\t\t<div class=\"icon-box-text last-reset\">\n\t\t\t\t\t\t\t\t\t\n<h3 style=\"text-align: center;\">B\u1ea3o v\u1ec7 c\u00e1c s\u1ef1 ki\u1ec7n, l\u1ec5 h\u1ed9i<\/h3>\n\t\t<\/div>\n\t<\/div>\n\t<\/a>\n\t\n\t\t<\/div>\n\t\t\t\t\t<\/div>\n\n\t\n\n\t<div id=\"col-1435147676\" class=\"col medium-4 small-12 large-4\"  >\n\t\t\t\t<div class=\"col-inner\"  >\n\t\t\t\n\t\t\t\n\n\t<a class=\"plain\" href=\"\/dich-vu-bao-ve-khu-cong-nghiep\/\" target=\"_blank\" rel=\"noopener noreferrer\" >\t<div class=\"icon-box featured-box icon-box-center text-center\"  >\n\t\t\t\t\t<div class=\"icon-box-img\" style=\"width: 265px\">\n\t\t\t\t<div class=\"icon\">\n\t\t\t\t\t<div class=\"icon-inner\" >\n\t\t\t\t\t\t<img width=\"300\" height=\"300\" src=\"https:\/\/themex.myonter.com\/dichvubaove\/wp-content\/uploads\/2019\/02\/kcn-300x300.jpg\" class=\"attachment-medium size-medium\" alt=\"\" loading=\"lazy\" srcset=\"https:\/\/themex.myonter.com\/dichvubaove\/wp-content\/uploads\/2019\/02\/kcn-300x300.jpg 300w, https:\/\/themex.myonter.com\/dichvubaove\/wp-content\/uploads\/2019\/02\/kcn-150x150.jpg 150w, https:\/\/themex.myonter.com\/dichvubaove\/wp-content\/uploads\/2019\/02\/kcn-768x768.jpg 768w, https:\/\/themex.myonter.com\/dichvubaove\/wp-content\/uploads\/2019\/02\/kcn.jpg 800w\" sizes=\"(max-width: 300px) 100vw, 300px\" \/>\t\t\t\t\t<\/div>\n\t\t\t\t<\/div>\n\t\t\t<\/div>\n\t\t\t\t<div class=\"icon-box-text last-reset\">\n\t\t\t\t\t\t\t\t\t\n<h3 style=\"text-align: center;\">B\u1ea3o v\u1ec7 khu c\u00f4ng nghi\u1ec7p<\/h3>\n\t\t<\/div>\n\t<\/div>\n\t<\/a>\n\t\n\t\t<\/div>\n\t\t\t\t\t<\/div>\n\n\t\n\n\t<div id=\"col-1981515460\" class=\"col medium-4 small-12 large-4\"  >\n\t\t\t\t<div class=\"col-inner\"  >\n\t\t\t\n\t\t\t\n\n\t<a class=\"plain\" href=\"\/dich-vu-bao-ve-yeu-nhan-vip\/\" target=\"_blank\" rel=\"noopener noreferrer\" >\t<div class=\"icon-box featured-box icon-box-center text-center\"  >\n\t\t\t\t\t<div class=\"icon-box-img\" style=\"width: 265px\">\n\t\t\t\t<div class=\"icon\">\n\t\t\t\t\t<div class=\"icon-inner\" >\n\t\t\t\t\t\t<img width=\"300\" height=\"300\" src=\"https:\/\/themex.myonter.com\/dichvubaove\/wp-content\/uploads\/2019\/02\/VIP-300x300.jpg\" class=\"attachment-medium size-medium\" alt=\"\" loading=\"lazy\" srcset=\"https:\/\/themex.myonter.com\/dichvubaove\/wp-content\/uploads\/2019\/02\/VIP-300x300.jpg 300w, https:\/\/themex.myonter.com\/dichvubaove\/wp-content\/uploads\/2019\/02\/VIP-150x150.jpg 150w, https:\/\/themex.myonter.com\/dichvubaove\/wp-content\/uploads\/2019\/02\/VIP.jpg 768w\" sizes=\"(max-width: 300px) 100vw, 300px\" \/>\t\t\t\t\t<\/div>\n\t\t\t\t<\/div>\n\t\t\t<\/div>\n\t\t\t\t<div class=\"icon-box-text last-reset\">\n\t\t\t\t\t\t\t\t\t\n<h3 style=\"text-align: center;\">B\u1ea3o v\u1ec7 y\u1ebfu nh\u00e2n, VIP<\/h3>\n\t\t<\/div>\n\t<\/div>\n\t<\/a>\n\t\n\t\t<\/div>\n\t\t\t\t\t<\/div>\n\n\t\n\n\t<div id=\"col-367200177\" class=\"col medium-4 small-12 large-4\"  >\n\t\t\t\t<div class=\"col-inner\"  >\n\t\t\t\n\t\t\t\n\n\t<a class=\"plain\" href=\"\/dich-vu-bao-ve-muc-tieu-di-dong\/\" target=\"_blank\" rel=\"noopener noreferrer\" >\t<div class=\"icon-box featured-box icon-box-center text-center\"  >\n\t\t\t\t\t<div class=\"icon-box-img\" style=\"width: 265px\">\n\t\t\t\t<div class=\"icon\">\n\t\t\t\t\t<div class=\"icon-inner\" >\n\t\t\t\t\t\t<img width=\"300\" height=\"300\" src=\"https:\/\/themex.myonter.com\/dichvubaove\/wp-content\/uploads\/2019\/02\/ddong-300x300.jpg\" class=\"attachment-medium size-medium\" alt=\"\" loading=\"lazy\" srcset=\"https:\/\/themex.myonter.com\/dichvubaove\/wp-content\/uploads\/2019\/02\/ddong-300x300.jpg 300w, https:\/\/themex.myonter.com\/dichvubaove\/wp-content\/uploads\/2019\/02\/ddong-150x150.jpg 150w, https:\/\/themex.myonter.com\/dichvubaove\/wp-content\/uploads\/2019\/02\/ddong.jpg 521w\" sizes=\"(max-width: 300px) 100vw, 300px\" \/>\t\t\t\t\t<\/div>\n\t\t\t\t<\/div>\n\t\t\t<\/div>\n\t\t\t\t<div class=\"icon-box-text last-reset\">\n\t\t\t\t\t\t\t\t\t\n<h3 style=\"text-align: center;\">B\u1ea3o v\u1ec7 m\u1ee5c ti\u00eau di \u0111\u1ed9ng<\/h3>\n\t\t<\/div>\n\t<\/div>\n\t<\/a>\n\t\n\t\t<\/div>\n\t\t\t\t\t<\/div>\n\n\t\n\n\t<div id=\"col-299416285\" class=\"col medium-4 small-12 large-4\"  >\n\t\t\t\t<div class=\"col-inner\"  >\n\t\t\t\n\t\t\t\n\n\t<a class=\"plain\" href=\"\/dich-vu-bao-ve-chat-luong-cao\/\" target=\"_blank\" rel=\"noopener noreferrer\" >\t<div class=\"icon-box featured-box icon-box-center text-center\"  >\n\t\t\t\t\t<div class=\"icon-box-img\" style=\"width: 265px\">\n\t\t\t\t<div class=\"icon\">\n\t\t\t\t\t<div class=\"icon-inner\" >\n\t\t\t\t\t\t<img width=\"300\" height=\"300\" src=\"https:\/\/themex.myonter.com\/dichvubaove\/wp-content\/uploads\/2019\/02\/nds-300x300.png\" class=\"attachment-medium size-medium\" alt=\"\" loading=\"lazy\" srcset=\"https:\/\/themex.myonter.com\/dichvubaove\/wp-content\/uploads\/2019\/02\/nds-300x300.png 300w, https:\/\/themex.myonter.com\/dichvubaove\/wp-content\/uploads\/2019\/02\/nds-150x150.png 150w, https:\/\/themex.myonter.com\/dichvubaove\/wp-content\/uploads\/2019\/02\/nds.png 500w\" sizes=\"(max-width: 300px) 100vw, 300px\" \/>\t\t\t\t\t<\/div>\n\t\t\t\t<\/div>\n\t\t\t<\/div>\n\t\t\t\t<div class=\"icon-box-text last-reset\">\n\t\t\t\t\t\t\t\t\t\n<h3 style=\"text-align: center;\">D\u1ecbch v\u1ee5 b\u1ea3o v\u1ec7 ch\u1ea5t l\u01b0\u1ee3ng cao<\/h3>\n\t\t<\/div>\n\t<\/div>\n\t<\/a>\n\t\n\t\t<\/div>\n\t\t\t\t\t<\/div>\n\n\t\n<\/div>\n\t\t<\/div>\n\n\t\t\n<style>\n#section_1572506416 {\n  padding-top: 30px;\n  padding-bottom: 30px;\n}\n#section_1572506416 .section-bg.bg-loaded {\n  background-image: url(https:\/\/themex.myonter.com\/dichvubaove\/wp-content\/uploads\/2019\/02\/bg.jpg);\n}\n<\/style>\n\t<\/section>\n\t\n","protected":false},"excerpt":{"rendered":"<p>B\u1ea2N S\u1eaeC V\u0102N H\u00d3A V\u0103n ho\u00e1 doanh nghi\u1ec7p \u0111\u01b0\u1ee3c x\u00e2y d\u1ef1ng tr\u00ean m\u1ed9t s\u1ed1 v\u1ea5n \u0111\u1ec1 c\u0103n b\u1ea3n nh\u01b0: tri\u1ebft l\u00fd ho\u1ea1t \u0111\u1ed9ng c\u1ee7a doanh nghi\u1ec7p; \u0111\u1ea1o \u0111\u1ee9c kinh doanh; h\u1ec7 th\u1ed1ng h\u00e0ng ho\u00e1 v\u00e0 d\u1ecbch v\u1ee5 m\u00e0 doanh nghi\u1ec7p cung c\u1ea5p cho th\u1ecb tr\u01b0\u1eddng; ph\u01b0\u01a1ng th\u1ee9c t\u1ed5 ch\u1ee9c ho\u1ea1t \u0111\u1ed9ng c\u1ee7a doanh nghi\u1ec7p; ph\u01b0\u01a1ng &#8230;<\/p>\n","protected":false},"author":1,"featured_media":0,"parent":0,"menu_order":0,"comment_status":"closed","ping_status":"closed","template":"page-right-sidebar.php","meta":[],"_links":{"self":[{"href":"https:\/\/themex.myonter.com\/dichvubaove\/wp-json\/wp\/v2\/pages\/281"}],"collection":[{"href":"https:\/\/themex.myonter.com\/dichvubaove\/wp-json\/wp\/v2\/pages"}],"about":[{"href":"https:\/\/themex.myonter.com\/dichvubaove\/wp-json\/wp\/v2\/types\/page"}],"author":[{"embeddable":true,"href":"https:\/\/themex.myonter.com\/dichvubaove\/wp-json\/wp\/v2\/users\/1"}],"replies":[{"embeddable":true,"href":"https:\/\/themex.myonter.com\/dichvubaove\/wp-json\/wp\/v2\/comments?post=281"}],"version-history":[{"count":1,"href":"https:\/\/themex.myonter.com\/dichvubaove\/wp-json\/wp\/v2\/pages\/281\/revisions"}],"predecessor-version":[{"id":488,"href":"https:\/\/themex.myonter.com\/dichvubaove\/wp-json\/wp\/v2\/pages\/281\/revisions\/488"}],"wp:attachment":[{"href":"https:\/\/themex.myonter.com\/dichvubaove\/wp-json\/wp\/v2\/media?parent=281"}],"curies":[{"name":"wp","href":"https:\/\/api.w.org\/{rel}","templated":true}]}}