{"id":283,"date":"2019-02-26T11:07:44","date_gmt":"2019-02-26T04:07:44","guid":{"rendered":"https:\/\/tppone.com\/demo\/dichvubaove\/?page_id=283"},"modified":"2019-02-26T12:58:09","modified_gmt":"2019-02-26T05:58:09","slug":"tieu-chi-hoat-dong","status":"publish","type":"page","link":"https:\/\/themex.myonter.com\/dichvubaove\/tieu-chi-hoat-dong\/","title":{"rendered":"Ti\u00eau ch\u00ed ho\u1ea1t \u0111\u1ed9ng"},"content":{"rendered":"<h3>1. C\u00f4ng t\u00e1c l\u1eadp ph\u01b0\u01a1ng \u00e1n b\u1ea3o v\u1ec7:<\/h3>\n<p>Ph\u01b0\u01a1ng \u00e1n b\u1ea3o v\u1ec7 \u0111\u01b0\u1ee3c Ph\u00f2ng Nghi\u1ec7p v\u1ee5 chuy\u00ean tr\u00e1ch\u00a0<strong>c\u00f4ng ty b\u1ea3o v\u1ec7<\/strong>\u00a0<strong>Ng\u00e0y &amp; \u0110\u00eam<\/strong>\u00a0x\u00e2y d\u1ef1ng m\u1ed9t c\u00e1ch khoa h\u1ecdc, t\u1ed1i \u01b0u theo y\u00eau c\u1ea7u c\u1ee7a kh\u00e1ch h\u00e0ng v\u00e0 t\u00ecnh h\u00ecnh th\u1ef1c t\u1ebf t\u1ea1i n\u01a1i c\u1ea7n b\u1ea3o v\u1ec7, b\u1ea3o \u0111\u1ea3m an to\u00e0n v\u00e0 hi\u1ec7u qu\u1ea3 cao nh\u1ea5t cho kh\u00e1ch h\u00e0ng.<\/p>\n<h3>2. Th\u1eddi gian l\u00e0m vi\u1ec7c:<\/h3>\n<p>Nh\u00e2n vi\u00ean b\u1ea3o v\u1ec7\u00a0<strong>Ng\u00e0y &amp; \u0110\u00eam<\/strong>\u00a0l\u00e0m vi\u1ec7c theo ca li\u00ean t\u1ee5c t\u1ea1i m\u1ee5c ti\u00eau theo \u0111\u00fang ph\u01b0\u01a1ng \u00e1n b\u1ea3o v\u1ec7 su\u1ed1t th\u1eddi gian 24h\/ng\u00e0y, t\u1ea5t c\u1ea3 c\u00e1c ng\u00e0y trong tu\u1ea7n (bao g\u1ed3m ng\u00e0y Ch\u1ee7 Nh\u1eadt, ng\u00e0y l\u1ec5, t\u1ebft m\u00e0 kh\u00e1ch h\u00e0ng kh\u00f4ng ph\u1ea3i tr\u1ea3 th\u00eam b\u1ea5t c\u1ee9 kho\u1ea3n chi ph\u00ed n\u00e0o).<\/p>\n<h3>3. Nh\u00e2n vi\u00ean b\u1ea3o v\u1ec7:<\/h3>\n<p>Nh\u00e2n vi\u00ean\u00a0<strong>b\u1ea3o v\u1ec7<\/strong>\u00a0<strong>Ng\u00e0y &amp; \u0110\u00eam<\/strong>\u00a0\u0111\u01b0\u1ee3c tuy\u1ec3n ch\u1ecdn theo ti\u00eau chu\u1ea9n b\u1eaft bu\u1ed9c v\u00e0 quy tr\u00ecnh x\u00e9t tuy\u1ec3n nghi\u00eam ng\u1eb7t. Trong \u0111\u00f3 \u0111a s\u1ed1 l\u00e0 nh\u1eefng ng\u01b0\u1eddi \u0111\u00e3 t\u1eebng l\u00e0m vi\u1ec7c trong ng\u00e0nh c\u00f4ng an, qu\u00e2n \u0111\u1ed9i c\u00f3 ki\u1ebfn th\u1ee9c chuy\u00ean m\u00f4n v\u00e0 b\u1ec1 d\u00e0y kinh nghi\u1ec7m trong l\u0129nh v\u1ef1c an ninh. Nh\u00e2n vi\u00ean b\u1ea3o v\u1ec7 \u0111\u01b0\u1ee3c hu\u1ea5n luy\u1ec7n v\u00e0 th\u01b0\u1eddng xuy\u00ean b\u1ed3i d\u01b0\u1ee1ng nghi\u1ec7p v\u1ee5 b\u1ea3o v\u1ec7 s\u00e1t t\u00ecnh h\u00ecnh t\u1ea1i m\u1ee5c ti\u00eau; c\u00f3 kh\u1ea3 n\u0103ng l\u00e0m vi\u1ec7c g\u1eafn k\u1ebft theo nh\u00f3m c\u0169ng nh\u01b0 h\u00e0nh \u0111\u1ed9ng \u0111\u1ed9c l\u1eadp, c\u00f3 \u0111\u1ea1o \u0111\u1ee9c ngh\u1ec1 nghi\u1ec7p t\u1ed1t, \u00fd th\u1ee9c t\u1ed5 ch\u1ee9c k\u1ef7 lu\u1eadt nghi\u00eam.<\/p>\n<h3><strong>4. \u0110\u1ed9i c\u01a1 \u0111\u1ed9ng v\u00e0 \u0111\u1ed9i ki\u1ec3m tra ch\u1ea5t l\u01b0\u1ee3ng:\u00a0<\/strong><\/h3>\n<p>C\u00f4ng ty b\u1ea3o v\u1ec7\u00a0<strong>Ng\u00e0y &amp; \u0110\u00eam<\/strong>\u00a0lu\u00f4n c\u00f3 \u201cl\u1ef1c l\u01b0\u1ee3ng c\u01a1 \u0111\u1ed9ng\u201d s\u1eb5n s\u00e0ng \u1ee9ng c\u1ee9u kh\u1ea9n c\u1ea5p c\u00e1c t\u00ecnh hu\u1ed1ng b\u00e1o \u0111\u1ed9ng v\u00e0 \u0111\u1ed9i \u201cki\u1ec3m tra ch\u1ea5t l\u01b0\u1ee3ng\u201d th\u01b0\u1eddng xuy\u00ean ki\u1ec3m tra c\u00e1c m\u1ee5c ti\u00eau, \u0111\u1ecbnh k\u1ef3 v\u00e0 \u0111\u1ed9t xu\u1ea5t nh\u1eb1m gi\u00e1m s\u00e1t \u0111\u00e1nh gi\u00e1 ch\u1ea5t l\u01b0\u1ee3ng\u00a0<strong>d\u1ecbch v\u1ee5 b\u1ea3o v\u1ec7<\/strong>\u00a0ph\u00e1t hi\u1ec7n nh\u1eefng s\u01a1 h\u1edf, thi\u1ebfu s\u00f3t c\u1ee7a nh\u00e2n vi\u00ean nh\u1eb1m ch\u1ea5n ch\u1ec9nh k\u1ecbp th\u1eddi.<\/p>\n<p>C\u00f4ng ty\u00a0<strong>Ng\u00e0y &amp; \u0110\u00eam<\/strong>\u00a0lu\u00f4n c\u1ea3nh b\u00e1o nh\u1eefng nguy c\u01a1 r\u1ee7i ro ti\u1ec1m \u1ea9n v\u00e0 t\u01b0 v\u1ea5n bi\u1ec7n ph\u00e1p ph\u00f2ng ng\u1eeba v\u1edbi quan \u0111i\u1ec3m \u201cph\u00f2ng b\u1ec7nh h\u01a1n ch\u1eefa b\u1ec7nh\u201c nh\u1eb1m \u0111em l\u1ea1i s\u1ef1 an to\u00e0n cao nh\u1ea5t cho kh\u00e1ch h\u00e0ng.<\/p>\n<h3><strong>5. B\u1ed9 ph\u1eadn ch\u0103m s\u00f3c kh\u00e1ch h\u00e0ng:\u00a0<\/strong><\/h3>\n<p>C\u00f3 b\u1ed9 ph\u1eadn chuy\u00ean tr\u00e1ch ch\u0103m s\u00f3c kh\u00e1ch h\u00e0ng th\u01b0\u1eddng xuy\u00ean g\u1eb7p g\u1ee1 l\u1eafng nghe ti\u1ebfp thu \u00fd ki\u1ebfn c\u1ee7a kh\u00e1ch h\u00e0ng \u0111\u00e1nh gi\u00e1 ch\u1ea5t l\u01b0\u1ee3ng d\u1ecbch v\u1ee5, c\u1ea3i ti\u1ebfn s\u1eeda \u0111\u1ed5i nh\u1eefng v\u1ea5n \u0111\u1ec1 ch\u01b0a ph\u00f9 h\u1ee3p trong qu\u00e1 tr\u00ecnh th\u1ef1c hi\u1ec7n h\u1ee3p \u0111\u1ed3ng nh\u1eb1m th\u1ecfa m\u00e3n m\u1ecdi y\u00eau c\u1ea7u c\u1ee7a kh\u00e1ch h\u00e0ng.<\/p>\n<h3><strong>6. Trang ph\u1ee5c c\u1ee7a nh\u00e2n vi\u00ean b\u1ea3o v\u1ec7 v\u00e0 c\u00f4ng c\u1ee5 h\u1ed7 tr\u1ee3:<\/strong><\/h3>\n<p>Nh\u00e2n vi\u00ean b\u1ea3o v\u1ec7\u00a0<strong>Ng\u00e0y &amp; \u0110\u00eam<\/strong>\u00a0m\u1eb7c \u0111\u1ed3ng ph\u1ee5c m\u00e0u xanh \u0111\u1eb7c tr\u01b0ng, \u0111\u1eb9p v\u00e0 gi\u1ea3n d\u1ecb m\u00e0 m\u1ea1nh m\u1ebd s\u1ebd t\u00f4 \u0111i\u1ec3m th\u00eam v\u1ebb \u0111\u1eb9p cho Nh\u00e0 m\u00e1y, C\u00f4ng ty, X\u00ed nghi\u1ec7p, Ng\u00e2n h\u00e0ng, C\u00f4ng tr\u01b0\u1eddng c\u1ee7a kh\u00e1ch h\u00e0ng. \u0110\u1ed3ng th\u1eddi h\u1ecd \u0111\u01b0\u1ee3c trang b\u1ecb c\u00f4ng c\u1ee5 h\u1ed7 tr\u1ee3 ph\u00f9 h\u1ee3p \u0111\u00fang quy \u0111\u1ecbnh c\u1ee7a B\u1ed9 c\u00f4ng an \u0111\u1ea3m b\u1ea3o ho\u00e0n th\u00e0nh t\u1ed1t x\u1eed l\u00fd t\u1ed1t m\u1ecdi t\u00ecnh hu\u1ed1ng x\u1ea3y ra.<\/p>\n<h3><strong>7. Tr\u00e1ch nhi\u1ec7m b\u1ed3i th\u01b0\u1eddng:\u00a0<\/strong><\/h3>\n<p>C\u00f4ng ty\u00a0<strong>Ng\u00e0y &amp; \u0110\u00eam<\/strong>\u00a0(ho\u1eb7c c\u00f4ng ty b\u1ea3o hi\u1ec3m) c\u00f3 tr\u00e1ch nhi\u1ec7m b\u1ed3i th\u01b0\u1eddng 100% c\u00e1c thi\u1ec7t h\u1ea1i v\u1eadt ch\u1ea5t cho kh\u00e1ch h\u00e0ng do l\u1ed7i ho\u00e0n to\u00e0n c\u1ee7a nh\u00e2n vi\u00ean b\u1ea3o v\u1ec7\u00a0<strong>Ng\u00e0y &amp; \u0110\u00eam<\/strong>\u00a0g\u00e2y ra.\u00a0<strong>C\u00d4NG TY B\u1ea2O V\u1ec6 NG\u00c0Y &amp; \u0110\u00caM<\/strong><\/p>\n\t<section class=\"section dich-vu\" id=\"section_1955799516\">\n\t\t<div class=\"bg section-bg fill bg-fill  \" >\n\n\t\t\t\n\t\t\t\n\t\t\t\n\n\t\t<\/div>\n\n\t\t<div class=\"section-content relative\">\n\t\t\t\n<div class=\"row\"  id=\"row-984235897\">\n\n\t<div id=\"col-98613859\" class=\"col small-12 large-12\"  >\n\t\t\t\t<div class=\"col-inner\"  >\n\t\t\t\n\t\t\t\n<div class=\"container section-title-container\" ><h2 class=\"section-title section-title-center\"><b><\/b><span class=\"section-title-main\" style=\"color:rgb(0, 0, 0);\">Ch\u00fang t\u00f4i cung c\u1ea5p c\u00e1c d\u1ecbch v\u1ee5<\/span><b><\/b><\/h2><\/div>\n\t\t<\/div>\n\t\t\t\t\t<\/div>\n\n\t\n\n\t<div id=\"col-1674509933\" class=\"col medium-4 small-12 large-4\"  >\n\t\t\t\t<div class=\"col-inner text-center\"  >\n\t\t\t\n\t\t\t\n\n\t<a class=\"plain\" href=\"\/dich-vu-bao-ve-muc-tieu-co-dinh\/\" target=\"_blank\" rel=\"noopener noreferrer\" >\t<div class=\"icon-box featured-box icon-box-center text-center\"  >\n\t\t\t\t\t<div class=\"icon-box-img\" style=\"width: 265px\">\n\t\t\t\t<div class=\"icon\">\n\t\t\t\t\t<div class=\"icon-inner\" >\n\t\t\t\t\t\t<img width=\"300\" height=\"300\" src=\"https:\/\/themex.myonter.com\/dichvubaove\/wp-content\/uploads\/2019\/02\/codinh-300x300.jpg\" class=\"attachment-medium size-medium\" alt=\"\" loading=\"lazy\" srcset=\"https:\/\/themex.myonter.com\/dichvubaove\/wp-content\/uploads\/2019\/02\/codinh-300x300.jpg 300w, https:\/\/themex.myonter.com\/dichvubaove\/wp-content\/uploads\/2019\/02\/codinh-150x150.jpg 150w, https:\/\/themex.myonter.com\/dichvubaove\/wp-content\/uploads\/2019\/02\/codinh.jpg 768w\" sizes=\"(max-width: 300px) 100vw, 300px\" \/>\t\t\t\t\t<\/div>\n\t\t\t\t<\/div>\n\t\t\t<\/div>\n\t\t\t\t<div class=\"icon-box-text last-reset\">\n\t\t\t\t\t\t\t\t\t\n<h3 style=\"text-align: center;\">B\u1ea3o v\u1ec7 m\u1ee5c ti\u00eau c\u1ed1 \u0111\u1ecbnh<\/h3>\n\t\t<\/div>\n\t<\/div>\n\t<\/a>\n\t\n\t\t<\/div>\n\t\t\t\t\t<\/div>\n\n\t\n\n\t<div id=\"col-746061214\" class=\"col medium-4 small-12 large-4\"  >\n\t\t\t\t<div class=\"col-inner\"  >\n\t\t\t\n\t\t\t\n\n\t<a class=\"plain\" href=\"\/dich-vu-bao-ve-cac-su-kien-le-hoi\/\" target=\"_blank\" rel=\"noopener noreferrer\" >\t<div class=\"icon-box featured-box icon-box-center text-center\"  >\n\t\t\t\t\t<div class=\"icon-box-img\" style=\"width: 265px\">\n\t\t\t\t<div class=\"icon\">\n\t\t\t\t\t<div class=\"icon-inner\" >\n\t\t\t\t\t\t<img width=\"300\" height=\"300\" src=\"https:\/\/themex.myonter.com\/dichvubaove\/wp-content\/uploads\/2019\/02\/kcn-300x300.jpg\" class=\"attachment-medium size-medium\" alt=\"\" loading=\"lazy\" srcset=\"https:\/\/themex.myonter.com\/dichvubaove\/wp-content\/uploads\/2019\/02\/kcn-300x300.jpg 300w, https:\/\/themex.myonter.com\/dichvubaove\/wp-content\/uploads\/2019\/02\/kcn-150x150.jpg 150w, https:\/\/themex.myonter.com\/dichvubaove\/wp-content\/uploads\/2019\/02\/kcn-768x768.jpg 768w, https:\/\/themex.myonter.com\/dichvubaove\/wp-content\/uploads\/2019\/02\/kcn.jpg 800w\" sizes=\"(max-width: 300px) 100vw, 300px\" \/>\t\t\t\t\t<\/div>\n\t\t\t\t<\/div>\n\t\t\t<\/div>\n\t\t\t\t<div class=\"icon-box-text last-reset\">\n\t\t\t\t\t\t\t\t\t\n<h3 style=\"text-align: center;\">B\u1ea3o v\u1ec7 c\u00e1c s\u1ef1 ki\u1ec7n, l\u1ec5 h\u1ed9i<\/h3>\n\t\t<\/div>\n\t<\/div>\n\t<\/a>\n\t\n\t\t<\/div>\n\t\t\t\t\t<\/div>\n\n\t\n\n\t<div id=\"col-1803838414\" class=\"col medium-4 small-12 large-4\"  >\n\t\t\t\t<div class=\"col-inner\"  >\n\t\t\t\n\t\t\t\n\n\t<a class=\"plain\" href=\"\/dich-vu-bao-ve-khu-cong-nghiep\/\" target=\"_blank\" rel=\"noopener noreferrer\" >\t<div class=\"icon-box featured-box icon-box-center text-center\"  >\n\t\t\t\t\t<div class=\"icon-box-img\" style=\"width: 265px\">\n\t\t\t\t<div class=\"icon\">\n\t\t\t\t\t<div class=\"icon-inner\" >\n\t\t\t\t\t\t<img width=\"300\" height=\"300\" src=\"https:\/\/themex.myonter.com\/dichvubaove\/wp-content\/uploads\/2019\/02\/kcn-300x300.jpg\" class=\"attachment-medium size-medium\" alt=\"\" loading=\"lazy\" srcset=\"https:\/\/themex.myonter.com\/dichvubaove\/wp-content\/uploads\/2019\/02\/kcn-300x300.jpg 300w, https:\/\/themex.myonter.com\/dichvubaove\/wp-content\/uploads\/2019\/02\/kcn-150x150.jpg 150w, https:\/\/themex.myonter.com\/dichvubaove\/wp-content\/uploads\/2019\/02\/kcn-768x768.jpg 768w, https:\/\/themex.myonter.com\/dichvubaove\/wp-content\/uploads\/2019\/02\/kcn.jpg 800w\" sizes=\"(max-width: 300px) 100vw, 300px\" \/>\t\t\t\t\t<\/div>\n\t\t\t\t<\/div>\n\t\t\t<\/div>\n\t\t\t\t<div class=\"icon-box-text last-reset\">\n\t\t\t\t\t\t\t\t\t\n<h3 style=\"text-align: center;\">B\u1ea3o v\u1ec7 khu c\u00f4ng nghi\u1ec7p<\/h3>\n\t\t<\/div>\n\t<\/div>\n\t<\/a>\n\t\n\t\t<\/div>\n\t\t\t\t\t<\/div>\n\n\t\n\n\t<div id=\"col-1815108739\" class=\"col medium-4 small-12 large-4\"  >\n\t\t\t\t<div class=\"col-inner\"  >\n\t\t\t\n\t\t\t\n\n\t<a class=\"plain\" href=\"\/dich-vu-bao-ve-yeu-nhan-vip\/\" target=\"_blank\" rel=\"noopener noreferrer\" >\t<div class=\"icon-box featured-box icon-box-center text-center\"  >\n\t\t\t\t\t<div class=\"icon-box-img\" style=\"width: 265px\">\n\t\t\t\t<div class=\"icon\">\n\t\t\t\t\t<div class=\"icon-inner\" >\n\t\t\t\t\t\t<img width=\"300\" height=\"300\" src=\"https:\/\/themex.myonter.com\/dichvubaove\/wp-content\/uploads\/2019\/02\/VIP-300x300.jpg\" class=\"attachment-medium size-medium\" alt=\"\" loading=\"lazy\" srcset=\"https:\/\/themex.myonter.com\/dichvubaove\/wp-content\/uploads\/2019\/02\/VIP-300x300.jpg 300w, https:\/\/themex.myonter.com\/dichvubaove\/wp-content\/uploads\/2019\/02\/VIP-150x150.jpg 150w, https:\/\/themex.myonter.com\/dichvubaove\/wp-content\/uploads\/2019\/02\/VIP.jpg 768w\" sizes=\"(max-width: 300px) 100vw, 300px\" \/>\t\t\t\t\t<\/div>\n\t\t\t\t<\/div>\n\t\t\t<\/div>\n\t\t\t\t<div class=\"icon-box-text last-reset\">\n\t\t\t\t\t\t\t\t\t\n<h3 style=\"text-align: center;\">B\u1ea3o v\u1ec7 y\u1ebfu nh\u00e2n, VIP<\/h3>\n\t\t<\/div>\n\t<\/div>\n\t<\/a>\n\t\n\t\t<\/div>\n\t\t\t\t\t<\/div>\n\n\t\n\n\t<div id=\"col-1168242164\" class=\"col medium-4 small-12 large-4\"  >\n\t\t\t\t<div class=\"col-inner\"  >\n\t\t\t\n\t\t\t\n\n\t<a class=\"plain\" href=\"\/dich-vu-bao-ve-muc-tieu-di-dong\/\" target=\"_blank\" rel=\"noopener noreferrer\" >\t<div class=\"icon-box featured-box icon-box-center text-center\"  >\n\t\t\t\t\t<div class=\"icon-box-img\" style=\"width: 265px\">\n\t\t\t\t<div class=\"icon\">\n\t\t\t\t\t<div class=\"icon-inner\" >\n\t\t\t\t\t\t<img width=\"300\" height=\"300\" src=\"https:\/\/themex.myonter.com\/dichvubaove\/wp-content\/uploads\/2019\/02\/ddong-300x300.jpg\" class=\"attachment-medium size-medium\" alt=\"\" loading=\"lazy\" srcset=\"https:\/\/themex.myonter.com\/dichvubaove\/wp-content\/uploads\/2019\/02\/ddong-300x300.jpg 300w, https:\/\/themex.myonter.com\/dichvubaove\/wp-content\/uploads\/2019\/02\/ddong-150x150.jpg 150w, https:\/\/themex.myonter.com\/dichvubaove\/wp-content\/uploads\/2019\/02\/ddong.jpg 521w\" sizes=\"(max-width: 300px) 100vw, 300px\" \/>\t\t\t\t\t<\/div>\n\t\t\t\t<\/div>\n\t\t\t<\/div>\n\t\t\t\t<div class=\"icon-box-text last-reset\">\n\t\t\t\t\t\t\t\t\t\n<h3 style=\"text-align: center;\">B\u1ea3o v\u1ec7 m\u1ee5c ti\u00eau di \u0111\u1ed9ng<\/h3>\n\t\t<\/div>\n\t<\/div>\n\t<\/a>\n\t\n\t\t<\/div>\n\t\t\t\t\t<\/div>\n\n\t\n\n\t<div id=\"col-1025884107\" class=\"col medium-4 small-12 large-4\"  >\n\t\t\t\t<div class=\"col-inner\"  >\n\t\t\t\n\t\t\t\n\n\t<a class=\"plain\" href=\"\/dich-vu-bao-ve-chat-luong-cao\/\" target=\"_blank\" rel=\"noopener noreferrer\" >\t<div class=\"icon-box featured-box icon-box-center text-center\"  >\n\t\t\t\t\t<div class=\"icon-box-img\" style=\"width: 265px\">\n\t\t\t\t<div class=\"icon\">\n\t\t\t\t\t<div class=\"icon-inner\" >\n\t\t\t\t\t\t<img width=\"300\" height=\"300\" src=\"https:\/\/themex.myonter.com\/dichvubaove\/wp-content\/uploads\/2019\/02\/nds-300x300.png\" class=\"attachment-medium size-medium\" alt=\"\" loading=\"lazy\" srcset=\"https:\/\/themex.myonter.com\/dichvubaove\/wp-content\/uploads\/2019\/02\/nds-300x300.png 300w, https:\/\/themex.myonter.com\/dichvubaove\/wp-content\/uploads\/2019\/02\/nds-150x150.png 150w, https:\/\/themex.myonter.com\/dichvubaove\/wp-content\/uploads\/2019\/02\/nds.png 500w\" sizes=\"(max-width: 300px) 100vw, 300px\" \/>\t\t\t\t\t<\/div>\n\t\t\t\t<\/div>\n\t\t\t<\/div>\n\t\t\t\t<div class=\"icon-box-text last-reset\">\n\t\t\t\t\t\t\t\t\t\n<h3 style=\"text-align: center;\">D\u1ecbch v\u1ee5 b\u1ea3o v\u1ec7 ch\u1ea5t l\u01b0\u1ee3ng cao<\/h3>\n\t\t<\/div>\n\t<\/div>\n\t<\/a>\n\t\n\t\t<\/div>\n\t\t\t\t\t<\/div>\n\n\t\n<\/div>\n\t\t<\/div>\n\n\t\t\n<style>\n#section_1955799516 {\n  padding-top: 30px;\n  padding-bottom: 30px;\n}\n#section_1955799516 .section-bg.bg-loaded {\n  background-image: url(https:\/\/themex.myonter.com\/dichvubaove\/wp-content\/uploads\/2019\/02\/bg.jpg);\n}\n<\/style>\n\t<\/section>\n\t\n","protected":false},"excerpt":{"rendered":"<p>1. C\u00f4ng t\u00e1c l\u1eadp ph\u01b0\u01a1ng \u00e1n b\u1ea3o v\u1ec7: Ph\u01b0\u01a1ng \u00e1n b\u1ea3o v\u1ec7 \u0111\u01b0\u1ee3c Ph\u00f2ng Nghi\u1ec7p v\u1ee5 chuy\u00ean tr\u00e1ch\u00a0c\u00f4ng ty b\u1ea3o v\u1ec7\u00a0Ng\u00e0y &amp; \u0110\u00eam\u00a0x\u00e2y d\u1ef1ng m\u1ed9t c\u00e1ch khoa h\u1ecdc, t\u1ed1i \u01b0u theo y\u00eau c\u1ea7u c\u1ee7a kh\u00e1ch h\u00e0ng v\u00e0 t\u00ecnh h\u00ecnh th\u1ef1c t\u1ebf t\u1ea1i n\u01a1i c\u1ea7n b\u1ea3o v\u1ec7, b\u1ea3o \u0111\u1ea3m an to\u00e0n v\u00e0 hi\u1ec7u qu\u1ea3 cao nh\u1ea5t &#8230;<\/p>\n","protected":false},"author":1,"featured_media":0,"parent":0,"menu_order":0,"comment_status":"closed","ping_status":"closed","template":"page-right-sidebar.php","meta":[],"_links":{"self":[{"href":"https:\/\/themex.myonter.com\/dichvubaove\/wp-json\/wp\/v2\/pages\/283"}],"collection":[{"href":"https:\/\/themex.myonter.com\/dichvubaove\/wp-json\/wp\/v2\/pages"}],"about":[{"href":"https:\/\/themex.myonter.com\/dichvubaove\/wp-json\/wp\/v2\/types\/page"}],"author":[{"embeddable":true,"href":"https:\/\/themex.myonter.com\/dichvubaove\/wp-json\/wp\/v2\/users\/1"}],"replies":[{"embeddable":true,"href":"https:\/\/themex.myonter.com\/dichvubaove\/wp-json\/wp\/v2\/comments?post=283"}],"version-history":[{"count":1,"href":"https:\/\/themex.myonter.com\/dichvubaove\/wp-json\/wp\/v2\/pages\/283\/revisions"}],"predecessor-version":[{"id":484,"href":"https:\/\/themex.myonter.com\/dichvubaove\/wp-json\/wp\/v2\/pages\/283\/revisions\/484"}],"wp:attachment":[{"href":"https:\/\/themex.myonter.com\/dichvubaove\/wp-json\/wp\/v2\/media?parent=283"}],"curies":[{"name":"wp","href":"https:\/\/api.w.org\/{rel}","templated":true}]}}