{"id":285,"date":"2019-02-26T11:08:15","date_gmt":"2019-02-26T04:08:15","guid":{"rendered":"https:\/\/tppone.com\/demo\/dichvubaove\/?page_id=285"},"modified":"2019-02-26T12:58:25","modified_gmt":"2019-02-26T05:58:25","slug":"co-hoi-hop-tac","status":"publish","type":"page","link":"https:\/\/themex.myonter.com\/dichvubaove\/co-hoi-hop-tac\/","title":{"rendered":"C\u01a1 h\u1ed9i h\u1ee3p t\u00e1c"},"content":{"rendered":"<p><img loading=\"lazy\" class=\"aligncenter\" src=\"https:\/\/baovengayvadem.com\/images\/Lam-viec-voi-Global-Guardian.jpg\" alt=\"\" width=\"654\" height=\"442\" \/><\/p>\n<p>L\u00e0m vi\u1ec7c v\u1edbi \u0110\u1ed1i t\u00e1c Qu\u1ed1c t\u1ebf<\/p>\n<p>Nh\u1eb1m kh\u00f4ng ng\u1eebng m\u1edf r\u1ed9ng v\u00e0 ph\u00e1t tri\u1ec3n, C\u00f4ng ty B\u1ea3o v\u1ec7 Ng\u00e0y &amp; \u0110\u00eam ch\u00e0o \u0111\u00f3n c\u00e1c c\u00e1 nh\u00e2n v\u00e0 t\u1ed5 ch\u1ee9c mong mu\u1ed1n h\u1ee3p t\u00e1c kinh doanh d\u1ecbch v\u1ee5 b\u1ea3o v\u1ec7 c\u00f9ng c\u00f4ng ty ch\u00fang t\u00f4i \u0111\u1ec3 m\u1edf chi nh\u00e1nh hay v\u0103n ph\u00f2ng \u0111\u1ea1i di\u1ec7n, li\u00ean doanh, li\u00ean k\u1ebft,&#8230;<\/p>\n<p><img loading=\"lazy\" class=\"aligncenter\" src=\"https:\/\/baovengayvadem.com\/images\/AMCHAM-CERTIFICATE.jpg\" alt=\"\" width=\"654\" height=\"450\" \/><\/p>\n<p>Vui l\u00f2ng li\u00ean h\u1ec7 v\u1edbi ch\u00fang t\u00f4i theo s\u1ed1 0909.524.666 Mr. Tr\u1ea7n V\u0103n &#8211; Ph\u00f3 T\u1ed5ng Gi\u00e1m \u0110\u1ed1c.<\/p>\n\t<section class=\"section dich-vu\" id=\"section_1864060150\">\n\t\t<div class=\"bg section-bg fill bg-fill  \" >\n\n\t\t\t\n\t\t\t\n\t\t\t\n\n\t\t<\/div>\n\n\t\t<div class=\"section-content relative\">\n\t\t\t\n<div class=\"row\"  id=\"row-1578496910\">\n\n\t<div id=\"col-1632328515\" class=\"col small-12 large-12\"  >\n\t\t\t\t<div class=\"col-inner\"  >\n\t\t\t\n\t\t\t\n<div class=\"container section-title-container\" ><h2 class=\"section-title section-title-center\"><b><\/b><span class=\"section-title-main\" style=\"color:rgb(0, 0, 0);\">Ch\u00fang t\u00f4i cung c\u1ea5p c\u00e1c d\u1ecbch v\u1ee5<\/span><b><\/b><\/h2><\/div>\n\t\t<\/div>\n\t\t\t\t\t<\/div>\n\n\t\n\n\t<div id=\"col-334118787\" class=\"col medium-4 small-12 large-4\"  >\n\t\t\t\t<div class=\"col-inner text-center\"  >\n\t\t\t\n\t\t\t\n\n\t<a class=\"plain\" href=\"\/dich-vu-bao-ve-muc-tieu-co-dinh\/\" target=\"_blank\" rel=\"noopener noreferrer\" >\t<div class=\"icon-box featured-box icon-box-center text-center\"  >\n\t\t\t\t\t<div class=\"icon-box-img\" style=\"width: 265px\">\n\t\t\t\t<div class=\"icon\">\n\t\t\t\t\t<div class=\"icon-inner\" >\n\t\t\t\t\t\t<img width=\"300\" height=\"300\" src=\"https:\/\/themex.myonter.com\/dichvubaove\/wp-content\/uploads\/2019\/02\/codinh-300x300.jpg\" class=\"attachment-medium size-medium\" alt=\"\" loading=\"lazy\" srcset=\"https:\/\/themex.myonter.com\/dichvubaove\/wp-content\/uploads\/2019\/02\/codinh-300x300.jpg 300w, https:\/\/themex.myonter.com\/dichvubaove\/wp-content\/uploads\/2019\/02\/codinh-150x150.jpg 150w, https:\/\/themex.myonter.com\/dichvubaove\/wp-content\/uploads\/2019\/02\/codinh.jpg 768w\" sizes=\"(max-width: 300px) 100vw, 300px\" \/>\t\t\t\t\t<\/div>\n\t\t\t\t<\/div>\n\t\t\t<\/div>\n\t\t\t\t<div class=\"icon-box-text last-reset\">\n\t\t\t\t\t\t\t\t\t\n<h3 style=\"text-align: center;\">B\u1ea3o v\u1ec7 m\u1ee5c ti\u00eau c\u1ed1 \u0111\u1ecbnh<\/h3>\n\t\t<\/div>\n\t<\/div>\n\t<\/a>\n\t\n\t\t<\/div>\n\t\t\t\t\t<\/div>\n\n\t\n\n\t<div id=\"col-1029287225\" class=\"col medium-4 small-12 large-4\"  >\n\t\t\t\t<div class=\"col-inner\"  >\n\t\t\t\n\t\t\t\n\n\t<a class=\"plain\" href=\"\/dich-vu-bao-ve-cac-su-kien-le-hoi\/\" target=\"_blank\" rel=\"noopener noreferrer\" >\t<div class=\"icon-box featured-box icon-box-center text-center\"  >\n\t\t\t\t\t<div class=\"icon-box-img\" style=\"width: 265px\">\n\t\t\t\t<div class=\"icon\">\n\t\t\t\t\t<div class=\"icon-inner\" >\n\t\t\t\t\t\t<img width=\"300\" height=\"300\" src=\"https:\/\/themex.myonter.com\/dichvubaove\/wp-content\/uploads\/2019\/02\/kcn-300x300.jpg\" class=\"attachment-medium size-medium\" alt=\"\" loading=\"lazy\" srcset=\"https:\/\/themex.myonter.com\/dichvubaove\/wp-content\/uploads\/2019\/02\/kcn-300x300.jpg 300w, https:\/\/themex.myonter.com\/dichvubaove\/wp-content\/uploads\/2019\/02\/kcn-150x150.jpg 150w, https:\/\/themex.myonter.com\/dichvubaove\/wp-content\/uploads\/2019\/02\/kcn-768x768.jpg 768w, https:\/\/themex.myonter.com\/dichvubaove\/wp-content\/uploads\/2019\/02\/kcn.jpg 800w\" sizes=\"(max-width: 300px) 100vw, 300px\" \/>\t\t\t\t\t<\/div>\n\t\t\t\t<\/div>\n\t\t\t<\/div>\n\t\t\t\t<div class=\"icon-box-text last-reset\">\n\t\t\t\t\t\t\t\t\t\n<h3 style=\"text-align: center;\">B\u1ea3o v\u1ec7 c\u00e1c s\u1ef1 ki\u1ec7n, l\u1ec5 h\u1ed9i<\/h3>\n\t\t<\/div>\n\t<\/div>\n\t<\/a>\n\t\n\t\t<\/div>\n\t\t\t\t\t<\/div>\n\n\t\n\n\t<div id=\"col-1356727407\" class=\"col medium-4 small-12 large-4\"  >\n\t\t\t\t<div class=\"col-inner\"  >\n\t\t\t\n\t\t\t\n\n\t<a class=\"plain\" href=\"\/dich-vu-bao-ve-khu-cong-nghiep\/\" target=\"_blank\" rel=\"noopener noreferrer\" >\t<div class=\"icon-box featured-box icon-box-center text-center\"  >\n\t\t\t\t\t<div class=\"icon-box-img\" style=\"width: 265px\">\n\t\t\t\t<div class=\"icon\">\n\t\t\t\t\t<div class=\"icon-inner\" >\n\t\t\t\t\t\t<img width=\"300\" height=\"300\" src=\"https:\/\/themex.myonter.com\/dichvubaove\/wp-content\/uploads\/2019\/02\/kcn-300x300.jpg\" class=\"attachment-medium size-medium\" alt=\"\" loading=\"lazy\" srcset=\"https:\/\/themex.myonter.com\/dichvubaove\/wp-content\/uploads\/2019\/02\/kcn-300x300.jpg 300w, https:\/\/themex.myonter.com\/dichvubaove\/wp-content\/uploads\/2019\/02\/kcn-150x150.jpg 150w, https:\/\/themex.myonter.com\/dichvubaove\/wp-content\/uploads\/2019\/02\/kcn-768x768.jpg 768w, https:\/\/themex.myonter.com\/dichvubaove\/wp-content\/uploads\/2019\/02\/kcn.jpg 800w\" sizes=\"(max-width: 300px) 100vw, 300px\" \/>\t\t\t\t\t<\/div>\n\t\t\t\t<\/div>\n\t\t\t<\/div>\n\t\t\t\t<div class=\"icon-box-text last-reset\">\n\t\t\t\t\t\t\t\t\t\n<h3 style=\"text-align: center;\">B\u1ea3o v\u1ec7 khu c\u00f4ng nghi\u1ec7p<\/h3>\n\t\t<\/div>\n\t<\/div>\n\t<\/a>\n\t\n\t\t<\/div>\n\t\t\t\t\t<\/div>\n\n\t\n\n\t<div id=\"col-1657792596\" class=\"col medium-4 small-12 large-4\"  >\n\t\t\t\t<div class=\"col-inner\"  >\n\t\t\t\n\t\t\t\n\n\t<a class=\"plain\" href=\"\/dich-vu-bao-ve-yeu-nhan-vip\/\" target=\"_blank\" rel=\"noopener noreferrer\" >\t<div class=\"icon-box featured-box icon-box-center text-center\"  >\n\t\t\t\t\t<div class=\"icon-box-img\" style=\"width: 265px\">\n\t\t\t\t<div class=\"icon\">\n\t\t\t\t\t<div class=\"icon-inner\" >\n\t\t\t\t\t\t<img width=\"300\" height=\"300\" src=\"https:\/\/themex.myonter.com\/dichvubaove\/wp-content\/uploads\/2019\/02\/VIP-300x300.jpg\" class=\"attachment-medium size-medium\" alt=\"\" loading=\"lazy\" srcset=\"https:\/\/themex.myonter.com\/dichvubaove\/wp-content\/uploads\/2019\/02\/VIP-300x300.jpg 300w, https:\/\/themex.myonter.com\/dichvubaove\/wp-content\/uploads\/2019\/02\/VIP-150x150.jpg 150w, https:\/\/themex.myonter.com\/dichvubaove\/wp-content\/uploads\/2019\/02\/VIP.jpg 768w\" sizes=\"(max-width: 300px) 100vw, 300px\" \/>\t\t\t\t\t<\/div>\n\t\t\t\t<\/div>\n\t\t\t<\/div>\n\t\t\t\t<div class=\"icon-box-text last-reset\">\n\t\t\t\t\t\t\t\t\t\n<h3 style=\"text-align: center;\">B\u1ea3o v\u1ec7 y\u1ebfu nh\u00e2n, VIP<\/h3>\n\t\t<\/div>\n\t<\/div>\n\t<\/a>\n\t\n\t\t<\/div>\n\t\t\t\t\t<\/div>\n\n\t\n\n\t<div id=\"col-685059377\" class=\"col medium-4 small-12 large-4\"  >\n\t\t\t\t<div class=\"col-inner\"  >\n\t\t\t\n\t\t\t\n\n\t<a class=\"plain\" href=\"\/dich-vu-bao-ve-muc-tieu-di-dong\/\" target=\"_blank\" rel=\"noopener noreferrer\" >\t<div class=\"icon-box featured-box icon-box-center text-center\"  >\n\t\t\t\t\t<div class=\"icon-box-img\" style=\"width: 265px\">\n\t\t\t\t<div class=\"icon\">\n\t\t\t\t\t<div class=\"icon-inner\" >\n\t\t\t\t\t\t<img width=\"300\" height=\"300\" src=\"https:\/\/themex.myonter.com\/dichvubaove\/wp-content\/uploads\/2019\/02\/ddong-300x300.jpg\" class=\"attachment-medium size-medium\" alt=\"\" loading=\"lazy\" srcset=\"https:\/\/themex.myonter.com\/dichvubaove\/wp-content\/uploads\/2019\/02\/ddong-300x300.jpg 300w, https:\/\/themex.myonter.com\/dichvubaove\/wp-content\/uploads\/2019\/02\/ddong-150x150.jpg 150w, https:\/\/themex.myonter.com\/dichvubaove\/wp-content\/uploads\/2019\/02\/ddong.jpg 521w\" sizes=\"(max-width: 300px) 100vw, 300px\" \/>\t\t\t\t\t<\/div>\n\t\t\t\t<\/div>\n\t\t\t<\/div>\n\t\t\t\t<div class=\"icon-box-text last-reset\">\n\t\t\t\t\t\t\t\t\t\n<h3 style=\"text-align: center;\">B\u1ea3o v\u1ec7 m\u1ee5c ti\u00eau di \u0111\u1ed9ng<\/h3>\n\t\t<\/div>\n\t<\/div>\n\t<\/a>\n\t\n\t\t<\/div>\n\t\t\t\t\t<\/div>\n\n\t\n\n\t<div id=\"col-2134465555\" class=\"col medium-4 small-12 large-4\"  >\n\t\t\t\t<div class=\"col-inner\"  >\n\t\t\t\n\t\t\t\n\n\t<a class=\"plain\" href=\"\/dich-vu-bao-ve-chat-luong-cao\/\" target=\"_blank\" rel=\"noopener noreferrer\" >\t<div class=\"icon-box featured-box icon-box-center text-center\"  >\n\t\t\t\t\t<div class=\"icon-box-img\" style=\"width: 265px\">\n\t\t\t\t<div class=\"icon\">\n\t\t\t\t\t<div class=\"icon-inner\" >\n\t\t\t\t\t\t<img width=\"300\" height=\"300\" src=\"https:\/\/themex.myonter.com\/dichvubaove\/wp-content\/uploads\/2019\/02\/nds-300x300.png\" class=\"attachment-medium size-medium\" alt=\"\" loading=\"lazy\" srcset=\"https:\/\/themex.myonter.com\/dichvubaove\/wp-content\/uploads\/2019\/02\/nds-300x300.png 300w, https:\/\/themex.myonter.com\/dichvubaove\/wp-content\/uploads\/2019\/02\/nds-150x150.png 150w, https:\/\/themex.myonter.com\/dichvubaove\/wp-content\/uploads\/2019\/02\/nds.png 500w\" sizes=\"(max-width: 300px) 100vw, 300px\" \/>\t\t\t\t\t<\/div>\n\t\t\t\t<\/div>\n\t\t\t<\/div>\n\t\t\t\t<div class=\"icon-box-text last-reset\">\n\t\t\t\t\t\t\t\t\t\n<h3 style=\"text-align: center;\">D\u1ecbch v\u1ee5 b\u1ea3o v\u1ec7 ch\u1ea5t l\u01b0\u1ee3ng cao<\/h3>\n\t\t<\/div>\n\t<\/div>\n\t<\/a>\n\t\n\t\t<\/div>\n\t\t\t\t\t<\/div>\n\n\t\n<\/div>\n\t\t<\/div>\n\n\t\t\n<style>\n#section_1864060150 {\n  padding-top: 30px;\n  padding-bottom: 30px;\n}\n#section_1864060150 .section-bg.bg-loaded {\n  background-image: url(https:\/\/themex.myonter.com\/dichvubaove\/wp-content\/uploads\/2019\/02\/bg.jpg);\n}\n<\/style>\n\t<\/section>\n\t\n","protected":false},"excerpt":{"rendered":"<p>L\u00e0m vi\u1ec7c v\u1edbi \u0110\u1ed1i t\u00e1c Qu\u1ed1c t\u1ebf Nh\u1eb1m kh\u00f4ng ng\u1eebng m\u1edf r\u1ed9ng v\u00e0 ph\u00e1t tri\u1ec3n, C\u00f4ng ty B\u1ea3o v\u1ec7 Ng\u00e0y &amp; \u0110\u00eam ch\u00e0o \u0111\u00f3n c\u00e1c c\u00e1 nh\u00e2n v\u00e0 t\u1ed5 ch\u1ee9c mong mu\u1ed1n h\u1ee3p t\u00e1c kinh doanh d\u1ecbch v\u1ee5 b\u1ea3o v\u1ec7 c\u00f9ng c\u00f4ng ty ch\u00fang t\u00f4i \u0111\u1ec3 m\u1edf chi nh\u00e1nh hay v\u0103n ph\u00f2ng \u0111\u1ea1i di\u1ec7n, li\u00ean &#8230;<\/p>\n","protected":false},"author":1,"featured_media":0,"parent":0,"menu_order":0,"comment_status":"closed","ping_status":"closed","template":"page-right-sidebar.php","meta":[],"_links":{"self":[{"href":"https:\/\/themex.myonter.com\/dichvubaove\/wp-json\/wp\/v2\/pages\/285"}],"collection":[{"href":"https:\/\/themex.myonter.com\/dichvubaove\/wp-json\/wp\/v2\/pages"}],"about":[{"href":"https:\/\/themex.myonter.com\/dichvubaove\/wp-json\/wp\/v2\/types\/page"}],"author":[{"embeddable":true,"href":"https:\/\/themex.myonter.com\/dichvubaove\/wp-json\/wp\/v2\/users\/1"}],"replies":[{"embeddable":true,"href":"https:\/\/themex.myonter.com\/dichvubaove\/wp-json\/wp\/v2\/comments?post=285"}],"version-history":[{"count":1,"href":"https:\/\/themex.myonter.com\/dichvubaove\/wp-json\/wp\/v2\/pages\/285\/revisions"}],"predecessor-version":[{"id":486,"href":"https:\/\/themex.myonter.com\/dichvubaove\/wp-json\/wp\/v2\/pages\/285\/revisions\/486"}],"wp:attachment":[{"href":"https:\/\/themex.myonter.com\/dichvubaove\/wp-json\/wp\/v2\/media?parent=285"}],"curies":[{"name":"wp","href":"https:\/\/api.w.org\/{rel}","templated":true}]}}