{"id":302,"date":"2019-02-26T11:12:07","date_gmt":"2019-02-26T04:12:07","guid":{"rendered":"https:\/\/tppone.com\/demo\/dichvubaove\/?page_id=302"},"modified":"2019-02-26T11:12:07","modified_gmt":"2019-02-26T04:12:07","slug":"dich-vu-bao-ve-yeu-nhan-vip","status":"publish","type":"page","link":"https:\/\/themex.myonter.com\/dichvubaove\/dich-vu-bao-ve-yeu-nhan-vip\/","title":{"rendered":"D\u1ecbch v\u1ee5 b\u1ea3o v\u1ec7 y\u1ebfu nh\u00e2n, VIP"},"content":{"rendered":"<h1>D\u1ecaCH V\u1ee4 B\u1ea2O V\u1ec6 Y\u1ebeU NH\u00c2N &#8211; VIP<\/h1>\n<p>Di\u0323ch vu\u0323 ba\u0309o v\u00ea\u0323 an toa\u0300n cho ca\u0301c ch\u1ee7 doanh nghi\u1ec7p, doanh nh\u00e2n, nguy\u00ean th\u1ee7 Qu\u1ed1c gia, L\u00e3nh \u0111\u1ea1o c\u1ea5p cao, c\u00e1 nh\u00e2n va\u0300 y\u00ea\u0301u nh\u00e2n c\u00f3 nhu c\u1ea7u thu\u00ea v\u1ec7 s\u1ef9 ri\u00eang\u2026<\/p>\n<p><strong>Y\u00eau c\u1ea7u v\u1ec1 nghi\u1ec7p v\u1ee5:<\/strong><\/p>\n<p>\u0110\u00e3 qua l\u1edbp \u0111\u00e0o t\u1ea1o v\u00f5 thu\u1eadt c\u01a1 b\u1ea3n.<\/p>\n<p>\u0110\u00e3 qua l\u1edbp \u0111\u00e0o t\u1ea1o v\u1ec1 ph\u00e1p lu\u1eadt.<\/p>\n<p>\u0110\u00e3 qua l\u1edbp \u0111\u00e0o t\u1ea1o b\u1ea3o v\u1ec7 y\u1ebfu nh\u00e2n, nh\u00e2n v\u1eadt V.I.P c\u1ee7a NDS.<\/p>\n<p>\u0110\u00e3 qua l\u1edbp \u0111\u00e0o t\u1ea1o gi\u1ea3i quy\u1ebft c\u00e1c s\u1ef1 c\u1ed1 trong b\u1ea3o v\u1ec7 y\u1ebfu nh\u00e2n, nh\u00e2n v\u1eadt V.I.P.<\/p>\n<p>Bi\u1ebft s\u1eed d\u1ee5ng c\u00e1c c\u00f4ng c\u1ee5 h\u1ed7 tr\u1ee3 chuy\u00ean d\u1ee5ng nh\u01b0: Su\u0301ng, g\u1eady s\u1eaft, roi \u0111i\u1ec7n&#8230;<\/p>\n<p>\u0110\u1ed9 tu\u1ed5i t\u1eeb 25 \u2013 40 tu\u1ed5i, v\u00e0 \u0111\u00e1p \u1ee9ng \u0111\u01b0\u1ee3c c\u00e1c ti\u00eau ch\u00ed ri\u00eang v\u1ec1 ngo\u1ea1i h\u00ecnh c\u1ee7a NDS.<\/p>\n<p>X\u00e2y d\u1ef1ng ph\u01b0\u01a1ng \u00e1n h\u1ed9 t\u1ed1ng, b\u1ea3o v\u1ec7 V.I.P th\u1eadt chi ti\u1ebft v\u00e0 t\u1ec9 m\u1ef9. T\u00ednh to\u00e1n th\u1eddi gian \u0111i v\u00e0 v\u1ec1 h\u1ebft bao nhi\u00eau, c\u00e1c khu v\u1ef1c nh\u1ea1y c\u1ea3m c\u1ea7n ch\u00fa \u00fd, l\u1ef1c l\u01b0\u1ee3ng h\u1ed7 tr\u1ee3 khi c\u00f3 s\u1ef1 c\u1ed1, ph\u01b0\u01a1ng \u00e1n gi\u1ea3i quy\u1ebft c\u00e1c s\u1ef1 c\u1ed1 c\u00f3 th\u1ec3 x\u1ea3y ra\u2026<\/p>\n<p><img loading=\"lazy\" src=\"https:\/\/baovengayvadem.com\/images\/hinh-anh\/51.jpg\" alt=\"b\u1ea3o v\u1ec7 sao Philippines trong d\u1ecbp \u0111\u1ebfn giao l\u01b0u t\u1ea1i TP.HCM\" width=\"565\" height=\"317\" \/><\/p>\n<p>B\u1ea3o v\u1ec7 Ng\u00e0y &amp; \u0110\u00eam b\u1ea3o v\u1ec7 sao Philippines trong d\u1ecbp \u0111\u1ebfn giao l\u01b0u t\u1ea1i TP.HCM<\/p>\n<p><strong>Y\u00eau c\u1ea7u v\u1ec1 trang ph\u1ee5c:<\/strong>\u00a0\u00c1o ch\u1ed1ng \u0111\u00e2m, n\u00f3n ch\u1ed1ng b\u1ea1o \u0111\u1ed9ng.<\/p>\n<p><strong>Y\u00eau c\u1ea7u v\u1ec1 c\u00f4ng c\u1ee5 h\u1ed7 tr\u1ee3:<\/strong>\u00a0trang b\u1ecb c\u00e1c c\u00f4ng c\u1ee5 h\u1ed7 tr\u1ee3 chuy\u00ean d\u1ee5ng cho lo\u1ea1i h\u00ecnh b\u1ea3o v\u1ec7 s\u1ef1 ki\u1ec7n nh\u01b0: Su\u0301ng, g\u1eady s\u1eaft, roi \u0111i\u1ec7n, \u00e1o ch\u1ed1ng \u0111\u00e2m, m\u0169 ch\u1ed1ng b\u1ea1o \u0111\u1ed9ng, b\u1ed9 \u0111\u00e0m chuy\u00ean d\u1ee5ng, g\u1eady s\u00e1ng \u0111i\u1ec1u ph\u1ed1i giao th\u00f4ng, camera h\u00e0nh tr\u00ecnh, \u1ed1ng nh\u00f2m\u2026<\/p>\n<p>Ba\u0309o v\u00ea\u0323 Nga\u0300y &amp; \u0110\u00eam vinh d\u01b0\u0323 la\u0300 \u0111\u01a1n vi\u0323 cung c\u00e2\u0301p di\u0323ch vu\u0323 ba\u0309o v\u00ea\u0323 cho ca\u0301c s\u01b0\u0323 ki\u00ea\u0323n ba\u0309o v\u00ea\u0323 ca\u0301c nh\u00e2n v\u00e2\u0323t quan tro\u0323ng \u0111\u00ea\u0301n t\u01b0\u0300 ca\u0301c n\u01b0\u01a1\u0301c nh\u01b0: Philippines, Ph\u00e1p, Nh\u1eadt, H\u00e0n Qu\u1ed1c, H\u00e0 Lan, Singapore, M\u1ef9, Anh.<\/p>\n<p>Gi\u00e1 t\u00f9y theo t\u00ednh ch\u1ea5t c\u1ee7a s\u1ef1 ki\u1ec7n, \u0111\u1ecba \u0111i\u1ec3m v\u00e0 y\u00eau c\u1ea7u c\u1ee7a kh\u00e1ch h\u00e0ng.<\/p>\n<p>Doanh thu t\u1eeb d\u1ecbch v\u1ee5 n\u00e0y chi\u1ebfm 2% t\u1ed5ng doanh thu h\u00e0ng n\u0103m c\u1ee7a C\u00f4ng ty Ng\u00e0y &amp; \u0110\u00eam.<\/p>\n","protected":false},"excerpt":{"rendered":"<p>D\u1ecaCH V\u1ee4 B\u1ea2O V\u1ec6 Y\u1ebeU NH\u00c2N &#8211; VIP Di\u0323ch vu\u0323 ba\u0309o v\u00ea\u0323 an toa\u0300n cho ca\u0301c ch\u1ee7 doanh nghi\u1ec7p, doanh nh\u00e2n, nguy\u00ean th\u1ee7 Qu\u1ed1c gia, L\u00e3nh \u0111\u1ea1o c\u1ea5p cao, c\u00e1 nh\u00e2n va\u0300 y\u00ea\u0301u nh\u00e2n c\u00f3 nhu c\u1ea7u thu\u00ea v\u1ec7 s\u1ef9 ri\u00eang\u2026 Y\u00eau c\u1ea7u v\u1ec1 nghi\u1ec7p v\u1ee5: \u0110\u00e3 qua l\u1edbp \u0111\u00e0o t\u1ea1o v\u00f5 thu\u1eadt c\u01a1 b\u1ea3n. &#8230;<\/p>\n","protected":false},"author":1,"featured_media":0,"parent":0,"menu_order":0,"comment_status":"closed","ping_status":"closed","template":"page-right-sidebar.php","meta":[],"_links":{"self":[{"href":"https:\/\/themex.myonter.com\/dichvubaove\/wp-json\/wp\/v2\/pages\/302"}],"collection":[{"href":"https:\/\/themex.myonter.com\/dichvubaove\/wp-json\/wp\/v2\/pages"}],"about":[{"href":"https:\/\/themex.myonter.com\/dichvubaove\/wp-json\/wp\/v2\/types\/page"}],"author":[{"embeddable":true,"href":"https:\/\/themex.myonter.com\/dichvubaove\/wp-json\/wp\/v2\/users\/1"}],"replies":[{"embeddable":true,"href":"https:\/\/themex.myonter.com\/dichvubaove\/wp-json\/wp\/v2\/comments?post=302"}],"version-history":[{"count":0,"href":"https:\/\/themex.myonter.com\/dichvubaove\/wp-json\/wp\/v2\/pages\/302\/revisions"}],"wp:attachment":[{"href":"https:\/\/themex.myonter.com\/dichvubaove\/wp-json\/wp\/v2\/media?parent=302"}],"curies":[{"name":"wp","href":"https:\/\/api.w.org\/{rel}","templated":true}]}}