{"id":304,"date":"2019-02-26T11:12:27","date_gmt":"2019-02-26T04:12:27","guid":{"rendered":"https:\/\/tppone.com\/demo\/dichvubaove\/?page_id=304"},"modified":"2019-02-26T11:12:27","modified_gmt":"2019-02-26T04:12:27","slug":"dich-vu-bao-ve-cac-su-kien-le-hoi","status":"publish","type":"page","link":"https:\/\/themex.myonter.com\/dichvubaove\/dich-vu-bao-ve-cac-su-kien-le-hoi\/","title":{"rendered":"D\u1ecbch v\u1ee5 b\u1ea3o v\u1ec7 c\u00e1c s\u1ef1 ki\u1ec7n, l\u1ec5 h\u1ed9i"},"content":{"rendered":"<div class=\"page-header\">\n<h2>B\u1ea2O V\u1ec6 C\u00c1C S\u1ef0 KI\u1ec6N, L\u1ec4 H\u1ed8I<\/h2>\n<\/div>\n<div>\n<p>La\u0300 ba\u0309o v\u00ea\u0323<b>\u00a0<\/b>c\u00e1c s\u1ef1 ki\u1ec7n quan tro\u0323ng cu\u0309a ca\u0301c doanh nghi\u00ea\u0323p, gi\u01a1\u0301i thi\u00ea\u0323u sa\u0309n ph\u00e2\u0309m, h\u1ed9i ch\u1ee3 tri\u1ec5n l\u00e3m, c\u00e1c bu\u1ed5i ca nh\u1ea1c ngo\u00e0i tr\u1eddi\u2026<\/p>\n<p>B\u1ea3o v\u1ec7 Ng\u00e0y &amp; \u0110\u00eam c\u00f3 nhi\u1ec7m v\u1ee5 mang l\u1ea1i s\u1ef1 b\u00ecnh y\u00ean cho Qu\u00fd kh\u00e1ch h\u00e0ng, h\u1ea1n ch\u1ebf c\u00e1c r\u1ee7i ro v\u1ec1 thi\u1ec7t h\u1ea1i t\u00e0i s\u1ea3n, \u0111\u1ea3m b\u1ea3o an to\u00e0n t\u00ednh m\u1ea1ng cho\u00a0nh\u00e2n vi\u00ean c\u1ee7a m\u00ecnh v\u00e0 kh\u00e1ch h\u00e0ng \u0111\u1ebfn tham quan vui ch\u01a1i gi\u1ea3i tr\u00ed.<\/p>\n<p><img src=\"https:\/\/baovengayvadem.com\/images\/dich-vu\/3cogai.jpg\" alt=\"\" \/><\/p>\n<p><strong>Y\u00eau c\u1ea7u v\u1ec1 nghi\u1ec7p v\u1ee5<\/strong>: T\u1ea5t c\u1ea3 c\u00e1c nh\u00e2n vi\u00ean \u0111\u01b0\u1ee3c tham gia v\u00e0o \u0111\u1ed9i b\u1ea3o v\u1ec7 s\u1ef1 ki\u1ec7n, l\u1ec5 h\u1ed9i ph\u1ea3i \u0111\u00e1p \u1ee9ng \u0111\u01b0\u1ee3c c\u00e1c y\u00eau c\u1ea7u v\u1ec1 nghi\u1ec7p v\u1ee5 nh\u01b0 sau:<\/p>\n<p>&#8211; \u0110\u00e3 qua l\u1edbp \u0111\u00e0o t\u1ea1o v\u00f5 thu\u1eadt c\u01a1 b\u1ea3n.<\/p>\n<p>&#8211; \u0110\u00e3 qua l\u1edbp \u0111\u00e0o t\u1ea1o b\u1ea3o v\u1ec7 s\u1ef1 ki\u1ec7n c\u1ee7a NDS.<\/p>\n<p>&#8211; \u0110\u00e3 qua l\u1edbp \u0111\u00e0o t\u1ea1o gi\u1ea3i quy\u1ebft c\u00e1c s\u1ef1 c\u1ed1 trong b\u1ea3o v\u1ec7 s\u1ef1 ki\u1ec7n.<\/p>\n<p>&#8211; Bi\u1ebft s\u1eed d\u1ee5ng c\u00e1c c\u00f4ng c\u1ee5 h\u1ed7 tr\u1ee3 chuy\u00ean d\u1ee5ng nh\u01b0: g\u1eady s\u1eaft, roi \u0111i\u1ec7n, g\u1eady s\u00e1ng \u0111i\u1ec1u ph\u1ed1i xe.<\/p>\n<p>&#8211; \u0110\u1ed9 tu\u1ed5i t\u1eeb 25 \u2013 40 tu\u1ed5i, v\u00e0 \u0111\u00e1p \u1ee9ng \u0111\u01b0\u1ee3c c\u00e1c ti\u00eau ch\u00ed ri\u00eang v\u1ec1 ngo\u1ea1i h\u00ecnh c\u1ee7a NDS.<\/p>\n<p><strong>Y\u00eau c\u1ea7u v\u1ec1 trang ph\u1ee5c:<\/strong>\u00a0C\u00f4ng ty b\u1ea3o v\u1ec7 Ng\u00e0y &amp; \u0110\u00eam \u0111\u00e3 trang b\u1ecb nh\u1eefng b\u1ed9 \u0111\u1ed3ng ph\u1ee5c ph\u00f9 h\u1ee3p v\u1edbi lo\u1ea1i h\u00ecnh d\u1ecbch v\u1ee5 b\u1ea3o v\u1ec7 s\u1ef1 ki\u1ec7n, t\u00f9y v\u00e0o t\u1eebng s\u1ef1 ki\u1ec7n v\u00e0 t\u00f9y v\u00e0o y\u00eau c\u1ea7u c\u1ee7a kh\u00e1ch h\u00e0ng m\u00e0 C\u00f4ng ty b\u1ea3o v\u1ec7 Ng\u00e0y &amp; \u0110\u00eam trang b\u1ecb trang ph\u1ee5c cho nh\u00e2n vi\u00ean b\u1ea3o v\u1ec7 ph\u00f9 h\u1ee3p. C\u00e1c tr\u1ea1ng ph\u1ee5c \u0111ang \u00e1p d\u1ee5ng nh\u01b0:<\/p>\n<p>&#8211; Qu\u1ea7n, \u00e1o b\u1ea3o v\u1ec7 th\u00f4ng th\u01b0\u1eddng \u00e0 ph\u1ee5c v\u1ee5 cho c\u00e1c s\u1ef1 ki\u1ec7n b\u00ecnh th\u01b0\u1eddng, ngo\u00e0i tr\u1eddi, kh\u00f4ng mang t\u00ednh ch\u1ea5t ph\u1ee9c t\u1ea1p, \u2026<\/p>\n<p>&#8211; Qu\u1ea7n \u0111en, \u00e1o s\u01a1 mi tr\u1eafng, \u0111eo c\u00e0 v\u1ea1t, \u00e1o vest \u0111en \u00e0 ph\u1ee5c v\u1ee5 cho c\u00e1c s\u1ef1 ki\u1ec7n sang tr\u1ecdng, trong h\u1ed9i tr\u01b0\u1eddng, \u2026<\/p>\n<p>&#8211; \u00c1o ch\u1ed1ng \u0111\u00e2m, n\u00f3n ch\u1ed1ng b\u1ea1o \u0111\u1ed9ng \u00e0 \u0111\u1ed1i v\u1edbi c\u00e1c s\u1ef1 ki\u1ec7n c\u00f3 t\u00ednh ch\u1ea5t ph\u1ee9c t\u1ea1p cao, ngo\u00e0i tr\u1eddi.<\/p>\n<p>&nbsp;<\/p>\n<p>&nbsp;<\/p>\n<p><img src=\"https:\/\/baovengayvadem.com\/images\/thuvien\/22.jpg\" alt=\"\" \/><\/p>\n<p><strong>B\u1ea3o v\u1ec7 Ng\u00e0y &amp; \u0110\u00eam ta\u0323i s\u1ef1 ki\u1ec7n White Palace, TP.HCM<\/strong><\/p>\n<p><strong>Y\u00eau c\u1ea7u v\u1ec1 c\u00f4ng c\u1ee5 h\u1ed7 tr\u1ee3<\/strong>: Trang b\u1ecb c\u00e1c c\u00f4ng c\u1ee5 h\u1ed7 tr\u1ee3 chuy\u00ean d\u1ee5ng cho lo\u1ea1i h\u00ecnh b\u1ea3o v\u1ec7 s\u1ef1 ki\u1ec7n nh\u01b0: Su\u0301ng, G\u1eady s\u1eaft, roi \u0111i\u1ec7n, \u00e1o ch\u1ed1ng \u0111\u00e2m, m\u0169 ch\u1ed1ng b\u1ea1o \u0111\u1ed9ng, b\u1ed9 \u0111\u00e0m chuy\u00ean d\u1ee5ng, g\u1eady s\u00e1ng \u0111i\u1ec1u ph\u1ed1i giao th\u00f4ng\u2026<\/p>\n<p><strong>B\u1ea3ng m\u00f4 t\u1ea3 c\u00f4ng vi\u1ec7c chung<\/strong><\/p>\n<p>&#8211; T\u1eeb khi chu\u1ea9n b\u1ecb \u0111\u1ebfn khi kh\u00f4ng \u0111\u1ec3 x\u1ea3y ra c\u00e1c ho\u1ea1t \u0111\u1ed9ng c\u1ee7a t\u1ed9i ph\u1ea1m, ch\u00e1y n\u1ed5. c\u00f4ng ty b\u1ea3o v\u1ec7 ki\u1ec3m so\u00e1t v\u00e0 \u0111i\u1ec1u ph\u1ed1i t\u1eeb xa nh\u1eefng \u0111\u00e1m \u0111\u00f4ng m\u00e0 c\u00f3 th\u1ec3 t\u1eeb \u0111\u00f3 xu\u1ea5t ph\u00e1t c\u00e1c s\u1ef1 ki\u1ec7n l\u1ed9n x\u1ed9n.<\/p>\n<p>&#8211; Ng\u0103n ch\u1eb7n v\u00e0 ph\u1ed1i h\u1ee3p v\u1edbi l\u1ef1c l\u01b0\u1ee3ng v\u0169 trang b\u1eaft gi\u1eef nh\u1eefng k\u1ebb c\u00f3 h\u00e0nh vi c\u00f4n \u0111\u1ed3 qu\u00e1 kh\u00edch g\u00e2y r\u1ed1i tr\u1eadt t\u1ef1 tr\u1ecb an.<\/p>\n<p>&#8211; Ki\u1ec3m so\u00e1t ng\u01b0\u1eddi v\u00e0o khu v\u1ef1c, v\u00e0o c\u1ed5ng.<\/p>\n<p>&#8211; Kh\u00f4ng cho b\u1ea5t c\u1ee9 ng\u01b0\u1eddi l\u1ea1, ng\u01b0\u1eddi kh\u00f4ng c\u00f3 gi\u1ea5y t\u1edd, kh\u00f4ng c\u00f3 v\u00e9, \u2026v\u00e0o khu v\u1ef1c c\u1ea7n b\u1ea3o v\u1ec7.<\/p>\n<p>&#8211; B\u1ed1 tr\u00ed l\u1ef1c l\u01b0\u1ee3ng, ph\u01b0\u01a1ng ti\u1ec7n \u1edf nhi\u1ec1u v\u1ecb tr\u00ed, nhi\u1ec1u l\u1edbp t\u1ea1o th\u00e0nh th\u1ebf li\u00ean ho\u00e0n kh\u00e9p k\u00edn.<\/p>\n<p>&#8211; Gi\u1ea3i quy\u1ebft c\u00e1c v\u1ee5 vi\u1ec7c t\u1eeb xa, kh\u00f4ng \u0111\u1ec3 cho ti\u1ebfn v\u00e0o v\u00e0 l\u00e0m ph\u00e1t sinh v\u1ee5 vi\u1ec7c t\u1eeb b\u00ean trong.<\/p>\n<p>&#8211; Th\u00e1i \u0111\u1ed9 m\u1ec1m m\u1ecfng, h\u00f2a nh\u00e3 nh\u01b0ng ph\u1ea3i ki\u00ean quy\u1ebft qi\u1eef nghi\u00eam t\u00fac \u0111\u1ed1i v\u1edbi nh\u1eefng ng\u01b0\u1eddi ra v\u00e0o c\u00e1c khu v\u1ef1c theo quy \u0111\u1ecbnh c\u1ee7a ban t\u1ed5 ch\u1ee9c.<\/p>\n<p>&#8211; B\u1ed1 tr\u00ed c\u00e1c ph\u01b0\u01a1ng ti\u1ec7n k\u0129 thu\u1eadt nghi\u1ec7p v\u1ee5 \u1edf nh\u1eefng n\u01a1i v\u00e0 v\u1ecb tr\u00ed c\u1ea7n thi\u1ebft, ki\u1ec3m tra ng\u01b0\u1eddi ph\u01b0\u01a1ng ti\u1ec7n ra v\u00e0o theo nhi\u1ec7m v\u1ee5 ph\u00e2n c\u00f4ng.<\/p>\n<p>&#8211; Ki\u1ec3m so\u00e1t h\u00e0ng h\u00f3a, t\u00e0i s\u1ea3n mang ra, mang v\u00e0o m\u1ee5c ti\u00eau t\u1ed5 ch\u1ee9c s\u1ef1 ki\u1ec7n.<\/p>\n<p>T\u1ea5t c\u1ea3 c\u00e1c nh\u00e2n vi\u00ean b\u1ea3o v\u1ec7 ph\u1ea3i trang b\u1ecb b\u1ed9 \u0111\u00e0m, v\u00e0 d\u00f9ng b\u1ed9 \u0111\u00e0m \u0111\u1ec3 th\u00f4ng b\u00e1o t\u00ecnh h\u00ecnh v\u00e0 y\u00eau c\u1ea7u h\u1ed7 tr\u1ee3 khi c\u1ea7n thi\u1ebft.<\/p>\n<p>Ch\u1ec9 huy \u0111\u1ed9i b\u1ea3o v\u1ec7 trong s\u1ef1 ki\u1ec7n lu\u00f4n theo s\u00e1t di\u1ec5n bi\u1ebfn c\u1ee7a s\u1ef1 ki\u1ec7n c\u0169ng nh\u01b0 gi\u00e1m s\u00e1t c\u00f4ng vi\u1ec7c c\u1ee7a c\u00e1c nh\u00e2n vi\u00ean \u0111\u1ec3 \u0111\u01b0a ra c\u00e1ch l\u00e0m vi\u1ec7c ti\u1ebfp theo cho ph\u00f9 h\u1ee3p.<\/p>\n<p>&#8211; Ch\u1ec9 huy \u0111\u1ed9i b\u1ea3o v\u1ec7 ph\u1ea3i th\u00f4ng b\u00e1o nh\u1eefng t\u00ecnh hu\u1ed1ng kh\u1ea9n c\u1ea5p cho \u0111\u1ea1o di\u1ec3n s\u1ef1 ki\u1ec7n, ban t\u1ed5 ch\u1ee9c \u0111\u1ec3 xin \u00fd ki\u1ebfn ch\u1ec9 \u0111\u1ea1o.<\/p>\n<p>&#8211; Th\u1eddi gian l\u00e0m vi\u1ec7c c\u1ee7a nh\u00e2n vi\u00ean t\u00f9y thu\u1ed9c v\u00e0o y\u00eau c\u1ea7u c\u1ee7a kh\u00e1ch h\u00e0ng, y\u00eau c\u1ea7u c\u1ee7a s\u1ef1 ki\u1ec7n.<\/p>\n<p>&#8211; Lu\u00f4n lu\u00f4n kh\u1ea3o s\u00e1t v\u00e0 x\u00e2y d\u1ef1ng ph\u01b0\u01a1ng \u00e1n b\u1ea3o v\u1ec7 ri\u00eang cho t\u1eebng s\u1ef1 ki\u1ec7n.<\/p>\n<p>\u0110\u1ec3 \u01b0u \u00e1i v\u00e0 \u0111\u1ee9ng v\u1ec1 quy\u1ec1n l\u1ee3i c\u1ee7a kh\u00e1ch h\u00e0ng, C\u00f4ng ty b\u1ea3o v\u1ec7 Ng\u00e0y &amp; \u0110\u00eam \u0111\u00e3 mua b\u1ea3o hi\u1ec3m tr\u00e1ch nhi\u1ec7m ngh\u1ec1 nghi\u1ec7p v\u00e0 d\u00e2n s\u1ef1 tr\u1ecb gi\u00e1 2.000.000.000 VN\u0110 (M\u00f4\u0323t tri\u00ea\u0323u USD). Ch\u00ednh v\u00ec th\u1ebf, khi c\u00f3 b\u1ea5t k\u1ef3 m\u1ea5t m\u00e1t n\u00e0o v\u1ec1 t\u00e0i s\u1ea3n thu\u1ed9c v\u1ec1 l\u1ed7i c\u1ee7a nh\u00e2n vi\u00ean b\u1ea3o v\u1ec7 \u0111\u1ec1u c\u00f3 s\u1ef1 tham gia c\u1ee7a b\u00ean th\u1ee9 ba (b\u1ea3o hi\u1ec3m). Kh\u00e1ch h\u00e0ng s\u1ebd y\u00ean t\u00e2m v\u1ec1 vi\u1ec7c \u0111\u1ec1n b\u00f9 c\u00e1c thi\u1ec7t h\u1ea1i t\u00e0i s\u1ea3n.<\/p>\n<p>Gi\u00e1 s\u00e0n cho d\u1ecbch v\u1ee5 n\u00e0y l\u00e0 150.000 \u0111\/01 ng\u01b0\u1eddi\/01 gi\u1edd, v\u00e0 c\u00f3 th\u1ec3 t\u0103ng l\u00ean t\u00f9y theo t\u00ednh ch\u1ea5t c\u1ee7a s\u1ef1 ki\u1ec7n, \u0111\u1ecba \u0111i\u1ec3m v\u00e0 y\u00eau c\u1ea7u c\u1ee7a kh\u00e1ch h\u00e0ng.<\/p>\n<p>Doanh thu t\u1eeb d\u1ecbch v\u1ee5 n\u00e0y chi\u1ebfm 5% t\u1ed5ng doanh thu h\u00e0ng n\u0103m c\u1ee7a C\u00f4ng ty Ng\u00e0y &amp; \u0110\u00eam.<\/p>\n<\/div>\n","protected":false},"excerpt":{"rendered":"<p>B\u1ea2O V\u1ec6 C\u00c1C S\u1ef0 KI\u1ec6N, L\u1ec4 H\u1ed8I La\u0300 ba\u0309o v\u00ea\u0323\u00a0c\u00e1c s\u1ef1 ki\u1ec7n quan tro\u0323ng cu\u0309a ca\u0301c doanh nghi\u00ea\u0323p, gi\u01a1\u0301i thi\u00ea\u0323u sa\u0309n ph\u00e2\u0309m, h\u1ed9i ch\u1ee3 tri\u1ec5n l\u00e3m, c\u00e1c bu\u1ed5i ca nh\u1ea1c ngo\u00e0i tr\u1eddi\u2026 B\u1ea3o v\u1ec7 Ng\u00e0y &amp; \u0110\u00eam c\u00f3 nhi\u1ec7m v\u1ee5 mang l\u1ea1i s\u1ef1 b\u00ecnh y\u00ean cho Qu\u00fd kh\u00e1ch h\u00e0ng, h\u1ea1n ch\u1ebf c\u00e1c r\u1ee7i ro v\u1ec1 &#8230;<\/p>\n","protected":false},"author":1,"featured_media":0,"parent":0,"menu_order":0,"comment_status":"closed","ping_status":"closed","template":"page-right-sidebar.php","meta":[],"_links":{"self":[{"href":"https:\/\/themex.myonter.com\/dichvubaove\/wp-json\/wp\/v2\/pages\/304"}],"collection":[{"href":"https:\/\/themex.myonter.com\/dichvubaove\/wp-json\/wp\/v2\/pages"}],"about":[{"href":"https:\/\/themex.myonter.com\/dichvubaove\/wp-json\/wp\/v2\/types\/page"}],"author":[{"embeddable":true,"href":"https:\/\/themex.myonter.com\/dichvubaove\/wp-json\/wp\/v2\/users\/1"}],"replies":[{"embeddable":true,"href":"https:\/\/themex.myonter.com\/dichvubaove\/wp-json\/wp\/v2\/comments?post=304"}],"version-history":[{"count":0,"href":"https:\/\/themex.myonter.com\/dichvubaove\/wp-json\/wp\/v2\/pages\/304\/revisions"}],"wp:attachment":[{"href":"https:\/\/themex.myonter.com\/dichvubaove\/wp-json\/wp\/v2\/media?parent=304"}],"curies":[{"name":"wp","href":"https:\/\/api.w.org\/{rel}","templated":true}]}}