{"id":306,"date":"2019-02-26T11:12:54","date_gmt":"2019-02-26T04:12:54","guid":{"rendered":"https:\/\/tppone.com\/demo\/dichvubaove\/?page_id=306"},"modified":"2019-02-26T11:12:54","modified_gmt":"2019-02-26T04:12:54","slug":"dich-vu-bao-ve-muc-tieu-di-dong","status":"publish","type":"page","link":"https:\/\/themex.myonter.com\/dichvubaove\/dich-vu-bao-ve-muc-tieu-di-dong\/","title":{"rendered":"D\u1ecbch v\u1ee5 b\u1ea3o v\u1ec7 m\u1ee5c ti\u00eau di \u0111\u1ed9ng"},"content":{"rendered":"<p><strong>B\u1ea3o v\u1ec7 m\u1ee5c ti\u00eau di \u0111\u1ed9ng<\/strong><\/p>\n<p>L\u00e0 b\u1ea3o v\u1ec7\u00a0\u00e1p t\u1ea3i ti\u1ec1n, h\u00e0ng h\u00f3a \u0111\u1eb7c bi\u1ec7t,\u00a0\u00e1p t\u1ea3i c\u00e1c t\u00e0i li\u1ec7u c\u00f3 gi\u00e1 tr\u1ecb, th\u00e1p t\u00f9ng b\u1ea3o v\u1ec7 t\u1ea1i n\u01a1i l\u00e0m vi\u1ec7c, n\u01a1i c\u01b0 tr\u00fa, di chuy\u1ec3n t\u1eeb m\u1ed9t\u00a0\u0111i\u1ec3m c\u1ed1\u00a0\u0111\u1ecbnh n\u00e0y\u00a0\u0111\u1ebfn\u00a0\u0111\u1ecba\u00a0\u0111i\u1ec3m kh\u00e1c trong th\u1eddi gian\u00a0\u0111\u01b0\u1ee3c x\u00e1c\u00a0\u0111\u1ecbnh.<\/p>\n<p>Y\u00eau c\u1ea7u v\u1ec1 nghi\u1ec7p v\u1ee5: T\u1ea5t c\u1ea3 c\u00e1c nh\u00e2n vi\u00ean \u0111\u01b0\u1ee3c tham gia v\u00e0o \u0111\u1ed9i b\u1ea3o v\u1ec7 \u00e1p t\u1ea3i ti\u1ec1n, h\u00e0ng h\u00f3a \u0111\u1eb7c bi\u1ec7t ph\u1ea3i \u0111\u00e1p \u1ee9ng \u0111\u01b0\u1ee3c c\u00e1c y\u00eau c\u1ea7u v\u1ec1 nghi\u1ec7p v\u1ee5 nh\u01b0 sau:<\/p>\n<p>\u0110\u00e3 qua l\u1edbp \u0111\u00e0o t\u1ea1o v\u00f5 thu\u1eadt c\u01a1 b\u1ea3n.<\/p>\n<p>\u0110\u00e3 qua l\u1edbp \u0111\u00e0o t\u1ea1o b\u1ea3o v\u1ec7 m\u1ee5c ti\u00eau di \u0111\u1ed9ng c\u1ee7a NDS.<\/p>\n<p>\u0110\u00e3 qua l\u1edbp \u0111\u00e0o t\u1ea1o gi\u1ea3i quy\u1ebft c\u00e1c s\u1ef1 c\u1ed1 trong b\u1ea3o v\u1ec7 m\u1ee5c ti\u00eau di \u0111\u1ed9ng.<\/p>\n<p>Bi\u1ebft s\u1eed d\u1ee5ng c\u00e1c c\u00f4ng c\u1ee5 h\u1ed7 tr\u1ee3 chuy\u00ean d\u1ee5ng nh\u01b0: Su\u0301ng ng\u0103\u0301n, g\u1eady s\u1eaft, du\u0300i cui \u0111i\u1ec7n, g\u1eady s\u00e1ng \u0111i\u1ec1u ph\u1ed1i xe.<\/p>\n<p>\u0110\u1ed9 tu\u1ed5i t\u1eeb 25 \u2013 40 tu\u1ed5i, v\u00e0 \u0111\u00e1p \u1ee9ng \u0111\u01b0\u1ee3c c\u00e1c ti\u00eau ch\u00ed ri\u00eang v\u1ec1 ngo\u1ea1i h\u00ecnh c\u1ee7a NDS.<\/p>\n<p>X\u00e2y d\u1ef1ng ph\u01b0\u01a1ng \u00e1n \u00e1p t\u1ea3i ti\u1ec1n, h\u00e0ng h\u00f3a \u0111\u1eb7c bi\u1ec7t th\u1eadt chi ti\u1ebft v\u00e0 t\u1ec9 m\u1ef9. T\u00ednh to\u00e1n th\u1eddi gian \u0111i v\u00e0 v\u1ec1 h\u1ebft bao nhi\u00eau, c\u00e1c khu v\u1ef1c nh\u1ea1y c\u1ea3m c\u1ea7n ch\u00fa \u00fd, l\u1ef1c l\u01b0\u1ee3ng h\u1ed7 tr\u1ee3 khi c\u00f3 s\u1ef1 c\u1ed1, ph\u01b0\u01a1ng \u00e1n gi\u1ea3i quy\u1ebft c\u00e1c s\u1ef1 c\u1ed1 c\u00f3 th\u1ec3 x\u1ea3y ra\u2026<\/p>\n<p><img loading=\"lazy\" src=\"https:\/\/baovengayvadem.com\/uploads\/noidung\/images\/DSCF1589_xu%20ly.jpg\" alt=\"\" width=\"439\" height=\"372\" \/><\/p>\n<p><strong>H\u1ed7 tr\u1ee3 an ninh kh\u00e1ch h\u00e0ng trong giao d\u1ecbch ti\u1ec1n t\u1ec7<\/strong><\/p>\n<p>Y\u00eau c\u1ea7u v\u1ec1 trang ph\u1ee5c: \u00c1o ch\u1ed1ng \u0111\u00e2m, n\u00f3n ch\u1ed1ng b\u1ea1o \u0111\u1ed9ng.<\/p>\n<p>Y\u00eau c\u1ea7u v\u1ec1 c\u00f4ng c\u1ee5 h\u1ed7 tr\u1ee3: trang b\u1ecb c\u00e1c c\u00f4ng c\u1ee5 h\u1ed7 tr\u1ee3 chuy\u00ean d\u1ee5ng cho lo\u1ea1i h\u00ecnh b\u1ea3o v\u1ec7 s\u1ef1 ki\u1ec7n nh\u01b0: Su\u0301ng ng\u0103\u0301n, du\u0300i cui kim loa\u0323i, roi \u0111i\u1ec7n, g\u00e2\u0323y cao su, \u00e1o ch\u1ed1ng \u0111a\u0323n, m\u0169 ch\u1ed1ng b\u1ea1o \u0111\u1ed9ng, b\u1ed9 \u0111\u00e0m chuy\u00ean d\u1ee5ng, g\u1eady s\u00e1ng \u0111i\u1ec1u ph\u1ed1i giao th\u00f4ng, camera h\u00e0nh tr\u00ecnh\u2026<\/p>\n<p><strong>B\u1ea3ng m\u00f4 t\u1ea3 c\u00f4ng vi\u1ec7c chung<\/strong><\/p>\n<p>B\u1ea3o v\u1ec7 an to\u00e0n tuy\u1ec7t \u0111\u1ed1i cho h\u00e0ng h\u00f3a t\u1eeb kh\u00e2u giao nh\u1eadn \u0111\u1ebfn qu\u00e1 tr\u00ecnh v\u1eadn chuy\u1ec3n, kh\u00f4ng \u0111\u1ec3 cho c\u00e1c \u0111\u1ed1i t\u01b0\u1ee3ng t\u1ed9i ph\u1ea1m x\u00e2m h\u1ea1i ho\u1eb7c l\u00e0m h\u01b0 h\u1ecfng m\u1ea5t m\u00e1t.<\/p>\n<p>Qu\u00e1 tr\u00ecnh v\u1eadn chuy\u1ec3n ph\u1ea3i \u0111\u1ea3m b\u1ea3o gi\u1eef \u0111\u01b0\u1ee3c nguy\u00ean m\u1eabu m\u00e3 v\u00e0 ni\u00eam phong k\u1eb9p ch\u00ec trong qu\u00e1 tr\u00ecnh v\u1eadn chuy\u1ec3n.<\/p>\n<p>Gi\u1eef b\u00ed m\u1eadt kh\u00f4ng \u0111\u01b0\u1ee3c ti\u1ebft l\u1ed9 t\u00ean h\u00e0ng, s\u1ed1 l\u01b0\u1ee3ng, th\u1eddi gian xu\u1ea5t ph\u00e1t, th\u1eddi gian m\u00e0 h\u00e0ng h\u00f3a \u0111\u1ebfn n\u01a1i.<\/p>\n<p>L\u1ef1c l\u01b0\u1ee3ng b\u1ea3o v\u1ec7 \u0111\u01b0\u1ee3c chia l\u00e0m 2 t\u1ed1p: m\u1ed9t t\u1ed1p b\u1ea3o v\u1ec7 ch\u00ednh cho \u00e1p t\u1ea3i ti\u1ec1n v\u00e0 h\u00e0ng h\u00f3a \u0111\u1eb7c bi\u1ec7t, m\u1ed9t t\u1ed1p ng\u1ee5y trang \u0111\u1ec3 h\u1ed7 tr\u1ee3 k\u1ecbp th\u1eddi khi c\u00f3 s\u1ef1 c\u1ed1.<\/p>\n<p>Nh\u00e2n vi\u00ean b\u1ea3o v\u1ec7 ph\u1ea3i quan s\u00e1t xung quanh tr\u01b0\u1edbc khi di chuy\u1ec3n v\u00e0 kh\u00f4ng c\u00e1ch qu\u00e1 xa m\u1ee5c ti\u00eau c\u1ea7n \u00e1p t\u1ea3i.<\/p>\n<p>V\u1eadn chuy\u1ec3n ph\u1ea3i \u0111\u00fang l\u1ed9 tr\u00ecnh trong k\u1ebf ho\u1ea1ch, kh\u00f4ng \u0111\u01b0\u1ee3c thay \u0111\u1ed5i t\u00f9y ti\u00ean.<\/p>\n<p>Kh\u00f4ng ch\u1ec9 \u0111\u1ec1 ph\u00f2ng tr\u1ed9m c\u1eafp m\u00e0 ph\u1ea3i an t\u00f2an kh\u00f4ng r\u00e1ch, v\u1ee1 b\u1ec3.<\/p>\n<p>B\u1ed1c x\u1ebfp h\u00e0ng c\u1ea7n ph\u1ea3i c\u00f3 s\u1ef1 gi\u00e1m s\u00e1t c\u1ee7a ng\u01b0\u1eddi c\u00f3 tr\u00e1ch nhi\u1ec7m theo \u0111\u00fang k\u1ebf ho\u1ea1ch.<\/p>\n<p>Y\u00eau c\u1ea7u l\u1ef1c l\u01b0\u1ee3ng ph\u1ea3i c\u00f3 \u0111\u01b0\u1ee3c \u0111i\u1ec7n tho\u1ea1i li\u00ean l\u1ef1c c\u1ee7a c\u00e1c c\u01a1 quan ch\u00ednh quy\u1ec1n \u0111\u1ecba ph\u01b0\u01a1ng n\u01a1i m\u00e0 vi\u1ec7c \u00e1p t\u1ea3i ti\u1ec1n, h\u00e0ng h\u00f3a \u0111\u1eb7c bi\u1ec7t \u0111i qua. \u0110\u1ec3 h\u1ed7 tr\u1ee3 khi c\u1ea7n thi\u1ebft.<\/p>\n<p><strong>Th\u1eddi gian l\u00e0m vi\u1ec7c<\/strong><\/p>\n<p>Th\u1eddi gian l\u00e0m vi\u1ec7c c\u1ee7a nh\u00e2n vi\u00ean b\u1ea3o v\u1ec7 t\u00f9y thu\u1ed9c v\u00e0o y\u00eau c\u1ea7u c\u1ee7a kh\u00e1ch h\u00e0ng, y\u00eau c\u1ea7u c\u1ee7a v\u1eadn chuy\u1ec3n h\u00e0ng h\u00f3a, \u00e1p t\u1ea3i ti\u1ec1n.<a href=\"https:\/\/baovengayvadem.com\/tuyen-dung\" rel=\"alternate\">\u00a0Vi\u1ec7c l\u00e0m b\u1ea3o v\u1ec7<\/a>\u00a0ch\u00ednh x\u00e1c, minh b\u1ea1ch r\u00f5 r\u00e0ng<\/p>\n<p>Th\u1eddi gian cung c\u1ea5p d\u1ecbch v\u1ee5: 2 \u2013 3 ng\u00e0y<\/p>\n<p><strong>Th\u00f4ng tin kh\u00e1c<\/strong><\/p>\n<p>Lu\u00f4n lu\u00f4n kh\u1ea3o s\u00e1t v\u00e0 x\u00e2y d\u1ef1ng ph\u01b0\u01a1ng \u00e1n b\u1ea3o v\u1ec7 ri\u00eang cho t\u1eebng s\u1ef1 ki\u1ec7n \u00e1p t\u1ea3i ti\u1ec1n, h\u00e0ng h\u00f3a \u0111\u1eb7c bi\u1ec7t.<\/p>\n<p>H\u1ed7 tr\u1ee3 mi\u1ec5n ph\u00ed c\u00e1c kho\u1ea3n b\u1ea3o hi\u1ec3m cho nh\u00e2n vi\u00ean, b\u1ea3o hi\u1ec3m r\u1ee7i ro ngh\u1ec1 nghi\u1ec7p, ch\u1ec9 huy \u0111\u1ed9i, \u0111\u1ed9i c\u01a1 \u0111\u1ed9ng, \u0111\u1ed9i ki\u1ec3m tra ch\u1ea5t l\u01b0\u1ee3ng&#8230;<\/p>\n<p>\u0110\u1ec3 \u01b0u \u00e1i v\u00e0 \u0111\u1ee9ng v\u1ec1 quy\u1ec1n l\u1ee3i c\u1ee7a kh\u00e1ch h\u00e0ng, C\u00f4ng ty b\u1ea3o v\u1ec7 Ng\u00e0y &amp; \u0110\u00eam \u0111\u00e3 mua b\u1ea3o hi\u1ec3m tr\u00e1ch nhi\u1ec7m ngh\u1ec1 nghi\u1ec7p v\u00e0 d\u00e2n s\u1ef1 tr\u1ecb gi\u00e1 22.000.000.000 VND (M\u00f4\u0323t tri\u00ea\u0323u USD) cho m\u00f4\u0303i m\u00f4\u0323t s\u01b0\u0323 c\u00f4\u0301. Ch\u00ednh v\u00ec th\u1ebf, khi c\u00f3 b\u1ea5t k\u1ef3 m\u1ea5t m\u00e1t n\u00e0o v\u1ec1 t\u00e0i s\u1ea3n thu\u1ed9c v\u1ec1 l\u1ed7i c\u1ee7a nh\u00e2n vi\u00ean b\u1ea3o v\u1ec7 \u0111\u1ec1u c\u00f3 s\u1ef1 tham gia c\u1ee7a b\u00ean th\u1ee9 ba (b\u1ea3o hi\u1ec3m). Kh\u00e1ch h\u00e0ng s\u1ebd y\u00ean t\u00e2m v\u1ec1 vi\u1ec7c \u0111\u1ec1n b\u00f9 c\u00e1c thi\u1ec7t h\u1ea1i t\u00e0i s\u1ea3n.<\/p>\n<p>Gi\u00e1 s\u00e0n cho d\u1ecbch v\u1ee5 n\u00e0y l\u00e0 250.000 \u0111\/01 ng\u01b0\u1eddi\/01 gi\u1edd, v\u00e0 c\u00f3 th\u1ec3 t\u0103ng l\u00ean t\u00f9y theo t\u00ednh ch\u1ea5t c\u1ee7a s\u1ef1 ki\u1ec7n, \u0111\u1ecba \u0111i\u1ec3m v\u00e0 y\u00eau c\u1ea7u c\u1ee7a kh\u00e1ch h\u00e0ng.<\/p>\n<p>Doanh thu t\u1eeb d\u1ecbch v\u1ee5 n\u00e0y chi\u1ebfm 5% t\u1ed5ng doanh thu h\u00e0ng n\u0103m c\u1ee7a C\u00f4ng ty Ng\u00e0y &amp; \u0110\u00eam &#8211;\u00a0<a href=\"https:\/\/baovengayvadem.com\/\" rel=\"alternate\">D\u1ecbch v\u1ee5 b\u1ea3o v\u1ec7 uy t\u00edn t\u1ea1i HCM<\/a><\/p>\n","protected":false},"excerpt":{"rendered":"<p>B\u1ea3o v\u1ec7 m\u1ee5c ti\u00eau di \u0111\u1ed9ng L\u00e0 b\u1ea3o v\u1ec7\u00a0\u00e1p t\u1ea3i ti\u1ec1n, h\u00e0ng h\u00f3a \u0111\u1eb7c bi\u1ec7t,\u00a0\u00e1p t\u1ea3i c\u00e1c t\u00e0i li\u1ec7u c\u00f3 gi\u00e1 tr\u1ecb, th\u00e1p t\u00f9ng b\u1ea3o v\u1ec7 t\u1ea1i n\u01a1i l\u00e0m vi\u1ec7c, n\u01a1i c\u01b0 tr\u00fa, di chuy\u1ec3n t\u1eeb m\u1ed9t\u00a0\u0111i\u1ec3m c\u1ed1\u00a0\u0111\u1ecbnh n\u00e0y\u00a0\u0111\u1ebfn\u00a0\u0111\u1ecba\u00a0\u0111i\u1ec3m kh\u00e1c trong th\u1eddi gian\u00a0\u0111\u01b0\u1ee3c x\u00e1c\u00a0\u0111\u1ecbnh. Y\u00eau c\u1ea7u v\u1ec1 nghi\u1ec7p v\u1ee5: T\u1ea5t c\u1ea3 c\u00e1c nh\u00e2n vi\u00ean \u0111\u01b0\u1ee3c &#8230;<\/p>\n","protected":false},"author":1,"featured_media":0,"parent":0,"menu_order":0,"comment_status":"closed","ping_status":"closed","template":"page-right-sidebar.php","meta":[],"_links":{"self":[{"href":"https:\/\/themex.myonter.com\/dichvubaove\/wp-json\/wp\/v2\/pages\/306"}],"collection":[{"href":"https:\/\/themex.myonter.com\/dichvubaove\/wp-json\/wp\/v2\/pages"}],"about":[{"href":"https:\/\/themex.myonter.com\/dichvubaove\/wp-json\/wp\/v2\/types\/page"}],"author":[{"embeddable":true,"href":"https:\/\/themex.myonter.com\/dichvubaove\/wp-json\/wp\/v2\/users\/1"}],"replies":[{"embeddable":true,"href":"https:\/\/themex.myonter.com\/dichvubaove\/wp-json\/wp\/v2\/comments?post=306"}],"version-history":[{"count":0,"href":"https:\/\/themex.myonter.com\/dichvubaove\/wp-json\/wp\/v2\/pages\/306\/revisions"}],"wp:attachment":[{"href":"https:\/\/themex.myonter.com\/dichvubaove\/wp-json\/wp\/v2\/media?parent=306"}],"curies":[{"name":"wp","href":"https:\/\/api.w.org\/{rel}","templated":true}]}}