{"id":308,"date":"2019-02-26T11:13:15","date_gmt":"2019-02-26T04:13:15","guid":{"rendered":"https:\/\/tppone.com\/demo\/dichvubaove\/?page_id=308"},"modified":"2019-02-26T11:13:15","modified_gmt":"2019-02-26T04:13:15","slug":"dich-vu-bao-ve-khu-cong-nghiep","status":"publish","type":"page","link":"https:\/\/themex.myonter.com\/dichvubaove\/dich-vu-bao-ve-khu-cong-nghiep\/","title":{"rendered":"D\u1ecbch v\u1ee5 b\u1ea3o v\u1ec7 khu c\u00f4ng nghi\u1ec7p"},"content":{"rendered":"<h1>B\u1ea2O V\u1ec6 KHU C\u00d4NG NGHI\u1ec6P<\/h1>\n<p>Khu c\u00f4ng nghi\u1ec7p v\u1edbi nhi\u1ec1u nh\u00e0 m\u00e1y, c\u00f4ng ty, x\u00ed nghi\u1ec7p va\u0300 nhi\u00ea\u0300u tha\u0300nh ph\u00e2\u0300n c\u00f4ng nh\u00e2n v\u00e0 ng\u01b0\u1eddi lao \u0111\u1ed9ng ph\u1ed5 th\u00f4ng n\u00ean t\u00ecnh h\u00ecnh an ninh tr\u1eadt t\u1ef1 c\u1ee7a khu c\u00f4ng nghi\u1ec7p di\u1ec5n ra kh\u00e1 ph\u1ee9c t\u1ea1p, \u0111\u00f2i h\u1ecfi ph\u1ea3i c\u00f3 m\u1ed9t \u0111\u1ed9i ng\u0169 nh\u00e2n vi\u00ean b\u1ea3o v\u1ec7 khu c\u00f4ng nghi\u1ec7p chuy\u00ean nghi\u1ec7p.<\/p>\n<p>V\u1edbi kinh nghi\u1ec7m l\u00e2u n\u0103m trong l\u0129nh v\u1ef1c b\u1ea3o v\u1ec7 nh\u00e0 m\u00e1y x\u00ed nghi\u1ec7p, c\u00f4ng ty, v\u0103n pho\u0300ng, \u0111\u1ed9i ng\u0169 b\u1ea3o v\u1ec7 \u0111\u01b0\u1ee3c \u0111\u00e0o t\u1ea1o b\u00e0i b\u1ea3n v\u00e0 c\u00f3 \u0111\u1ea1o \u0111\u1ee9c trong c\u00f4ng vi\u1ec7c,\u00a0<a href=\"https:\/\/baovengayvadem.com\/\" rel=\"alternate\">c\u00f4ng ty d\u1ecbch v\u1ee5 b\u1ea3o v\u1ec7 uy t\u00edn<\/a>\u00a0Ba\u0309o V\u00ea\u0323 Nga\u0300y &amp; \u0110\u00eam \u0111\u00e3 tr\u1edf th\u00e0nh nh\u00e0 cung c\u1ea5p d\u1ecbch v\u1ee5 b\u1ea3o v\u1ec7 v\u00e0 gi\u1ea3i ph\u00e1p an ninh h\u00e0ng \u0111\u1ea7u nh\u1eb1m m\u1ee5c \u0111\u00edch:<\/p>\n<p>&#8211; \u0110\u1ea3m b\u1ea3o gi\u1eef g\u00ecn an ninh, tr\u1eadt t\u1ef1 k\u1ebft h\u1ee3p v\u1edbi l\u1ef1c l\u01b0\u1ee3ng tu\u1ea7n tra, h\u1ec7 th\u1ed1ng b\u00e1o \u0111\u1ed9ng v\u00e0 camera gi\u00e1m s\u00e1t.<\/p>\n<p>&#8211; Ph\u00f2ng ch\u1ed1ng ng\u0103n ch\u1eb7n c\u00e1c \u0111\u1ed1i t\u01b0\u1ee3ng tr\u00e0 tr\u1ed9n, l\u1ee3i d\u1ee5ng c\u00f4ng vi\u1ec7c trong KCN.<\/p>\n<p>&#8211; \u0110i\u1ec1u ph\u1ed1i c\u00e1c ho\u1ea1t \u0111\u1ed9ng giao th\u00f4ng, xu\u1ea5t nh\u1eadp h\u00e0ng h\u00f3a ra va\u0300o KCN<\/p>\n<p>&#8211; Ph\u1ed1i k\u1ebft h\u1ee3p v\u1edbi Ban qu\u1ea3n l\u00fd KCN, l\u1ef1c l\u01b0\u1ee3ng b\u1ea3o v\u1ec7 nh\u00e0 m\u00e1y, nh\u00e0 x\u01b0\u1edfng trong KCN ng\u0103n ch\u1eb7n c\u00e1c r\u1ee7i ro nh\u01b0 tai n\u1ea1n lao \u0111\u1ed9ng, ch\u00e1y n\u1ed5, \u2026<\/p>\n<p><strong>Qu\u00fd kh\u00e1ch c\u00f3 nhu c\u1ea7u s\u1eed d\u1ee5ng d\u1ecbch v\u1ee5 b\u1ea3o v\u1ec7 khu c\u00f4ng nghi\u1ec7p vui lo\u0300ng li\u00ean h\u00ea\u0323 v\u01a1\u0301i ch\u00fang t\u00f4i \u0111\u1ec3 \u0111\u01b0\u1ee3c t\u01b0 v\u1ea5n th\u00eam.<\/strong><\/p>\n<p><strong>Li\u00ean t\u1ee5c cung c\u1ea5p\u00a0<a href=\"https:\/\/baovengayvadem.com\/tuyen-dung\" rel=\"alternate\">vi\u1ec7c l\u00e0m b\u1ea3o v\u1ec7<\/a>\u00a0t\u1ea1i TPHCM, B\u00ecnh D\u01b0\u01a1ng, H\u00e0 N\u1ed9i, H\u1ea3i Ph\u00f2ng , \u0110\u00e0 N\u1eb3ng,&#8230;<\/strong><\/p>\n<p>&nbsp;<\/p>\n<p>&nbsp;<\/p>\n<p><img src=\"https:\/\/baovengayvadem.com\/images\/thuvien\/vsip-chon-jpg-20151117105840j9X0npLAzq.jpg\" alt=\"B\u1ea2O V\u1ec6 KHU C\u00d4NG NGHI\u1ec6P\" \/><\/p>\n<p><img src=\"https:\/\/baovengayvadem.com\/images\/dich-vu\/6-long-hau-jpg.jpg\" alt=\"t\u00ecnh h\u00ecnh an ninh tr\u1eadt t\u1ef1 c\u1ee7a khu c\u00f4ng nghi\u1ec7p\" \/><\/p>\n","protected":false},"excerpt":{"rendered":"<p>B\u1ea2O V\u1ec6 KHU C\u00d4NG NGHI\u1ec6P Khu c\u00f4ng nghi\u1ec7p v\u1edbi nhi\u1ec1u nh\u00e0 m\u00e1y, c\u00f4ng ty, x\u00ed nghi\u1ec7p va\u0300 nhi\u00ea\u0300u tha\u0300nh ph\u00e2\u0300n c\u00f4ng nh\u00e2n v\u00e0 ng\u01b0\u1eddi lao \u0111\u1ed9ng ph\u1ed5 th\u00f4ng n\u00ean t\u00ecnh h\u00ecnh an ninh tr\u1eadt t\u1ef1 c\u1ee7a khu c\u00f4ng nghi\u1ec7p di\u1ec5n ra kh\u00e1 ph\u1ee9c t\u1ea1p, \u0111\u00f2i h\u1ecfi ph\u1ea3i c\u00f3 m\u1ed9t \u0111\u1ed9i ng\u0169 nh\u00e2n vi\u00ean b\u1ea3o v\u1ec7 &#8230;<\/p>\n","protected":false},"author":1,"featured_media":0,"parent":0,"menu_order":0,"comment_status":"closed","ping_status":"closed","template":"page-right-sidebar.php","meta":[],"_links":{"self":[{"href":"https:\/\/themex.myonter.com\/dichvubaove\/wp-json\/wp\/v2\/pages\/308"}],"collection":[{"href":"https:\/\/themex.myonter.com\/dichvubaove\/wp-json\/wp\/v2\/pages"}],"about":[{"href":"https:\/\/themex.myonter.com\/dichvubaove\/wp-json\/wp\/v2\/types\/page"}],"author":[{"embeddable":true,"href":"https:\/\/themex.myonter.com\/dichvubaove\/wp-json\/wp\/v2\/users\/1"}],"replies":[{"embeddable":true,"href":"https:\/\/themex.myonter.com\/dichvubaove\/wp-json\/wp\/v2\/comments?post=308"}],"version-history":[{"count":0,"href":"https:\/\/themex.myonter.com\/dichvubaove\/wp-json\/wp\/v2\/pages\/308\/revisions"}],"wp:attachment":[{"href":"https:\/\/themex.myonter.com\/dichvubaove\/wp-json\/wp\/v2\/media?parent=308"}],"curies":[{"name":"wp","href":"https:\/\/api.w.org\/{rel}","templated":true}]}}