{"id":310,"date":"2019-02-26T11:13:35","date_gmt":"2019-02-26T04:13:35","guid":{"rendered":"https:\/\/tppone.com\/demo\/dichvubaove\/?page_id=310"},"modified":"2019-02-26T11:13:35","modified_gmt":"2019-02-26T04:13:35","slug":"dich-vu-bao-ve-chat-luong-cao","status":"publish","type":"page","link":"https:\/\/themex.myonter.com\/dichvubaove\/dich-vu-bao-ve-chat-luong-cao\/","title":{"rendered":"D\u1ecbch v\u1ee5 b\u1ea3o v\u1ec7 ch\u1ea5t l\u01b0\u1ee3ng cao"},"content":{"rendered":"<h1><strong>D\u1ecaCH V\u1ee4 B\u1ea2O V\u1ec6 CH\u1ea4T L\u01af\u1ee2NG CAO NDS PRO<\/p>\n<p><\/strong><\/h1>\n<p><strong>D\u1ecbch v\u1ee5 B\u1ea3o v\u1ec7 Ch\u1ea5t l\u01b0\u1ee3ng Cao \u2013 NDS PRO<\/strong>\u00a0\u0111\u01b0\u1ee3c thi\u1ebft k\u1ebf theo y\u00eau c\u1ea7u v\u00e0 mong \u0111\u1ee3i c\u1ee7a m\u1ed7i kh\u00e1ch h\u00e0ng, kh\u00f4ng nh\u1eefng \u0111\u00e1p \u1ee9ng v\u1ea5n \u0111\u1ec1 c\u1ed1t l\u00f5i \u0111\u1ea3m b\u1ea3o an ninh, an to\u00e0n v\u1ec1 ng\u01b0\u1eddi v\u00e0 t\u00e0i s\u1ea3n cho kh\u00e1ch h\u00e0ng m\u00e0 c\u00f2n gi\u00fap kh\u00e1ch h\u00e0ng \u0111\u00e1p \u1ee9ng c\u00e1c y\u00eau c\u1ea7u kh\u1eafc khe c\u1ee7a \u0111\u1ed1i t\u00e1c kinh doanh c\u1ee7a m\u00ecnh. \u0110\u1eb7c bi\u1ec7t d\u00e0nh cho nh\u1eefng kh\u00e1ch h\u00e0ng \u0111ang g\u1eb7p ph\u1ea3i v\u1ea5n \u0111\u1ec1 v\u1ec1 tu\u00e2n th\u1ee7 nghi\u00eam ng\u1eb7t c\u00e1c hi\u1ec7p \u0111\u1ecbnh (ILO, TPP,\u2026) Lu\u1eadt ph\u00e1p (Lu\u1eadt lao \u0111\u1ed9ng, B\u1ea3o hi\u1ec3m,\u2026) Ti\u00eau chu\u1ea9n qu\u1ed1c t\u1ebf (WRAP, CTPAT, SEDEX, EICC,..) Ti\u00eau chu\u1ea9n nh\u00e2n vi\u00ean b\u1ea3o v\u1ec7 (Ngo\u1ea1i h\u00ecnh: To cao, kh\u1ecfe m\u1ea1nh. Tr\u00ecnh \u0111\u1ed9: 12\/12 tr\u1edf l\u00ean. Nghi\u1ec7p v\u1ee5: \u0110\u01b0\u1ee3c \u0111\u00e0o t\u1ea1o b\u00e0i b\u1ea3n v\u00e0 chuy\u00ean s\u00e2u. Ngo\u1ea1i ng\u1eef: Ti\u1ebfng Anh giao ti\u1ebfp,\u2026) \u00a0m\u00e0 m\u00ecnh l\u00e0 th\u00e0nh vi\u00ean ho\u1eb7c n\u01a1i doanh nghi\u1ec7p \u0111ang ho\u1ea1t \u0111\u1ed9ng.<\/p>\n<h2><strong>D\u1ecbch v\u1ee5 B\u1ea3o v\u1ec7 Ch\u1ea5t l\u01b0\u1ee3ng Cao \u2013 NDS PRO \u0111\u00e1p \u1ee9ng c\u00e1c ti\u00eau chu\u1ea9n sau:<\/strong><\/h2>\n<p><strong><img loading=\"lazy\" src=\"https:\/\/baovengayvadem.com\/images\/dich-vu\/dt-4.jpg\" alt=\"Ti\u00eau chu\u1ea9n WRAP v\u1ec1 s\u1ea3n xu\u1ea5t\" width=\"232\" height=\"217\" \/><\/strong><\/p>\n<p><strong><img loading=\"lazy\" src=\"https:\/\/baovengayvadem.com\/images\/dich-vu\/dt-2.png\" alt=\"Ti\u00eau chu\u1ea9n Sedex v\u1ec1 trao \u0111\u1ed5i th\u00f4ng tin c\u00f3 \u0111\u1ea1o \u0111\u1ee9c c\u1ee7a c\u00e1c nh\u00e0 cung c\u1ea5p\" width=\"344\" height=\"88\" \/><\/strong><\/p>\n<p><strong><img loading=\"lazy\" src=\"https:\/\/baovengayvadem.com\/images\/dich-vu\/dt-5.jpg\" alt=\"Hi\u1ec7p \u0111\u1ecbnh th\u01b0\u01a1ng m\u1ea1i - h\u1ea3i quan ch\u1ed1ng kh\u1ee7ng b\u1ed1\" width=\"287\" height=\"111\" \/><\/strong><\/p>\n<p><strong><img loading=\"lazy\" src=\"https:\/\/baovengayvadem.com\/images\/dich-vu\/dt-6.jpg\" alt=\"Li\u00ean hi\u1ec7p C\u00f4ng d\u00e2n Ng\u00e0nh \u0110i\u1ec7n t\u1eed\" width=\"322\" height=\"75\" \/><\/strong><\/p>\n<h3><strong>NDS PRO \u0111\u01b0\u1ee3c nh\u1eefng kh\u00e1ch h\u00e0ng ti\u00eau bi\u1ec3u sau tin d\u00f9ng:<\/strong><\/h3>\n<p><img loading=\"lazy\" src=\"https:\/\/baovengayvadem.com\/images\/dich-vu\/dt-7.jpg\" alt=\"Kh\u00e1ch h\u00e0ng Nestle\" width=\"179\" height=\"127\" \/>\u00a0<img loading=\"lazy\" src=\"https:\/\/baovengayvadem.com\/images\/dich-vu\/dt-1.png\" alt=\"kh\u00e1ch h\u00e0ng Pepsico\" width=\"214\" height=\"120\" \/><\/p>\n<p><img loading=\"lazy\" src=\"https:\/\/baovengayvadem.com\/images\/dich-vu\/dt-1.jpg\" alt=\"Kh\u00e1ch h\u00e0ng ON Semiconductor\" width=\"311\" height=\"93\" \/><\/p>\n<p><img loading=\"lazy\" src=\"https:\/\/baovengayvadem.com\/images\/dich-vu\/dt-2.jpg\" alt=\"Kh\u00e1ch h\u00e0ng Jabil\" width=\"322\" height=\"80\" \/><\/p>\n<p>&nbsp;<\/p>\n<p><strong>\u0110\u1ec3 t\u00ecm hi\u1ec3u th\u00eam, vui l\u00f2ng click v\u00e0o link d\u01b0\u1edbi \u0111\u00e2y &gt;&gt;&gt; ho\u1eb7c li\u00ean h\u1ec7 0909725781 \u0111\u1ec3 \u0111\u01b0\u1ee3c t\u01b0 v\u1ea5n!<\/strong><\/p>\n","protected":false},"excerpt":{"rendered":"<p>D\u1ecaCH V\u1ee4 B\u1ea2O V\u1ec6 CH\u1ea4T L\u01af\u1ee2NG CAO NDS PRO D\u1ecbch v\u1ee5 B\u1ea3o v\u1ec7 Ch\u1ea5t l\u01b0\u1ee3ng Cao \u2013 NDS PRO\u00a0\u0111\u01b0\u1ee3c thi\u1ebft k\u1ebf theo y\u00eau c\u1ea7u v\u00e0 mong \u0111\u1ee3i c\u1ee7a m\u1ed7i kh\u00e1ch h\u00e0ng, kh\u00f4ng nh\u1eefng \u0111\u00e1p \u1ee9ng v\u1ea5n \u0111\u1ec1 c\u1ed1t l\u00f5i \u0111\u1ea3m b\u1ea3o an ninh, an to\u00e0n v\u1ec1 ng\u01b0\u1eddi v\u00e0 t\u00e0i s\u1ea3n cho kh\u00e1ch h\u00e0ng m\u00e0 c\u00f2n &#8230;<\/p>\n","protected":false},"author":1,"featured_media":0,"parent":0,"menu_order":0,"comment_status":"closed","ping_status":"closed","template":"page-right-sidebar.php","meta":[],"_links":{"self":[{"href":"https:\/\/themex.myonter.com\/dichvubaove\/wp-json\/wp\/v2\/pages\/310"}],"collection":[{"href":"https:\/\/themex.myonter.com\/dichvubaove\/wp-json\/wp\/v2\/pages"}],"about":[{"href":"https:\/\/themex.myonter.com\/dichvubaove\/wp-json\/wp\/v2\/types\/page"}],"author":[{"embeddable":true,"href":"https:\/\/themex.myonter.com\/dichvubaove\/wp-json\/wp\/v2\/users\/1"}],"replies":[{"embeddable":true,"href":"https:\/\/themex.myonter.com\/dichvubaove\/wp-json\/wp\/v2\/comments?post=310"}],"version-history":[{"count":0,"href":"https:\/\/themex.myonter.com\/dichvubaove\/wp-json\/wp\/v2\/pages\/310\/revisions"}],"wp:attachment":[{"href":"https:\/\/themex.myonter.com\/dichvubaove\/wp-json\/wp\/v2\/media?parent=310"}],"curies":[{"name":"wp","href":"https:\/\/api.w.org\/{rel}","templated":true}]}}