{"id":32,"date":"2019-02-26T09:11:39","date_gmt":"2019-02-26T02:11:39","guid":{"rendered":"https:\/\/tppone.com\/demo\/dichvubaove\/?page_id=32"},"modified":"2019-02-26T12:58:16","modified_gmt":"2019-02-26T05:58:16","slug":"gioi-thieu","status":"publish","type":"page","link":"https:\/\/themex.myonter.com\/dichvubaove\/gioi-thieu\/","title":{"rendered":"Gi\u1edbi thi\u1ec7u"},"content":{"rendered":"<div class=\"page-header\">\n<h2>LI\u0323CH S\u01af\u0309 HI\u0300NH THA\u0300NH VA\u0300 PHA\u0301T TRI\u00ca\u0309N<\/h2>\n<\/div>\n<div>\n<p>C\u00f4ng ty TNHH DV\u00a0<strong>B\u1ea3o v\u1ec7<\/strong>\u00a0Ng\u00e0y &amp; \u0110\u00eam, tr\u1ee5 s\u1edf t\u1ea1i 600 C\u1ed9ng H\u00f2a, ph\u01b0\u1eddng 13, Qu\u1eadn T\u00e2n B\u00ecnh, TP. HCM, do c\u00e1c c\u1ef1u s\u1ef9 quan, c\u1ef1u chi\u1ebfn binh gi\u00e0u kinh nghi\u1ec7m trong l\u0129nh v\u1ef1c an ninh s\u00e1ng l\u1eadp v\u00e0 l\u00e3nh \u0111\u1ea1o, \u0111\u01b0\u1ee3c UBND TP.HCM c\u1ea5p gi\u1ea5y ch\u1ee9ng nh\u1eadn \u0111\u0103ng k\u00fd kinh doanh hoa\u0323t \u0111\u00f4\u0323ng t\u01b0\u0300 ng\u00e0y\u00a0<strong>12\/08\/2003<\/strong>. B\u1ea3o v\u1ec7 Ng\u00e0y &amp; \u0110\u00eam c\u00f2n \u0111\u01b0\u1ee3c\u00a0<strong>B\u1ed9 C\u00f4ng an c\u1ea5p gi\u1ea5y ch\u1ee9ng nh\u1eadn \u0110\u1ee7 \u0110i\u1ec1u Ki\u1ec7n An Ninh Tr\u1eadt T\u1ef1 ho\u1ea1t \u0111\u1ed9ng tr\u00ean l\u00e3nh th\u1ed5 Vi\u1ec7t Nam<\/strong>, cho ph\u00e9p\u00a0<strong>C\u00d4NG TY BA\u0309O V\u00ca\u0323\u00a0NGA\u0300Y &amp; \u0110\u00caM\u00a0t\u1ef1 t\u1ed5 ch\u1ee9c c\u00e1c kh\u00f3a \u0111\u00e0o t\u1ea1o nghi\u1ec7p v\u1ee5\u00a0ba\u0309o<\/strong>\u00a0<strong>v\u00ea\u0323<\/strong>\u00a0ho\u1eb7c g\u1eedi \u0111\u00e0o t\u1ea1o t\u1ea1i c\u00e1c tr\u01b0\u1eddng nghi\u1ec7p v\u1ee5 c\u1ee7a B\u1ed9 C\u00f4ng An v\u00e0 \u0111\u01b0\u1ee3c B\u1ed9 C\u00f4ng An s\u00e1t h\u1ea1ch c\u1ea5p ch\u1ee9ng ch\u1ec9 ngh\u1ec1 cho V\u1ec7 Sy\u0303.<\/p>\n<p>Q\u00faa tr\u00ecnh ho\u1ea1t \u0111\u1ed9ng, C\u00f4ng Ty\u00a0D\u1ecbch V\u1ee5 B\u1ea3o V\u1ec7\u00a0Ng\u00e0y &amp; \u0110\u00eam \u0111\u00e3 kh\u1eb3ng \u0111\u1ecbnh \u0111\u01b0\u1ee3c l\u00e0\u00a0c\u00f4ng ty d\u1ecbch v\u1ee5 b\u1ea3o v\u1ec7 uy t\u00edn chuy\u00ean nghi\u1ec7p t\u1ea1i tphcm,\u00a0th\u01b0\u01a1ng hi\u1ec7u NDS trong ng\u00e0nh ngh\u1ec1 d\u1ecbch v\u1ee5 b\u1ea3o v\u1ec7, \u0111\u00e3 c\u00f3 h\u00e0ng ch\u1ee5c chi nh\u00e1nh, v\u0103n ph\u00f2ng \u0111\u1ea1i di\u1ec7n t\u1ea1i c\u00e1c t\u1ec9nh, th\u00e0nh trong c\u1ea3 n\u01b0\u1edbc nh\u01b0: H\u00e0 N\u1ed9i, Tp. Vinh, Hu\u1ebf, \u0110\u00e0 N\u1eb5ng, TP. H\u1ed3 Ch\u00ed Minh, \u0110\u1ed3ng Nai, B\u00ecnh Ph\u01b0\u1edbc, B\u00ecnh D\u01b0\u01a1ng, T\u00e2y Ninh, B\u00e0 R\u1ecba &#8211; V\u0169ng T\u00e0u, Long An, C\u1ea7n Th\u01a1\u2026.. \u0111\u00e1p \u1ee9ng m\u1ecdi y\u00eau c\u1ea7u v\u1ec1 d\u1ecbch v\u1ee5 b\u1ea3o v\u1ec7 c\u1ee7a kh\u00e1ch h\u00e0ng tr\u00ean to\u00e0n qu\u1ed1c. B\u1ea3o v\u1ec7 Ng\u00e0y &amp; \u0110\u00eam \u0111\u00e3 v\u00e0 \u0111ang s\u1eed d\u1ee5ng m\u1ed9t l\u1ef1c l\u01b0\u1ee3ng h\u00e0ng ng\u00e0n v\u1ec7 s\u0129 c\u00f3 ph\u1ea9m ch\u1ea5t \u0111\u1ea1o \u0111\u1ee9c t\u1ed1t, nghi\u1ec7p v\u1ee5 b\u1ea3o v\u1ec7 gi\u1ecfi, s\u1eed d\u1ee5ng th\u00e0nh th\u1ea1o nh\u1eefng lo\u1ea1i c\u00f4ng c\u1ee5 h\u1ed7 tr\u1ee3 v\u00e0 thi\u1ebft b\u1ecb an ninh chuy\u00ean nghi\u1ec7p, \u0111\u00e1p \u1ee9ng m\u1ecdi nhu c\u1ea7u an to\u00e0n an ninh cho kh\u00e1ch h\u00e0ng. H\u01a1n n\u1eefa, v\u1ec7 s\u1ef9 c\u00f4ng ty B\u1ea3o v\u1ec7 Ng\u00e0y &amp; \u0110\u00eam \u0111\u01b0\u1ee3c trang b\u1ecb \u0111\u1ed3ng ph\u1ee5c m\u00e0u thi\u00ean thanh mang \u00fd ngh\u0129a \u201c\u0110\u1eb9p v\u00e0 Th\u00e2n thi\u1ec7n\u201d s\u1ebd l\u00e0m m\u1edbi v\u00e0 \u0111\u1eb9p th\u00eam b\u1ed9 m\u1eb7t c\u00f4ng s\u1edf c\u1ee7a kh\u00e1ch h\u00e0ng. C\u00f9ng v\u1edbi vi\u1ec7c \u00e1p d\u1ee5ng h\u1ec7 th\u1ed1ng qu\u1ea3n l\u00fd ch\u1ea5t l\u01b0\u1ee3ng theo ti\u00eau chu\u1ea9n\u00a0<strong>ISO 9001:2008<\/strong>\u00a0v\u00e0 trang b\u1ecb ph\u1ea7m m\u1ec1m qu\u1ea3n l\u00fd ti\u1ec7n \u00edch hi\u1ec7n \u0111\u1ea1i, cho n\u00ean C\u00f4ng ty B\u1ea3o V\u1ec7 Ng\u00e0y &amp; \u0110\u00eam \u0111\u01b0\u1ee3c \u0111\u00e1nh gi\u00e1 l\u00e0 m\u1ed9t trong nh\u1eefng c\u00f4ng ty b\u1ea3o v\u1ec7 c\u00f3 uy t\u00edn ch\u1ea5t l\u01b0\u1ee3ng v\u00e0 chuy\u00ean nghi\u1ec7p h\u00e0ng \u0111\u1ea7u t\u1ea1i Vi\u1ec7t Nam.<\/p>\n<p>Song song v\u1edbi nhi\u1ec7m v\u1ee5 kinh doanh B\u1ea3o v\u1ec7 Ng\u00e0y &amp; \u0110\u00eam \u0111\u00e3 th\u00e0nh l\u1eadp v\u00e0 duy tr\u00ec ho\u1ea1t \u0111\u1ed9ng c\u00f3 hi\u1ec7u qu\u1ea3 c\u00e1c\u00a0tuy\u1ec3n vi\u1ec7c l\u00e0m b\u1ea3o v\u1ec7\u00a0, t\u1ed5 ch\u1ee9c Chi b\u1ed9, Chi \u0111o\u00e0n, C\u00f4ng \u0111o\u00e0n, H\u1ed9i ch\u1eef th\u1eadp \u0111\u1ecf\u2026 t\u1ea1o n\u00ean m\u00f4i tr\u01b0\u1eddng l\u00e0m vi\u1ec7c, thu nh\u1eadp \u1ed5n \u0111\u1ecbnh v\u00e0 r\u00e8n luy\u1ec7n ph\u1ea5n \u0111\u1ea5u t\u1ed1t cho ng\u01b0\u1eddi lao \u0111\u1ed9ng nh\u1edd v\u1eady h\u1ea7u h\u1ebft CBNV B\u1ea3o v\u1ec7 Ng\u00e0y &amp; \u0110\u00eam \u0111\u1ec1u t\u1eadn t\u00e2m ph\u1ee5c v\u1ee5 kh\u00e1ch h\u00e0ng v\u1edbi tinh th\u1ea7n tr\u00e1ch nhi\u1ec7m cao nh\u1ea5t.<\/p>\n<p>Qu\u00e1 tr\u00ecnh x\u00e2y d\u1ef1ng v\u00e0 tr\u01b0\u1edfng th\u00e0nh nh\u1eefng n\u0103m qua B\u1ea3o v\u1ec7 Ng\u00e0y &amp; \u0110\u00eam vinh d\u1ef1 \u0111\u01b0\u1ee3c B\u1ed9 C\u00f4ng Th\u01b0\u01a1ng, UBND TP.HCM, Li\u00ean \u0110o\u00e0n Lao \u0110\u1ed9ng TP.HCM, Trung \u01af\u01a1ng H\u1ed9i Ch\u1eef Th\u1eadp \u0110\u1ecf Vi\u1ec7t Nam, H\u1ed9i Ch\u1eef Th\u1eadp \u0110\u1ecf TP.HCM, T\u1ed5ng C\u1ee5c Thu\u1ebf, CA TP.HCM, C\u1ee5c Thu\u1ebf TP.HCM v\u00e0 c\u00e1c c\u01a1 quan \u0110\u1ea3ng, Ch\u00ednh quy\u1ec1n, \u0110o\u00e0n th\u1ec3 Qu\u1eadn T\u00e2n B\u00ecnh v\u00e0 TP.HCM t\u1eb7ng nhi\u1ec1u gi\u1ea5y khen v\u00e0 b\u1eb1ng khen c\u00f9ng nhi\u1ec1u c\u00fap v\u00e0ng, c\u00fap b\u1ea1c, gi\u1ea5y ch\u1ee9ng nh\u1eadn&#8230; c\u1ee7a c\u00e1c t\u1ed5 ch\u1ee9c qu\u1ea3n l\u00fd ch\u1ea5t l\u01b0\u1ee3ng, c\u1ee5c s\u1edf h\u1eefu tr\u00ed tu\u1ec7, t\u1ed5 ch\u1ee9c x\u00e3 h\u1ed9i vinh danh v\u00e0 khen t\u1eb7ng.<\/p>\n\t<section class=\"section dich-vu\" id=\"section_198718869\">\n\t\t<div class=\"bg section-bg fill bg-fill  \" >\n\n\t\t\t\n\t\t\t\n\t\t\t\n\n\t\t<\/div>\n\n\t\t<div class=\"section-content relative\">\n\t\t\t\n<div class=\"row\"  id=\"row-1779799534\">\n\n\t<div id=\"col-1431721367\" class=\"col small-12 large-12\"  >\n\t\t\t\t<div class=\"col-inner\"  >\n\t\t\t\n\t\t\t\n<div class=\"container section-title-container\" ><h2 class=\"section-title section-title-center\"><b><\/b><span class=\"section-title-main\" style=\"color:rgb(0, 0, 0);\">Ch\u00fang t\u00f4i cung c\u1ea5p c\u00e1c d\u1ecbch v\u1ee5<\/span><b><\/b><\/h2><\/div>\n\t\t<\/div>\n\t\t\t\t\t<\/div>\n\n\t\n\n\t<div id=\"col-1324029273\" class=\"col medium-4 small-12 large-4\"  >\n\t\t\t\t<div class=\"col-inner text-center\"  >\n\t\t\t\n\t\t\t\n\n\t<a class=\"plain\" href=\"\/dich-vu-bao-ve-muc-tieu-co-dinh\/\" target=\"_blank\" rel=\"noopener noreferrer\" >\t<div class=\"icon-box featured-box icon-box-center text-center\"  >\n\t\t\t\t\t<div class=\"icon-box-img\" style=\"width: 265px\">\n\t\t\t\t<div class=\"icon\">\n\t\t\t\t\t<div class=\"icon-inner\" >\n\t\t\t\t\t\t<img width=\"300\" height=\"300\" src=\"https:\/\/themex.myonter.com\/dichvubaove\/wp-content\/uploads\/2019\/02\/codinh-300x300.jpg\" class=\"attachment-medium size-medium\" alt=\"\" loading=\"lazy\" srcset=\"https:\/\/themex.myonter.com\/dichvubaove\/wp-content\/uploads\/2019\/02\/codinh-300x300.jpg 300w, https:\/\/themex.myonter.com\/dichvubaove\/wp-content\/uploads\/2019\/02\/codinh-150x150.jpg 150w, https:\/\/themex.myonter.com\/dichvubaove\/wp-content\/uploads\/2019\/02\/codinh.jpg 768w\" sizes=\"(max-width: 300px) 100vw, 300px\" \/>\t\t\t\t\t<\/div>\n\t\t\t\t<\/div>\n\t\t\t<\/div>\n\t\t\t\t<div class=\"icon-box-text last-reset\">\n\t\t\t\t\t\t\t\t\t\n<h3 style=\"text-align: center;\">B\u1ea3o v\u1ec7 m\u1ee5c ti\u00eau c\u1ed1 \u0111\u1ecbnh<\/h3>\n\t\t<\/div>\n\t<\/div>\n\t<\/a>\n\t\n\t\t<\/div>\n\t\t\t\t\t<\/div>\n\n\t\n\n\t<div id=\"col-792920300\" class=\"col medium-4 small-12 large-4\"  >\n\t\t\t\t<div class=\"col-inner\"  >\n\t\t\t\n\t\t\t\n\n\t<a class=\"plain\" href=\"\/dich-vu-bao-ve-cac-su-kien-le-hoi\/\" target=\"_blank\" rel=\"noopener noreferrer\" >\t<div class=\"icon-box featured-box icon-box-center text-center\"  >\n\t\t\t\t\t<div class=\"icon-box-img\" style=\"width: 265px\">\n\t\t\t\t<div class=\"icon\">\n\t\t\t\t\t<div class=\"icon-inner\" >\n\t\t\t\t\t\t<img width=\"300\" height=\"300\" src=\"https:\/\/themex.myonter.com\/dichvubaove\/wp-content\/uploads\/2019\/02\/kcn-300x300.jpg\" class=\"attachment-medium size-medium\" alt=\"\" loading=\"lazy\" srcset=\"https:\/\/themex.myonter.com\/dichvubaove\/wp-content\/uploads\/2019\/02\/kcn-300x300.jpg 300w, https:\/\/themex.myonter.com\/dichvubaove\/wp-content\/uploads\/2019\/02\/kcn-150x150.jpg 150w, https:\/\/themex.myonter.com\/dichvubaove\/wp-content\/uploads\/2019\/02\/kcn-768x768.jpg 768w, https:\/\/themex.myonter.com\/dichvubaove\/wp-content\/uploads\/2019\/02\/kcn.jpg 800w\" sizes=\"(max-width: 300px) 100vw, 300px\" \/>\t\t\t\t\t<\/div>\n\t\t\t\t<\/div>\n\t\t\t<\/div>\n\t\t\t\t<div class=\"icon-box-text last-reset\">\n\t\t\t\t\t\t\t\t\t\n<h3 style=\"text-align: center;\">B\u1ea3o v\u1ec7 c\u00e1c s\u1ef1 ki\u1ec7n, l\u1ec5 h\u1ed9i<\/h3>\n\t\t<\/div>\n\t<\/div>\n\t<\/a>\n\t\n\t\t<\/div>\n\t\t\t\t\t<\/div>\n\n\t\n\n\t<div id=\"col-1558586725\" class=\"col medium-4 small-12 large-4\"  >\n\t\t\t\t<div class=\"col-inner\"  >\n\t\t\t\n\t\t\t\n\n\t<a class=\"plain\" href=\"\/dich-vu-bao-ve-khu-cong-nghiep\/\" target=\"_blank\" rel=\"noopener noreferrer\" >\t<div class=\"icon-box featured-box icon-box-center text-center\"  >\n\t\t\t\t\t<div class=\"icon-box-img\" style=\"width: 265px\">\n\t\t\t\t<div class=\"icon\">\n\t\t\t\t\t<div class=\"icon-inner\" >\n\t\t\t\t\t\t<img width=\"300\" height=\"300\" src=\"https:\/\/themex.myonter.com\/dichvubaove\/wp-content\/uploads\/2019\/02\/kcn-300x300.jpg\" class=\"attachment-medium size-medium\" alt=\"\" loading=\"lazy\" srcset=\"https:\/\/themex.myonter.com\/dichvubaove\/wp-content\/uploads\/2019\/02\/kcn-300x300.jpg 300w, https:\/\/themex.myonter.com\/dichvubaove\/wp-content\/uploads\/2019\/02\/kcn-150x150.jpg 150w, https:\/\/themex.myonter.com\/dichvubaove\/wp-content\/uploads\/2019\/02\/kcn-768x768.jpg 768w, https:\/\/themex.myonter.com\/dichvubaove\/wp-content\/uploads\/2019\/02\/kcn.jpg 800w\" sizes=\"(max-width: 300px) 100vw, 300px\" \/>\t\t\t\t\t<\/div>\n\t\t\t\t<\/div>\n\t\t\t<\/div>\n\t\t\t\t<div class=\"icon-box-text last-reset\">\n\t\t\t\t\t\t\t\t\t\n<h3 style=\"text-align: center;\">B\u1ea3o v\u1ec7 khu c\u00f4ng nghi\u1ec7p<\/h3>\n\t\t<\/div>\n\t<\/div>\n\t<\/a>\n\t\n\t\t<\/div>\n\t\t\t\t\t<\/div>\n\n\t\n\n\t<div id=\"col-1568007298\" class=\"col medium-4 small-12 large-4\"  >\n\t\t\t\t<div class=\"col-inner\"  >\n\t\t\t\n\t\t\t\n\n\t<a class=\"plain\" href=\"\/dich-vu-bao-ve-yeu-nhan-vip\/\" target=\"_blank\" rel=\"noopener noreferrer\" >\t<div class=\"icon-box featured-box icon-box-center text-center\"  >\n\t\t\t\t\t<div class=\"icon-box-img\" style=\"width: 265px\">\n\t\t\t\t<div class=\"icon\">\n\t\t\t\t\t<div class=\"icon-inner\" >\n\t\t\t\t\t\t<img width=\"300\" height=\"300\" src=\"https:\/\/themex.myonter.com\/dichvubaove\/wp-content\/uploads\/2019\/02\/VIP-300x300.jpg\" class=\"attachment-medium size-medium\" alt=\"\" loading=\"lazy\" srcset=\"https:\/\/themex.myonter.com\/dichvubaove\/wp-content\/uploads\/2019\/02\/VIP-300x300.jpg 300w, https:\/\/themex.myonter.com\/dichvubaove\/wp-content\/uploads\/2019\/02\/VIP-150x150.jpg 150w, https:\/\/themex.myonter.com\/dichvubaove\/wp-content\/uploads\/2019\/02\/VIP.jpg 768w\" sizes=\"(max-width: 300px) 100vw, 300px\" \/>\t\t\t\t\t<\/div>\n\t\t\t\t<\/div>\n\t\t\t<\/div>\n\t\t\t\t<div class=\"icon-box-text last-reset\">\n\t\t\t\t\t\t\t\t\t\n<h3 style=\"text-align: center;\">B\u1ea3o v\u1ec7 y\u1ebfu nh\u00e2n, VIP<\/h3>\n\t\t<\/div>\n\t<\/div>\n\t<\/a>\n\t\n\t\t<\/div>\n\t\t\t\t\t<\/div>\n\n\t\n\n\t<div id=\"col-160981610\" class=\"col medium-4 small-12 large-4\"  >\n\t\t\t\t<div class=\"col-inner\"  >\n\t\t\t\n\t\t\t\n\n\t<a class=\"plain\" href=\"\/dich-vu-bao-ve-muc-tieu-di-dong\/\" target=\"_blank\" rel=\"noopener noreferrer\" >\t<div class=\"icon-box featured-box icon-box-center text-center\"  >\n\t\t\t\t\t<div class=\"icon-box-img\" style=\"width: 265px\">\n\t\t\t\t<div class=\"icon\">\n\t\t\t\t\t<div class=\"icon-inner\" >\n\t\t\t\t\t\t<img width=\"300\" height=\"300\" src=\"https:\/\/themex.myonter.com\/dichvubaove\/wp-content\/uploads\/2019\/02\/ddong-300x300.jpg\" class=\"attachment-medium size-medium\" alt=\"\" loading=\"lazy\" srcset=\"https:\/\/themex.myonter.com\/dichvubaove\/wp-content\/uploads\/2019\/02\/ddong-300x300.jpg 300w, https:\/\/themex.myonter.com\/dichvubaove\/wp-content\/uploads\/2019\/02\/ddong-150x150.jpg 150w, https:\/\/themex.myonter.com\/dichvubaove\/wp-content\/uploads\/2019\/02\/ddong.jpg 521w\" sizes=\"(max-width: 300px) 100vw, 300px\" \/>\t\t\t\t\t<\/div>\n\t\t\t\t<\/div>\n\t\t\t<\/div>\n\t\t\t\t<div class=\"icon-box-text last-reset\">\n\t\t\t\t\t\t\t\t\t\n<h3 style=\"text-align: center;\">B\u1ea3o v\u1ec7 m\u1ee5c ti\u00eau di \u0111\u1ed9ng<\/h3>\n\t\t<\/div>\n\t<\/div>\n\t<\/a>\n\t\n\t\t<\/div>\n\t\t\t\t\t<\/div>\n\n\t\n\n\t<div id=\"col-320155276\" class=\"col medium-4 small-12 large-4\"  >\n\t\t\t\t<div class=\"col-inner\"  >\n\t\t\t\n\t\t\t\n\n\t<a class=\"plain\" href=\"\/dich-vu-bao-ve-chat-luong-cao\/\" target=\"_blank\" rel=\"noopener noreferrer\" >\t<div class=\"icon-box featured-box icon-box-center text-center\"  >\n\t\t\t\t\t<div class=\"icon-box-img\" style=\"width: 265px\">\n\t\t\t\t<div class=\"icon\">\n\t\t\t\t\t<div class=\"icon-inner\" >\n\t\t\t\t\t\t<img width=\"300\" height=\"300\" src=\"https:\/\/themex.myonter.com\/dichvubaove\/wp-content\/uploads\/2019\/02\/nds-300x300.png\" class=\"attachment-medium size-medium\" alt=\"\" loading=\"lazy\" srcset=\"https:\/\/themex.myonter.com\/dichvubaove\/wp-content\/uploads\/2019\/02\/nds-300x300.png 300w, https:\/\/themex.myonter.com\/dichvubaove\/wp-content\/uploads\/2019\/02\/nds-150x150.png 150w, https:\/\/themex.myonter.com\/dichvubaove\/wp-content\/uploads\/2019\/02\/nds.png 500w\" sizes=\"(max-width: 300px) 100vw, 300px\" \/>\t\t\t\t\t<\/div>\n\t\t\t\t<\/div>\n\t\t\t<\/div>\n\t\t\t\t<div class=\"icon-box-text last-reset\">\n\t\t\t\t\t\t\t\t\t\n<h3 style=\"text-align: center;\">D\u1ecbch v\u1ee5 b\u1ea3o v\u1ec7 ch\u1ea5t l\u01b0\u1ee3ng cao<\/h3>\n\t\t<\/div>\n\t<\/div>\n\t<\/a>\n\t\n\t\t<\/div>\n\t\t\t\t\t<\/div>\n\n\t\n<\/div>\n\t\t<\/div>\n\n\t\t\n<style>\n#section_198718869 {\n  padding-top: 30px;\n  padding-bottom: 30px;\n}\n#section_198718869 .section-bg.bg-loaded {\n  background-image: url(https:\/\/themex.myonter.com\/dichvubaove\/wp-content\/uploads\/2019\/02\/bg.jpg);\n}\n<\/style>\n\t<\/section>\n\t\n<\/div>\n","protected":false},"excerpt":{"rendered":"<p>LI\u0323CH S\u01af\u0309 HI\u0300NH THA\u0300NH VA\u0300 PHA\u0301T TRI\u00ca\u0309N C\u00f4ng ty TNHH DV\u00a0B\u1ea3o v\u1ec7\u00a0Ng\u00e0y &amp; \u0110\u00eam, tr\u1ee5 s\u1edf t\u1ea1i 600 C\u1ed9ng H\u00f2a, ph\u01b0\u1eddng 13, Qu\u1eadn T\u00e2n B\u00ecnh, TP. HCM, do c\u00e1c c\u1ef1u s\u1ef9 quan, c\u1ef1u chi\u1ebfn binh gi\u00e0u kinh nghi\u1ec7m trong l\u0129nh v\u1ef1c an ninh s\u00e1ng l\u1eadp v\u00e0 l\u00e3nh \u0111\u1ea1o, \u0111\u01b0\u1ee3c UBND TP.HCM c\u1ea5p gi\u1ea5y ch\u1ee9ng nh\u1eadn &#8230;<\/p>\n","protected":false},"author":1,"featured_media":0,"parent":0,"menu_order":0,"comment_status":"closed","ping_status":"closed","template":"page-right-sidebar.php","meta":[],"_links":{"self":[{"href":"https:\/\/themex.myonter.com\/dichvubaove\/wp-json\/wp\/v2\/pages\/32"}],"collection":[{"href":"https:\/\/themex.myonter.com\/dichvubaove\/wp-json\/wp\/v2\/pages"}],"about":[{"href":"https:\/\/themex.myonter.com\/dichvubaove\/wp-json\/wp\/v2\/types\/page"}],"author":[{"embeddable":true,"href":"https:\/\/themex.myonter.com\/dichvubaove\/wp-json\/wp\/v2\/users\/1"}],"replies":[{"embeddable":true,"href":"https:\/\/themex.myonter.com\/dichvubaove\/wp-json\/wp\/v2\/comments?post=32"}],"version-history":[{"count":1,"href":"https:\/\/themex.myonter.com\/dichvubaove\/wp-json\/wp\/v2\/pages\/32\/revisions"}],"predecessor-version":[{"id":485,"href":"https:\/\/themex.myonter.com\/dichvubaove\/wp-json\/wp\/v2\/pages\/32\/revisions\/485"}],"wp:attachment":[{"href":"https:\/\/themex.myonter.com\/dichvubaove\/wp-json\/wp\/v2\/media?parent=32"}],"curies":[{"name":"wp","href":"https:\/\/api.w.org\/{rel}","templated":true}]}}