{"id":29,"date":"2017-12-19T10:31:46","date_gmt":"2017-12-19T03:31:46","guid":{"rendered":"https:\/\/bizhostvn.com\/w\/event2\/?page_id=29"},"modified":"2018-03-02T17:04:03","modified_gmt":"2018-03-02T10:04:03","slug":"ve-chung-toi","status":"publish","type":"page","link":"https:\/\/themex.myonter.com\/event2\/ve-chung-toi\/","title":{"rendered":"V\u1ec1 ch\u00fang t\u00f4i"},"content":{"rendered":"<div class=\"slider-wrapper relative \" id=\"slider-1606526884\" >\n    <div class=\"slider slider-nav-circle slider-nav-large slider-nav-light slider-style-normal\"\n        data-flickity-options='{\n            \"cellAlign\": \"center\",\n            \"imagesLoaded\": true,\n            \"lazyLoad\": 1,\n            \"freeScroll\": false,\n            \"wrapAround\": true,\n            \"autoPlay\": 6000,\n            \"pauseAutoPlayOnHover\" : true,\n            \"prevNextButtons\": true,\n            \"contain\" : true,\n            \"adaptiveHeight\" : true,\n            \"dragThreshold\" : 5,\n            \"percentPosition\": true,\n            \"pageDots\": true,\n            \"rightToLeft\": false,\n            \"draggable\": true,\n            \"selectedAttraction\": 0.1,\n            \"parallax\" : 0,\n            \"friction\": 0.6        }'\n        >\n        \n\t<div class=\"img has-hover x md-x lg-x y md-y lg-y\" id=\"image_1093266739\">\n\t\t\t\t\t\t\t\t<div class=\"img-inner dark\" >\n\t\t\t<img width=\"1920\" height=\"562\" src=\"https:\/\/themex.myonter.com\/event2\/wp-content\/uploads\/2017\/12\/banner-2.jpg\" class=\"attachment-original size-original\" alt=\"\" loading=\"lazy\" srcset=\"https:\/\/themex.myonter.com\/event2\/wp-content\/uploads\/2017\/12\/banner-2.jpg 1920w, https:\/\/themex.myonter.com\/event2\/wp-content\/uploads\/2017\/12\/banner-2-300x88.jpg 300w, https:\/\/themex.myonter.com\/event2\/wp-content\/uploads\/2017\/12\/banner-2-768x225.jpg 768w, https:\/\/themex.myonter.com\/event2\/wp-content\/uploads\/2017\/12\/banner-2-1024x300.jpg 1024w\" sizes=\"(max-width: 1920px) 100vw, 1920px\" \/>\t\t\t\t\t\t\n\t\t\t\t\t<\/div>\n\t\t\t\t\t\t\t\t\n<style scope=\"scope\">\n\n#image_1093266739 {\n  width: 100%;\n}\n<\/style>\n\t<\/div>\n\t\n\t<div class=\"img has-hover x md-x lg-x y md-y lg-y\" id=\"image_186592015\">\n\t\t\t\t\t\t\t\t<div class=\"img-inner dark\" >\n\t\t\t<img width=\"1920\" height=\"562\" src=\"https:\/\/themex.myonter.com\/event2\/wp-content\/uploads\/2017\/12\/banner-to-chuc-su-kien.jpg\" class=\"attachment-original size-original\" alt=\"\" loading=\"lazy\" srcset=\"https:\/\/themex.myonter.com\/event2\/wp-content\/uploads\/2017\/12\/banner-to-chuc-su-kien.jpg 1920w, https:\/\/themex.myonter.com\/event2\/wp-content\/uploads\/2017\/12\/banner-to-chuc-su-kien-300x88.jpg 300w, https:\/\/themex.myonter.com\/event2\/wp-content\/uploads\/2017\/12\/banner-to-chuc-su-kien-768x225.jpg 768w, https:\/\/themex.myonter.com\/event2\/wp-content\/uploads\/2017\/12\/banner-to-chuc-su-kien-1024x300.jpg 1024w\" sizes=\"(max-width: 1920px) 100vw, 1920px\" \/>\t\t\t\t\t\t\n\t\t\t\t\t<\/div>\n\t\t\t\t\t\t\t\t\n<style scope=\"scope\">\n\n#image_186592015 {\n  width: 100%;\n}\n<\/style>\n\t<\/div>\n\t\n\t<div class=\"img has-hover x md-x lg-x y md-y lg-y\" id=\"image_562066812\">\n\t\t\t\t\t\t\t\t<div class=\"img-inner dark\" >\n\t\t\t<img width=\"1920\" height=\"562\" src=\"https:\/\/themex.myonter.com\/event2\/wp-content\/uploads\/2017\/12\/banner-3.jpg\" class=\"attachment-original size-original\" alt=\"\" loading=\"lazy\" srcset=\"https:\/\/themex.myonter.com\/event2\/wp-content\/uploads\/2017\/12\/banner-3.jpg 1920w, https:\/\/themex.myonter.com\/event2\/wp-content\/uploads\/2017\/12\/banner-3-300x88.jpg 300w, https:\/\/themex.myonter.com\/event2\/wp-content\/uploads\/2017\/12\/banner-3-768x225.jpg 768w, https:\/\/themex.myonter.com\/event2\/wp-content\/uploads\/2017\/12\/banner-3-1024x300.jpg 1024w\" sizes=\"(max-width: 1920px) 100vw, 1920px\" \/>\t\t\t\t\t\t\n\t\t\t\t\t<\/div>\n\t\t\t\t\t\t\t\t\n<style scope=\"scope\">\n\n#image_562066812 {\n  width: 100%;\n}\n<\/style>\n\t<\/div>\n\t\n     <\/div>\n\n     <div class=\"loading-spin dark large centered\"><\/div>\n\n     <style scope=\"scope\">\n             <\/style>\n<\/div><!-- .ux-slider-wrapper -->\n\n\n<div class=\"row\"  id=\"row-1599272877\">\n<div class=\"col medium-3 small-12 large-3\"  ><div class=\"col-inner\"  >\n<ul class=\"sidebar-wrapper ul-reset \"><aside id=\"custom_html-2\" class=\"widget_text widget widget_custom_html\"><div class=\"textwidget custom-html-widget\"><div><span class=\"in-left\">DANH M\u1ee4C D\u1ecaCH V\u1ee4<\/span><span class=\"in-right\"><\/span><\/div>\n\n<ul>\n\n<li class=\"bullet-star\"><span style=\"font-size: 90%; color: #ff0000;\"><a href=\"#\">T\u1ed5 ch\u1ee9c H\u1ed9i ngh\u1ecb cu\u1ed1i n\u0103m<\/a><\/span><\/li>\n\n<li class=\"bullet-star\"><span style=\"font-size: 90%;\"><span style=\"color: #ff0000;\"><a href=\"#\">T\u1ed5 ch\u1ee9c H\u1ed9i ngh\u1ecb kh\u00e1ch h\u00e0ng<\/a><\/span><\/span><\/li>\n\n<li class=\"bullet-star\"><span style=\"color: #000000; font-size: 90%;\"><a href=\"#\">L\u1ec5 k\u1ef7 ni\u1ec7m th\u00e0nh l\u1eadp c\u00f4ng ty<\/a><\/span><\/li>\n\n<\/ul><\/div><\/aside><aside id=\"nav_menu-3\" class=\"widget widget_nav_menu\"><div class=\"menu-danh-muc-dich-vu-container\"><ul id=\"menu-danh-muc-dich-vu\" class=\"menu\"><li id=\"menu-item-94\" class=\"menu-item menu-item-type-custom menu-item-object-custom menu-item-has-children menu-item-94\"><a href=\"https:\/\/bizhostvn.com\/w\/event2\/thiet-bi-su-kien\/\">Thi\u1ebft b\u1ecb s\u1ef1 ki\u1ec7n<\/a>\n<ul class=\"sub-menu\">\n\t<li id=\"menu-item-95\" class=\"menu-item menu-item-type-custom menu-item-object-custom menu-item-95\"><a href=\"https:\/\/bizhostvn.com\/w\/event2\/ban-va-cho-thue-khinh-khi-cau\/\">B\u00e1n v\u00e0 cho thu\u00ea khinh kh\u00ed c\u1ea7u<\/a><\/li>\n\t<li id=\"menu-item-96\" class=\"menu-item menu-item-type-custom menu-item-object-custom menu-item-96\"><a href=\"https:\/\/bizhostvn.com\/w\/event2\/cho-thue-cong-hoi-roi-hoi\/\">C\u1ed5ng h\u01a1i, r\u1ed1i h\u01a1i<\/a><\/li>\n\t<li id=\"menu-item-97\" class=\"menu-item menu-item-type-custom menu-item-object-custom menu-item-97\"><a href=\"https:\/\/bizhostvn.com\/w\/event2\/cho-thue-man-hinh-led\/\">Cho thu\u00ea m\u00e0n h\u00ecnh LED<\/a><\/li>\n\t<li id=\"menu-item-98\" class=\"menu-item menu-item-type-custom menu-item-object-custom menu-item-98\"><a href=\"https:\/\/bizhostvn.com\/w\/event2\/ban-va-cho-thue-nha-du\/\">B\u00e1n v\u00e0 cho thu\u00ea nh\u00e0 d\u00f9<\/a><\/li>\n\t<li id=\"menu-item-99\" class=\"menu-item menu-item-type-custom menu-item-object-custom menu-item-99\"><a href=\"https:\/\/bizhostvn.com\/w\/event2\/cho-thue-nha-bat-nha-gian-khong-gian\/\">Nh\u00e0 b\u1ea1t, nh\u00e0 gi\u00e0n kh\u00f4ng gian<\/a><\/li>\n\t<li id=\"menu-item-100\" class=\"menu-item menu-item-type-custom menu-item-object-custom menu-item-100\"><a href=\"https:\/\/bizhostvn.com\/w\/event2\/san-khau-su-kien\/\">S\u00e2n kh\u1ea5u s\u1ef1 ki\u1ec7n<\/a><\/li>\n\t<li id=\"menu-item-101\" class=\"menu-item menu-item-type-custom menu-item-object-custom menu-item-101\"><a href=\"https:\/\/bizhostvn.com\/w\/event2\/ban-ghe-xuan-hoa-benquyt-chan-quy\/\">B\u00e0n gh\u1ebf, ch\u00e2n qu\u1ef3, Benquyt<\/a><\/li>\n\t<li id=\"menu-item-102\" class=\"menu-item menu-item-type-custom menu-item-object-custom menu-item-102\"><a href=\"https:\/\/bizhostvn.com\/w\/event2\/dan-dung-cho-thue-am-thanh-anh-sang\/\">D\u00e0n d\u1ef1ng, \u00e2m thanh \u00e1nh s\u00e1ng<\/a><\/li>\n<\/ul>\n<\/li>\n<li id=\"menu-item-103\" class=\"menu-item menu-item-type-custom menu-item-object-custom menu-item-has-children menu-item-103\"><a href=\"#\">Nh\u00e2n s\u1ef1 s\u1ef1 ki\u1ec7n<\/a>\n<ul class=\"sub-menu\">\n\t<li id=\"menu-item-104\" class=\"menu-item menu-item-type-custom menu-item-object-custom menu-item-104\"><a href=\"https:\/\/bizhostvn.com\/w\/event2\/cung-cap-nguoi-mau-pg\/\">Ng\u01b0\u1eddi m\u1eabu, Model<\/a><\/li>\n\t<li id=\"menu-item-105\" class=\"menu-item menu-item-type-custom menu-item-object-custom menu-item-105\"><a href=\"https:\/\/bizhostvn.com\/w\/event2\/cung-cap-ban-nhac-chuyen-nghiep\/\">Cung c\u1ea5p ban nh\u1ea1c<\/a><\/li>\n\t<li id=\"menu-item-106\" class=\"menu-item menu-item-type-custom menu-item-object-custom menu-item-106\"><a href=\"https:\/\/bizhostvn.com\/w\/event2\/cung-cap-ca-si-nhac-sy\/\">Cung c\u1ea5p ca s\u0129, nh\u1ea1c s\u1ef9<\/a><\/li>\n\t<li id=\"menu-item-107\" class=\"menu-item menu-item-type-custom menu-item-object-custom menu-item-107\"><a href=\"https:\/\/bizhostvn.com\/w\/event2\/cho-thue-lan-su-rong\/\">L\u00e2n s\u01b0 r\u1ed3ng<\/a><\/li>\n\t<li id=\"menu-item-108\" class=\"menu-item menu-item-type-custom menu-item-object-custom menu-item-108\"><a href=\"https:\/\/bizhostvn.com\/w\/event2\/cung-cap-nhom-mua-vu-doan\/\">V\u0169 \u0111o\u00e0n, nh\u00f3m m\u00faa<\/a><\/li>\n\t<li id=\"menu-item-109\" class=\"menu-item menu-item-type-custom menu-item-object-custom menu-item-109\"><a href=\"https:\/\/bizhostvn.com\/w\/event2\/cung-cap-pg-su-kien\/\">PG, PB<\/a><\/li>\n\t<li id=\"menu-item-110\" class=\"menu-item menu-item-type-custom menu-item-object-custom menu-item-110\"><a href=\"https:\/\/bizhostvn.com\/w\/event2\/cung-cap-mc-dan-chuong-trinh\/\">MC d\u1eabn ch\u01b0\u01a1ng tr\u00ecnh<\/a><\/li>\n<\/ul>\n<\/li>\n<li id=\"menu-item-111\" class=\"menu-item menu-item-type-custom menu-item-object-custom menu-item-has-children menu-item-111\"><a href=\"#\">T\u1ed5 ch\u1ee9c s\u1ef1 ki\u1ec7n<\/a>\n<ul class=\"sub-menu\">\n\t<li id=\"menu-item-112\" class=\"menu-item menu-item-type-custom menu-item-object-custom menu-item-112\"><a href=\"https:\/\/bizhostvn.com\/w\/event2\/to-chuc-year-end-party\/\">Ti\u1ec7c cu\u1ed1i n\u0103m, t\u1ea5t ni\u00ean<\/a><\/li>\n\t<li id=\"menu-item-113\" class=\"menu-item menu-item-type-custom menu-item-object-custom menu-item-113\"><a href=\"https:\/\/bizhostvn.com\/w\/event2\/to-chuc-tiec-cuoi-wedding\/\">L\u1ec5 c\u01b0\u1edbi, wedding<\/a><\/li>\n\t<li id=\"menu-item-114\" class=\"menu-item menu-item-type-custom menu-item-object-custom menu-item-114\"><a href=\"https:\/\/bizhostvn.com\/w\/event2\/to-chuc-le-khoi-cong-dong-tho\/\">L\u1ec5 kh\u1edfi c\u00f4ng, \u0111\u1ed9ng th\u1ed5<\/a><\/li>\n\t<li id=\"menu-item-115\" class=\"menu-item menu-item-type-custom menu-item-object-custom menu-item-115\"><a href=\"https:\/\/bizhostvn.com\/w\/event2\/le-don-nhan-giai-thuong\/\">L\u1ec5 \u0111\u00f3n nh\u1eadn gi\u1ea3i th\u01b0\u1edfng<\/a><\/li>\n\t<li id=\"menu-item-116\" class=\"menu-item menu-item-type-custom menu-item-object-custom menu-item-116\"><a href=\"https:\/\/bizhostvn.com\/w\/event2\/to-chuc-hoi-nghi-khach-hang\/\">H\u1ed9i ngh\u1ecb kh\u00e1ch h\u00e0ng<\/a><\/li>\n\t<li id=\"menu-item-117\" class=\"menu-item menu-item-type-custom menu-item-object-custom menu-item-117\"><a href=\"https:\/\/bizhostvn.com\/w\/event2\/le-ra-mat-san-pham\/\">L\u1ec5 ra m\u1eaft s\u1ea3n ph\u1ea9m m\u1edbi<\/a><\/li>\n\t<li id=\"menu-item-118\" class=\"menu-item menu-item-type-custom menu-item-object-custom menu-item-118\"><a href=\"https:\/\/bizhostvn.com\/w\/event2\/to-chuc-le-ky-niem\/\">L\u1ec5 k\u1ef7 ni\u1ec7m<\/a><\/li>\n\t<li id=\"menu-item-120\" class=\"menu-item menu-item-type-custom menu-item-object-custom menu-item-120\"><a href=\"https:\/\/bizhostvn.com\/w\/event2\/to-chuc-le-khanh-thanh\/\">T\u1ed5 ch\u1ee9c l\u1ec5 kh\u00e1nh th\u00e0nh<\/a><\/li>\n<\/ul>\n<\/li>\n<\/ul><\/div><\/aside><aside id=\"custom_html-3\" class=\"widget_text widget widget_custom_html\"><div class=\"textwidget custom-html-widget\"><div><span class=\"in-left\">TIN T\u1ee8C & S\u1ef0 KI\u1ec6N<\/span><span class=\"in-right\"><\/span><\/div><\/div><\/aside>\t\t<aside id=\"flatsome_recent_posts-2\" class=\"widget flatsome_recent_posts\">\t\t<span class=\"widget-title \"><span>Tin C\u00f4ng ty<\/span><\/span><div class=\"is-divider small\"><\/div>\t\t<ul>\t\t\n\t\t\n\t\t<li class=\"recent-blog-posts-li\">\n\t\t\t<div class=\"flex-row recent-blog-posts align-top pt-half pb-half\">\n\t\t\t\t<div class=\"flex-col mr-half\">\n\t\t\t\t\t<div class=\"badge post-date  badge-square\">\n\t\t\t\t\t\t\t<div class=\"badge-inner bg-fill\" style=\"background: url(https:\/\/themex.myonter.com\/event2\/wp-content\/uploads\/2017\/12\/to-chuc-le-khanh-thanh1-150x150.jpg); border:0;\">\n                                \t\t\t\t\t\t\t<\/div>\n\t\t\t\t\t<\/div>\n\t\t\t\t<\/div><!-- .flex-col -->\n\t\t\t\t<div class=\"flex-col flex-grow\">\n\t\t\t\t\t  <a href=\"https:\/\/themex.myonter.com\/event2\/to-chuc-le-khanh-thanh\/\" title=\"T\u1ed5 ch\u1ee9c l\u1ec5 kh\u00e1nh th\u00e0nh\">T\u1ed5 ch\u1ee9c l\u1ec5 kh\u00e1nh th\u00e0nh<\/a>\n\t\t\t\t   \t  <span class=\"post_comments op-7 block is-xsmall\"><a href=\"https:\/\/themex.myonter.com\/event2\/to-chuc-le-khanh-thanh\/#respond\"><\/a><\/span>\n\t\t\t\t<\/div>\n\t\t\t<\/div><!-- .flex-row -->\n\t\t<\/li>\n\t\t\n\t\t\n\t\t<li class=\"recent-blog-posts-li\">\n\t\t\t<div class=\"flex-row recent-blog-posts align-top pt-half pb-half\">\n\t\t\t\t<div class=\"flex-col mr-half\">\n\t\t\t\t\t<div class=\"badge post-date  badge-square\">\n\t\t\t\t\t\t\t<div class=\"badge-inner bg-fill\" style=\"background: url(https:\/\/themex.myonter.com\/event2\/wp-content\/uploads\/2017\/12\/to-chuc-le-ky-niem-thanh-lap-cong-ty-150x150.jpg); border:0;\">\n                                \t\t\t\t\t\t\t<\/div>\n\t\t\t\t\t<\/div>\n\t\t\t\t<\/div><!-- .flex-col -->\n\t\t\t\t<div class=\"flex-col flex-grow\">\n\t\t\t\t\t  <a href=\"https:\/\/themex.myonter.com\/event2\/to-chuc-le-ky-niem\/\" title=\"T\u1ed5 ch\u1ee9c l\u1ec5 k\u1ef7 ni\u1ec7m\">T\u1ed5 ch\u1ee9c l\u1ec5 k\u1ef7 ni\u1ec7m<\/a>\n\t\t\t\t   \t  <span class=\"post_comments op-7 block is-xsmall\"><a href=\"https:\/\/themex.myonter.com\/event2\/to-chuc-le-ky-niem\/#respond\"><\/a><\/span>\n\t\t\t\t<\/div>\n\t\t\t<\/div><!-- .flex-row -->\n\t\t<\/li>\n\t\t\n\t\t\n\t\t<li class=\"recent-blog-posts-li\">\n\t\t\t<div class=\"flex-row recent-blog-posts align-top pt-half pb-half\">\n\t\t\t\t<div class=\"flex-col mr-half\">\n\t\t\t\t\t<div class=\"badge post-date  badge-square\">\n\t\t\t\t\t\t\t<div class=\"badge-inner bg-fill\" style=\"background: url(https:\/\/themex.myonter.com\/event2\/wp-content\/uploads\/2017\/12\/t\u1ea3i-xu\u1ed1ng-1-150x150.jpg); border:0;\">\n                                \t\t\t\t\t\t\t<\/div>\n\t\t\t\t\t<\/div>\n\t\t\t\t<\/div><!-- .flex-col -->\n\t\t\t\t<div class=\"flex-col flex-grow\">\n\t\t\t\t\t  <a href=\"https:\/\/themex.myonter.com\/event2\/le-ra-mat-san-pham\/\" title=\"L\u1ec5 ra m\u1eaft s\u1ea3n ph\u1ea9m\">L\u1ec5 ra m\u1eaft s\u1ea3n ph\u1ea9m<\/a>\n\t\t\t\t   \t  <span class=\"post_comments op-7 block is-xsmall\"><a href=\"https:\/\/themex.myonter.com\/event2\/le-ra-mat-san-pham\/#respond\"><\/a><\/span>\n\t\t\t\t<\/div>\n\t\t\t<\/div><!-- .flex-row -->\n\t\t<\/li>\n\t\t\n\t\t\n\t\t<li class=\"recent-blog-posts-li\">\n\t\t\t<div class=\"flex-row recent-blog-posts align-top pt-half pb-half\">\n\t\t\t\t<div class=\"flex-col mr-half\">\n\t\t\t\t\t<div class=\"badge post-date  badge-square\">\n\t\t\t\t\t\t\t<div class=\"badge-inner bg-fill\" style=\"background: url(https:\/\/themex.myonter.com\/event2\/wp-content\/uploads\/2017\/12\/Tech-in-week-1-1a90d-150x150.jpg); border:0;\">\n                                \t\t\t\t\t\t\t<\/div>\n\t\t\t\t\t<\/div>\n\t\t\t\t<\/div><!-- .flex-col -->\n\t\t\t\t<div class=\"flex-col flex-grow\">\n\t\t\t\t\t  <a href=\"https:\/\/themex.myonter.com\/event2\/le-don-nhan-giai-thuong\/\" title=\"L\u1ec5 \u0111\u00f3n nh\u1eadn gi\u1ea3i th\u01b0\u1edfng\">L\u1ec5 \u0111\u00f3n nh\u1eadn gi\u1ea3i th\u01b0\u1edfng<\/a>\n\t\t\t\t   \t  <span class=\"post_comments op-7 block is-xsmall\"><a href=\"https:\/\/themex.myonter.com\/event2\/le-don-nhan-giai-thuong\/#respond\"><\/a><\/span>\n\t\t\t\t<\/div>\n\t\t\t<\/div><!-- .flex-row -->\n\t\t<\/li>\n\t\t\n\t\t\n\t\t<li class=\"recent-blog-posts-li\">\n\t\t\t<div class=\"flex-row recent-blog-posts align-top pt-half pb-half\">\n\t\t\t\t<div class=\"flex-col mr-half\">\n\t\t\t\t\t<div class=\"badge post-date  badge-square\">\n\t\t\t\t\t\t\t<div class=\"badge-inner bg-fill\" style=\"background: url(https:\/\/themex.myonter.com\/event2\/wp-content\/uploads\/2017\/12\/to-chuc-le-dong-tho-khoi-cong-150x150.jpg); border:0;\">\n                                \t\t\t\t\t\t\t<\/div>\n\t\t\t\t\t<\/div>\n\t\t\t\t<\/div><!-- .flex-col -->\n\t\t\t\t<div class=\"flex-col flex-grow\">\n\t\t\t\t\t  <a href=\"https:\/\/themex.myonter.com\/event2\/to-chuc-le-khoi-cong-dong-tho\/\" title=\"T\u1ed5 ch\u1ee9c l\u1ec5 kh\u1edfi c\u00f4ng, \u0111\u1ed9ng th\u1ed5\">T\u1ed5 ch\u1ee9c l\u1ec5 kh\u1edfi c\u00f4ng, \u0111\u1ed9ng th\u1ed5<\/a>\n\t\t\t\t   \t  <span class=\"post_comments op-7 block is-xsmall\"><a href=\"https:\/\/themex.myonter.com\/event2\/to-chuc-le-khoi-cong-dong-tho\/#respond\"><\/a><\/span>\n\t\t\t\t<\/div>\n\t\t\t<\/div><!-- .flex-row -->\n\t\t<\/li>\n\t\t\n\t\t\n\t\t<li class=\"recent-blog-posts-li\">\n\t\t\t<div class=\"flex-row recent-blog-posts align-top pt-half pb-half\">\n\t\t\t\t<div class=\"flex-col mr-half\">\n\t\t\t\t\t<div class=\"badge post-date  badge-square\">\n\t\t\t\t\t\t\t<div class=\"badge-inner bg-fill\" style=\"background: url(https:\/\/themex.myonter.com\/event2\/wp-content\/uploads\/2017\/12\/trang-tri-tiec-cuoi-le-hoan-ngoc-quynh-p2-5-680x453-150x150.jpg); border:0;\">\n                                \t\t\t\t\t\t\t<\/div>\n\t\t\t\t\t<\/div>\n\t\t\t\t<\/div><!-- .flex-col -->\n\t\t\t\t<div class=\"flex-col flex-grow\">\n\t\t\t\t\t  <a href=\"https:\/\/themex.myonter.com\/event2\/to-chuc-tiec-cuoi-wedding\/\" title=\"T\u1ed5 ch\u1ee9c ti\u1ec7c c\u01b0\u1edbi &#8211; wedding\">T\u1ed5 ch\u1ee9c ti\u1ec7c c\u01b0\u1edbi &#8211; wedding<\/a>\n\t\t\t\t   \t  <span class=\"post_comments op-7 block is-xsmall\"><a href=\"https:\/\/themex.myonter.com\/event2\/to-chuc-tiec-cuoi-wedding\/#respond\"><\/a><\/span>\n\t\t\t\t<\/div>\n\t\t\t<\/div><!-- .flex-row -->\n\t\t<\/li>\n\t\t\n\t\t\n\t\t<li class=\"recent-blog-posts-li\">\n\t\t\t<div class=\"flex-row recent-blog-posts align-top pt-half pb-half\">\n\t\t\t\t<div class=\"flex-col mr-half\">\n\t\t\t\t\t<div class=\"badge post-date  badge-square\">\n\t\t\t\t\t\t\t<div class=\"badge-inner bg-fill\" style=\"background: url(https:\/\/themex.myonter.com\/event2\/wp-content\/uploads\/2017\/12\/thue-lan-su-rong-chuyen-nghiep-gia-re-10-150x150.jpg); border:0;\">\n                                \t\t\t\t\t\t\t<\/div>\n\t\t\t\t\t<\/div>\n\t\t\t\t<\/div><!-- .flex-col -->\n\t\t\t\t<div class=\"flex-col flex-grow\">\n\t\t\t\t\t  <a href=\"https:\/\/themex.myonter.com\/event2\/cho-thue-lan-su-rong\/\" title=\"Cho thu\u00ea l\u00e2n s\u01b0 r\u1ed3ng\">Cho thu\u00ea l\u00e2n s\u01b0 r\u1ed3ng<\/a>\n\t\t\t\t   \t  <span class=\"post_comments op-7 block is-xsmall\"><a href=\"https:\/\/themex.myonter.com\/event2\/cho-thue-lan-su-rong\/#respond\"><\/a><\/span>\n\t\t\t\t<\/div>\n\t\t\t<\/div><!-- .flex-row -->\n\t\t<\/li>\n\t\t\n\t\t\n\t\t<li class=\"recent-blog-posts-li\">\n\t\t\t<div class=\"flex-row recent-blog-posts align-top pt-half pb-half\">\n\t\t\t\t<div class=\"flex-col mr-half\">\n\t\t\t\t\t<div class=\"badge post-date  badge-square\">\n\t\t\t\t\t\t\t<div class=\"badge-inner bg-fill\" style=\"background: url(https:\/\/themex.myonter.com\/event2\/wp-content\/uploads\/2017\/12\/nguoi-mau-quang-cao-150x150.jpg); border:0;\">\n                                \t\t\t\t\t\t\t<\/div>\n\t\t\t\t\t<\/div>\n\t\t\t\t<\/div><!-- .flex-col -->\n\t\t\t\t<div class=\"flex-col flex-grow\">\n\t\t\t\t\t  <a href=\"https:\/\/themex.myonter.com\/event2\/cung-cap-nguoi-mau-pg\/\" title=\"Cung c\u1ea5p ng\u01b0\u1eddi m\u1eabu, PG\">Cung c\u1ea5p ng\u01b0\u1eddi m\u1eabu, PG<\/a>\n\t\t\t\t   \t  <span class=\"post_comments op-7 block is-xsmall\"><a href=\"https:\/\/themex.myonter.com\/event2\/cung-cap-nguoi-mau-pg\/#respond\"><\/a><\/span>\n\t\t\t\t<\/div>\n\t\t\t<\/div><!-- .flex-row -->\n\t\t<\/li>\n\t\t\n\t\t\n\t\t<li class=\"recent-blog-posts-li\">\n\t\t\t<div class=\"flex-row recent-blog-posts align-top pt-half pb-half\">\n\t\t\t\t<div class=\"flex-col mr-half\">\n\t\t\t\t\t<div class=\"badge post-date  badge-square\">\n\t\t\t\t\t\t\t<div class=\"badge-inner bg-fill\" style=\"background: url(https:\/\/themex.myonter.com\/event2\/wp-content\/uploads\/2017\/12\/ban-nhac-philippines-bieu-dien-su-kien-chuyen-nghiep-150x150.jpg); border:0;\">\n                                \t\t\t\t\t\t\t<\/div>\n\t\t\t\t\t<\/div>\n\t\t\t\t<\/div><!-- .flex-col -->\n\t\t\t\t<div class=\"flex-col flex-grow\">\n\t\t\t\t\t  <a href=\"https:\/\/themex.myonter.com\/event2\/cung-cap-ban-nhac-chuyen-nghiep\/\" title=\"Cung c\u1ea5p ban nh\u1ea1c chuy\u00ean nghi\u1ec7p\">Cung c\u1ea5p ban nh\u1ea1c chuy\u00ean nghi\u1ec7p<\/a>\n\t\t\t\t   \t  <span class=\"post_comments op-7 block is-xsmall\"><a href=\"https:\/\/themex.myonter.com\/event2\/cung-cap-ban-nhac-chuyen-nghiep\/#respond\"><\/a><\/span>\n\t\t\t\t<\/div>\n\t\t\t<\/div><!-- .flex-row -->\n\t\t<\/li>\n\t\t\n\t\t\n\t\t<li class=\"recent-blog-posts-li\">\n\t\t\t<div class=\"flex-row recent-blog-posts align-top pt-half pb-half\">\n\t\t\t\t<div class=\"flex-col mr-half\">\n\t\t\t\t\t<div class=\"badge post-date  badge-square\">\n\t\t\t\t\t\t\t<div class=\"badge-inner bg-fill\" style=\"background: url(https:\/\/themex.myonter.com\/event2\/wp-content\/uploads\/2017\/12\/nha-bat-150x150.jpg); border:0;\">\n                                \t\t\t\t\t\t\t<\/div>\n\t\t\t\t\t<\/div>\n\t\t\t\t<\/div><!-- .flex-col -->\n\t\t\t\t<div class=\"flex-col flex-grow\">\n\t\t\t\t\t  <a href=\"https:\/\/themex.myonter.com\/event2\/cho-thue-nha-bat-nha-gian-khong-gian\/\" title=\"Cho thu\u00ea nh\u00e0 b\u1ea1t, nh\u00e0 gi\u00e0n kh\u00f4ng gian\">Cho thu\u00ea nh\u00e0 b\u1ea1t, nh\u00e0 gi\u00e0n kh\u00f4ng gian<\/a>\n\t\t\t\t   \t  <span class=\"post_comments op-7 block is-xsmall\"><a href=\"https:\/\/themex.myonter.com\/event2\/cho-thue-nha-bat-nha-gian-khong-gian\/#respond\"><\/a><\/span>\n\t\t\t\t<\/div>\n\t\t\t<\/div><!-- .flex-row -->\n\t\t<\/li>\n\t\t\t\t<\/ul>\t\t<\/aside><\/ul>\n<\/div><\/div>\n<div class=\"col medium-9 small-12 large-9\"  ><div class=\"col-inner\"  >\n<p>Xin ch\u00e0o b\u1ea1n \u2013 \u0111\u1ed9c gi\u1ea3,<\/p>\n<p>L\u1eddi \u0111\u1ea7u ti\u00ean, cho ph\u00e9p \u0111\u01b0\u1ee3c g\u1eedi t\u1edbi qu\u00fd kh\u00e1ch, qu\u00fd th\u00e2n nh\u00e2n v\u00e0 b\u1ea1n b\u00e8 l\u1eddi ch\u00fac s\u1ee9c kh\u1ecfe, th\u00e0nh \u0111\u1ea1t v\u00e0 h\u1ea1nh ph\u00fac.<\/p>\n<p>Website \u0111\u01b0\u1ee3c th\u00e0nh l\u1eadp th\u00e1ng 11\/2011 d\u01b0\u1edbi d\u1ea1ng Blog c\u00e1 nh\u00e2n, v\u1edbi m\u1ee5c \u0111\u00edch ban \u0111\u1ea7u l\u00e0 n\u01a1i l\u01b0u tr\u1eef nh\u1eefng b\u00e0i vi\u1ebft ki\u1ebfn th\u1ee9c ho\u1eb7c nh\u1eefng s\u1ea3n ph\u1ea9m s\u00e1ng t\u1ea1o trong qu\u00e1 tr\u00ecnh h\u1ecdc t\u1eadp, l\u00e0m vi\u1ec7c.<\/p>\n<p>Sau m\u1ed9t th\u1eddi gian ho\u1ea1t \u0111\u1ed9ng, website \u0111\u00e3 c\u00f3 nh\u1eefng b\u01b0\u1edbc ti\u1ebfn \u0111\u00e1ng k\u1ec3 c\u1ea3 v\u1ec1 ch\u1ea5t l\u01b0\u1ee3ng v\u00e0 h\u00ecnh th\u1ee9c. S\u1ed1 l\u01b0\u1ee3ng kh\u00e1ch truy c\u1eadp website tr\u1edf th\u00e0nh kh\u00e1ch h\u00e0ng s\u1eed d\u1ee5ng d\u1ecbch v\u1ee5 thi\u1ebft k\u1ebf t\u0103ng l\u00ean \u0111\u00e1ng k\u1ec3. T\u1eeb vi\u1ec7c ch\u0103m ch\u00fat n\u1ed9i dung cho website theo s\u1edf th\u00edch, website \u0111\u00e3 d\u1ea7n chinh ph\u1ee5c kh\u00e1ch h\u00e0ng v\u1edbi nh\u1eefng d\u1ecbch v\u1ee5 thi\u1ebft k\u1ebf s\u00e1ng t\u1ea1o uy t\u00edn v\u00e0 ch\u1ea5t l\u01b0\u1ee3ng.<\/p>\n<p>T\u1ef1 tin v\u1edbi kh\u1ea3 n\u0103ng \u0111\u00e1p \u1ee9ng m\u1ecdi y\u00eau c\u1ea7u thi\u1ebft k\u1ebf c\u1ee7a kh\u00e1ch h\u00e0ng, ch\u00fang t\u00f4i ch\u00ednh th\u1ee9c \u0111em l\u1ea1i d\u1ecbch v\u1ee5 Thi\u1ebft k\u1ebf \u0111\u1ed3 h\u1ecda v\u00e0 Thi\u1ebft k\u1ebf Website chuy\u00ean nghi\u1ec7p t\u1eeb \u0111\u1ea7u n\u0103m 2017. S\u1ef1 \u1ee7ng h\u1ed9 v\u00e0 tin t\u01b0\u1edfng c\u1ee7a kh\u00e1ch h\u00e0ng s\u1ebd tr\u1edf th\u00e0nh ngu\u1ed3n c\u1ea3m h\u1ee9ng l\u1edbn lao cho ch\u00fang t\u00f4i trong qu\u00e1 tr\u00ecnh ph\u00e1c h\u1ecda nh\u1eefng \u00fd t\u01b0\u1edfng thi\u1ebft k\u1ebf \u0111\u01b0\u1ee3c tr\u1edf th\u00e0nh hi\u1ec7n th\u1ef1c.<\/p>\n<p>Xin c\u00e1m \u01a1n s\u1ef1 tin t\u01b0\u1edfng v\u00e0 \u1ee7ng h\u1ed9 c\u1ee7a qu\u00fd kh\u00e1ch trong th\u1eddi gian qua.<\/p>\n<p>Tr\u00e2n tr\u1ecdng.\/.<\/p>\n<p>Admin<\/p>\n<\/div><\/div>\n<\/div>\n","protected":false},"excerpt":{"rendered":"","protected":false},"author":1,"featured_media":0,"parent":0,"menu_order":0,"comment_status":"closed","ping_status":"closed","template":"page-blank.php","meta":[],"_links":{"self":[{"href":"https:\/\/themex.myonter.com\/event2\/wp-json\/wp\/v2\/pages\/29"}],"collection":[{"href":"https:\/\/themex.myonter.com\/event2\/wp-json\/wp\/v2\/pages"}],"about":[{"href":"https:\/\/themex.myonter.com\/event2\/wp-json\/wp\/v2\/types\/page"}],"author":[{"embeddable":true,"href":"https:\/\/themex.myonter.com\/event2\/wp-json\/wp\/v2\/users\/1"}],"replies":[{"embeddable":true,"href":"https:\/\/themex.myonter.com\/event2\/wp-json\/wp\/v2\/comments?post=29"}],"version-history":[{"count":5,"href":"https:\/\/themex.myonter.com\/event2\/wp-json\/wp\/v2\/pages\/29\/revisions"}],"predecessor-version":[{"id":647,"href":"https:\/\/themex.myonter.com\/event2\/wp-json\/wp\/v2\/pages\/29\/revisions\/647"}],"wp:attachment":[{"href":"https:\/\/themex.myonter.com\/event2\/wp-json\/wp\/v2\/media?parent=29"}],"curies":[{"name":"wp","href":"https:\/\/api.w.org\/{rel}","templated":true}]}}