{"id":104,"date":"2017-06-23T14:00:29","date_gmt":"2017-06-23T07:00:29","guid":{"rendered":"http:\/\/giuseart.com\/demo\/event\/?page_id=104"},"modified":"2017-06-24T23:07:15","modified_gmt":"2017-06-24T16:07:15","slug":"team-building-indoor","status":"publish","type":"page","link":"https:\/\/themex.myonter.com\/event3\/team-building\/team-building-indoor\/","title":{"rendered":"Team Building Indoor"},"content":{"rendered":"<h2>Team Building Indoor<\/h2>\n<p>B\u1ea1n se\u0303 bi\u00ea\u0301t nhi\u1ec1u v\u1ec1 m\u1ed9t ng\u01b0\u1eddi trong m\u1ed9t gi\u1edd ch\u01a1i, h\u01a1n c\u1ea3 m\u1ed9t \u0111\u1eddi ch\u1ec9 tr\u00f2 chuy\u1ec7n v\u1edbi h\u1ecd nh\u1eefng games indoor nh\u1eb9 nh\u00e0ng th\u01b0 gi\u00e3n h\u01a1n sau nh\u1eefng cu\u1ed9c h\u1ecdp c\u0103ng th\u1eb3ng, trong nh\u1eefng tr\u00f2 ch\u01a1i se\u0303 g\u1ee3i \u00fd ph\u1ea7n t\u00edch v\u00e0 th\u1ea3o lu\u1eadn nh\u1eb9 nh\u00e0ng n\u1ed9i dung trong cu\u1ed9c h\u1ecdp, kh\u00f4ng l\u00e0m ng\u01b0\u1eddi tham gia nh\u00e0m ch\u00e1n, h\u1ecd se\u0303 h\u01b0ng ph\u1ea5n v\u00e0 mong mu\u1ed1n c\u1ed1ng hi\u1ebfn gi\u00fap cho ng\u01b0\u1eddi tham gia t\u00ecm l\u1ea1i l\u00f2ng t\u1ef1 tin c\u1ee7a ch\u00ednh m\u00ecnh.<\/p>\n<p>T\u00e1i hi\u1ec7n l\u1ea1i m\u1ed9t s\u1ed1 ho\u1ea1t \u0111\u1ed9ng trong ch\u01b0\u01a1ng tr\u00ecnh indoor nh\u1edb c\u00e0ng nhi\u00eau c\u00e0ng t\u1ed1t.<\/p>\n","protected":false},"excerpt":{"rendered":"<p>Team Building Indoor B\u1ea1n se\u0303 bi\u00ea\u0301t nhi\u1ec1u v\u1ec1 m\u1ed9t ng\u01b0\u1eddi trong m\u1ed9t gi\u1edd ch\u01a1i, h\u01a1n c\u1ea3 m\u1ed9t \u0111\u1eddi ch\u1ec9 tr\u00f2 chuy\u1ec7n v\u1edbi h\u1ecd nh\u1eefng games indoor nh\u1eb9 nh\u00e0ng th\u01b0 gi\u00e3n h\u01a1n sau nh\u1eefng cu\u1ed9c h\u1ecdp c\u0103ng th\u1eb3ng, trong nh\u1eefng tr\u00f2 ch\u01a1i se\u0303 g\u1ee3i \u00fd ph\u1ea7n t\u00edch v\u00e0 th\u1ea3o lu\u1eadn nh\u1eb9 nh\u00e0ng n\u1ed9i dung trong cu\u1ed9c [&#8230;]\n","protected":false},"author":1,"featured_media":0,"parent":100,"menu_order":0,"comment_status":"closed","ping_status":"closed","template":"page-right-sidebar.php","meta":[],"_links":{"self":[{"href":"https:\/\/themex.myonter.com\/event3\/wp-json\/wp\/v2\/pages\/104"}],"collection":[{"href":"https:\/\/themex.myonter.com\/event3\/wp-json\/wp\/v2\/pages"}],"about":[{"href":"https:\/\/themex.myonter.com\/event3\/wp-json\/wp\/v2\/types\/page"}],"author":[{"embeddable":true,"href":"https:\/\/themex.myonter.com\/event3\/wp-json\/wp\/v2\/users\/1"}],"replies":[{"embeddable":true,"href":"https:\/\/themex.myonter.com\/event3\/wp-json\/wp\/v2\/comments?post=104"}],"version-history":[{"count":3,"href":"https:\/\/themex.myonter.com\/event3\/wp-json\/wp\/v2\/pages\/104\/revisions"}],"predecessor-version":[{"id":535,"href":"https:\/\/themex.myonter.com\/event3\/wp-json\/wp\/v2\/pages\/104\/revisions\/535"}],"up":[{"embeddable":true,"href":"https:\/\/themex.myonter.com\/event3\/wp-json\/wp\/v2\/pages\/100"}],"wp:attachment":[{"href":"https:\/\/themex.myonter.com\/event3\/wp-json\/wp\/v2\/media?parent=104"}],"curies":[{"name":"wp","href":"https:\/\/api.w.org\/{rel}","templated":true}]}}