{"id":106,"date":"2017-06-23T14:00:44","date_gmt":"2017-06-23T07:00:44","guid":{"rendered":"http:\/\/giuseart.com\/demo\/event\/?page_id=106"},"modified":"2017-06-24T23:23:59","modified_gmt":"2017-06-24T16:23:59","slug":"cho-thue-thiet-bi-nhan-su","status":"publish","type":"page","link":"https:\/\/themex.myonter.com\/event3\/cho-thue-thiet-bi-nhan-su\/","title":{"rendered":"Cho thu\u00ea thi\u1ebft b\u1ecb &#038; nh\u00e2n s\u1ef1"},"content":{"rendered":"<p><strong>Nh\u00e2n s\u1ef1 s\u1ef1 ki\u1ec7n<\/strong> l\u00e0 m\u1ed9t trong nh\u1eefng d\u1ecbch v\u1ee5 s\u1ef1 ki\u1ec7n \u0111\u01b0\u1ee3c cung c\u1ea5p b\u1edfi \u0110\u1ea1i An Event \u2013 C\u00f4ng ty t\u1ed5 ch\u1ee9c s\u1ef1 ki\u1ec7n chuy\u00ean nghi\u1ec7p h\u00e0ng \u0111\u1ea7u hi\u1ec7n nay. Ch\u00fang t\u00f4i mang \u0111\u1ebfn cho b\u1ea1n nhi\u1ec1u l\u1ef1a ch\u1ecdn, nh\u1eefng \u00fd t\u01b0\u1edfng s\u00e1ng t\u1ea1o v\u1ec1 <strong>nh\u00e2n s\u1ef1 s\u1ef1 ki\u1ec7n<\/strong>..<\/p>\n<p>M\u00faa l\u00e2n s\u01b0 r\u1ed3ng\u00a0l\u00e0 m\u1ed9t trong nh\u1eefng\u00a0d\u1ecbch v\u1ee5\u00a0v\u1ec1 nh\u00e2n s\u1ef1 s\u1ef1 ki\u1ec7n m\u00e0\u00a0\u0110\u1ea1i An Event\u00a0cung c\u1ea5p. Ngh\u1ec7 s\u0129 m\u00faa \u0111\u1ec1u l\u00e0 c\u00e1c v\u00f5 s\u01b0 \u0111\u01b0\u1ee3c s\u1ef1 h\u01b0\u1edbng d\u1eabn c\u1ee7a c\u00e1c chuy\u00ean gia, c\u00e1c ngh\u1ec7 s\u0129 Nh\u00e0 h\u00e1t Tu\u1ed3ng Vi\u1ec7t Nam s\u1ebd mang \u0111\u1ebfn cho b\u1ea1n nh\u1eefng ti\u1ebft m\u1ee5c \u0111\u1ed9c \u0111\u00e1o nh\u1ea5t.<\/p>\n<p>cung c\u1ea5p pg, l\u1ec5 t\u00e2n chuy\u00ean nghi\u1ec7p v\u1edbi ngo\u1ea1i h\u00ecnh \u01b0a nh\u00ecn, giao ti\u1ebfp t\u1ef1 tin, th\u00e2n thi\u1ec7n. Nh\u1eefng\u00a0ng\u01b0\u1eddi\u00a0 m\u1eabu, l\u1ec5 t\u00e2n, nh\u00e2n vi\u00ean ti\u1ebfp th\u1ecb\u00a0lu\u00f4n xu\u1ea5t hi\u1ec7n tr\u01b0\u1edbc \u0111\u00e1m \u0111\u00f4ng m\u1ed9t c\u00e1ch l\u1ed9ng l\u1eaby, xinh \u0111\u1eb9p . . th\u1ef1c hi\u1ec7n c\u00e1c qu\u1ea3ng c\u00e1o tr\u1ef1c ti\u1ebfp cho s\u1ea3n ph\u1ea9m , d\u1ecbch v\u1ee5 , th\u01b0\u01a1ng hi\u1ec7u c\u1ee7a b\u1ea1n. H\u1ecd c\u00f3 th\u1ec3 xu\u1ea5t hi\u1ec7n t\u1ea1i l\u1ec5 kh\u00e1nh th\u00e0nh, khai tr\u01b0\u01a1ng, ng\u00e0y k\u1ef7 ni\u1ec7m, h\u1ed9i th\u1ea3o, cu\u1ed9c h\u1ecdp<\/p>\n","protected":false},"excerpt":{"rendered":"<p>Nh\u00e2n s\u1ef1 s\u1ef1 ki\u1ec7n l\u00e0 m\u1ed9t trong nh\u1eefng d\u1ecbch v\u1ee5 s\u1ef1 ki\u1ec7n \u0111\u01b0\u1ee3c cung c\u1ea5p b\u1edfi \u0110\u1ea1i An Event \u2013 C\u00f4ng ty t\u1ed5 ch\u1ee9c s\u1ef1 ki\u1ec7n chuy\u00ean nghi\u1ec7p h\u00e0ng \u0111\u1ea7u hi\u1ec7n nay. Ch\u00fang t\u00f4i mang \u0111\u1ebfn cho b\u1ea1n nhi\u1ec1u l\u1ef1a ch\u1ecdn, nh\u1eefng \u00fd t\u01b0\u1edfng s\u00e1ng t\u1ea1o v\u1ec1 nh\u00e2n s\u1ef1 s\u1ef1 ki\u1ec7n.. M\u00faa l\u00e2n s\u01b0 r\u1ed3ng\u00a0l\u00e0 [&#8230;]\n","protected":false},"author":1,"featured_media":0,"parent":0,"menu_order":0,"comment_status":"closed","ping_status":"closed","template":"page-right-sidebar.php","meta":[],"_links":{"self":[{"href":"https:\/\/themex.myonter.com\/event3\/wp-json\/wp\/v2\/pages\/106"}],"collection":[{"href":"https:\/\/themex.myonter.com\/event3\/wp-json\/wp\/v2\/pages"}],"about":[{"href":"https:\/\/themex.myonter.com\/event3\/wp-json\/wp\/v2\/types\/page"}],"author":[{"embeddable":true,"href":"https:\/\/themex.myonter.com\/event3\/wp-json\/wp\/v2\/users\/1"}],"replies":[{"embeddable":true,"href":"https:\/\/themex.myonter.com\/event3\/wp-json\/wp\/v2\/comments?post=106"}],"version-history":[{"count":3,"href":"https:\/\/themex.myonter.com\/event3\/wp-json\/wp\/v2\/pages\/106\/revisions"}],"predecessor-version":[{"id":551,"href":"https:\/\/themex.myonter.com\/event3\/wp-json\/wp\/v2\/pages\/106\/revisions\/551"}],"wp:attachment":[{"href":"https:\/\/themex.myonter.com\/event3\/wp-json\/wp\/v2\/media?parent=106"}],"curies":[{"name":"wp","href":"https:\/\/api.w.org\/{rel}","templated":true}]}}