{"id":108,"date":"2017-06-23T14:01:04","date_gmt":"2017-06-23T07:01:04","guid":{"rendered":"http:\/\/giuseart.com\/demo\/event\/?page_id=108"},"modified":"2017-06-24T23:26:00","modified_gmt":"2017-06-24T16:26:00","slug":"mc-chuong-trinh","status":"publish","type":"page","link":"https:\/\/themex.myonter.com\/event3\/cho-thue-thiet-bi-nhan-su\/mc-chuong-trinh\/","title":{"rendered":"MC ch\u01b0\u01a1ng tr\u00ecnh"},"content":{"rendered":"<h2>Cung c\u1ea5p MC cho ch\u01b0\u01a1ng tr\u00ecnh<\/h2>\n<p>MC, ng\u01b0\u1eddi d\u1eabn ch\u01b0\u01a1ng tr\u00ecnh l\u00e0 m\u1ed9t trong nh\u1eefng y\u1ebfu t\u1ed1 quan tr\u1ecdng nh\u1ea5t trong m\u1ed9t ch\u01b0\u01a1ng tr\u00ecnh bi\u1ec3u di\u1ec5n, c\u0169ng nh\u01b0 quy\u1ebft \u0111\u1ecbnh th\u00e0nh c\u00f4ng cho m\u1ed9t s\u1ef1 ki\u1ec7n. Ch\u00ednh v\u00ec v\u1eady d\u1ecbch v\u1ee5 <strong>cho thu\u00ea MC<\/strong>c\u1ee7a c\u00f4ng ty PG \u00c1 Ch\u00e2u ra \u0111\u1eddi v\u1edbi mong mu\u1ed1n cung c\u1ea5p t\u1edbi kh\u00e1ch h\u00e0ng c\u00f3 nhu c\u1ea7u <strong>thu\u00ea MC<\/strong>, nh\u1eefng MC t\u1ed1t nh\u1ea5t t\u1ea1i H\u00e0 N\u1ed9i. Nh\u1eb1m \u0111\u00e1p \u1ee9ng nhu c\u1ea7u c\u1ee7a kh\u00e1ch h\u00e0ng, PG \u00c1 Ch\u00e2u cho thu\u00ea t\u1eeb nh\u1eefng MC b\u00e1n chuy\u00ean, MC chuy\u00ean nghi\u1ec7p cho \u0111\u1ebfn nh\u1eefng MC truy\u1ec1n h\u00ecnh, MC \u0111\u00e3 n\u1ed5i ti\u1ebfng t\u1ea1i Vi\u1ec7t Nam \u0111a d\u1ea1ng v\u00e0 phong ph\u00fa. MC c\u1ee7a \u00c1 Ch\u00e2u c\u00f3 th\u1ec3 ph\u1ee5c v\u1ee5 trong nh\u1eefng bu\u1ed5i h\u1ecdp b\u00e1o, li\u00ean hoan, h\u1ed9i h\u1ecdp, MC \u0111\u00e1m c\u01b0\u1edbi cho \u0111\u1ebfn nh\u1eefng ch\u01b0\u01a1ng tr\u00ecnh truy\u1ec1n h\u00ecnh th\u1ef1c t\u1ebf c\u1ea7n ng\u01b0\u1eddi n\u1ed5i ti\u1ebfng, ch\u01b0\u01a1ng tr\u00ecnh ca nh\u1ea1c, game show hay MC event, ho\u1ea1t n\u00e1o. PG \u00c1 lu\u00f4n s\u1eb5n s\u00e0ng ph\u1ee5c v\u1ee5 qu\u00fd kh\u00e1ch h\u00e0ng xin li\u00ean h\u1ec7 t\u1edbi hotline: 093 961 9998 \u0111\u1ec3 \u0111\u01b0\u1ee3c t\u01b0 v\u1ea5n, l\u1ef1a ch\u1ecdn MC cho ch\u01b0\u01a1ng tr\u00ecnh c\u1ee7a b\u1ea1n. V\u00e0 c\u00f9ng ch\u00fang t\u00f4i t\u00ecm hi\u1ec3u th\u00eam v\u1ec1 d\u1ecbch v\u1ee5<\/p>\n","protected":false},"excerpt":{"rendered":"<p>Cung c\u1ea5p MC cho ch\u01b0\u01a1ng tr\u00ecnh MC, ng\u01b0\u1eddi d\u1eabn ch\u01b0\u01a1ng tr\u00ecnh l\u00e0 m\u1ed9t trong nh\u1eefng y\u1ebfu t\u1ed1 quan tr\u1ecdng nh\u1ea5t trong m\u1ed9t ch\u01b0\u01a1ng tr\u00ecnh bi\u1ec3u di\u1ec5n, c\u0169ng nh\u01b0 quy\u1ebft \u0111\u1ecbnh th\u00e0nh c\u00f4ng cho m\u1ed9t s\u1ef1 ki\u1ec7n. Ch\u00ednh v\u00ec v\u1eady d\u1ecbch v\u1ee5 cho thu\u00ea MCc\u1ee7a c\u00f4ng ty PG \u00c1 Ch\u00e2u ra \u0111\u1eddi v\u1edbi mong mu\u1ed1n cung [&#8230;]\n","protected":false},"author":1,"featured_media":0,"parent":106,"menu_order":0,"comment_status":"closed","ping_status":"closed","template":"page-right-sidebar.php","meta":[],"_links":{"self":[{"href":"https:\/\/themex.myonter.com\/event3\/wp-json\/wp\/v2\/pages\/108"}],"collection":[{"href":"https:\/\/themex.myonter.com\/event3\/wp-json\/wp\/v2\/pages"}],"about":[{"href":"https:\/\/themex.myonter.com\/event3\/wp-json\/wp\/v2\/types\/page"}],"author":[{"embeddable":true,"href":"https:\/\/themex.myonter.com\/event3\/wp-json\/wp\/v2\/users\/1"}],"replies":[{"embeddable":true,"href":"https:\/\/themex.myonter.com\/event3\/wp-json\/wp\/v2\/comments?post=108"}],"version-history":[{"count":2,"href":"https:\/\/themex.myonter.com\/event3\/wp-json\/wp\/v2\/pages\/108\/revisions"}],"predecessor-version":[{"id":552,"href":"https:\/\/themex.myonter.com\/event3\/wp-json\/wp\/v2\/pages\/108\/revisions\/552"}],"up":[{"embeddable":true,"href":"https:\/\/themex.myonter.com\/event3\/wp-json\/wp\/v2\/pages\/106"}],"wp:attachment":[{"href":"https:\/\/themex.myonter.com\/event3\/wp-json\/wp\/v2\/media?parent=108"}],"curies":[{"name":"wp","href":"https:\/\/api.w.org\/{rel}","templated":true}]}}