{"id":110,"date":"2017-06-23T14:01:13","date_gmt":"2017-06-23T07:01:13","guid":{"rendered":"http:\/\/giuseart.com\/demo\/event\/?page_id=110"},"modified":"2017-06-24T23:27:23","modified_gmt":"2017-06-24T16:27:23","slug":"hoat-nao-vien","status":"publish","type":"page","link":"https:\/\/themex.myonter.com\/event3\/cho-thue-thiet-bi-nhan-su\/hoat-nao-vien\/","title":{"rendered":"Ho\u1ea1t n\u00e1o vi\u00ean"},"content":{"rendered":"<h2>Cung c\u1ea5p ho\u1ea1t n\u00e1o vi\u00ean cho s\u1ef1 ki\u1ec7n<\/h2>\n<p>Ho\u1ea1t n\u00e1o vi\u00ean l\u00e0 m\u1ed9t trong nh\u1eefng nh\u00e2n s\u1ef1 then ch\u1ed1t g\u00f3p ph\u1ea7n t\u1ea1o ra s\u1ef1 th\u00e0nh c\u00f4ng c\u1ee7a m\u1ed9t ch\u01b0\u01a1ng tr\u00ecnh s\u1ef1 ki\u1ec7n. N\u1ebfu nh\u01b0 c\u00e1c \u00e1nh \u0111\u00e8n s\u00e2n kh\u1ea5u c\u00f3 v\u1ea5n \u0111\u1ec1 kh\u00f4ng l\u00ean, nh\u00e2n s\u1ef1 PG h\u1ed7 tr\u1ee3 c\u1eaft b\u0103ng s\u1eafp x\u1ebfp ch\u01b0a xong,kh\u00e1ch h\u00e0ng tham gia s\u1ef1 ki\u1ec7n kh\u00f4ng h\u1ebft m\u00ecnh c\u00f9ng v\u1edbi Ho\u1ea1t N\u00e1o Vi\u00ean, hay c\u00e1c v\u1ecb quan kh\u00e1ch g\u1eb7p s\u1ef1 c\u1ed1 c\u1ea7n h\u1ed7 tr\u1ee3 th\u00ec MC &#8211; Ho\u1ea1t N\u00e1o Vi\u00ean l\u00e0 nh\u1eefng ng\u01b0\u1eddi s\u1ebd h\u1ed7 tr\u1ee3 \u0111\u01b0\u1ee3c \u1edf y\u1ebfu t\u1ed1 k\u00e9o gi\u00e3n th\u1eddi gian, xoay s\u1edf trao \u0111\u1ed5i giao l\u01b0u b\u1eb1ng c\u00e1ch giao l\u01b0u, th\u00f4ng qua x\u1eed l\u00fd t\u00ecnh hu\u1ed1ng ph\u1ed1i h\u1ee3p c\u00f9ng ban t\u1ed5 ch\u1ee9c ho\u1eb7c ch\u00ednh v\u1edbi kh\u00e1ch h\u00e0ng \u0111ang tham gia s\u1ef1 ki\u1ec7n, kh\u00f4ng \u0111\u1ec3 s\u1ef1 ki\u1ec7n b\u1ecb ng\u01b0ng gi\u1eefa ch\u1eebng v\u00e0 di\u1ec5n ra su\u00f4n s\u1ebb.<\/p>\n","protected":false},"excerpt":{"rendered":"<p>Cung c\u1ea5p ho\u1ea1t n\u00e1o vi\u00ean cho s\u1ef1 ki\u1ec7n Ho\u1ea1t n\u00e1o vi\u00ean l\u00e0 m\u1ed9t trong nh\u1eefng nh\u00e2n s\u1ef1 then ch\u1ed1t g\u00f3p ph\u1ea7n t\u1ea1o ra s\u1ef1 th\u00e0nh c\u00f4ng c\u1ee7a m\u1ed9t ch\u01b0\u01a1ng tr\u00ecnh s\u1ef1 ki\u1ec7n. N\u1ebfu nh\u01b0 c\u00e1c \u00e1nh \u0111\u00e8n s\u00e2n kh\u1ea5u c\u00f3 v\u1ea5n \u0111\u1ec1 kh\u00f4ng l\u00ean, nh\u00e2n s\u1ef1 PG h\u1ed7 tr\u1ee3 c\u1eaft b\u0103ng s\u1eafp x\u1ebfp ch\u01b0a xong,kh\u00e1ch [&#8230;]\n","protected":false},"author":1,"featured_media":0,"parent":106,"menu_order":0,"comment_status":"closed","ping_status":"closed","template":"page-right-sidebar.php","meta":[],"_links":{"self":[{"href":"https:\/\/themex.myonter.com\/event3\/wp-json\/wp\/v2\/pages\/110"}],"collection":[{"href":"https:\/\/themex.myonter.com\/event3\/wp-json\/wp\/v2\/pages"}],"about":[{"href":"https:\/\/themex.myonter.com\/event3\/wp-json\/wp\/v2\/types\/page"}],"author":[{"embeddable":true,"href":"https:\/\/themex.myonter.com\/event3\/wp-json\/wp\/v2\/users\/1"}],"replies":[{"embeddable":true,"href":"https:\/\/themex.myonter.com\/event3\/wp-json\/wp\/v2\/comments?post=110"}],"version-history":[{"count":3,"href":"https:\/\/themex.myonter.com\/event3\/wp-json\/wp\/v2\/pages\/110\/revisions"}],"predecessor-version":[{"id":554,"href":"https:\/\/themex.myonter.com\/event3\/wp-json\/wp\/v2\/pages\/110\/revisions\/554"}],"up":[{"embeddable":true,"href":"https:\/\/themex.myonter.com\/event3\/wp-json\/wp\/v2\/pages\/106"}],"wp:attachment":[{"href":"https:\/\/themex.myonter.com\/event3\/wp-json\/wp\/v2\/media?parent=110"}],"curies":[{"name":"wp","href":"https:\/\/api.w.org\/{rel}","templated":true}]}}