{"id":73,"date":"2017-06-23T13:52:32","date_gmt":"2017-06-23T06:52:32","guid":{"rendered":"http:\/\/giuseart.com\/demo\/event\/?page_id=73"},"modified":"2017-06-24T23:21:01","modified_gmt":"2017-06-24T16:21:01","slug":"to-chuc-hoi-nghi-khach-hang","status":"publish","type":"page","link":"https:\/\/themex.myonter.com\/event3\/dich-vu-to-chuc-su-kien\/to-chuc-hoi-nghi-khach-hang\/","title":{"rendered":"T\u1ed5 ch\u1ee9c H\u1ed9i ngh\u1ecb kh\u00e1ch h\u00e0ng"},"content":{"rendered":"<h2>T\u1ed5 ch\u1ee9c H\u1ed9i ngh\u1ecb Kh\u00e1ch h\u00e0ng<\/h2>\n<p>T\u1ed5 ch\u1ee9c h\u1ed9i ngh\u1ecb- tri \u00e2n kh\u00e1ch h\u00e0ng l\u00e0 d\u1ecbp \u0111\u1ec3 m\u1ed7i doanh nghi\u1ec7p n\u1eafm b\u1eaft nhu c\u1ea7u c\u1ee7a kh\u00e1ch h\u00e0ng, m\u1edf ra c\u01a1 h\u1ed9i h\u1ee3p t\u00e1c l\u00e2u d\u00e0i v\u00e0 ti\u1ebfp c\u1eadn kh\u00e1ch h\u00e0ng ti\u1ec1m n\u0103ng, x\u00e2y d\u1ef1ng v\u00e0 g\u1eafn k\u1ebft c\u00e1c m\u1ed1i quan h\u1ec7 b\u1ec1n v\u1eefng v\u1edbi \u0111\u1ed1i t\u00e1c.<\/p>\n<p><img src=\"http:\/\/solution.com.vn\/upload_images\/images\/to-chuc-hoi-nghi-tri-an-khach-hang.JPG\" alt=\"T\u1ed5 ch\u1ee9c h\u1ed9i ngh\u1ecb tri \u00e2n kh\u00e1ch h\u00e0ng chuy\u00ean nghi\u1ec7p t\u1ea1i H\u00e0 N\u1ed9i\" \/><\/p>\n<h2><strong>\u0110\u1ec3 t\u1ed5 ch\u1ee9c m\u1ed9t H\u1ed9i ngh\u1ecb &#8211; Tri \u00e2n kh\u00e1ch h\u00e0nh th\u00e0nh c\u00f4ng lu\u00f4n c\u1ea7n quy tr\u00ecnh th\u1ef1c hi\u1ec7n chuy\u00ean nghi\u1ec7p:<\/strong><\/h2>\n<p>&#8211; Chuy\u00ean nghi\u1ec7p t\u1eeb kh\u00e2u l\u00ean \u00fd t\u01b0\u1edfng ch\u1ee7 \u0111\u1ec1<\/p>\n<p>&#8211; Chuy\u00ean nghi\u1ec7p trong x\u00e2y d\u1ef1ng n\u1ed9i dung, k\u1ecbch b\u1ea3n ch\u01b0\u01a1ng tr\u00ecnh<\/p>\n<p>&#8211; L\u1ef1a ch\u1ecdn \u0111\u1ecba \u0111i\u1ec3m t\u1ed5 ch\u1ee9c ph\u00f9 h\u1ee3p, trang thi\u1ebft b\u1ecb v\u00e0 nh\u00e2n s\u1ef1 chuy\u00ean nghi\u1ec7p.<\/p>\n<p>&#8211; Kh\u00e2u t\u1ed5 ch\u1ee9c th\u1ef1c hi\u1ec7n tr\u00f4i ch\u1ea3y, x\u1eed l\u00fd nhanh nh\u1ea1y m\u1ecdi t\u00ecnh hu\u1ed1ng b\u1ea5t ng\u1edd x\u1ea3y ra.<\/p>\n<h2><strong>B\u1ea1n \u0111ang c\u1ea7n t\u00ecm \u0111\u01a1n v\u1ecb t\u1ed5 ch\u1ee9c h\u1ed9i ngh\u1ecb &#8211; Tri \u00e2n kh\u00e1ch h\u00e0ng uy t\u00edn?<\/strong><\/h2>\n<p>Vi\u1ec7c l\u1ef1a ch\u1ecdn \u0111\u01a1n v\u1ecb th\u1ef1c hi\u1ec7n\u00a0h\u1ed9i ngh\u1ecb tri \u00e2n kh\u00e1ch h\u00e0ng\u00a0kinh nghi\u1ec7m v\u00e0 chuy\u00ean nghi\u1ec7p l\u00e0 \u0111i\u1ec1u th\u1ef1c s\u1ef1 c\u1ea7n thi\u1ebft, b\u1edfi \u0111\u00e2y ch\u00ednh l\u00e0 y\u1ebfu t\u1ed1 quy\u1ebft \u0111\u1ecbnh t\u1ea1o n\u00ean th\u00e0nh c\u00f4ng cho s\u1ef1 ki\u1ec7n c\u1ee7a doanh nghi\u1ec7p.<\/p>\n<p>B\u1eb1ng kinh nghi\u1ec7m th\u01b0\u01a1ng hi\u1ec7u v\u00e0 n\u0103ng l\u1ef1c \u0111\u00e3 \u0111\u01b0\u1ee3c kh\u1eb3ng \u0111\u1ecbnh qua h\u01a1n 10 n\u0103m trong l\u0129nh v\u1ef1c t\u1ed5 ch\u1ee9c s\u1ef1 ki\u1ec7n, Solution lu\u00f4n t\u1ef1 tin v\u00e0o kh\u1ea3 n\u0103ng th\u00e0nh c\u00f4ng c\u00f9ng doanh nghi\u1ec7p.<\/p>\n<p>L\u00e0 c\u00f4ng ty l\u00e2u \u0111\u1eddi trong l\u0129nh v\u1ef1c\u00a0t\u1ed5 ch\u1ee9c s\u1ef1 ki\u1ec7n, Solution \u0111\u00e3 t\u1ed5 ch\u1ee9c nhi\u1ec1u s\u1ef1 ki\u1ec7n h\u1ed9i ngh\u1ecb kh\u00e1ch h\u00e0ng, l\u1ec5\u00a0tri \u00e2n kh\u00e1ch h\u00e0ng\u00a0c\u1ee7a c\u00e1c c\u00f4ng ty v\u1ec1: x\u00e2y d\u1ef1ng, b\u1ea5t \u0111\u1ed9ng s\u1ea3n, d\u01b0\u1ee3c ph\u1ea9m, th\u1ef1c ph\u1ea9m, h\u00e0ng ti\u00eau d\u00f9ng, n\u01b0\u1edbc gi\u1ea3i kh\u00e1t, d\u1ecbch v\u1ee5 c\u00f4ng ngh\u1ec7&#8230;<\/p>\n<p><img class=\"aligncenter\" title=\"to-chuc-hoi-nghi-khach-hang-33\" src=\"http:\/\/solution.com.vn\/upload_images\/images\/2017-b-to-chuc-hoi-nghi-tri-an-khach-hang\/to-chuc-hoi-nghi-khach-hang-33.jpg\" alt=\"to-chuc-hoi-nghi-khach-hang-33\" \/><\/p>\n<p><strong>Solution cung c\u1ea5p d\u1ecbch v\u1ee5<\/strong> <strong>t\u1ed5 ch\u1ee9c h\u1ed9i ngh\u1ecb &#8211; Tri \u00e2n kh\u00e1ch h\u00e0ng tr\u1ecdn g\u00f3i<\/strong><\/p>\n<p>V\u1edbi kinh nghi\u1ec7m h\u01a1n 10 n\u0103m trong l\u0129nh v\u1ef1c t\u1ed5 ch\u1ee9c s\u1ef1 ki\u1ec7n, \u0111\u1ed9i ng\u0169 nh\u00e2n s\u1ef1 chuy\u00ean nghi\u1ec7p t\u1ea1i Solution lu\u00f4n bi\u1ebft c\u00e1ch t\u1ed5 ch\u1ee9c h\u1ed9i th\u1ea3o \u2013 tri \u00e2n kh\u00e1ch h\u00e0ng, t\u1ec9 m\u1ec9 t\u1eebng c\u00f4ng \u0111o\u1ea1n.<\/p>\n<p>&#8211; <em>Tr\u01b0\u1edbc khi t\u1ed5 ch\u1ee9c:<\/em> L\u00ean k\u1ebf ho\u1ea1ch ch\u01b0\u01a1ng tr\u00ecnh chi ti\u1ebft, chu\u1ea9n b\u1ecb k\u1ef9 l\u01b0\u1ee1ng t\u00e0i li\u1ec7u, qu\u00e0 t\u1eb7ng, bi\u1ec3n t\u00ean, \u0111\u00f3n ti\u1ebfp kh\u00e1ch m\u1eddi chu \u0111\u00e1o.<\/p>\n<p>&#8211; <em>Trong qu\u00e1 tr\u00ecnh t\u1ed5 ch\u1ee9c:<\/em> nh\u00e2n s\u1ef1 ki\u1ec3m so\u00e1t v\u00e0 x\u1eed l\u00fd t\u00ecnh hu\u1ed1ng ph\u00e1t sinh k\u1ecbp th\u1eddi, \u0111i\u1ec1u ch\u1ec9nh \u00e2m thanh, \u00e1nh s\u00e1ng, tr\u00ecnh chi\u1ebfu chuy\u00ean nghi\u1ec7p, cung c\u1ea5p thi\u1ebft b\u1ecb t\u1ed5 ch\u1ee9c h\u1ed9i ngh\u1ecb hi\u1ec7n \u0111\u1ea1i, \u0111\u00e1p \u1ee9ng m\u1ecdi nhu c\u1ea7u t\u1ed5 ch\u1ee9c s\u1ef1 ki\u1ec7n h\u1ed9i ngh\u1ecb t\u1eeb ngo\u1ea1i tuy\u1ebfn \u0111\u1ebfn tr\u1ef1c tuy\u1ebfn.<\/p>\n<p><img class=\"aligncenter\" title=\"to-chuc-hoi-nghi-khach-hang-47\" src=\"http:\/\/solution.com.vn\/upload_images\/images\/2017-b-to-chuc-hoi-nghi-tri-an-khach-hang\/to-chuc-hoi-nghi-khach-hang-47.jpg\" alt=\"to-chuc-hoi-nghi-khach-hang-47\" \/><\/p>\n<p>B\u1eb1ng vi\u1ec7c th\u1ea5u hi\u1ec3u t\u00ednh ch\u1ea5t quan tr\u1ecdng c\u1ee7a s\u1ef1 ki\u1ec7n t\u1ed5 ch\u1ee9c h\u1ed9i ngh\u1ecb &#8211; tri \u00e2n kh\u00e1ch h\u00e0ng, Solution lu\u00f4n t\u01b0 v\u1ea5n c\u00e1c gi\u1ea3i ph\u00e1p \u0111\u1ec3 kh\u00e1ch h\u00e0ng \u0111\u1ea1t \u0111\u01b0\u1ee3c hi\u1ec7u qu\u1ea3 truy\u1ec1n th\u00f4ng, t\u1ed5 ch\u01b0c s\u1ef1 ki\u1ec7n th\u00e0nh c\u00f4ng v\u1edbi chi ph\u00ed h\u1ee3p l\u00fd nh\u1ea5t. V\u1edbi \u0111\u1ed9i ng\u0169 nh\u00e2n s\u1ef1 gi\u00e0u kinh nghi\u1ec7m, tr\u1ebb trung, n\u0103ng \u0111\u1ed9ng v\u00e0 \u0111\u1ea7y s\u00e1ng t\u1ea1o, Solution cam k\u1ebft mang l\u1ea1i cho kh\u00e1ch h\u00e0ng bu\u1ed5i h\u1ed9i ngh\u1ecb &#8211; tri \u00e2n kh\u00e1ch h\u00e0ng \u1ea5n t\u01b0\u1ee3ng v\u00e0 \u0111\u1eb7c s\u1eafc nh\u1ea5t.<\/p>\n<p>N\u1ebfu b\u1ea1n v\u00e0 doanh nghi\u1ec7p \u0111ang t\u00ecm ki\u1ebfm\u00a0\u0111\u01a1n v\u1ecb t\u1ed5 ch\u1ee9c h\u1ed9i ngh\u1ecb, tri \u00e2n kh\u00e1ch h\u00e0ng\u00a0chuy\u00ean nghi\u1ec7p\u00a0xin vui l\u00f2ng li\u00ean h\u1ec7<strong>:<\/strong><\/p>\n","protected":false},"excerpt":{"rendered":"<p>T\u1ed5 ch\u1ee9c H\u1ed9i ngh\u1ecb Kh\u00e1ch h\u00e0ng T\u1ed5 ch\u1ee9c h\u1ed9i ngh\u1ecb- tri \u00e2n kh\u00e1ch h\u00e0ng l\u00e0 d\u1ecbp \u0111\u1ec3 m\u1ed7i doanh nghi\u1ec7p n\u1eafm b\u1eaft nhu c\u1ea7u c\u1ee7a kh\u00e1ch h\u00e0ng, m\u1edf ra c\u01a1 h\u1ed9i h\u1ee3p t\u00e1c l\u00e2u d\u00e0i v\u00e0 ti\u1ebfp c\u1eadn kh\u00e1ch h\u00e0ng ti\u1ec1m n\u0103ng, x\u00e2y d\u1ef1ng v\u00e0 g\u1eafn k\u1ebft c\u00e1c m\u1ed1i quan h\u1ec7 b\u1ec1n v\u1eefng v\u1edbi \u0111\u1ed1i [&#8230;]\n","protected":false},"author":1,"featured_media":0,"parent":67,"menu_order":0,"comment_status":"closed","ping_status":"closed","template":"page-right-sidebar.php","meta":[],"_links":{"self":[{"href":"https:\/\/themex.myonter.com\/event3\/wp-json\/wp\/v2\/pages\/73"}],"collection":[{"href":"https:\/\/themex.myonter.com\/event3\/wp-json\/wp\/v2\/pages"}],"about":[{"href":"https:\/\/themex.myonter.com\/event3\/wp-json\/wp\/v2\/types\/page"}],"author":[{"embeddable":true,"href":"https:\/\/themex.myonter.com\/event3\/wp-json\/wp\/v2\/users\/1"}],"replies":[{"embeddable":true,"href":"https:\/\/themex.myonter.com\/event3\/wp-json\/wp\/v2\/comments?post=73"}],"version-history":[{"count":3,"href":"https:\/\/themex.myonter.com\/event3\/wp-json\/wp\/v2\/pages\/73\/revisions"}],"predecessor-version":[{"id":549,"href":"https:\/\/themex.myonter.com\/event3\/wp-json\/wp\/v2\/pages\/73\/revisions\/549"}],"up":[{"embeddable":true,"href":"https:\/\/themex.myonter.com\/event3\/wp-json\/wp\/v2\/pages\/67"}],"wp:attachment":[{"href":"https:\/\/themex.myonter.com\/event3\/wp-json\/wp\/v2\/media?parent=73"}],"curies":[{"name":"wp","href":"https:\/\/api.w.org\/{rel}","templated":true}]}}