{"id":75,"date":"2017-06-23T13:52:50","date_gmt":"2017-06-23T06:52:50","guid":{"rendered":"http:\/\/giuseart.com\/demo\/event\/?page_id=75"},"modified":"2017-06-24T23:19:32","modified_gmt":"2017-06-24T16:19:32","slug":"to-chuc-le-khoi-cong-dong-tho","status":"publish","type":"page","link":"https:\/\/themex.myonter.com\/event3\/dich-vu-to-chuc-su-kien\/to-chuc-le-khoi-cong-dong-tho\/","title":{"rendered":"T\u1ed5 ch\u1ee9c L\u1ec5 kh\u1edfi c\u00f4ng, \u0111\u1ed9ng th\u1ed5"},"content":{"rendered":"<h2>T\u1ed5 ch\u1ee9c L\u1ec5 kh\u1edfi c\u00f4ng, \u0111\u1ed9ng th\u1ed5<\/h2>\n<p>L\u1ec5 kh\u1edfi c\u00f4ng, \u0111\u1ed9ng th\u1ed5 l\u00e0 m\u1ed9t nghi th\u1ee9c t\u00edn ng\u01b0\u1ee1ng quan tr\u1ecdng trong quan ni\u1ec7m c\u1ee7a ng\u01b0\u1eddi \u00c1 \u0110\u00f4ng. Bu\u1ed5i l\u1ec5\u00a0kh\u1edfi c\u00f4ng, \u0111\u1ed9ng th\u1ed5 c\u0169ng m\u1edf \u0111\u1ea7u cho s\u1ef1 th\u00e0nh c\u00f4ng v\u00e0 ph\u00e1t \u0111\u1ea1t c\u1ee7a c\u00f4ng tr\u00ecnh x\u00e2y d\u1ef1ng.<\/p>\n<p><strong>V\u00ec sao t\u1ed5 ch\u1ee9c l\u1ec5 \u0111\u1ed9ng th\u1ed5 kh\u1edfi c\u00f4ng n\u00ean c\u1ea7n t\u1edbi c\u00e1c c\u00f4ng ty t\u1ed5 ch\u1ee9c s\u1ef1 ki\u1ec7n?<\/strong><\/p>\n<p>Xu\u1ea5t th\u00e2n l\u00e0 nh\u1eefng con ng\u01b0\u1eddi \u00c1 \u0110\u00f4ng n\u00ean t\u00edn ng\u01b0\u1ee1ng l\u00e0 m\u1ed9t ph\u1ea7n kh\u00f4ng th\u1ec3 thi\u1ebfu \u0111\u1ed1i v\u1edbi m\u1ed7i ng\u01b0\u1eddi, b\u1edfi v\u1eady\u00a0l\u1ec5 \u0111\u1ed9ng th\u1ed5\u00a0kh\u1edfi c\u00f4ng mang t\u00ednh ch\u1ea5t r\u1ea5t quan\u00a0 tr\u1ecdng v\u1ec1 t\u00e2m linh, quan ni\u1ec7m \u0111\u00f3 kh\u00f4ng ch\u1ec9 c\u00f3 \u0111\u1ed1i v\u1edbi nh\u1eefng gia \u0111\u00ecnh x\u00e2y c\u1ea5t nh\u00e0 \u1edf m\u00e0 c\u00f2n c\u00f3 c\u1ea3 \u0111\u1ed1i v\u1edbi r\u1ea5t nhi\u1ec1u doanh nghi\u1ec7p. Qua l\u1ec5 kh\u1edfi c\u00f4ng \u0111\u1ed9ng th\u1ed5doanh nghi\u1ec7p c\u00f3 th\u1ec3 k\u00ednh b\u00e1o v\u1edbi th\u1ea7n linh c\u1ea7u mong s\u1ef1 ph\u00f9 tr\u1ee3 v\u00e0 c\u0169ng l\u00e0 d\u1ecbp \u0111\u1ec3 th\u00f4ng b\u00e1o r\u1ed9ng r\u00e3i v\u1edbi m\u1ecdi ng\u01b0\u1eddi c\u00f4ng tr\u00ecnh b\u1eaft \u0111\u1ea7u \u0111\u01b0\u1ee3c x\u00e2y d\u1ef1ng.<\/p>\n<p>V\u1edbi x\u00e3 h\u1ed9i ph\u00e1t tri\u1ec3n nh\u01b0 hi\u1ec7n nay ng\u00e0y c\u00e0ng c\u00f3 nhi\u1ec1u c\u00f4ng tr\u00ecnh \u0111\u01b0\u1ee3c x\u00e2y d\u1ef1ng nh\u01b0 chung c\u01b0, giao th\u00f4ng, b\u1ec7nh vi\u1ec7n,\u2026 ch\u00ednh v\u00ec th\u1ebf\u00a0l\u1ec5 kh\u1edfi c\u00f4ng\u00a0c\u00e0ng \u0111\u01b0\u1ee3c \u0111\u00e1nh gi\u00e1 l\u00e0 m\u1ed9t giai \u0111o\u1ea1n quan tr\u1ecdng \u0111\u00f2i h\u1ecfi t\u00ednh chuy\u00ean nghi\u1ec7p v\u00e0 s\u1ef1 th\u00e0nh c\u00f4ng c\u1ee7a bu\u1ed5i l\u1ec5.<\/p>\n<p><img title=\"nhan-su-le-dong-tho-khoi-cong\" src=\"http:\/\/solution.com.vn\/upload_images\/images\/2017-To-chuc-le-khoi-cong-dong-tho\/nhan-su-le-dong-tho-khoi-cong.jpg\" alt=\"nhan-su-le-dong-tho-khoi-cong\" \/><\/p>\n<p><em>\u0110\u1ed9i ng\u0169 nh\u00e2n s\u1ef1 chuy\u00ean nghi\u1ec7p cho l\u1ec5 kh\u1edfi c\u00f4ng D\u1ef1 \u00e1n m\u1edf r\u1ed9ng kho ph\u1ee5 t\u00f9ng Honda<\/em><\/p>\n<p><strong>L\u1ec5 \u0111\u1ed9ng th\u1ed5\u00a0kh\u1edfi c\u00f4ng<\/strong> l\u00e0 s\u1ef1 ki\u1ec7n quan tr\u1ecdng \u0111\u00e1nh d\u1ea5u b\u01b0\u1edbc kh\u1edfi \u0111\u1ea7u cho c\u00f4ng vi\u1ec7c x\u00e2y d\u1ef1ng m\u1ed9t c\u00f4ng tr\u00ecnh n\u00ean \u0111\u01b0\u1ee3c c\u00e1c c\u00f4ng ty \u0111\u1eb7c bi\u1ec7t coi tr\u1ecdng. Hi\u1ec3u \u0111\u01b0\u1ee3c nhu c\u1ea7u th\u1ef1c t\u1ebf \u0111\u00f3, C\u00f4ng ty CP Qu\u1ea3ng c\u00e1o Gi\u1ea3i Ph\u00e1p Vi\u1ec7t Nam (Solution) chuy\u00ean cung c\u1ea5p d\u1ecbch v\u1ee5 t\u1ed5 ch\u1ee9c l\u1ec5 kh\u1edfi c\u00f4ng \u0111\u00f4ng th\u1ed5 m\u1ed9t c\u00e1ch t\u1ec9 m\u1ec9 trong t\u1eebng kh\u00e2u. Ch\u00fang t\u00f4i s\u1ebd l\u00ean k\u1ebf ho\u1ea1ch chi ti\u1ebft cho bu\u1ed5i l\u1ec5, cung c\u1ea5p trang thi\u1ebft b\u1ecb c\u1ea7n thi\u1ebft cho bu\u1ed5i l\u1ec5 nh\u01b0 nh\u00e0 b\u1ea1t kh\u00f4ng gian, s\u00e2n kh\u1ea5u, b\u1ee5c x\u00fac c\u00e1t&#8230; cung c\u1ea5p nh\u00e2n s\u1ef1 \u0111\u1ea3m b\u1ea3o cho bu\u1ed5i l\u1ec5 di\u1ec5n ra th\u00e0nh c\u00f4ng.<\/p>\n<p>Solution v\u1edbi h\u01a1n 10 n\u0103m trong l\u0129nh v\u1ef1c t\u1ed5 ch\u1ee9c s\u1ef1 ki\u1ec7n, \u0111\u00e3 t\u1ed5 ch\u1ee9c l\u1ec5 \u0111\u1ed9ng th\u1ed5, kh\u1edfi c\u00f4ng c\u00e1c nh\u00e0 m\u00e1y, c\u1ea7u \u0111\u01b0\u1eddng, nh\u00e0 \u1edf, \u0111\u1ed9ng th\u1ed5 khu d\u00e2n c\u01b0, khu ch\u1ebf xu\u1ea5t, khu c\u00f4ng nghi\u1ec7p v\u00e0 b\u1ec7nh vi\u1ec7n. Ngo\u00e0i ra, Solution c\u00f2n l\u00ean c\u00e1c s\u1ef1 ki\u1ec7n t\u1ed5 ch\u1ee9c l\u1ec5 khai tr\u01b0\u01a1ng, kh\u00e1nh th\u00e0nh,<strong>\u00a0<\/strong>t\u1ed5 ch\u1ee9c l\u1ec5 ra m\u1eaft, gi\u1edbi thi\u1ec7u s\u1ea3n ph\u1ea9m, d\u1ecbch v\u1ee5 m\u1edbi.<\/p>\n<p><strong>\u0110\u1ebfn v\u1edbi Solution b\u1ea1n s\u1ebd \u0111\u01b0\u1ee3c:<\/strong><\/p>\n<p>&#8211; Cung c\u1ea5p \u00fd t\u01b0\u1edfng, quy tr\u00ecnh, \u0111\u1ea1o di\u1ec5n, d\u00e0n d\u1ef1ng, thi\u1ebft k\u1ebf kh\u1edfi c\u00f4ng \u0111\u1ed9ng th\u1ed5<\/p>\n<p>&#8211; L\u1eadp k\u1ebf hoach cho bu\u1ed5i l\u1ec5 m\u1ed9t c\u00e1ch t\u1ec9 m\u1ec9 v\u00e0 ho\u00e0n h\u1ea3o, ti\u1ebft ki\u1ec7m chi ph\u00ed<\/p>\n<p>&#8211; Cho thu\u00ea\u00a0thi\u1ebft b\u1ecb t\u1ed5 ch\u1ee9c kh\u1edfi c\u00f4ng \u0111\u1ed9ng th\u1ed5, h\u1ec7 th\u1ed1ng \u00e2m thanh chuy\u00ean nghi\u1ec7p<\/p>\n<p>&#8211; Cung c\u1ea5p nh\u00e2n vi\u00ean t\u1ed5 ch\u1ee9c, ph\u1ee5c v\u1ee5 l\u1ec5 kh\u1edfi c\u00f4ng \u0111\u1ed9ng th\u1ed5 chuy\u00ean nghi\u1ec7p<\/p>\n<p>&nbsp;<\/p>\n<p><img title=\"le-dng-tho-honda-2\" src=\"http:\/\/solution.com.vn\/upload_images\/images\/2017-To-chuc-le-khoi-cong-dong-tho\/Honda\/le-dng-tho-honda-2.jpg\" alt=\"le-dng-tho-honda-2\" \/><\/p>\n<p><em>L\u1ec5 kh\u1edfi c\u00f4ng d\u1ef1 \u00e1n m\u1edf r\u1ed9ng kho ph\u1ee5 t\u00f9ng Honda do Solution t\u1ed5 ch\u1ee9c<\/em><\/p>\n<p>C\u00f4ng ty CP qu\u1ea3ng c\u00e1o gi\u1ea3i ph\u00e1p Vi\u1ec7t Nam Solution cung c\u1ea5p d\u1ecbch v\u1ee5 t\u1ed5 ch\u1ee9c\u00a0l\u1ec5 \u0111\u1ed9ng th\u1ed5 kh\u1edfi c\u00f4ng\u00a0x\u00e2y d\u1ef1ng chuy\u00ean nghi\u1ec7p, uy t\u00edn b\u1edfi ch\u00fang t\u00f4i hi\u1ec3u <strong>\u201cChuy\u00ean nghi\u1ec7p \u0111\u1ec3 kh\u00e1ch h\u00e0ng h\u00e0i l\u00f2ng, uy t\u00edn \u0111\u1ec3 kh\u00e1ch h\u00e0ng tin t\u01b0\u1edfng\u201d<\/strong>. N\u1ebfu b\u1ea1n \u0111ang c\u00f3 nhu c\u1ea7u t\u00ecm ki\u1ebfm \u0111\u01a1n v\u1ecb t\u1ed5 ch\u1ee9c\u00a0l\u1ec5 \u0111\u1ed9ng th\u1ed5 kh\u1edfi c\u00f4ng\u00a0chuy\u00ean nghi\u1ec7p h\u00e3y li\u00ean h\u1ec7 v\u1edbi ch\u00fang t\u00f4i<\/p>\n","protected":false},"excerpt":{"rendered":"<p>T\u1ed5 ch\u1ee9c L\u1ec5 kh\u1edfi c\u00f4ng, \u0111\u1ed9ng th\u1ed5 L\u1ec5 kh\u1edfi c\u00f4ng, \u0111\u1ed9ng th\u1ed5 l\u00e0 m\u1ed9t nghi th\u1ee9c t\u00edn ng\u01b0\u1ee1ng quan tr\u1ecdng trong quan ni\u1ec7m c\u1ee7a ng\u01b0\u1eddi \u00c1 \u0110\u00f4ng. Bu\u1ed5i l\u1ec5\u00a0kh\u1edfi c\u00f4ng, \u0111\u1ed9ng th\u1ed5 c\u0169ng m\u1edf \u0111\u1ea7u cho s\u1ef1 th\u00e0nh c\u00f4ng v\u00e0 ph\u00e1t \u0111\u1ea1t c\u1ee7a c\u00f4ng tr\u00ecnh x\u00e2y d\u1ef1ng. V\u00ec sao t\u1ed5 ch\u1ee9c l\u1ec5 \u0111\u1ed9ng th\u1ed5 kh\u1edfi [&#8230;]\n","protected":false},"author":1,"featured_media":0,"parent":67,"menu_order":0,"comment_status":"closed","ping_status":"closed","template":"page-right-sidebar.php","meta":[],"_links":{"self":[{"href":"https:\/\/themex.myonter.com\/event3\/wp-json\/wp\/v2\/pages\/75"}],"collection":[{"href":"https:\/\/themex.myonter.com\/event3\/wp-json\/wp\/v2\/pages"}],"about":[{"href":"https:\/\/themex.myonter.com\/event3\/wp-json\/wp\/v2\/types\/page"}],"author":[{"embeddable":true,"href":"https:\/\/themex.myonter.com\/event3\/wp-json\/wp\/v2\/users\/1"}],"replies":[{"embeddable":true,"href":"https:\/\/themex.myonter.com\/event3\/wp-json\/wp\/v2\/comments?post=75"}],"version-history":[{"count":3,"href":"https:\/\/themex.myonter.com\/event3\/wp-json\/wp\/v2\/pages\/75\/revisions"}],"predecessor-version":[{"id":547,"href":"https:\/\/themex.myonter.com\/event3\/wp-json\/wp\/v2\/pages\/75\/revisions\/547"}],"up":[{"embeddable":true,"href":"https:\/\/themex.myonter.com\/event3\/wp-json\/wp\/v2\/pages\/67"}],"wp:attachment":[{"href":"https:\/\/themex.myonter.com\/event3\/wp-json\/wp\/v2\/media?parent=75"}],"curies":[{"name":"wp","href":"https:\/\/api.w.org\/{rel}","templated":true}]}}