{"id":81,"date":"2017-06-23T13:53:41","date_gmt":"2017-06-23T06:53:41","guid":{"rendered":"http:\/\/giuseart.com\/demo\/event\/?page_id=81"},"modified":"2017-06-24T23:13:52","modified_gmt":"2017-06-24T16:13:52","slug":"to-chuc-le-ky-niem-thanh-lap","status":"publish","type":"page","link":"https:\/\/themex.myonter.com\/event3\/dich-vu-to-chuc-su-kien\/to-chuc-le-ky-niem-thanh-lap\/","title":{"rendered":"T\u1ed5 ch\u1ee9c L\u1ec5 k\u1ef7 ni\u1ec7m th\u00e0nh l\u1eadp"},"content":{"rendered":"<h2 class=\"title\">T\u1ed4 CH\u1ee8C L\u1ec4 K\u1ef6 NI\u1ec6M TH\u00c0NH L\u1eacP C\u00d4NG TY<\/h2>\n<div class=\"cat-title\">\n<p><strong>L\u1ec5 k\u1ef7 ni\u1ec7m th\u00e0nh l\u1eadp c\u00f4ng ty<\/strong> l\u00e0 d\u1ea5u m\u1ed1c quan tr\u1ecdng \u0111\u1ec3 doanh nghi\u1ec7p nh\u00ecn l\u1ea1i ch\u1eb7ng \u0111\u01b0\u1eddng ph\u00e1t tri\u1ec3n, \u0111\u00e1nh gi\u00e1 nh\u1eefng th\u00e0nh t\u00edch \u0111\u00e3 \u0111\u1ea1t \u0111\u01b0\u1ee3c sau m\u1ed9t qu\u00e1 tr\u00ecnh n\u1ed7 l\u1ef1c.<\/p>\n<p>T\u1ed5 ch\u1ee9c l\u1ec5 k\u1ef7 ni\u1ec7m th\u00e0nh l\u1eadp c\u00f4ng ty th\u00e0nh c\u00f4ng s\u1ebd t\u1ea1o c\u01a1 h\u1ed9i \u0111\u1ec3 m\u1edf r\u1ed9ng m\u1ed1i quan h\u1ec7 v\u1edbi \u0111\u1ed1i t\u00e1c, gi\u00fap c\u00f4ng ty ti\u1ebfp c\u1eadn \u0111\u01b0\u1ee3c nhi\u1ec1u kh\u00e1ch h\u00e0ng ti\u1ec1m n\u0103ng, n\u00e2ng cao h\u00ecnh \u1ea3nh nh\u1eadn di\u1ec7n th\u01b0\u01a1ng hi\u1ec7u t\u1edbi kh\u00e1ch h\u00e0ng.\u200b<img src=\"http:\/\/solution.com.vn\/upload_images\/images\/to-chuc-tat-nien-gap-mat-cuoi-nam-2015-1.jpg\" alt=\"T\u1ed5 ch\u1ee9c sinh nh\u1eadt th\u00e0nh l\u1eadp c\u00f4ng ty\" \/><\/p>\n<p><strong>Nhi\u1ec1u kh\u00f3 kh\u0103n g\u1eb7p ph\u1ea3i khi t\u1ef1 t\u1ed5 ch\u1ee9c l\u1ec5 k\u1ef7 ni\u00eam th\u00e0nh l\u1eadp c\u00f4ng ty<\/strong><\/p>\n<p>&#8211; K\u1ecbch b\u1ea3n ch\u01b0\u01a1ng tr\u00ecnh s\u01a1 s\u00e0i, quen thu\u1ed9c, thi\u1ebfu y\u1ebfu t\u1ed1 m\u1edbi l\u1ea1, s\u00e1ng t\u1ea1o, h\u1ea5p d\u1eabn<\/p>\n<p>&#8211; \u0110\u1ecba \u0111i\u1ec3m t\u1ed5 ch\u1ee9c \u0111\u01b0\u1ee3c l\u1ef1a ch\u1ecdn kh\u00f4ng ph\u00f9 h\u1ee3p v\u1edbi quy m\u00f4 v\u00e0 m\u1ee5c \u0111\u00edch s\u1ef1 ki\u1ec7n<\/p>\n<p>&#8211; Nh\u00e2n s\u1ef1 ph\u1ee5c v\u1ee5 l\u1ec5 k\u1ef7 ni\u1ec7m thi\u1ebfu kinh nghi\u1ec7m, kh\u00f3 kh\u0103n khi gi\u1ea3i quy\u1ebft c\u00e1c t\u00ecnh hu\u1ed1ng s\u1ef1 c\u1ed1 b\u1ea5t ng\u1edd.<\/p>\n<p>&#8211; Ph\u00e1t sinh nhi\u1ec1u chi ph\u00ed ph\u1ee5 th\u00eam<\/p>\n<p><img src=\"http:\/\/solution.com.vn\/upload_images\/images\/lap-dat-am-thanh-su-kien-toc-toni-hieu-002.jpg\" alt=\"\" \/>Solution l\u00e0 c\u00f4ng ty chuy\u00ean t\u1ed5 ch\u1ee9c s\u1ef1 ki\u1ec7n v\u1edbi h\u01a1n 10 n\u0103m kinh nghi\u1ec7m \u0111\u00e3 t\u1ea1o \u0111\u01b0\u1ee3c uy t\u00edn tr\u00ean th\u1ecb tr\u01b0\u1eddng, chuy\u00ean cung c\u1ea5p d\u1ecbch v\u1ee5\u00a0t\u1ed5 ch\u1ee9c s\u1ef1 ki\u1ec7n\u00a0l\u1ec5 k\u1ef7 ni\u1ec7m th\u00e0nh l\u1eadp m\u1ed9t c\u00e1ch chuy\u00ean nghi\u1ec7p, c\u00f3 b\u00e0i b\u1ea3n v\u1edbi chi ph\u00ed h\u1ee3p l\u00fd.<\/p>\n<p>\u0110\u1ebfn v\u1edbi Solution, kh\u00e1ch h\u00e0ng s\u1ebd ho\u00e0n to\u00e0n y\u00ean t\u00e2m v\u1edbi quy tr\u00ecnh t\u1ed5 ch\u1ee9c s\u1ef1 ki\u1ec7n b\u00e0i b\u1ea3n g\u1ed3m nhi\u1ec1u b\u01b0\u1edbc c\u1ee5 th\u1ec3:<\/p>\n<p>&#8211; L\u00ean k\u1ebf ho\u1ea1ch, k\u1ecbch b\u1ea3n ch\u01b0\u01a1ng tr\u00ecnh<\/p>\n<p>&#8211; L\u1ef1a ch\u1ecdn th\u1eddi gian, \u0111\u1ecba \u0111i\u1ec3m t\u1ed5 ch\u1ee9c, th\u00e0nh l\u1eadp ekip l\u00e0m vi\u1ec7c<\/p>\n<p>&#8211; Cung c\u1ea5p thi\u1ebft b\u1ecb t\u1ed5 ch\u1ee9c s\u1ef1 ki\u1ec7n chuy\u00ean nghi\u1ec7p (thi\u1ebft b\u1ecb \u00e2m thanh, \u00e1nh s\u00e1ng, m\u00e1y chi\u1ebfu, m\u00e0n chi\u1ebfu, b\u00e0n gh\u1ebf, thi\u1ebft k\u1ebf s\u00e2n kh\u1ea5u,, thi\u1ebft k\u1ebf, in \u1ea5n ph\u00f4ng b\u1ea1t\u2026)<\/p>\n<p>&#8211; Cung c\u1ea5p nh\u00e2n s\u1ef1 s\u1ef1 ki\u1ec7n(PG, PB, ng\u01b0\u1eddi m\u1eabu s\u1ea3n ph\u1ea9m, MC, Ca S\u0129, Nh\u00f3m nh\u1ea3y, Nh\u00f3m m\u00faa, L\u1ec5 t\u00e2n\u2026)..<\/p>\n<p>&#8211; Duy\u1ec7t ch\u01b0\u01a1ng tr\u00ecnh v\u00e0 tri\u1ec3n khai theo k\u1ebf ho\u1ea1ch.<\/p>\n<\/div>\n","protected":false},"excerpt":{"rendered":"<p>T\u1ed4 CH\u1ee8C L\u1ec4 K\u1ef6 NI\u1ec6M TH\u00c0NH L\u1eacP C\u00d4NG TY L\u1ec5 k\u1ef7 ni\u1ec7m th\u00e0nh l\u1eadp c\u00f4ng ty l\u00e0 d\u1ea5u m\u1ed1c quan tr\u1ecdng \u0111\u1ec3 doanh nghi\u1ec7p nh\u00ecn l\u1ea1i ch\u1eb7ng \u0111\u01b0\u1eddng ph\u00e1t tri\u1ec3n, \u0111\u00e1nh gi\u00e1 nh\u1eefng th\u00e0nh t\u00edch \u0111\u00e3 \u0111\u1ea1t \u0111\u01b0\u1ee3c sau m\u1ed9t qu\u00e1 tr\u00ecnh n\u1ed7 l\u1ef1c. T\u1ed5 ch\u1ee9c l\u1ec5 k\u1ef7 ni\u1ec7m th\u00e0nh l\u1eadp c\u00f4ng ty th\u00e0nh c\u00f4ng [&#8230;]\n","protected":false},"author":1,"featured_media":0,"parent":67,"menu_order":0,"comment_status":"closed","ping_status":"closed","template":"page-right-sidebar.php","meta":[],"_links":{"self":[{"href":"https:\/\/themex.myonter.com\/event3\/wp-json\/wp\/v2\/pages\/81"}],"collection":[{"href":"https:\/\/themex.myonter.com\/event3\/wp-json\/wp\/v2\/pages"}],"about":[{"href":"https:\/\/themex.myonter.com\/event3\/wp-json\/wp\/v2\/types\/page"}],"author":[{"embeddable":true,"href":"https:\/\/themex.myonter.com\/event3\/wp-json\/wp\/v2\/users\/1"}],"replies":[{"embeddable":true,"href":"https:\/\/themex.myonter.com\/event3\/wp-json\/wp\/v2\/comments?post=81"}],"version-history":[{"count":2,"href":"https:\/\/themex.myonter.com\/event3\/wp-json\/wp\/v2\/pages\/81\/revisions"}],"predecessor-version":[{"id":541,"href":"https:\/\/themex.myonter.com\/event3\/wp-json\/wp\/v2\/pages\/81\/revisions\/541"}],"up":[{"embeddable":true,"href":"https:\/\/themex.myonter.com\/event3\/wp-json\/wp\/v2\/pages\/67"}],"wp:attachment":[{"href":"https:\/\/themex.myonter.com\/event3\/wp-json\/wp\/v2\/media?parent=81"}],"curies":[{"name":"wp","href":"https:\/\/api.w.org\/{rel}","templated":true}]}}