{"id":85,"date":"2017-06-23T13:54:12","date_gmt":"2017-06-23T06:54:12","guid":{"rendered":"http:\/\/giuseart.com\/demo\/event\/?page_id=85"},"modified":"2017-06-24T23:11:17","modified_gmt":"2017-06-24T16:11:17","slug":"to-chuc-su-kien-trung-thu","status":"publish","type":"page","link":"https:\/\/themex.myonter.com\/event3\/dich-vu-to-chuc-su-kien\/to-chuc-su-kien-trung-thu\/","title":{"rendered":"T\u1ed5 ch\u1ee9c s\u1ef1 ki\u1ec7n trung thu"},"content":{"rendered":"<h2>T\u1ed5 ch\u1ee9c s\u1ef1 ki\u1ec7n trung thu<\/h2>\n<p>&#8211; T\u1ebft Trung Thu \u0111\u1ebfn v\u00e0o r\u1eb1m th\u00e1ng T\u00e1m, \u0111ang gi\u1eefa \u0111\u1ed9 m\u00f9a thu, m\u00f9a m\u00e1t m\u1ebb v\u00e0 \u0111\u1eb9p nh\u1ea5t trong n\u0103m, l\u00e0 d\u1ecbp \u0111\u1ec3 m\u1ecdi ng\u01b0\u1eddi \u0111o\u00e0n t\u1ee5, sum v\u1ea7y b\u00ean ng\u01b0\u1eddi th\u00e2n, b\u00e0y t\u1ecf v\u00e0 th\u1ec3 hi\u1ec7n s\u1ef1 quan t\u00e2m l\u1eabn nhau.<\/p>\n<p>&#8211; T\u1ebft Trung thu gi\u1edd \u0111\u00e2y \u0111\u00e3 tr\u1edf th\u00e0nh ng\u00e0y h\u1ed9i v\u1edbi m\u1ecdi gia \u0111\u00ecnh, nh\u1ea5t l\u00e0 tr\u1ebb em. N\u1ebfu nh\u01b0 tr\u01b0\u1edbc kia, nh\u1eefng tr\u00f2 ch\u01a1i d\u00e2n gian, nh\u1eefng chi\u1ebfc b\u00e1nh d\u1ebbo b\u00e1nh n\u01b0\u1edbng ch\u00ednh l\u00e0 linh h\u1ed3n c\u1ee7a ti\u1ec7c tr\u0103ng r\u1eb1m th\u00ec th\u1eddi gian tr\u00f4i qua ngo\u00e0i n\u00e9t v\u0103n h\u00f3a truy\u1ec1n th\u1ed1ng \u1ea5y, ch\u01b0\u01a1ng tr\u00ecnh t\u1ebft trung thu \u0111\u00e3 \u0111\u01b0\u1ee3c m\u1edf r\u1ed9ng ra nhi\u1ec1u th\u1ec3 lo\u1ea1i \u0111\u1ed9c \u0111\u00e1o v\u00e0 h\u1ea5p d\u1eabn.<\/p>\n<p>&#8211; V\u1edbi h\u01a1n m\u01b0\u1eddi n\u0103m kinh nghi\u1ec7m t\u1ed5 ch\u1ee9c ch\u01b0\u01a1ng tr\u00ecnh trung thu c\u00f9ng s\u1ef1 chuy\u00ean nghi\u1ec7p, t\u1eadn t\u00e2m, FLYPRO \u0111\u1ea3m b\u1ea3o d\u1ecbch v\u1ee5 t\u1ed5 ch\u1ee9c t\u1ebft trung thu s\u1ebd mang l\u1ea1i cho qu\u00fd kh\u00e1ch h\u00e0ng m\u1ed9t m\u00f9a trung thu \u0111\u1ea7y m\u1edbi l\u1ea1, s\u00e1ng t\u1ea1o tuy\u1ec7t v\u1eddi v\u00e0 tr\u00e0n \u0111\u1ea7y \u00fd ngh\u0129a. Ch\u00fang t\u00f4i cung c\u1ea5p t\u1ea5t c\u1ea3 c\u00e1c d\u1ecbch v\u1ee5 trong ng\u00e0y l\u1ec5 \u0111\u1eb7c bi\u1ec7t n\u00e0y nh\u01b0 d\u1ecbch v\u1ee5 m\u00faa l\u00e2n trung thu, mc tet trung thu, ch\u00fa cu\u1ed9i, ch\u1ecb H\u1eb1ng,dj trung thu,t\u01b0 v\u1ea5n k\u1ecbch b\u1ea3n, l\u00ean k\u1ebf ho\u1ea1ch t\u1ed5 ch\u1ee9c, \u00e2m thanh, \u00e1nh s\u00e1ng, t\u1ed5 ch\u1ee9c c\u00e1c tr\u00f2 ch\u01a1i trung thu&#8230;<\/p>\n<p><img loading=\"lazy\" class=\"aligncenter\" title=\"5.jpg\" src=\"http:\/\/www.flypro.vn\/hsc_content\/hsc_up_dinhkem\/1466677574.jpg\" alt=\"t\u1ed5 ch\u1ee9c trung thu\" width=\"600\" height=\"400\" \/><\/p>\n<p><img loading=\"lazy\" class=\"aligncenter\" title=\"29.jpg\" src=\"http:\/\/www.flypro.vn\/hsc_content\/hsc_up_dinhkem\/1466700610.jpg\" alt=\"t\u1ed5 ch\u1ee9c trung thu\" width=\"600\" height=\"400\" \/><\/p>\n<hr \/>\n<p><strong>T\u1ed4 CH\u1ee8C TRUNG THU TR\u1eccN G\u00d3I<\/strong><\/p>\n<p>&#8211; Ch\u01b0\u01a1ng tr\u00ecnh trung thu s\u1ebd \u0111\u01b0\u1ee3c trau chu\u1ed1t m\u1ecdi th\u1ee9 t\u1eeb kh\u00e2u l\u00ean \u00fd t\u01b0\u1edfng, vi\u1ebft k\u1ecbch b\u1ea3n v\u00e0 th\u1ef1c hi\u1ec7n ch\u01b0\u01a1ng tr\u00ecnh.<\/p>\n<p>&#8211; C\u00e1c b\u00e9 s\u1ebd v\u00f4 c\u00f9ng h\u00e0o h\u1ee9ng v\u1edbi s\u1ef1 d\u1eabn d\u1eaft c\u1ee7a Ch\u1ecb H\u1eb1ng, Ch\u00fa Cu\u1ed9i l\u00e0 nh\u1eefng nh\u00e2n v\u1eadt v\u00f4 c\u00f9ng quen thu\u1ed9c, g\u1eafn li\u1ec1n v\u1edbi h\u00ecnh \u1ea3nh ng\u00e0y t\u1ebft Trung thu. C\u00e1c ti\u1ebfc m\u1ee5c m\u00faa l\u00e2n s\u01b0 r\u1ed3ng ho\u00e0nh tr\u00e1ng, ca h\u00e1t ngh\u1ec7 thu\u1eadt, xi\u1ebfc, \u1ea3o thu\u1eadt c\u1ee7a c\u00e1c ngh\u1ec7 s\u1ef9 chuy\u00ean nghi\u1ec7p, s\u00e2n kh\u1ea5u \u00e2m thanh \u00e1nh s\u00e1ng \u0111\u1eb7c s\u1eafc \u0111\u01b0\u1ee3c thi\u1ebft k\u1ebf d\u00e0nh ri\u00eang cho \u0111\u00eam h\u1ed9i tr\u0103ng r\u1eb1m ch\u1eafc ch\u1eafn s\u1ebd mang t\u1edbi cho c\u00e1c em nh\u1eefng b\u1ea5t ng\u1edd th\u00fa v\u1ecb.<\/p>\n<p>&#8211; Ngo\u00e0i ra c\u00f2n c\u00f3 c\u00e1c tr\u00f2 ch\u01a1i truy\u1ec1n th\u1ed1ng l\u00e0nh m\u1ea1nh b\u1ed5 \u00edch, gi\u00fap c\u00e1c em thi\u1ebfu nhi \u0111\u01b0\u1ee3c vui ch\u01a1i tho\u1ea3i m\u00e1i.<\/p>\n","protected":false},"excerpt":{"rendered":"<p>T\u1ed5 ch\u1ee9c s\u1ef1 ki\u1ec7n trung thu &#8211; T\u1ebft Trung Thu \u0111\u1ebfn v\u00e0o r\u1eb1m th\u00e1ng T\u00e1m, \u0111ang gi\u1eefa \u0111\u1ed9 m\u00f9a thu, m\u00f9a m\u00e1t m\u1ebb v\u00e0 \u0111\u1eb9p nh\u1ea5t trong n\u0103m, l\u00e0 d\u1ecbp \u0111\u1ec3 m\u1ecdi ng\u01b0\u1eddi \u0111o\u00e0n t\u1ee5, sum v\u1ea7y b\u00ean ng\u01b0\u1eddi th\u00e2n, b\u00e0y t\u1ecf v\u00e0 th\u1ec3 hi\u1ec7n s\u1ef1 quan t\u00e2m l\u1eabn nhau. &#8211; T\u1ebft Trung thu gi\u1edd [&#8230;]\n","protected":false},"author":1,"featured_media":0,"parent":67,"menu_order":0,"comment_status":"closed","ping_status":"closed","template":"page-right-sidebar.php","meta":[],"_links":{"self":[{"href":"https:\/\/themex.myonter.com\/event3\/wp-json\/wp\/v2\/pages\/85"}],"collection":[{"href":"https:\/\/themex.myonter.com\/event3\/wp-json\/wp\/v2\/pages"}],"about":[{"href":"https:\/\/themex.myonter.com\/event3\/wp-json\/wp\/v2\/types\/page"}],"author":[{"embeddable":true,"href":"https:\/\/themex.myonter.com\/event3\/wp-json\/wp\/v2\/users\/1"}],"replies":[{"embeddable":true,"href":"https:\/\/themex.myonter.com\/event3\/wp-json\/wp\/v2\/comments?post=85"}],"version-history":[{"count":3,"href":"https:\/\/themex.myonter.com\/event3\/wp-json\/wp\/v2\/pages\/85\/revisions"}],"predecessor-version":[{"id":539,"href":"https:\/\/themex.myonter.com\/event3\/wp-json\/wp\/v2\/pages\/85\/revisions\/539"}],"up":[{"embeddable":true,"href":"https:\/\/themex.myonter.com\/event3\/wp-json\/wp\/v2\/pages\/67"}],"wp:attachment":[{"href":"https:\/\/themex.myonter.com\/event3\/wp-json\/wp\/v2\/media?parent=85"}],"curies":[{"name":"wp","href":"https:\/\/api.w.org\/{rel}","templated":true}]}}