{"id":39,"date":"2019-03-30T17:18:10","date_gmt":"2019-03-30T10:18:10","guid":{"rendered":"https:\/\/tppone.com\/demo\/gioithieucongty3\/?page_id=39"},"modified":"2019-03-31T00:10:30","modified_gmt":"2019-03-30T17:10:30","slug":"tong-quan-cong-ty","status":"publish","type":"page","link":"https:\/\/themex.myonter.com\/gioithieucongty3\/tong-quan-cong-ty\/","title":{"rendered":"T\u1ed5ng quan c\u00f4ng ty"},"content":{"rendered":"<p><strong>D\u01b0\u1edbi \u0111\u00e2y l\u00e0 m\u1ed9t s\u1ed1 m\u1eabu website gi\u1edbi thi\u1ec7u s\u1ea3n ph\u1ea9m m\u00e0 m\u00ecnh \u0111\u00e3 th\u1ef1c hi\u1ec7n:<\/strong><\/p>\n<p>+ Website gi\u1edbi thi\u1ec7u Trung t\u00e2m N\u0103ng khi\u1ebfu Thi\u1ebfu Nhi:\u00a0<a href=\"http:\/\/pianocenter.www.onter.vn\/\">www.pianocenter.www.onter.vn<\/a><\/p>\n<p>+ Website gi\u1edbi thi\u1ec7u d\u1ecbch v\u1ee5 thi\u1ebft k\u1ebf \u2013 in \u1ea5n chuy\u00ean nghi\u1ec7p:\u00a0<a href=\"http:\/\/print2.www.onter.vn\/\">www.print2.www.onter.vn<\/a><\/p>\n<p>+ Website gi\u1edbi thi\u1ec7u nh\u00e0 h\u00e0ng n\u01b0\u1edbng BBQ:\u00a0<a href=\"http:\/\/bbq.www.onter.vn\/\">www.bbq.www.onter.vn<\/a><\/p>\n<p>+ Website gi\u1edbi thi\u1ec7u c\u00f4ng ty thi\u1ebft k\u1ebf \u2013 thi c\u00f4ng n\u1ed9i th\u1ea5t:\u00a0<a href=\"http:\/\/noithat2.www.onter.vn\/\">www.noithat2.www.onter.vn<\/a><\/p>\n<p>+ Website gi\u1edbi thi\u1ec7u Digital Marketing Agency:\u00a0<a href=\"http:\/\/marketing.www.onter.vn\/\">www.marketing.www.onter.vn<\/a><\/p>\n<p>+ Website C\u00f4ng ty S\u00e2m Ng\u1ecdc Linh:\u00a0<a href=\"http:\/\/samngoclinh.www.onter.vn\/\">www.samngoclinh.www.onter.vn<\/a><\/p>\n<p>+ Websie C\u00f4ng ty T\u1ed5 ch\u1ee9c s\u1ef1 ki\u1ec7n:\u00a0<a href=\"http:\/\/event2.www.onter.vn\/\">www.event.www.onter.vn<\/a><\/p>\n<p>+ Website Trung t\u00e2m s\u1eeda ch\u1eefa Iphone, thay m\u1eb7t k\u00ednh iphone:\u00a0<a href=\"http:\/\/ifix.www.onter.vn\/\">www.ifix.www.onter.vn<\/a><\/p>\n<p>+ Website X\u01b0\u1edfng in phun kh\u1ed5 l\u1edbn:\u00a0<a href=\"http:\/\/www.inbat.www.onter.vn\/\">www.inbat.www.onter.vn<\/a><\/p>\n<p>+ Website Trung t\u00e2m Ngh\u1ec7 thu\u1eadt Thi\u1ebfu Nhi:\u00a0<a href=\"http:\/\/www.edu.www.onter.vn\/\">www.edu.www.onter.vn<\/a><\/p>\n<p>+ Website Trung t\u00e2m N\u0103ng khi\u1ebfu Thi\u1ebfu Nhi:\u00a0<a href=\"http:\/\/art.www.onter.vn\/\">www.art.www.onter.vn<\/a><\/p>\n<p>+ Website b\u1ea5m huy\u1ec7n b\u00e0n ch\u00e2n:\u00a0<a href=\"http:\/\/bamhuyetbanchan.com\/\">www.bamhuyetbanchan.com\/<\/a><\/p>\n<p>+ Website gi\u1edbi thi\u1ec7u C\u00f4ng ty Ki\u1ebfn tr\u00fac:\u00a0<a href=\"http:\/\/arc.www.onter.vn\/\">www.arc.www.onter.vn<\/a><\/p>\n<p>+ Website Vi\u1ec7n th\u1ea9m m\u1ef9 Da &amp; Nha khoa:\u00a0<a href=\"http:\/\/www.vivaclinic.www.onter.vn\/\">www.vivaclinic.www.onter.vn<\/a><\/p>\n<p>+ Website Spa, th\u1ea9m m\u1ef9:<a href=\"http:\/\/spa.www.onter.vn\/\">\u00a0www.spa.www.onter.vn<\/a><\/p>\n<p>+ Website 2 ng\u00f4n ng\u1eef v\u1ec1 Thi\u1ebft b\u1ecb y t\u1ebf:\u00a0<a href=\"http:\/\/www.thietbiyte.www.onter.vn\/\">www.thietbiyte.www.onter.vn<\/a><\/p>\n<p>+ Website 2 ng\u00f4n ng\u1eef Anh \u2013 Th\u00e1i v\u1ec1 Aluminium:\u00a0<a href=\"http:\/\/www.g9metal.com\/\">www.g9metal.com<\/a><\/p>\n<p>+ Website C\u00f4ng ty T\u1ed5 ch\u1ee9c S\u1ef1 ki\u1ec7n:\u00a0<a href=\"http:\/\/www.sacmauquocte.vn\/\">www.sacmauquocte.vn<\/a><\/p>\n<p>+ Demo website c\u00f4ng ty qu\u1ea3ng c\u00e1o:<a href=\"https:\/\/www.onter.vn\/demo\/print\">\u00a0www.onter.vn\/demo\/print<\/a><\/p>\n<p>+ Demo website b\u00e1n n\u1ed9i th\u1ea5t:\u00a0<a href=\"https:\/\/www.onter.vn\/demo\/shopnoithat\">www.onter.vn\/demo\/shopnoithat<\/a><\/p>\n<p>+ Demo website qu\u1ea3ng c\u00e1o \u0111\u00e8n LED:\u00a0<a href=\"https:\/\/www.onter.vn\/demo\/quangcaoled\">www.onter.vn\/demo\/quangcaoled<\/a><\/p>\n<p>+ Website Trung t\u00e2m tin h\u1ecdc PST:\u00a0<a href=\"http:\/\/www.tinhocpst.edu.vn\/\">www.tinhocpst.edu.vn<\/a><\/p>\n<p>+ Website\u00a0Trung t\u00e2m M\u1ef9 thu\u1eadt Thi\u1ebfu Nhi Vi\u1ec7t Nh\u00ed:\u00a0<a href=\"http:\/\/www.vietnhi.vn\/\">www.vietnhi.vn<\/a><\/p>\n<p>+ Website \u00c1o C\u00f4ng Gi\u00e1o:\u00a0<a href=\"http:\/\/www.aoconggiao.com\/\">www.aoconggiao.com<\/a><\/p>\n<p>+ Qu\u1ea3ng c\u00e1o An Gia \u0110\u1ea1t:\u00a0<a href=\"http:\/\/www.angiadat.com\/\">www.angiadat.com<\/a><\/p>\n<p>+ Qu\u1ea3ng c\u00e1o V\u0169 Gia:\u00a0<a href=\"http:\/\/www.quangcaovugia.com\/\">www.quangcaovugia.com<\/a><\/p>\n<p>+ Nh\u00f4m k\u00ednh Ti\u00ean phong:\u00a0<a href=\"http:\/\/www.lamcuanhomgiare.com\/\">www.lamcuanhomgiare.com<\/a><\/p>\n<p><a href=\"https:\/\/onter.vn\/\">onter.vn\u00a0<\/a>cung c\u1ea5p d\u1ecbch v\u1ee5 thi\u1ebft k\u1ebf website gi\u1edbi thi\u1ec7u d\u1ecbch v\u1ee5 c\u00f4ng ty\u00a0chu\u1ea9n SEO uy t\u00edn t\u1ea1i Vi\u1ec7t Nam.<\/p>\n<p><strong>Y\u00eau c\u1ea7u \u0111\u1eb7c tr\u01b0ng<\/strong>\u00a0c\u1ee7a c\u00e1c website gi\u1edbi thi\u1ec7u d\u1ecbch v\u1ee5 c\u1ee7a c\u00f4ng ty l\u00e0 c\u00e1c d\u1ecbch v\u1ee5 ph\u1ea3i \u0111\u01b0\u1ee3c li\u1ec7t k\u00ea r\u00f5 r\u00e0ng, th\u00f4ng tin c\u00f4ng ty, doanh nghi\u1ec7p \u0111\u01b0\u1ee3c \u01b0u ti\u00ean. C\u00e1c d\u1ecbch v\u1ee5 \u0111\u01b0\u1ee3c l\u00e0m n\u1ed5i b\u1eadt, d\u1ec5 nh\u00ecn, d\u1ec5 t\u00ecm ki\u1ebfm. B\u00ean c\u1ea1nh \u0111\u00f3, c\u00e1c website gi\u1edbi thi\u1ec7u d\u1ecbch v\u1ee5 th\u01b0\u1eddng c\u00f3 box chat \u0111\u1ec3 nh\u00e2n vi\u00ean tr\u1ef1c website s\u1eb5n s\u00e0ng online v\u00e0 tr\u1ea3 l\u1eddi kh\u00e1ch trong tr\u01b0\u1eddng h\u1ee3p kh\u00e1ch h\u00e0ng c\u00f3 th\u1eafc m\u1eafc ho\u1eb7c nhu c\u1ea7u s\u1eed d\u1ee5ng d\u1ecbch v\u1ee5.<\/p>\n<p>T\u1ea1i\u00a0<a href=\"https:\/\/onter.vn\/\">Onter.vn<\/a>, m\u00ecnh\u00a0cung c\u1ea5p d\u1ecbch v\u1ee5 thi\u1ebft k\u1ebf website v\u1edbi\u00a0<strong>m\u1ee9c gi\u00e1 r\u1ea5t h\u1ea5p d\u1eabn<\/strong>. Th\u00f4ng th\u01b0\u1eddng, m\u1ed9t website b\u00e1n h\u00e0ng Online\u00a0c\u00f3 chi ph\u00ed r\u01a1i v\u00e0o kho\u1ea3ng<strong>\u00a01.500.000\u0111 \u2013 2.500.000\u0111<\/strong>\u00a0(\u0111\u00e3 bao g\u1ed3m hosting v\u00e0 t\u00ean mi\u1ec1n).<\/p>\n<p><strong>Quy tr\u00ecnh thi\u1ebft k\u1ebf website gi\u1edbi thi\u1ec7u s\u1ea3n ph\u1ea9m t\u1ea1i onter.vn nh\u01b0 sau:<\/strong><\/p>\n<ul>\n<li><strong>B\u01b0\u1edbc 1:<\/strong>\u00a0Trao \u0111\u1ed5i th\u00f4ng tin, y\u00eau c\u1ea7u v\u1edbi kh\u00e1ch h\u00e0ng<\/li>\n<li><strong>B\u01b0\u1edbc 2:<\/strong>\u00a0Mua t\u00ean mi\u1ec1n cho kh\u00e1ch (kh\u00e1ch c\u00f3 th\u1ec3 t\u1ef1 mua)<\/li>\n<li><strong>B\u01b0\u1edbc 3:<\/strong>\u00a0Tr\u1ecf t\u00ean mi\u1ec1n v\u1ec1 hosting cho kh\u00e1ch (d\u00f9ng hosting c\u1ee7a Onter.vn ho\u1eb7c d\u00f9ng hosting c\u1ee7a kh\u00e1ch)<\/li>\n<li><strong>B\u01b0\u1edbc 4:<\/strong>\u00a0Th\u1ef1c hi\u1ec7n x\u00e2y d\u1ef1ng website tr\u00ean hosting (ch\u1eb7n index)<\/li>\n<li><strong>B\u01b0\u1edbc 5:<\/strong>\u00a0G\u1eedi link website cho kh\u00e1ch duy\u1ec7t v\u00e0 trao \u0111\u1ed5i ch\u1ec9nh s\u1eeda tr\u1ef1c ti\u1ebfp tr\u00ean website theo \u00fd kh\u00e1ch.<\/li>\n<li><strong>B\u01b0\u1edbc 6:<\/strong>\u00a0H\u01b0\u1edbng d\u1eabn kh\u00e1ch s\u1eed d\u1ee5ng, qu\u1ea3n tr\u1ecb, \u0111\u0103ng b\u00e0i vi\u1ebft, \u0111\u0103ng s\u1ea3n ph\u1ea9m v\u00e0 c\u00e1c th\u00f4ng tin kh\u00e1c c\u00f3 li\u00ean quan\u2026<\/li>\n<li><strong>B\u01b0\u1edbc 7:<\/strong>\u00a0M\u1edf index<\/li>\n<li><strong>B\u01b0\u1edbc 8:<\/strong>\u00a0B\u00e0n giao website cho kh\u00e1ch<\/li>\n<\/ul>\n<p>Trong m\u1ed9t s\u1ed1 tr\u01b0\u1eddng h\u1ee3p kh\u00e1ch c\u1ea7n xem demo tr\u01b0\u1edbc khi duy\u1ec7t l\u00e0m website, m\u00ecnh\u00a0s\u1ebd th\u1ef1c hi\u1ec7n d\u1ef1ng website demo tr\u01b0\u1edbc v\u00e0 g\u1eedi cho kh\u00e1ch duy\u1ec7t tr\u01b0\u1edbc khi upload source code l\u00ean hosting.<\/p>\n<p><strong>Th\u00f4ng tin li\u00ean h\u1ec7:<\/strong><\/p>\n<p>+ Li\u00ean h\u1ec7: DEMO<\/p>\n<p>+ Phone: 0909009009<\/p>\n<p>+ Email:\u00a0demoweb@gmail.com<\/p>\n<p>+ Website: www.onter.vn<\/p>\n<p>+ Flickr:\u00a0<a href=\"http:\/\/www.flickr.com\/photos\/demo@N07\/albums\">www.flickr.com\/photos\/demo@N07\/albums<\/a><\/p>\n<p>+ Behance:\u00a0<a href=\"https:\/\/www.behance.net\/demo\">https:\/\/www.behance.net\/demo<\/a><\/p>\n<p>+ Pintesest:\u00a0<a href=\"https:\/\/www.pinterest.com\/demo\/pins\/\">https:\/\/www.pinterest.com\/demo\/pins\/<\/a><\/p>\n","protected":false},"excerpt":{"rendered":"<p>D\u01b0\u1edbi \u0111\u00e2y l\u00e0 m\u1ed9t s\u1ed1 m\u1eabu website gi\u1edbi thi\u1ec7u s\u1ea3n ph\u1ea9m m\u00e0 m\u00ecnh \u0111\u00e3 th\u1ef1c hi\u1ec7n: + Website gi\u1edbi thi\u1ec7u Trung t\u00e2m N\u0103ng khi\u1ebfu Thi\u1ebfu Nhi:\u00a0www.pianocenter.www.onter.vn + Website gi\u1edbi thi\u1ec7u d\u1ecbch v\u1ee5 thi\u1ebft k\u1ebf \u2013 in \u1ea5n chuy\u00ean nghi\u1ec7p:\u00a0www.print2.www.onter.vn + Website gi\u1edbi thi\u1ec7u nh\u00e0 h\u00e0ng n\u01b0\u1edbng BBQ:\u00a0www.bbq.www.onter.vn + Website gi\u1edbi thi\u1ec7u c\u00f4ng ty thi\u1ebft k\u1ebf &#8230;<\/p>\n","protected":false},"author":1,"featured_media":0,"parent":0,"menu_order":0,"comment_status":"closed","ping_status":"closed","template":"page-right-sidebar.php","meta":[],"_links":{"self":[{"href":"https:\/\/themex.myonter.com\/gioithieucongty3\/wp-json\/wp\/v2\/pages\/39"}],"collection":[{"href":"https:\/\/themex.myonter.com\/gioithieucongty3\/wp-json\/wp\/v2\/pages"}],"about":[{"href":"https:\/\/themex.myonter.com\/gioithieucongty3\/wp-json\/wp\/v2\/types\/page"}],"author":[{"embeddable":true,"href":"https:\/\/themex.myonter.com\/gioithieucongty3\/wp-json\/wp\/v2\/users\/1"}],"replies":[{"embeddable":true,"href":"https:\/\/themex.myonter.com\/gioithieucongty3\/wp-json\/wp\/v2\/comments?post=39"}],"version-history":[{"count":0,"href":"https:\/\/themex.myonter.com\/gioithieucongty3\/wp-json\/wp\/v2\/pages\/39\/revisions"}],"wp:attachment":[{"href":"https:\/\/themex.myonter.com\/gioithieucongty3\/wp-json\/wp\/v2\/media?parent=39"}],"curies":[{"name":"wp","href":"https:\/\/api.w.org\/{rel}","templated":true}]}}