{"id":10,"date":"2018-03-13T10:15:05","date_gmt":"2018-03-13T03:15:05","guid":{"rendered":"https:\/\/bizhostvn.com\/w\/items\/?page_id=10"},"modified":"2018-03-30T01:22:39","modified_gmt":"2018-03-29T18:22:39","slug":"lien-he","status":"publish","type":"page","link":"https:\/\/themex.myonter.com\/items\/lien-he\/","title":{"rendered":"Li\u00ean h\u1ec7"},"content":{"rendered":"\t<div class=\"img has-hover x md-x lg-x y md-y lg-y\" id=\"image_1260181573\">\n\t\t\t\t\t\t\t\t<div class=\"img-inner image-cover dark\" style=\"padding-top:25%;\">\n\t\t\t<img width=\"1342\" height=\"453\" src=\"https:\/\/themex.myonter.com\/items\/wp-content\/uploads\/2018\/03\/slider4.jpg\" class=\"attachment-original size-original\" alt=\"\" loading=\"lazy\" srcset=\"https:\/\/themex.myonter.com\/items\/wp-content\/uploads\/2018\/03\/slider4.jpg 1342w, https:\/\/themex.myonter.com\/items\/wp-content\/uploads\/2018\/03\/slider4-300x101.jpg 300w, https:\/\/themex.myonter.com\/items\/wp-content\/uploads\/2018\/03\/slider4-768x259.jpg 768w, https:\/\/themex.myonter.com\/items\/wp-content\/uploads\/2018\/03\/slider4-1024x346.jpg 1024w\" sizes=\"(max-width: 1342px) 100vw, 1342px\" \/>\t\t\t\t\t\t\n\t\t\t\t\t<\/div>\n\t\t\t\t\t\t\t\t\n<style scope=\"scope\">\n\n#image_1260181573 {\n  width: 100%;\n}\n<\/style>\n\t<\/div>\n\t\n\t<section class=\"section\" id=\"section_1554440418\">\n\t\t<div class=\"bg section-bg fill bg-fill  bg-loaded\" >\n\n\t\t\t\n\t\t\t\n\t\t\t\n\n\t\t<\/div><!-- .section-bg -->\n\n\t\t<div class=\"section-content relative\">\n\t\t\t\n<div class=\"row\"  id=\"row-1835814516\">\n<div class=\"col medium-7 small-12 large-7\"  ><div class=\"col-inner\"  >\n<p><span style=\"font-size: 130%; color: #000000;\"><strong>Li\u00ean h\u1ec7 v\u1edbi ch\u00fang t\u00f4i<\/strong><\/span><\/p>\n<p><span style=\"color: #333333; font-size: 95%;\">Onter Funiture cung c\u1ea5p c\u00e1c s\u1ea3n ph\u1ea9m n\u1ed9i th\u1ea5t phong ph\u00fa v\u00e0 c\u00e1c d\u1ecbch v\u1ee5 s\u1eeda ch\u1eefa, x\u00e2y d\u1ef1ng c\u00f4ng tr\u00ecnh b\u1ea3o \u0111\u1ea3m an to\u00e0n, \u0111\u00fang ti\u1ebfn \u0111\u1ed9 v\u00e0 k\u1ef9 thu\u1eadt y\u00eau c\u1ea7u.<\/span><\/p>\n<p><span style=\"color: #333333; font-size: 95%;\">Onter Funiture cung c\u1ea5p c\u00e1c s\u1ea3n ph\u1ea9m n\u1ed9i th\u1ea5t phong ph\u00fa v\u00e0 c\u00e1c d\u1ecbch v\u1ee5 s\u1eeda ch\u1eefa, x\u00e2y d\u1ef1ng c\u00f4ng tr\u00ecnh b\u1ea3o \u0111\u1ea3m an to\u00e0n, \u0111\u00fang ti\u1ebfn \u0111\u1ed9 v\u00e0 k\u1ef9 thu\u1eadt y\u00eau c\u1ea7u.<\/span><\/p>\n<\/div><\/div>\n<div class=\"col medium-5 small-12 large-5\"  ><div class=\"col-inner\"  >\n<p><span style=\"font-size: 130%;\"><strong><span style=\"color: #000000;\">Th\u00f4ng tin li\u00ean h\u1ec7<\/span><\/strong><\/span><\/p>\n<p><span style=\"font-size: 95%; color: #333333;\">Lorem ipsum dolor sit amet, consectetuer adipiscing elit, sed diam nonummy nibh euismod tincidunt ut laoreet dolore magna aliquam erat volutpat.<\/span><\/p>\n<p><span style=\"font-size: 95%; color: #333333;\">&#8211;<strong> \u0110\u1ecba ch\u1ec9:<\/strong> S\u1ed1 nh\u00e0 03, ng\u00f5 31, \u0110\u01b0\u1eddng D\u1ecbch V\u1ecdng, Ph\u01b0\u1eddng D\u1ecbch V\u1ecdng, Qu\u1eadn C\u1ea7u Gi\u1ea5y, Th\u00e0nh ph\u1ed1 H\u00e0 N\u1ed9i, Vi\u1ec7t Nam.<\/span><br \/><span style=\"font-size: 95%; color: #333333;\">&#8211; <strong>S\u0110T:<\/strong> 0974 860 029<\/span><br \/><span style=\"font-size: 95%; color: #333333;\">&#8211; <strong>Email:<\/strong> support@myonter.com<\/span><br \/><span style=\"font-size: 95%; color: #333333;\">&#8211; <strong>Website:<\/strong> www.onter.vn<\/span><\/p>\n<\/div><\/div>\n<div class=\"col small-12 large-12\"  ><div class=\"col-inner\"  >\n<p><span style=\"color: #000000; font-size: 130%;\"><strong>T\u00ecm \u0111\u01b0\u1eddng \u0111i:<\/strong><\/span><\/p>\n<p><iframe src=\"https:\/\/www.google.com\/maps\/embed?pb=!1m14!1m8!1m3!1d14900.931775031808!2d105.79967699999999!3d20.9832975!3m2!1i1024!2i768!4f13.1!3m3!1m2!1s0x0%3A0x4fc1c256d7cdb4d!2zR2l1c2VBcnQgLSBUaGnhur90IGvhur8gxJHhu5MgaOG7jWEgdsOgIHdlYnNpdGUgY2h1ecOqbiBuZ2hp4buHcA!5e0!3m2!1svi!2s!4v1521019331240\" width=\"100%\" height=\"350\" frameborder=\"0\" style=\"border:0\" allowfullscreen><\/iframe><\/p>\n<\/div><\/div>\n<\/div>\n\t\t<\/div><!-- .section-content -->\n\n\t\t\n<style scope=\"scope\">\n\n#section_1554440418 {\n  padding-top: 30px;\n  padding-bottom: 30px;\n}\n<\/style>\n\t<\/section>\n\t\n","protected":false},"excerpt":{"rendered":"","protected":false},"author":1,"featured_media":0,"parent":0,"menu_order":0,"comment_status":"closed","ping_status":"closed","template":"page-blank.php","meta":[],"_links":{"self":[{"href":"https:\/\/themex.myonter.com\/items\/wp-json\/wp\/v2\/pages\/10"}],"collection":[{"href":"https:\/\/themex.myonter.com\/items\/wp-json\/wp\/v2\/pages"}],"about":[{"href":"https:\/\/themex.myonter.com\/items\/wp-json\/wp\/v2\/types\/page"}],"author":[{"embeddable":true,"href":"https:\/\/themex.myonter.com\/items\/wp-json\/wp\/v2\/users\/1"}],"replies":[{"embeddable":true,"href":"https:\/\/themex.myonter.com\/items\/wp-json\/wp\/v2\/comments?post=10"}],"version-history":[{"count":0,"href":"https:\/\/themex.myonter.com\/items\/wp-json\/wp\/v2\/pages\/10\/revisions"}],"wp:attachment":[{"href":"https:\/\/themex.myonter.com\/items\/wp-json\/wp\/v2\/media?parent=10"}],"curies":[{"name":"wp","href":"https:\/\/api.w.org\/{rel}","templated":true}]}}