{"id":54,"date":"2018-09-17T20:39:26","date_gmt":"2018-09-17T13:39:26","guid":{"rendered":"https:\/\/tppone.com\/demo\/mobiplus\/?page_id=54"},"modified":"2018-09-20T20:52:05","modified_gmt":"2018-09-20T13:52:05","slug":"tuyen-dung","status":"publish","type":"page","link":"https:\/\/themex.myonter.com\/mobiplus\/tuyen-dung\/","title":{"rendered":"Tuy\u1ec3n d\u1ee5ng"},"content":{"rendered":"\n  <div class=\"banner has-hover\" id=\"banner-272677627\">\n          <div class=\"banner-inner fill\">\n        <div class=\"banner-bg fill\" >\n            <div class=\"bg fill bg-fill \"><\/div>\n                        <div class=\"overlay\"><\/div>            \n                    <\/div><!-- bg-layers -->\n        <div class=\"banner-layers container\">\n            <div class=\"fill banner-link\"><\/div>            \n   <div id=\"text-box-1938879206\" class=\"text-box banner-layer x2 md-x2 lg-x2 y50 md-y50 lg-y50 res-text\">\n                                <div class=\"text dark\">\n              \n              <div class=\"text-inner text-left\">\n                  \n<h2 style=\"text-align: left;\"><span style=\"font-size: 65%;\">Th\u00f4ng tin tuy\u1ec3n d\u1ee5ng<\/span><\/h2>\n<p><a href=\"\/\">Trang ch\u1ee7<\/a> &gt;\u00a0Th\u00f4ng tin tuy\u1ec3n d\u1ee5ng<\/p>\n              <\/div>\n           <\/div><!-- text-box-inner -->\n                            \n<style scope=\"scope\">\n\n#text-box-1938879206 {\n  width: 60%;\n}\n#text-box-1938879206 .text {\n  font-size: 100%;\n}\n\n\n@media (min-width:550px) {\n\n  #text-box-1938879206 {\n    width: 50%;\n  }\n\n}\n<\/style>\n    <\/div><!-- text-box -->\n \n        <\/div><!-- .banner-layers -->\n      <\/div><!-- .banner-inner -->\n\n            \n<style scope=\"scope\">\n\n#banner-272677627 {\n  padding-top: 198px;\n}\n#banner-272677627 .bg.bg-loaded {\n  background-image: url(https:\/\/themex.myonter.com\/mobiplus\/wp-content\/uploads\/2018\/09\/bg-gioi-thieu.jpg);\n}\n#banner-272677627 .overlay {\n  background-color: rgba(0, 0, 0, 0.31);\n}\n<\/style>\n  <\/div><!-- .banner -->\n\n\n\t<section class=\"section section-gioi-thieu\" id=\"section_496686641\">\n\t\t<div class=\"bg section-bg fill bg-fill  bg-loaded\" >\n\n\t\t\t\n\t\t\t\n\t\t\t\n\n\t\t<\/div><!-- .section-bg -->\n\n\t\t<div class=\"section-content relative\">\n\t\t\t\n<div class=\"row\"  id=\"row-53967860\">\n<div class=\"col cot1 medium-3 small-12 large-3\"  ><div class=\"col-inner\"  >\n<div class=\"container section-title-container\" ><h3 class=\"section-title section-title-normal\"><b><\/b><span class=\"section-title-main\" >GI\u1edaI THI\u1ec6U MOBIPLUS<\/span><b><\/b><\/h3><\/div><!-- .section-title -->\n<div class=\"menu-gioi-thieu-chung\">\n<p><a href=\"\/gioi-thieu-chung\/\">Gi\u1edbi thi\u1ec7u chung<\/a><\/p>\n<p><a href=\"\/doi-tac\/\">\u0110\u1ed1i t\u00e1c<\/a><\/p>\n<p><a href=\"\/khach-hang\/\">Kh\u00e1ch h\u00e0ng<\/a><\/p>\n<p><a href=\"\/hoat-dong-xa-hoi\/\">Ho\u1ea1t \u0111\u1ed9ng x\u00e3 h\u1ed9i<\/a><\/p>\n<\/div>\n\n\t<a class=\"plain\" href=\"#\" target=\"_self\" >\t<div class=\"icon-box featured-box icon-box-left text-left\"  >\n\t\t\t\t\t<div class=\"icon-box-img\" style=\"width: 31px\">\n\t\t\t\t<div class=\"icon\">\n\t\t\t\t\t<div class=\"icon-inner\" >\n\t\t\t\t\t\t<img width=\"27\" height=\"27\" src=\"https:\/\/themex.myonter.com\/mobiplus\/wp-content\/uploads\/2018\/09\/ho-so-nang-luc.jpg\" class=\"attachment-medium size-medium\" alt=\"\" loading=\"lazy\" \/>\t\t\t\t\t<\/div>\n\t\t\t\t<\/div>\n\t\t\t<\/div>\n\t\t\t\t<div class=\"icon-box-text last-reset\">\n\t\t\t\t\t\t\t\t\t\n<div class=\"gap-element\" style=\"display:block; height:auto; padding-top:7px\" class=\"clearfix\"><\/div>\n<p><span style=\"color: #00aae7;\"><a style=\"color: #00aae7;\" href=\"#\">T\u1ea3i v\u1ec1 H\u1ed3 s\u01a1 n\u0103ng l\u1ef1c<\/a><\/span><\/p>\n\t\t<\/div>\n\t<\/div><!-- .icon-box -->\n\t<\/a>\n\t\n<div class=\"gap-element\" style=\"display:block; height:auto; padding-top:20px\" class=\"clearfix\"><\/div>\n<h3 class=\"tieu-de\"><span style=\"color: #ff6600; font-size: 95%;\">TIN T\u1ee8C &#8211; TUY\u1ec2N D\u1ee4NG<\/span><\/h3>\n\n  \n    <div class=\"row large-columns-1 medium-columns-1 small-columns-1 row-small\">\n  \t\t<div class=\"col post-item\" >\n\t\t\t<div class=\"col-inner\">\n\t\t\t<a href=\"https:\/\/themex.myonter.com\/mobiplus\/tuyen-dung-nhan-vien-front-end-developer\/\" class=\"plain\">\n\t\t\t\t<div class=\"box box-vertical box-text-middle box-blog-post has-hover\">\n            \t\t\t\t\t<div class=\"box-image\" style=\"width:25%;\">\n  \t\t\t\t\t\t<div class=\"image-cover\" style=\"padding-top:89%;\">\n  \t\t\t\t\t\t\t<img width=\"300\" height=\"224\" src=\"https:\/\/themex.myonter.com\/mobiplus\/wp-content\/uploads\/2018\/09\/tuyendung-300x224.jpg\" class=\"attachment-medium size-medium wp-post-image\" alt=\"\" loading=\"lazy\" srcset=\"https:\/\/themex.myonter.com\/mobiplus\/wp-content\/uploads\/2018\/09\/tuyendung-300x224.jpg 300w, https:\/\/themex.myonter.com\/mobiplus\/wp-content\/uploads\/2018\/09\/tuyendung.jpg 381w\" sizes=\"(max-width: 300px) 100vw, 300px\" \/>  \t\t\t\t\t\t\t  \t\t\t\t\t\t\t  \t\t\t\t\t\t<\/div>\n  \t\t\t\t\t\t  \t\t\t\t\t<\/div><!-- .box-image -->\n                    \n          \n\t\t\t\t\t<div class=\"box-text text-left is-small\" >\n\t\t\t\t\t<div class=\"box-text-inner blog-post-inner\">\n\n\t\t\t\t\t\n\t\t\t\t\t\t\t\t\t\t\t\n\t\t\t\t\t<h5 class=\"post-title is-large \">Tuy\u1ec3n d\u1ee5ng nh\u00e2n vi\u00ean Front-end Developer<\/h5>\n\t\t\t\t\n\t\t\t\t\t\t\t\t\t\t<div class=\"meta-post-danhmuc\"><span class=\"fa fa-folder\"><\/span><span class=\"danh-muc-post\">Tuy\u1ec3n d\u1ee5ng <\/span><span class=\"fa fa-user\"><\/span><span class=\"tac-gia\"> <\/span> admin<\/div>\n\t\t\t\t\t\n\t\t\t\t\t<div class=\"is-divider\"><\/div>\n\t\t\t\t\t\n\t\t\t\t\t                                        \n\t\t\t\t\t\n\t\t\t\t\t\n\t\t\t\t\t<\/div><!-- .box-text-inner -->\n\t\t\t\t\t\n\t\t\t\t\t<\/div><!-- .box-text -->\n\t\t\t\t\t\t\t\t\t<\/div><!-- .box -->\n\t\t\t\t<\/a><!-- .link -->\n\t\t\t<\/div><!-- .col-inner -->\n\t\t<\/div><!-- .col -->\n\t\t<div class=\"col post-item\" >\n\t\t\t<div class=\"col-inner\">\n\t\t\t<a href=\"https:\/\/themex.myonter.com\/mobiplus\/tuyen-dung-nhan-vien-research-bussiness-analyst\/\" class=\"plain\">\n\t\t\t\t<div class=\"box box-vertical box-text-middle box-blog-post has-hover\">\n            \t\t\t\t\t<div class=\"box-image\" style=\"width:25%;\">\n  \t\t\t\t\t\t<div class=\"image-cover\" style=\"padding-top:89%;\">\n  \t\t\t\t\t\t\t<img width=\"300\" height=\"201\" src=\"https:\/\/themex.myonter.com\/mobiplus\/wp-content\/uploads\/2018\/09\/oky8zvhZSlFit2QhhM8KmXuigcCRfsQ6TFlW1NgeGxcfBKIxtUW5rBkAtOIglcjk-300x201.jpg\" class=\"attachment-medium size-medium wp-post-image\" alt=\"\" loading=\"lazy\" srcset=\"https:\/\/themex.myonter.com\/mobiplus\/wp-content\/uploads\/2018\/09\/oky8zvhZSlFit2QhhM8KmXuigcCRfsQ6TFlW1NgeGxcfBKIxtUW5rBkAtOIglcjk-300x201.jpg 300w, https:\/\/themex.myonter.com\/mobiplus\/wp-content\/uploads\/2018\/09\/oky8zvhZSlFit2QhhM8KmXuigcCRfsQ6TFlW1NgeGxcfBKIxtUW5rBkAtOIglcjk.jpg 423w\" sizes=\"(max-width: 300px) 100vw, 300px\" \/>  \t\t\t\t\t\t\t  \t\t\t\t\t\t\t  \t\t\t\t\t\t<\/div>\n  \t\t\t\t\t\t  \t\t\t\t\t<\/div><!-- .box-image -->\n                    \n          \n\t\t\t\t\t<div class=\"box-text text-left is-small\" >\n\t\t\t\t\t<div class=\"box-text-inner blog-post-inner\">\n\n\t\t\t\t\t\n\t\t\t\t\t\t\t\t\t\t\t\n\t\t\t\t\t<h5 class=\"post-title is-large \">Tuy\u1ec3n d\u1ee5ng nh\u00e2n vi\u00ean Research &#038; Bussiness Analyst<\/h5>\n\t\t\t\t\n\t\t\t\t\t\t\t\t\t\t<div class=\"meta-post-danhmuc\"><span class=\"fa fa-folder\"><\/span><span class=\"danh-muc-post\">Tuy\u1ec3n d\u1ee5ng <\/span><span class=\"fa fa-user\"><\/span><span class=\"tac-gia\"> <\/span> admin<\/div>\n\t\t\t\t\t\n\t\t\t\t\t<div class=\"is-divider\"><\/div>\n\t\t\t\t\t\n\t\t\t\t\t                                        \n\t\t\t\t\t\n\t\t\t\t\t\n\t\t\t\t\t<\/div><!-- .box-text-inner -->\n\t\t\t\t\t\n\t\t\t\t\t<\/div><!-- .box-text -->\n\t\t\t\t\t\t\t\t\t<\/div><!-- .box -->\n\t\t\t\t<\/a><!-- .link -->\n\t\t\t<\/div><!-- .col-inner -->\n\t\t<\/div><!-- .col -->\n\t\t<div class=\"col post-item\" >\n\t\t\t<div class=\"col-inner\">\n\t\t\t<a href=\"https:\/\/themex.myonter.com\/mobiplus\/tuyen-dung-nhan-vien-backend-developer\/\" class=\"plain\">\n\t\t\t\t<div class=\"box box-vertical box-text-middle box-blog-post has-hover\">\n            \t\t\t\t\t<div class=\"box-image\" style=\"width:25%;\">\n  \t\t\t\t\t\t<div class=\"image-cover\" style=\"padding-top:89%;\">\n  \t\t\t\t\t\t\t<img width=\"300\" height=\"227\" src=\"https:\/\/themex.myonter.com\/mobiplus\/wp-content\/uploads\/2018\/09\/TUYEN-DUNG-DEVELOPER-300x227.jpg\" class=\"attachment-medium size-medium wp-post-image\" alt=\"\" loading=\"lazy\" srcset=\"https:\/\/themex.myonter.com\/mobiplus\/wp-content\/uploads\/2018\/09\/TUYEN-DUNG-DEVELOPER-300x227.jpg 300w, https:\/\/themex.myonter.com\/mobiplus\/wp-content\/uploads\/2018\/09\/TUYEN-DUNG-DEVELOPER.jpg 357w\" sizes=\"(max-width: 300px) 100vw, 300px\" \/>  \t\t\t\t\t\t\t  \t\t\t\t\t\t\t  \t\t\t\t\t\t<\/div>\n  \t\t\t\t\t\t  \t\t\t\t\t<\/div><!-- .box-image -->\n                    \n          \n\t\t\t\t\t<div class=\"box-text text-left is-small\" >\n\t\t\t\t\t<div class=\"box-text-inner blog-post-inner\">\n\n\t\t\t\t\t\n\t\t\t\t\t\t\t\t\t\t\t\n\t\t\t\t\t<h5 class=\"post-title is-large \">Tuy\u1ec3n d\u1ee5ng nh\u00e2n vi\u00ean Backend Developer<\/h5>\n\t\t\t\t\n\t\t\t\t\t\t\t\t\t\t<div class=\"meta-post-danhmuc\"><span class=\"fa fa-folder\"><\/span><span class=\"danh-muc-post\">Tuy\u1ec3n d\u1ee5ng <\/span><span class=\"fa fa-user\"><\/span><span class=\"tac-gia\"> <\/span> admin<\/div>\n\t\t\t\t\t\n\t\t\t\t\t<div class=\"is-divider\"><\/div>\n\t\t\t\t\t\n\t\t\t\t\t                                        \n\t\t\t\t\t\n\t\t\t\t\t\n\t\t\t\t\t<\/div><!-- .box-text-inner -->\n\t\t\t\t\t\n\t\t\t\t\t<\/div><!-- .box-text -->\n\t\t\t\t\t\t\t\t\t<\/div><!-- .box -->\n\t\t\t\t<\/a><!-- .link -->\n\t\t\t<\/div><!-- .col-inner -->\n\t\t<\/div><!-- .col -->\n<\/div>\n<div role=\"form\" class=\"wpcf7\" id=\"wpcf7-f332-o1\" lang=\"vi\" dir=\"ltr\">\n<div class=\"screen-reader-response\"><\/div>\n<form action=\"\/mobiplus\/wp-json\/wp\/v2\/pages\/54#wpcf7-f332-o1\" method=\"post\" class=\"wpcf7-form\" novalidate=\"novalidate\">\n<div style=\"display: none;\">\n<input type=\"hidden\" name=\"_wpcf7\" value=\"332\" \/>\n<input type=\"hidden\" name=\"_wpcf7_version\" value=\"5.1.1\" \/>\n<input type=\"hidden\" name=\"_wpcf7_locale\" value=\"vi\" \/>\n<input type=\"hidden\" name=\"_wpcf7_unit_tag\" value=\"wpcf7-f332-o1\" \/>\n<input type=\"hidden\" name=\"_wpcf7_container_post\" value=\"0\" \/>\n<input type=\"hidden\" name=\"g-recaptcha-response\" value=\"\" \/>\n<\/div>\n<div class=\"de-lai-loi-nhan\">\n\u0110\u1ec3 l\u1ea1i l\u1eddi nh\u1eafn cho ch\u00fang t\u00f4i<br \/>\n<span class=\"wpcf7-form-control-wrap email-201\"><input type=\"email\" name=\"email-201\" value=\"\" size=\"40\" class=\"wpcf7-form-control wpcf7-text wpcf7-email wpcf7-validates-as-email\" aria-invalid=\"false\" placeholder=\"\u0110\u1ecba ch\u1ec9 email...\" \/><\/span><br \/>\n<span class=\"wpcf7-form-control-wrap textarea-18\"><textarea name=\"textarea-18\" cols=\"40\" rows=\"10\" class=\"wpcf7-form-control wpcf7-textarea\" aria-invalid=\"false\" placeholder=\"N\u1ed9i dung...\"><\/textarea><\/span><br \/>\n<input type=\"submit\" value=\"G\u1eedi tin nh\u1eafn\" class=\"wpcf7-form-control wpcf7-submit\" \/>\n<\/div>\n<div class=\"wpcf7-response-output wpcf7-display-none\"><\/div><\/form><\/div>\n<\/div><\/div>\n<div class=\"col medium-9 small-12 large-9\"  ><div class=\"col-inner\"  >\n\n  \n    <div class=\"row large-columns-3 medium-columns-1 small-columns-1 row-small\">\n  \t\t<div class=\"col post-item\" >\n\t\t\t<div class=\"col-inner\">\n\t\t\t<a href=\"https:\/\/themex.myonter.com\/mobiplus\/tuyen-dung-nhan-vien-front-end-developer\/\" class=\"plain\">\n\t\t\t\t<div class=\"box box-normal box-text-bottom box-blog-post has-hover\">\n            \t\t\t\t\t<div class=\"box-image\" >\n  \t\t\t\t\t\t<div class=\"image-zoom image-cover\" style=\"padding-top:70%;\">\n  \t\t\t\t\t\t\t<img width=\"300\" height=\"224\" src=\"https:\/\/themex.myonter.com\/mobiplus\/wp-content\/uploads\/2018\/09\/tuyendung-300x224.jpg\" class=\"attachment-medium size-medium wp-post-image\" alt=\"\" loading=\"lazy\" srcset=\"https:\/\/themex.myonter.com\/mobiplus\/wp-content\/uploads\/2018\/09\/tuyendung-300x224.jpg 300w, https:\/\/themex.myonter.com\/mobiplus\/wp-content\/uploads\/2018\/09\/tuyendung.jpg 381w\" sizes=\"(max-width: 300px) 100vw, 300px\" \/>  \t\t\t\t\t\t\t  \t\t\t\t\t\t\t  \t\t\t\t\t\t<\/div>\n  \t\t\t\t\t\t  \t\t\t\t\t<\/div><!-- .box-image -->\n                    \n          \n\t\t\t\t\t<div class=\"box-text text-center\" >\n\t\t\t\t\t<div class=\"box-text-inner blog-post-inner\">\n\n\t\t\t\t\t\n\t\t\t\t\t\t\t\t\t\t\t\n\t\t\t\t\t<h5 class=\"post-title is-large \">Tuy\u1ec3n d\u1ee5ng nh\u00e2n vi\u00ean Front-end Developer<\/h5>\n\t\t\t\t\n\t\t\t\t\t\t\t\t\t\t<div class=\"post-meta is-small op-8\">17\/09\/2018<\/div>\t\t\t\t\t<div class=\"meta-post-danhmuc\"><span class=\"fa fa-folder\"><\/span><span class=\"danh-muc-post\">Tuy\u1ec3n d\u1ee5ng <\/span><span class=\"fa fa-user\"><\/span><span class=\"tac-gia\"> <\/span> admin<\/div>\n\t\t\t\t\t\n\t\t\t\t\t<div class=\"is-divider\"><\/div>\n\t\t\t\t\t\n\t\t\t\t\t\t\t\t\t\t\n\t\t\t\t\t<p class=\"from_the_blog_excerpt \">V\u1edbi \u0111\u1ed9i ng\u0169 chuy\u00ean gia tr\u00ecnh \u0111\u1ed9 cao v\u00e0 chuy\u00ean s\u00e2u, t\u1ed1i thi\u1ec3u l\u00e0 k\u1ef9 s\u01b0, c\u1eed nh\u00e2n \u0111\u1ebfn Th\u1ea1c s\u0129 v\u00e0 Ti\u1ebfn s\u0129 chuy\u00ean ng\u00e0nh \u0111\u01b0\u1ee3c \u0111\u00e0o t\u1ea1o t\u1ea1i c\u00e1c tr\u01b0\u1eddng danh ti\u1ebfng trong v\u00e0 ngo\u00e0i n\u01b0\u1edbc nh\u01b0: \u0110\u1ea1i h\u1ecdc B\u00e1ch Khoa, \u0110ai h\u1ecdc Khoa h\u1ecdc T\u01b0 nhi\u00ean, \u0110\u1ea1i h\u1ecdc Qu\u1ed1c gia H\u00e0 N\u1ed9i, ...\t\t\t\t\t<\/p>\n\t\t\t\t\t                                        \n\t\t\t\t\t\n\t\t\t\t\t\n\t\t\t\t\t<\/div><!-- .box-text-inner -->\n\t\t\t\t\t\n\t\t\t\t\t<\/div><!-- .box-text -->\n\t\t\t\t\t\t\t\t\t<\/div><!-- .box -->\n\t\t\t\t<\/a><!-- .link -->\n\t\t\t<\/div><!-- .col-inner -->\n\t\t<\/div><!-- .col -->\n\t\t<div class=\"col post-item\" >\n\t\t\t<div class=\"col-inner\">\n\t\t\t<a href=\"https:\/\/themex.myonter.com\/mobiplus\/tuyen-dung-nhan-vien-research-bussiness-analyst\/\" class=\"plain\">\n\t\t\t\t<div class=\"box box-normal box-text-bottom box-blog-post has-hover\">\n            \t\t\t\t\t<div class=\"box-image\" >\n  \t\t\t\t\t\t<div class=\"image-zoom image-cover\" style=\"padding-top:70%;\">\n  \t\t\t\t\t\t\t<img width=\"300\" height=\"201\" src=\"https:\/\/themex.myonter.com\/mobiplus\/wp-content\/uploads\/2018\/09\/oky8zvhZSlFit2QhhM8KmXuigcCRfsQ6TFlW1NgeGxcfBKIxtUW5rBkAtOIglcjk-300x201.jpg\" class=\"attachment-medium size-medium wp-post-image\" alt=\"\" loading=\"lazy\" srcset=\"https:\/\/themex.myonter.com\/mobiplus\/wp-content\/uploads\/2018\/09\/oky8zvhZSlFit2QhhM8KmXuigcCRfsQ6TFlW1NgeGxcfBKIxtUW5rBkAtOIglcjk-300x201.jpg 300w, https:\/\/themex.myonter.com\/mobiplus\/wp-content\/uploads\/2018\/09\/oky8zvhZSlFit2QhhM8KmXuigcCRfsQ6TFlW1NgeGxcfBKIxtUW5rBkAtOIglcjk.jpg 423w\" sizes=\"(max-width: 300px) 100vw, 300px\" \/>  \t\t\t\t\t\t\t  \t\t\t\t\t\t\t  \t\t\t\t\t\t<\/div>\n  \t\t\t\t\t\t  \t\t\t\t\t<\/div><!-- .box-image -->\n                    \n          \n\t\t\t\t\t<div class=\"box-text text-center\" >\n\t\t\t\t\t<div class=\"box-text-inner blog-post-inner\">\n\n\t\t\t\t\t\n\t\t\t\t\t\t\t\t\t\t\t\n\t\t\t\t\t<h5 class=\"post-title is-large \">Tuy\u1ec3n d\u1ee5ng nh\u00e2n vi\u00ean Research &#038; Bussiness Analyst<\/h5>\n\t\t\t\t\n\t\t\t\t\t\t\t\t\t\t<div class=\"post-meta is-small op-8\">17\/09\/2018<\/div>\t\t\t\t\t<div class=\"meta-post-danhmuc\"><span class=\"fa fa-folder\"><\/span><span class=\"danh-muc-post\">Tuy\u1ec3n d\u1ee5ng <\/span><span class=\"fa fa-user\"><\/span><span class=\"tac-gia\"> <\/span> admin<\/div>\n\t\t\t\t\t\n\t\t\t\t\t<div class=\"is-divider\"><\/div>\n\t\t\t\t\t\n\t\t\t\t\t\t\t\t\t\t\n\t\t\t\t\t<p class=\"from_the_blog_excerpt \">V\u1edbi \u0111\u1ed9i ng\u0169 chuy\u00ean gia tr\u00ecnh \u0111\u1ed9 cao v\u00e0 chuy\u00ean s\u00e2u, t\u1ed1i thi\u1ec3u l\u00e0 k\u1ef9 s\u01b0, c\u1eed nh\u00e2n \u0111\u1ebfn Th\u1ea1c s\u0129 v\u00e0 Ti\u1ebfn s\u0129 chuy\u00ean ng\u00e0nh \u0111\u01b0\u1ee3c \u0111\u00e0o t\u1ea1o t\u1ea1i c\u00e1c tr\u01b0\u1eddng danh ti\u1ebfng trong v\u00e0 ngo\u00e0i n\u01b0\u1edbc nh\u01b0: \u0110\u1ea1i h\u1ecdc B\u00e1ch Khoa, \u0110ai h\u1ecdc Khoa h\u1ecdc T\u01b0 nhi\u00ean, \u0110\u1ea1i h\u1ecdc Qu\u1ed1c gia H\u00e0 N\u1ed9i, ...\t\t\t\t\t<\/p>\n\t\t\t\t\t                                        \n\t\t\t\t\t\n\t\t\t\t\t\n\t\t\t\t\t<\/div><!-- .box-text-inner -->\n\t\t\t\t\t\n\t\t\t\t\t<\/div><!-- .box-text -->\n\t\t\t\t\t\t\t\t\t<\/div><!-- .box -->\n\t\t\t\t<\/a><!-- .link -->\n\t\t\t<\/div><!-- .col-inner -->\n\t\t<\/div><!-- .col -->\n\t\t<div class=\"col post-item\" >\n\t\t\t<div class=\"col-inner\">\n\t\t\t<a href=\"https:\/\/themex.myonter.com\/mobiplus\/tuyen-dung-nhan-vien-backend-developer\/\" class=\"plain\">\n\t\t\t\t<div class=\"box box-normal box-text-bottom box-blog-post has-hover\">\n            \t\t\t\t\t<div class=\"box-image\" >\n  \t\t\t\t\t\t<div class=\"image-zoom image-cover\" style=\"padding-top:70%;\">\n  \t\t\t\t\t\t\t<img width=\"300\" height=\"227\" src=\"https:\/\/themex.myonter.com\/mobiplus\/wp-content\/uploads\/2018\/09\/TUYEN-DUNG-DEVELOPER-300x227.jpg\" class=\"attachment-medium size-medium wp-post-image\" alt=\"\" loading=\"lazy\" srcset=\"https:\/\/themex.myonter.com\/mobiplus\/wp-content\/uploads\/2018\/09\/TUYEN-DUNG-DEVELOPER-300x227.jpg 300w, https:\/\/themex.myonter.com\/mobiplus\/wp-content\/uploads\/2018\/09\/TUYEN-DUNG-DEVELOPER.jpg 357w\" sizes=\"(max-width: 300px) 100vw, 300px\" \/>  \t\t\t\t\t\t\t  \t\t\t\t\t\t\t  \t\t\t\t\t\t<\/div>\n  \t\t\t\t\t\t  \t\t\t\t\t<\/div><!-- .box-image -->\n                    \n          \n\t\t\t\t\t<div class=\"box-text text-center\" >\n\t\t\t\t\t<div class=\"box-text-inner blog-post-inner\">\n\n\t\t\t\t\t\n\t\t\t\t\t\t\t\t\t\t\t\n\t\t\t\t\t<h5 class=\"post-title is-large \">Tuy\u1ec3n d\u1ee5ng nh\u00e2n vi\u00ean Backend Developer<\/h5>\n\t\t\t\t\n\t\t\t\t\t\t\t\t\t\t<div class=\"post-meta is-small op-8\">17\/09\/2018<\/div>\t\t\t\t\t<div class=\"meta-post-danhmuc\"><span class=\"fa fa-folder\"><\/span><span class=\"danh-muc-post\">Tuy\u1ec3n d\u1ee5ng <\/span><span class=\"fa fa-user\"><\/span><span class=\"tac-gia\"> <\/span> admin<\/div>\n\t\t\t\t\t\n\t\t\t\t\t<div class=\"is-divider\"><\/div>\n\t\t\t\t\t\n\t\t\t\t\t\t\t\t\t\t\n\t\t\t\t\t<p class=\"from_the_blog_excerpt \">V\u1edbi \u0111\u1ed9i ng\u0169 chuy\u00ean gia tr\u00ecnh \u0111\u1ed9 cao v\u00e0 chuy\u00ean s\u00e2u, t\u1ed1i thi\u1ec3u l\u00e0 k\u1ef9 s\u01b0, c\u1eed nh\u00e2n \u0111\u1ebfn Th\u1ea1c s\u0129 v\u00e0 Ti\u1ebfn s\u0129 chuy\u00ean ng\u00e0nh \u0111\u01b0\u1ee3c \u0111\u00e0o t\u1ea1o t\u1ea1i c\u00e1c tr\u01b0\u1eddng danh ti\u1ebfng trong v\u00e0 ngo\u00e0i n\u01b0\u1edbc nh\u01b0: \u0110\u1ea1i h\u1ecdc B\u00e1ch Khoa, \u0110ai h\u1ecdc Khoa h\u1ecdc T\u01b0 nhi\u00ean, \u0110\u1ea1i h\u1ecdc Qu\u1ed1c gia H\u00e0 N\u1ed9i, ...\t\t\t\t\t<\/p>\n\t\t\t\t\t                                        \n\t\t\t\t\t\n\t\t\t\t\t\n\t\t\t\t\t<\/div><!-- .box-text-inner -->\n\t\t\t\t\t\n\t\t\t\t\t<\/div><!-- .box-text -->\n\t\t\t\t\t\t\t\t\t<\/div><!-- .box -->\n\t\t\t\t<\/a><!-- .link -->\n\t\t\t<\/div><!-- .col-inner -->\n\t\t<\/div><!-- .col -->\n<\/div>\n<\/div><\/div>\n<\/div>\n\t\t<\/div><!-- .section-content -->\n\n\t\t\n<style scope=\"scope\">\n\n#section_496686641 {\n  padding-top: 30px;\n  padding-bottom: 30px;\n}\n<\/style>\n\t<\/section>\n\t\n","protected":false},"excerpt":{"rendered":"","protected":false},"author":1,"featured_media":0,"parent":0,"menu_order":0,"comment_status":"closed","ping_status":"closed","template":"page-blank.php","meta":[],"_links":{"self":[{"href":"https:\/\/themex.myonter.com\/mobiplus\/wp-json\/wp\/v2\/pages\/54"}],"collection":[{"href":"https:\/\/themex.myonter.com\/mobiplus\/wp-json\/wp\/v2\/pages"}],"about":[{"href":"https:\/\/themex.myonter.com\/mobiplus\/wp-json\/wp\/v2\/types\/page"}],"author":[{"embeddable":true,"href":"https:\/\/themex.myonter.com\/mobiplus\/wp-json\/wp\/v2\/users\/1"}],"replies":[{"embeddable":true,"href":"https:\/\/themex.myonter.com\/mobiplus\/wp-json\/wp\/v2\/comments?post=54"}],"version-history":[{"count":0,"href":"https:\/\/themex.myonter.com\/mobiplus\/wp-json\/wp\/v2\/pages\/54\/revisions"}],"wp:attachment":[{"href":"https:\/\/themex.myonter.com\/mobiplus\/wp-json\/wp\/v2\/media?parent=54"}],"curies":[{"name":"wp","href":"https:\/\/api.w.org\/{rel}","templated":true}]}}