{"id":17,"date":"2018-02-23T10:58:57","date_gmt":"2018-02-23T03:58:57","guid":{"rendered":"https:\/\/bizhostvn.com\/w\/noithat2\/?page_id=17"},"modified":"2018-02-26T11:21:20","modified_gmt":"2018-02-26T04:21:20","slug":"lien-he","status":"publish","type":"page","link":"https:\/\/themex.myonter.com\/noithat2\/lien-he\/","title":{"rendered":"Li\u00ean h\u1ec7"},"content":{"rendered":"\t<div class=\"img has-hover x md-x lg-x y md-y lg-y\" id=\"image_279584084\">\n\t\t\t\t\t\t\t\t<div class=\"img-inner image-cover dark\" style=\"padding-top:25%;\">\n\t\t\t<img width=\"1920\" height=\"739\" src=\"https:\/\/themex.myonter.com\/noithat2\/wp-content\/uploads\/2018\/02\/63852508-furniture-wallpapers.jpg\" class=\"attachment-original size-original\" alt=\"\" loading=\"lazy\" srcset=\"https:\/\/themex.myonter.com\/noithat2\/wp-content\/uploads\/2018\/02\/63852508-furniture-wallpapers.jpg 1920w, https:\/\/themex.myonter.com\/noithat2\/wp-content\/uploads\/2018\/02\/63852508-furniture-wallpapers-300x115.jpg 300w, https:\/\/themex.myonter.com\/noithat2\/wp-content\/uploads\/2018\/02\/63852508-furniture-wallpapers-768x296.jpg 768w, https:\/\/themex.myonter.com\/noithat2\/wp-content\/uploads\/2018\/02\/63852508-furniture-wallpapers-1024x394.jpg 1024w, https:\/\/themex.myonter.com\/noithat2\/wp-content\/uploads\/2018\/02\/63852508-furniture-wallpapers-600x231.jpg 600w\" sizes=\"(max-width: 1920px) 100vw, 1920px\" \/>\t\t\t\t\t\t\n\t\t\t\t\t<\/div>\n\t\t\t\t\t\t\t\t\n<style scope=\"scope\">\n\n#image_279584084 {\n  width: 100%;\n}\n<\/style>\n\t<\/div>\n\t\n\t<section class=\"section\" id=\"section_1228786173\">\n\t\t<div class=\"bg section-bg fill bg-fill bg-loaded bg-loaded\" >\n\n\t\t\t\n\t\t\t\n\t\t\t\n\n\t\t<\/div><!-- .section-bg -->\n\n\t\t<div class=\"section-content relative\">\n\t\t\t\n<div class=\"row row-small\"  id=\"row-1474705743\">\n<div class=\"col medium-8 small-12 large-8\"  ><div class=\"col-inner\"  >\n<h3>Li\u00ean h\u1ec7 v\u1edbi ch\u00fang t\u00f4i<\/h3>\n<p><span style=\"font-size: 95%;\">ONTER Funiture cung c\u1ea5p c\u00e1c s\u1ea3n ph\u1ea9m n\u1ed9i th\u1ea5t phong ph\u00fa v\u00e0 c\u00e1c d\u1ecbch v\u1ee5 s\u1eeda ch\u1eefa, x\u00e2y d\u1ef1ng c\u00f4ng tr\u00ecnh b\u1ea3o \u0111\u1ea3m an to\u00e0n, \u0111\u00fang ti\u1ebfn \u0111\u1ed9 v\u00e0 k\u1ef9 thu\u1eadt y\u00eau c\u1ea7u.\u00a0<\/span><\/p>\n<p><span style=\"font-size: 95%;\">M\u1ecdi th\u00f4ng tin c\u1ea7n t\u01b0 v\u1ea5n v\u00e0 b\u00e1o gi\u00e1, vui l\u00f2ng li\u00ean h\u1ec7 qua form sau:<\/span><\/p>\n<div role=\"form\" class=\"wpcf7\" id=\"wpcf7-f352-o1\" lang=\"vi\" dir=\"ltr\">\n<div class=\"screen-reader-response\"><\/div>\n<form action=\"\/noithat2\/wp-json\/wp\/v2\/pages\/17#wpcf7-f352-o1\" method=\"post\" class=\"wpcf7-form\" novalidate=\"novalidate\">\n<div style=\"display: none;\">\n<input type=\"hidden\" name=\"_wpcf7\" value=\"352\" \/>\n<input type=\"hidden\" name=\"_wpcf7_version\" value=\"5.0.1\" \/>\n<input type=\"hidden\" name=\"_wpcf7_locale\" value=\"vi\" \/>\n<input type=\"hidden\" name=\"_wpcf7_unit_tag\" value=\"wpcf7-f352-o1\" \/>\n<input type=\"hidden\" name=\"_wpcf7_container_post\" value=\"0\" \/>\n<\/div>\n<p><span class=\"wpcf7-form-control-wrap text-705\"><input type=\"text\" name=\"text-705\" value=\"\" size=\"40\" class=\"wpcf7-form-control wpcf7-text wpcf7-validates-as-required\" aria-required=\"true\" aria-invalid=\"false\" placeholder=\"H\u1ecd t\u00ean c\u1ee7a b\u1ea1n...\" \/><\/span><br \/>\n<span class=\"wpcf7-form-control-wrap tel-63\"><input type=\"tel\" name=\"tel-63\" value=\"\" size=\"40\" class=\"wpcf7-form-control wpcf7-text wpcf7-tel wpcf7-validates-as-required wpcf7-validates-as-tel\" aria-required=\"true\" aria-invalid=\"false\" placeholder=\"S\u1ed1 \u0111i\u1ec7n tho\u1ea1i...\" \/><\/span><br \/>\n<input type=\"submit\" value=\"G\u1eedi li\u00ean h\u1ec7\" class=\"wpcf7-form-control wpcf7-submit\" \/><\/p>\n<div class=\"wpcf7-response-output wpcf7-display-none\"><\/div><\/form><\/div>\n<\/div><\/div>\n<div class=\"col medium-4 small-12 large-4\"  ><div class=\"col-inner\"  >\n<h3>Th\u00f4ng tin li\u00ean h\u1ec7<\/h3>\n<p><span style=\"font-size: 95%;\">Vui l\u00f2ng li\u00ean h\u1ec7 v\u1edbi ch\u00fang t\u00f4i qua c\u00e1c th\u00f4ng tin sau:<\/span><\/p>\n<p><span style=\"font-size: 95%;\">&#8211; <strong>\u0110\u1ecba ch\u1ec9:<\/strong> S\u1ed1 29 ng\u00f5 18 L\u01b0\u01a1ng Ng\u1ecdc Quy\u1ebfn, H\u00e0 \u0110\u00f4ng, H\u00e0 N\u1ed9i.<\/p>\n<p><\/span><span style=\"font-size: 95%;\">&#8211;<strong> \u0110i\u1ec7n tho\u1ea1i:<\/strong> <\/p>\n<p><\/span><span style=\"font-size: 95%;\">&#8211; <strong>Email:<\/strong> support@myonter.com<\/p>\n<p><\/span><span style=\"font-size: 95%;\">&#8211; <strong>Website:<\/strong> www.onter.vn<\/span><\/p>\n<\/div><\/div>\n\n<style scope=\"scope\">\n\n<\/style>\n<\/div>\n<div class=\"row row-small\"  id=\"row-1216383721\">\n<div class=\"col small-12 large-12\"  ><div class=\"col-inner\"  >\n<h3><span style=\"font-size: 95%;\">V\u1ecb tr\u00ed tr\u00ean b\u1ea3n \u0111\u1ed3<\/span><\/h3>\n<p><span style=\"font-size: 95%;\">Qu\u00fd kh\u00e1ch vui l\u00f2ng xem th\u00f4ng tin b\u1ea3n \u0111\u1ed3 \u0111\u1ebfn c\u1eeda h\u00e0ng \u0111\u01b0\u1ee3c nhanh v\u00e0 ch\u00ednh x\u00e1c nh\u1ea5t:<\/span><\/p>\n<p><center><iframe style=\"border: 0;\" src=\"https:\/\/www.google.com\/maps\/embed?pb=!1m18!1m12!1m3!1d3725.2070009356225!2d105.79234221432779!3d20.984337844670623!2m3!1f0!2f0!3f0!3m2!1i1024!2i768!4f13.1!3m3!1m2!1s0x3135acc6066cb537%3A0x4fc1c256d7cdb4d!2zR2l1c2VBcnQgLSBUaGnhur90IGvhur8gxJHhu5MgaOG7jWEgdsOgIHdlYnNpdGUgY2h1ecOqbiBuZ2hp4buHcA!5e0!3m2!1svi!2s!4v1519618759011\" width=\"100%\" height=\"300\" frameborder=\"0\" allowfullscreen=\"allowfullscreen\"><\/iframe><\/center><\/div><\/div>\n\n<style scope=\"scope\">\n\n<\/style>\n<\/div>\n\t\t<\/div><!-- .section-content -->\n\n\t\t\n<style scope=\"scope\">\n\n#section_1228786173 {\n  padding-top: 30px;\n  padding-bottom: 30px;\n}\n<\/style>\n\t<\/section>\n\t\n","protected":false},"excerpt":{"rendered":"","protected":false},"author":1,"featured_media":0,"parent":0,"menu_order":0,"comment_status":"closed","ping_status":"closed","template":"page-blank.php","meta":[],"_links":{"self":[{"href":"https:\/\/themex.myonter.com\/noithat2\/wp-json\/wp\/v2\/pages\/17"}],"collection":[{"href":"https:\/\/themex.myonter.com\/noithat2\/wp-json\/wp\/v2\/pages"}],"about":[{"href":"https:\/\/themex.myonter.com\/noithat2\/wp-json\/wp\/v2\/types\/page"}],"author":[{"embeddable":true,"href":"https:\/\/themex.myonter.com\/noithat2\/wp-json\/wp\/v2\/users\/1"}],"replies":[{"embeddable":true,"href":"https:\/\/themex.myonter.com\/noithat2\/wp-json\/wp\/v2\/comments?post=17"}],"version-history":[{"count":9,"href":"https:\/\/themex.myonter.com\/noithat2\/wp-json\/wp\/v2\/pages\/17\/revisions"}],"predecessor-version":[{"id":737,"href":"https:\/\/themex.myonter.com\/noithat2\/wp-json\/wp\/v2\/pages\/17\/revisions\/737"}],"wp:attachment":[{"href":"https:\/\/themex.myonter.com\/noithat2\/wp-json\/wp\/v2\/media?parent=17"}],"curies":[{"name":"wp","href":"https:\/\/api.w.org\/{rel}","templated":true}]}}