{"id":602,"date":"2018-02-24T13:56:08","date_gmt":"2018-02-24T06:56:08","guid":{"rendered":"https:\/\/bizhostvn.com\/w\/noithat2\/?post_type=product&#038;p=602"},"modified":"2018-02-24T14:03:27","modified_gmt":"2018-02-24T07:03:27","slug":"giuong-khach-san-vangua-cao-cap","status":"publish","type":"product","link":"https:\/\/themex.myonter.com\/noithat2\/san-pham\/giuong-khach-san-vangua-cao-cap\/","title":{"rendered":"Gi\u01b0\u1eddng kh\u00e1ch s\u1ea1n VANGUA cao c\u1ea5p nh\u1eadp kh\u1ea9u M\u1ef9"},"content":{"rendered":"<p>H\u00e3ng s\u1ea3n xu\u1ea5t: N\u1ed8I TH\u1ea4T CAO C\u1ea4P\u00a0HOA PH\u00da<\/p>\n<p>Phong c\u00e1ch: Ch\u00e2u \u00c2u<\/p>\n<p>K\u00edch th\u01b0\u1edbc chung: W1800 D2000 H1500 (mm)<\/p>\n<p>ho\u1eb7c ch\u1ecdn k\u00edch th\u01b0\u1edbc kh\u00e1c<\/p>\n<p>G\u1ed7 khung: G\u1ed7 S\u1ed3i nh\u1eadp kh\u1ea9u<\/p>\n<p>V\u1ea3i b\u1ecdc: ACACIA fabric, VILANOVA fabric<\/p>\n<p>M\u00e0u s\u1eafc: M\u00e0u tr\u1eafng\u00a0ho\u1eb7c ch\u1ecdn m\u00e0u catalogue<\/p>\n<p>N\u1ec7m m\u00fat: Nh\u1eadp kh\u1ea9u ch\u00e2u \u00e2u<\/p>\n<p>L\u00f2 xo th\u00e9p: Nh\u1eadp kh\u1ea9u<\/p>\n<p>Ph\u1ee5 ki\u1ec7n: Nh\u1eadp kh\u1ea9u<\/p>\n<p>Giao h\u00e0ng:\u00a0 Mi\u1ec5n ph\u00ed\u00a0 to\u00e0n qu\u1ed1c<\/p>\n<p>\u0110\u1eb7t h\u00e0ng:\u00a0 15 ng\u00e0y l\u00e0m vi\u1ec7c<\/p>\n<p>B\u1ea3o h\u00e0nh: 8 n\u0103m<\/p>\n<p>B\u1ea3o d\u01b0\u1ee1ng \u0111\u1ecbnh k\u1ef3: 06 th\u00e1ng\/l\u1ea7n<\/p>\n<p>Thanh to\u00e1n: Ti\u1ec1n m\u1eb7t ho\u1eb7c Chuy\u1ec3n kho\u1ea3n<\/p>\n<p>X\u1eed l\u00fd \u0111\u01a1n h\u00e0ng: Trong 24h v\u1edbi <strong>gi\u01b0\u1eddng kh\u00e1ch s\u1ea1n<\/strong><\/p>\n<p>T\u01b0 v\u1ea5n: T\u1ea1i nh\u00e0 kh\u00e1ch h\u00e0ng ho\u1eb7c nh\u00e0 m\u00e1y<\/p>\n<p><img class=\"Gi\u01b0\u1eddng Kh\u00e1ch VANGUA s\u1ea1n aligncenter\" title=\"\u00a0Gi\u01b0\u1eddng Kh\u00e1ch s\u1ea1n VANGUA\" src=\"http:\/\/noithathoaphu.vn\/upload\/files\/GI%C6%AF%E1%BB%9CNG\/Gi%C6%B0%E1%BB%9Dng%20v%E1%BA%A3i\/Gi%C6%B0%E1%BB%9Dng%20v%E1%BA%A3i%20cao%20c%E1%BA%A5p%20VANGUA\/giuong-vai-cao-cap-vangua-1.jpg\" alt=\"\" longdesc=\"http:\/\/noithathoaphu.vn\/%C2%A0Gi%C6%B0%E1%BB%9Dng%20Kh%C3%A1ch%20s%E1%BA%A1n%20VANGUA\" \/><\/p>\n<p><img class=\"2 Gi\u01b0\u1eddng Kh\u00e1ch VANGUA s\u1ea1n aligncenter\" title=\"\u00a0Gi\u01b0\u1eddng Kh\u00e1ch s\u1ea1n VANGUA 2\" src=\"http:\/\/noithathoaphu.vn\/upload\/files\/GI%C6%AF%E1%BB%9CNG\/Gi%C6%B0%E1%BB%9Dng%20v%E1%BA%A3i\/Gi%C6%B0%E1%BB%9Dng%20v%E1%BA%A3i%20cao%20c%E1%BA%A5p%20VANGUA\/giuong-vai-cao-cap-vangua-2.jpg\" alt=\"\" longdesc=\"http:\/\/noithathoaphu.vn\/%C2%A0Gi%C6%B0%E1%BB%9Dng%20Kh%C3%A1ch%20s%E1%BA%A1n%20VANGUA%202\" \/><\/p>\n<p><img class=\"aligncenter\" title=\"\u00a0Gi\u01b0\u1eddng Kh\u00e1ch s\u1ea1n VANGUA 3\" src=\"http:\/\/noithathoaphu.vn\/upload\/files\/GI%C6%AF%E1%BB%9CNG\/Gi%C6%B0%E1%BB%9Dng%20v%E1%BA%A3i\/Gi%C6%B0%E1%BB%9Dng%20v%E1%BA%A3i%20cao%20c%E1%BA%A5p%20VANGUA\/giuong-vai-cao-cap-vangua-3.jpg\" alt=\"\" longdesc=\"http:\/\/noithathoaphu.vn\/%C2%A0Gi%C6%B0%E1%BB%9Dng%20Kh%C3%A1ch%20s%E1%BA%A1n%20VANGUA%203\" \/><\/p>\n","protected":false},"excerpt":{"rendered":"<ul>\n<li>K\u00edch th\u01b0\u1edbc chung:W1800 D2000 H1500 (mm)<\/li>\n<li>ho\u1eb7c ch\u1ecdn k\u00edch th\u01b0\u1edbc kh\u00e1c<\/li>\n<li>G\u1ed7 khung: G\u1ed7 S\u1ed3i nh\u1eadp kh\u1ea9u<\/li>\n<li>V\u1ea3i b\u1ecdc: ACACIA fabric, VILANOVA fabric<\/li>\n<li>M\u00e0u s\u1eafc: M\u00e0u tr\u1eafng ho\u1eb7c ch\u1ecdn m\u00e0u catalogue<\/li>\n<\/ul>\n","protected":false},"featured_media":603,"comment_status":"open","ping_status":"closed","template":"","meta":[],"_links":{"self":[{"href":"https:\/\/themex.myonter.com\/noithat2\/wp-json\/wp\/v2\/product\/602"}],"collection":[{"href":"https:\/\/themex.myonter.com\/noithat2\/wp-json\/wp\/v2\/product"}],"about":[{"href":"https:\/\/themex.myonter.com\/noithat2\/wp-json\/wp\/v2\/types\/product"}],"replies":[{"embeddable":true,"href":"https:\/\/themex.myonter.com\/noithat2\/wp-json\/wp\/v2\/comments?post=602"}],"wp:featuredmedia":[{"embeddable":true,"href":"https:\/\/themex.myonter.com\/noithat2\/wp-json\/wp\/v2\/media\/603"}],"wp:attachment":[{"href":"https:\/\/themex.myonter.com\/noithat2\/wp-json\/wp\/v2\/media?parent=602"}],"curies":[{"name":"wp","href":"https:\/\/api.w.org\/{rel}","templated":true}]}}