{"id":619,"date":"2018-02-26T08:40:25","date_gmt":"2018-02-26T01:40:25","guid":{"rendered":"https:\/\/bizhostvn.com\/w\/noithat2\/?post_type=product&#038;p=619"},"modified":"2018-02-26T08:40:38","modified_gmt":"2018-02-26T01:40:38","slug":"dau-giuong-cao-cap-nhap-khau-han-quoc-01","status":"publish","type":"product","link":"https:\/\/themex.myonter.com\/noithat2\/san-pham\/dau-giuong-cao-cap-nhap-khau-han-quoc-01\/","title":{"rendered":"\u0110\u1ea7u gi\u01b0\u1eddng cao c\u1ea5p nh\u1eadp kh\u1ea9u H\u00e0n Qu\u1ed1c 01"},"content":{"rendered":"<p>Thi\u1ebft k\u1ebf theo phong c\u00e1ch T\u00e2n c\u1ed5 \u0111i\u1ec3n \u1ea5n t\u01b0\u1ee3ng, m\u1eabu\u00a0<strong>GI\u01af\u1edcNG NG\u1ee6 PHONG C\u00c1CH T\u00c2N C\u1ed4 \u0110I\u1ec2N GD708<\/strong>\u00a0l\u00e0 l\u1ef1a ch\u1ecdn tuy\u1ec7t v\u1eddi cho n\u1ed9i th\u1ea5t ph\u00f2ng ng\u1ee7 cao c\u1ea5p th\u00eam sang tr\u1ecdng, \u0111\u1eb3ng c\u1ea5p. C\u00e1c khung gi\u01b0\u1eddng \u0111\u01b0\u1ee3c l\u00e0m b\u1eb1ng g\u1ed7 t\u1ef1 nhi\u00ean ch\u1ea5t l\u01b0\u1ee3ng cao, tr\u1ea3i qua qu\u00e1 tr\u00ecnh gia c\u00f4ng v\u00e0 l\u00e0m tr\u00f2n k\u0129 l\u01b0\u1ee1ng c\u00f9ng vi\u1ec7c trang tr\u00ed nh\u1eefng chi ti\u1ebft hoa v\u0103n c\u1ea7u k\u00ec \u0111\u00e3 gi\u00fap chi\u1ebfc gi\u01b0\u1eddng ng\u1ee7 n\u00e0y \u0111\u1ea1t \u0111\u1ebfn tr\u00ecnh \u0111\u1ed9 th\u1ea9m m\u1ef9 t\u1ed1i \u0111a.<\/p>\n<p><img class=\"lazy-load-active\" src=\"https:\/\/vuongquocnoithat.vn\/images\/2017\/12\/01\/giuong-ngu-nhap-khau-phong-cach-tan-co-dien%20GD708-1.jpg\" alt=\"Gi\u01b0\u1eddng ng\u1ee7 phong c\u00e1ch t\u00e2n c\u1ed5 \u0111i\u1ec3n GD708-1\" data-src=\"https:\/\/vuongquocnoithat.vn\/images\/2017\/12\/01\/giuong-ngu-nhap-khau-phong-cach-tan-co-dien%20GD708-1.jpg\" \/><\/p>\n<p>To\u00e0n b\u1ed9 b\u1ec1 m\u1eb7t gi\u01b0\u1eddng v\u00e0 th\u00e2n gi\u01b0\u1eddng \u0111\u01b0\u1ee3c b\u1ecdc l\u1edbp \u0111\u1ec7m cao c\u1ea5p c\u00f3 kh\u1ea3 n\u0103ng ch\u1ed1ng tr\u0169ng, kh\u00f4ng b\u1ecb bi\u1ebfn d\u1ea1ng theo th\u1eddi gian. Mua s\u1eafm b\u1ed9 gi\u01b0\u1eddng ng\u1ee7 cao c\u1ea5p n\u00e0y b\u1ea1n s\u1ebd c\u00f3 nh\u1eefng gi\u1ea5c ng\u1ee7 b\u00ecnh y\u00ean v\u00e0 h\u1ea1nh ph\u00fac. Sau nh\u1eefng ng\u00e0y l\u00e0m vi\u1ec7c v\u1ea5t v\u1ea3 \u0111\u01b0\u1ee3c n\u1eb1m v\u00e0o chi\u1ebfc gi\u01b0\u1eddng th\u00ec h\u1eb3n l\u00e0 m\u1ed9t \u0111i\u1ec1u tuy\u1ec7t v\u1eddi \u0111\u1ec3 th\u01b0 gi\u00e3n v\u00e0 t\u1eadn h\u01b0\u1edfng nh\u1eefng kho\u1ea3nh kh\u1eafc tho\u1ea3i m\u00e1i.<\/p>\n<p><img class=\"lazy-load-active\" src=\"https:\/\/vuongquocnoithat.vn\/images\/2017\/12\/01\/giuong-ngu-nhap-khau-phong-cach-tan-co-dien%20GD708-2.jpg\" alt=\"Gi\u01b0\u1eddng ng\u1ee7 phong c\u00e1ch t\u00e2n c\u1ed5 \u0111i\u1ec3n GD708-2\" data-src=\"https:\/\/vuongquocnoithat.vn\/images\/2017\/12\/01\/giuong-ngu-nhap-khau-phong-cach-tan-co-dien%20GD708-2.jpg\" \/><\/p>\n<p>L\u1edbp s\u01a1n tr\u1eafng tinh t\u1ebf c\u00f3 tu\u1ed5i th\u1ecd l\u00e2u d\u00e0i v\u00e0 kh\u00f4ng b\u1ecb bong tr\u00f3c s\u1ebd lu\u00f4n gi\u00fap ph\u00f2ng ng\u1ee7 n\u1ed5i b\u1eadt, k\u1ebft h\u1ee3p v\u1edbi m\u00e0u v\u00e0ng nh\u1ea1t c\u1ee7a \u0111\u1ec7m t\u1ea1o ra s\u1ef1 r\u1ed9ng r\u00e3i, tho\u1ea3i m\u00e1i gi\u00fap kh\u00f4ng gian ph\u00f2ng ng\u1ee7 tho\u00e1ng \u0111\u00e3ng, \u0111\u1ea7y tinh t\u1ebf.<\/p>\n<p><img class=\"lazy-load-active\" src=\"https:\/\/vuongquocnoithat.vn\/images\/2017\/12\/01\/giuong-ngu-nhap-khau-phong-cach-tan-co-dien%20GD708-3.jpg\" alt=\"Gi\u01b0\u1eddng ng\u1ee7 phong c\u00e1ch t\u00e2n c\u1ed5 \u0111i\u1ec3n GD708-3\" data-src=\"https:\/\/vuongquocnoithat.vn\/images\/2017\/12\/01\/giuong-ngu-nhap-khau-phong-cach-tan-co-dien%20GD708-3.jpg\" \/><\/p>\n<p><img class=\"lazy-load-active\" src=\"https:\/\/vuongquocnoithat.vn\/images\/2017\/12\/01\/giuong-ngu-nhap-khau-phong-cach-tan-co-dien%20GD708-4.jpg\" alt=\"Gi\u01b0\u1eddng ng\u1ee7 phong c\u00e1ch t\u00e2n c\u1ed5 \u0111i\u1ec3n GD708-4\" data-src=\"https:\/\/vuongquocnoithat.vn\/images\/2017\/12\/01\/giuong-ngu-nhap-khau-phong-cach-tan-co-dien%20GD708-4.jpg\" \/><\/p>\n<p><img class=\"lazy-load-active\" src=\"https:\/\/vuongquocnoithat.vn\/images\/2017\/12\/01\/giuong-ngu-nhap-khau-phong-cach-tan-co-dien%20GD708-5.jpg\" alt=\"Gi\u01b0\u1eddng ng\u1ee7 phong c\u00e1ch t\u00e2n c\u1ed5 \u0111i\u1ec3n GD708-5\" data-src=\"https:\/\/vuongquocnoithat.vn\/images\/2017\/12\/01\/giuong-ngu-nhap-khau-phong-cach-tan-co-dien%20GD708-5.jpg\" \/><\/p>\n<p><img class=\"lazy-load-active\" src=\"https:\/\/vuongquocnoithat.vn\/images\/2017\/12\/01\/giuong-ngu-nhap-khau-phong-cach-tan-co-dien%20GD708-6.jpg\" alt=\"Gi\u01b0\u1eddng ng\u1ee7 phong c\u00e1ch t\u00e2n c\u1ed5 \u0111i\u1ec3n GD708-6\" data-src=\"https:\/\/vuongquocnoithat.vn\/images\/2017\/12\/01\/giuong-ngu-nhap-khau-phong-cach-tan-co-dien%20GD708-6.jpg\" \/><\/p>\n","protected":false},"excerpt":{"rendered":"<ul>\n<li>Nh\u1eadp kh\u1ea9u 100%<\/li>\n<li>B\u1ea3o h\u00e0nh 2 n\u0103m<\/li>\n<li>Mi\u1ec5n ph\u00ed v\u1eadn chuy\u1ec3n, l\u1eafp \u0111\u1eb7p t\u1ea1i H\u00e0 N\u1ed9i &amp; HCM<\/li>\n<li>Showroom: 3000m<sup>2\u00a0<\/sup>T\u1ea7ng 1&amp;2, t\u00f2a T2 Vinaconex12, 57 V\u0169 Tr\u1ecdng Ph\u1ee5ng qu\u1eadn Thanh Xu\u00e2n TP H\u00e0 N\u1ed9i<\/li>\n<\/ul>\n","protected":false},"featured_media":620,"comment_status":"open","ping_status":"closed","template":"","meta":[],"_links":{"self":[{"href":"https:\/\/themex.myonter.com\/noithat2\/wp-json\/wp\/v2\/product\/619"}],"collection":[{"href":"https:\/\/themex.myonter.com\/noithat2\/wp-json\/wp\/v2\/product"}],"about":[{"href":"https:\/\/themex.myonter.com\/noithat2\/wp-json\/wp\/v2\/types\/product"}],"replies":[{"embeddable":true,"href":"https:\/\/themex.myonter.com\/noithat2\/wp-json\/wp\/v2\/comments?post=619"}],"wp:featuredmedia":[{"embeddable":true,"href":"https:\/\/themex.myonter.com\/noithat2\/wp-json\/wp\/v2\/media\/620"}],"wp:attachment":[{"href":"https:\/\/themex.myonter.com\/noithat2\/wp-json\/wp\/v2\/media?parent=619"}],"curies":[{"name":"wp","href":"https:\/\/api.w.org\/{rel}","templated":true}]}}