{"id":633,"date":"2018-02-26T09:04:29","date_gmt":"2018-02-26T02:04:29","guid":{"rendered":"https:\/\/bizhostvn.com\/w\/noithat2\/?post_type=product&#038;p=633"},"modified":"2018-02-26T09:12:55","modified_gmt":"2018-02-26T02:12:55","slug":"ghe-sofa-3-cho-biancaii-wm1660-sf3-hang-nhap-khau","status":"publish","type":"product","link":"https:\/\/themex.myonter.com\/noithat2\/san-pham\/ghe-sofa-3-cho-biancaii-wm1660-sf3-hang-nhap-khau\/","title":{"rendered":"Gh\u1ebf Sofa 3 Ch\u1ed7 BIANCAII WM1660-SF3 nh\u1eadp kh\u1ea9u"},"content":{"rendered":"<p><strong>Sofa gi\u01b0\u1eddng<\/strong> th\u01b0\u1eddng \u0111\u01b0\u1ee3c b\u00e0y tr\u00ed \u1edf ph\u00f2ng ng\u1ee7 ho\u1eb7c ph\u00f2ng \u0111\u1ecdc b\u00e1o v\u1eeba d\u00f9ng \u0111\u1ec3 trang tr\u00ed v\u1eeba d\u00f9ng \u0111\u1ec3 ngh\u1ec9 ng\u01a1i sau nh\u1eefng gi\u1edd l\u00e0m vi\u1ec7c c\u0103ng th\u1eb3ng.\u00a0B\u1ed9 gh\u1ebf sofa gi\u01b0\u1eddng \u0111ang l\u00e0 xu th\u1ebf \u0111\u01b0\u1ee3c nhi\u1ec1u ng\u01b0\u1eddi s\u1eed d\u1ee5ng trong n\u0103m nay n\u00e0y b\u1edfi c\u00f4ng n\u0103ng s\u1eed d\u1ee5ng c\u1ee7a n\u00f3.<\/p>\n<h2>Sofa gi\u01b0\u1eddng gi\u00e1 r\u1ebb tr\u00ean th\u1ecb tr\u01b0\u1eddng H\u00e0 N\u1ed9i<\/h2>\n<p>Hi\u1ec7n nay c\u00e1c\u00a0m\u1eabu sofa gi\u01b0\u1eddng\u00a0ng\u00e0y c\u00e0ng \u0111a d\u1ea1ng v\u1ec1 m\u1eabu m\u00e3, nhi\u1ec1u phong c\u00e1ch, <strong>sofa g\u00f3c \u0111\u1eb9p<\/strong>. V\u1edbi nh\u1eefng m\u1eabu sofa gi\u01b0\u1eddng gi\u00e1 r\u1ebb tr\u00ean th\u1ecb tr\u01b0\u1eddng hi\u1ec7n nay th\u01b0\u1eddng \u0111\u01b0\u1ee3c s\u1ea3n xu\u1ea5t gia c\u00f4ng v\u00e0 kh\u00f4ng \u0111\u1ea3m b\u1ea3o \u0111\u01b0\u1ee3c v\u1ec1 ch\u1ea5t l\u01b0\u1ee3ng. N\u1ed9i Th\u1ea5t Xinh<strong>\u00a0<\/strong>ch\u00fang t\u00f4i chuy\u00ean s\u1ea3n xu\u1ea5t c\u00e1c m\u1eabu sofa gi\u01b0\u1eddng gi\u00e1 r\u1ebb, sofa gi\u01b0\u1eddng cao c\u1ea5p \u0111\u1ec1u theo qui tr\u00ecnh chu\u1ea9n lu\u00f4n \u0111\u1ea3m b\u1ea3o ch\u1ea5t l\u01b0\u1ee3ng l\u00ean h\u00e0ng \u0111\u1ea7u.<\/p>\n<h3>B\u1ed9 s\u1ea3n ph\u1ea9m sofa gi\u01b0\u1eddng t\u1ea1i H\u00e0 N\u1ed9i<\/h3>\n<p>B\u1ed9 <strong>b\u00e0n gh\u1ebf sofa\u00a0<\/strong>\u0111\u1eb7c bi\u1ec7t l\u00e0 sofa gi\u01b0\u1eddng \u0111\u01b0\u1ee3c thi\u1ebft k\u1ebf r\u1ea5t \u0111\u1eb7c bi\u1ec7t t\u1eeb ch\u1ea5t li\u1ec7u ngu\u1ed3n g\u1ed7 t\u1ef1 nhi\u00ean \u0111\u00e3 qua x\u1eed l\u00fd tr\u00e0nh cong v\u00eanh ,l\u00f2 xo nh\u1eadp kh\u1ea9u Malaysia, \u0111\u1ec7m m\u00fat V\u1ea1n Th\u00e0nh cao c\u1ea5p ph\u00f9 h\u1ee3p v\u1edbi m\u1ecdi l\u1ee9a tu\u1ed5i.<\/p>\n<p>N\u1ed9i Th\u1ea5t Xinh chuy\u00ean cung c\u1ea5p s\u1ea3n ph\u1ea9m sofa, <strong>sofa gi\u01b0\u1eddng t\u1ea1i H\u00e0 N\u1ed9i<\/strong> ch\u1ea5t l\u01b0\u1ee3ng cao v\u00e0 d\u1ecbch v\u1ee5 chuy\u00ean nghi\u1ec7p, uy t\u00edn h\u00e0ng \u0111\u1ea7u.\u00a0<strong>Li\u00ean h\u1ec7 v\u1edbi ch\u00fang t\u00f4i ngay \u0111\u1ec3 \u0111\u01b0\u1ee3c t\u01b0 v\u1ea5n tr\u1ef1c ti\u1ebfp mi\u1ec5n ph\u00ed.<\/strong><\/p>\n","protected":false},"excerpt":{"rendered":"<ul class=\"info_more\">\n<li>Xem th\u00eam ch\u00ednh s\u00e1ch b\u1ea3o h\u00e0nh v\u00e0 \u0111\u1ed5i tr\u1ea3 s\u1ea3n ph\u1ea9m<\/li>\n<li>H\u1ec7 th\u1ed1ng trung t\u00e2m b\u1ea3o h\u00e0nh ( Xem chi ti\u1ebft)<\/li>\n<li>\u0110\u1ed5i tr\u1ea3 s\u1ea3n ph\u1ea9m trong v\u00f2ng 30 ng\u00e0y.<\/li>\n<li>Mi\u1ec3n ph\u00ed v\u1eadn chuy\u1ec3n to\u00e0n qu\u1ed1c * ( Xem chi ti\u1ebft)<\/li>\n<\/ul>\n","protected":false},"featured_media":634,"comment_status":"open","ping_status":"closed","template":"","meta":[],"_links":{"self":[{"href":"https:\/\/themex.myonter.com\/noithat2\/wp-json\/wp\/v2\/product\/633"}],"collection":[{"href":"https:\/\/themex.myonter.com\/noithat2\/wp-json\/wp\/v2\/product"}],"about":[{"href":"https:\/\/themex.myonter.com\/noithat2\/wp-json\/wp\/v2\/types\/product"}],"replies":[{"embeddable":true,"href":"https:\/\/themex.myonter.com\/noithat2\/wp-json\/wp\/v2\/comments?post=633"}],"wp:featuredmedia":[{"embeddable":true,"href":"https:\/\/themex.myonter.com\/noithat2\/wp-json\/wp\/v2\/media\/634"}],"wp:attachment":[{"href":"https:\/\/themex.myonter.com\/noithat2\/wp-json\/wp\/v2\/media?parent=633"}],"curies":[{"name":"wp","href":"https:\/\/api.w.org\/{rel}","templated":true}]}}