{"id":637,"date":"2018-02-26T09:16:19","date_gmt":"2018-02-26T02:16:19","guid":{"rendered":"https:\/\/bizhostvn.com\/w\/noithat2\/?post_type=product&#038;p=637"},"modified":"2018-02-26T09:16:19","modified_gmt":"2018-02-26T02:16:19","slug":"sofa-giuong-nhap-khau-mau-xanh-ngoc-034","status":"publish","type":"product","link":"https:\/\/themex.myonter.com\/noithat2\/san-pham\/sofa-giuong-nhap-khau-mau-xanh-ngoc-034\/","title":{"rendered":"Sofa gi\u01b0\u1eddng nh\u1eadp kh\u1ea9u m\u00e0u xanh ng\u1ecdc 034"},"content":{"rendered":"<p>Gh\u1ebf sofa gi\u01b0\u1eddng hi\u1ec7n nay c\u0169ng \u0111\u01b0\u1ee3c nhi\u1ec1u s\u1eed d\u1ee5ng b\u1edfi n\u00f3 c\u00f3 th\u1ec3 thay \u0111\u1ed5i ki\u1ec3u d\u00e1ng theo m\u1ee5c \u0111\u00edch s\u1eed d\u1ee5ng kh\u00e1c nhau, n\u00f3 v\u1eeba ti\u1ec7n l\u1ee3i l\u1ea1i v\u1eeba g\u1ecdn nh\u1eb9 kh\u00f4ng chi\u1ebfm nhi\u1ec1u di\u1ec7n t\u00edch trong kh\u00f4ng gian s\u1ed1ng.<\/p>\n<h2>Gh\u1ebf sofa gi\u01b0\u1eddng m\u00e3 G27 v\u1edbi m\u00e0u s\u1eafc \u0111\u1eb9p<\/h2>\n<p>M\u1eabu <strong>gh\u1ebf sofa gi\u01b0\u1eddng \u0111\u1eb9p<\/strong> n\u00e0y c\u00f3 m\u00e0u xanh t\u01b0\u01a1i m\u00e1t, \u0111\u00e2y l\u00e0 m\u00e0u s\u1eafc \u0111\u01b0\u1ee3c \u01b0u chu\u1ed9ng nh\u1ea5t trong trong m\u00f9a h\u00e8 n\u0103m nay. M\u00f9a xanh c\u1ee7a chi\u1ebfc gh\u1ebf sofa n\u00e0y s\u1ebd gi\u00fap b\u1ea1n h\u1ea1 b\u1edbt c\u00e1i n\u00f3ng c\u1ee7a m\u00f9a h\u00e8, n\u00f3 c\u0169ng l\u00e0 gam m\u00e0u c\u00f3 s\u1ef1 t\u01b0\u01a1ng ph\u0103n m\u1ea1nh m\u1ebd, n\u1ebfu b\u1ea1n \u0111\u1eb7t n\u00f3 trong ph\u00f2ng th\u00ec n\u00f3 s\u1ebd l\u00e0 m\u00f3n \u0111\u1ed3 n\u1ed9i th\u1ea5t thu h\u00fat s\u1ef1 ch\u00fa \u00fd v\u00e0 l\u00e0m n\u1ed5i b\u1eadt kh\u00f4ng gian s\u1ed1ng. <strong>M\u1eabu gh\u1ebf sofa \u0111\u1eb9p<\/strong> n\u00e0y b\u1ea1n ch\u1ec9 c\u00f3 th\u1ec3 t\u00ecm \u0111\u01b0\u1ee3c h\u00e0nh ch\u00ednh h\u00e3ng khi \u0111\u1ebfn v\u1edbi N\u1ed9i Th\u1ea5t Xinh.<em><\/p>\n<p><\/em><\/p>\n<p>N\u1ebfu b\u1ea1n y\u00eau th\u00edch chi\u1ebfc gh\u1ebf n\u00e0y h\u00e3y \u0111\u1eb7t h\u00e0ng ngay v\u1edbi\u00a0<strong>N\u1ed9i Th\u1ea5t Xinh\u00a0<\/strong>\u0111\u1ec3 \u0111\u01b0\u1ee3c s\u1edf h\u1eefu n\u00f3, n\u00f3 s\u1ebd khi\u1ebfn kh\u00f4ng gian s\u1ed1ng c\u1ee7a b\u1ea1n thay \u0111\u1ed5i m\u1ed9t c\u00e1ch \u0111\u00e1ng k\u1ec3.<\/p>\n<p><strong>\u00a0Th\u00f4ng tin chi ti\u1ebft v\u1ec1 s\u1ea3n ph\u1ea9m gh\u1ebf sofa m\u00e3 G27<\/strong><\/p>\n<ul>\n<li>Khung x\u01b0\u01a1ng: l\u00e0 khung g\u1ed7 s\u1ed3i nh\u1eadp kh\u1ea9u ch\u1ea5t l\u01b0\u1ee3ng cao c\u1ea5p<\/li>\n<li>Ch\u1ea5t li\u1ec7u: n\u1ec9 cao c\u1ea5p<\/li>\n<li>K\u00edch th\u01b0\u1edbc:\u00a0<strong>2200*900<\/strong>\u00a0(d\u00e0i*r\u1ed9ng)<\/li>\n<li>\u0110\u1ec7m m\u00fat: c\u1ea5u t\u1ea1o 3 l\u1edbp nh\u1eadp kh\u1ea9u ch\u1ea5t l\u01b0\u1ee3ng cao c\u1ea5p<\/li>\n<li>Ch\u00e2n gh\u1ebf: ch\u1ea5t li\u1ec7u g\u1ed7<\/li>\n<li>L\u00f2 xo: nh\u1eadp kh\u1ea9u Malaysia<\/li>\n<li>T\u1eb7ng g\u1ed1i \u00f4m cao c\u1ea5p khi mua gh\u1ebf<\/li>\n<li>N\u1ed9i Th\u1ea5t Xinh nh\u1eadn giao h\u00e0ng mi\u1ec5n ph\u00ed b\u00e1n k\u00ednh &lt;200km tr\u00ean to\u00e0n qu\u1ed1c<\/li>\n<\/ul>\n","protected":false},"excerpt":{"rendered":"<ul class=\"tt\">\n<li class=\"cc\">Xu\u1ea5t x\u1ee9: N\u1ed9i Th\u1ea5t Xinh<\/li>\n<li class=\"cc\">B\u1ea3o h\u00e0nh: 6 n\u0103m<\/li>\n<li class=\"cc\">M\u00e0u s\u1eafc: Xanh da tr\u1eddi<\/li>\n<li class=\"cc\">Ch\u1ea5t li\u1ec7u: N\u1ec9 cao c\u1ea5p<\/li>\n<li class=\"cc\">K\u00edch th\u01b0\u1edbc: 2200*900<\/li>\n<li class=\"cc\">T\u00ecnh tr\u1ea1ng: \u0110\u1eb7t h\u00e0ng<\/li>\n<\/ul>\n","protected":false},"featured_media":638,"comment_status":"open","ping_status":"closed","template":"","meta":[],"_links":{"self":[{"href":"https:\/\/themex.myonter.com\/noithat2\/wp-json\/wp\/v2\/product\/637"}],"collection":[{"href":"https:\/\/themex.myonter.com\/noithat2\/wp-json\/wp\/v2\/product"}],"about":[{"href":"https:\/\/themex.myonter.com\/noithat2\/wp-json\/wp\/v2\/types\/product"}],"replies":[{"embeddable":true,"href":"https:\/\/themex.myonter.com\/noithat2\/wp-json\/wp\/v2\/comments?post=637"}],"wp:featuredmedia":[{"embeddable":true,"href":"https:\/\/themex.myonter.com\/noithat2\/wp-json\/wp\/v2\/media\/638"}],"wp:attachment":[{"href":"https:\/\/themex.myonter.com\/noithat2\/wp-json\/wp\/v2\/media?parent=637"}],"curies":[{"name":"wp","href":"https:\/\/api.w.org\/{rel}","templated":true}]}}