{"id":640,"date":"2018-02-26T09:19:58","date_gmt":"2018-02-26T02:19:58","guid":{"rendered":"https:\/\/bizhostvn.com\/w\/noithat2\/?post_type=product&#038;p=640"},"modified":"2018-02-26T09:21:47","modified_gmt":"2018-02-26T02:21:47","slug":"ghe-sofa-giuong-ma-g30-nhap-khau-han-quoc","status":"publish","type":"product","link":"https:\/\/themex.myonter.com\/noithat2\/san-pham\/ghe-sofa-giuong-ma-g30-nhap-khau-han-quoc\/","title":{"rendered":"Gh\u1ebf sofa gi\u01b0\u1eddng m\u00e3 G30 nh\u1eadp kh\u1ea9u H\u00e0n Qu\u1ed1c"},"content":{"rendered":"<div id=\"dp1\" class=\"intr\">\n<div>Hi\u1ec7n \u00a0nay, nhi\u1ec1u ng\u01b0\u1eddi s\u1eed d\u1ee5ng m\u1eabu gh\u1ebf sofa 2 in 1 \u0111\u00f3 l\u00e0 m\u1eabu gh\u1ebf sofa gi\u01b0\u1eddng, n\u00f3 v\u1eeba c\u00f3 th\u1ec3 l\u00e0m ch\u1ee9c n\u0103ng c\u1ee7a m\u1ed9t chi\u1ebfc gh\u1ebf l\u1ea1i v\u1eeba c\u00f3 th\u1ec3 bi\u1ebfn th\u00e0nh m\u1ed9t chi\u1ebfc gi\u01b0\u1eddng \u00eam \u00e1i.<\/div>\n<h2>Gh\u1ebf sofa gi\u01b0\u1eddng m\u00e3 G30 \u0111\u01b0\u1ee3c thi\u1ebft k\u1ebf \u0111a n\u0103ng<\/h2>\n<div>\n<p>C\u00f3 th\u1ec3 g\u1ecdi n\u00f3 l\u00e0 m\u1ed9t chi\u1ebfc gi\u01b0\u1eddng 2 t\u1ea7ng \u0111\u01b0\u1ee3c, v\u00ec ch\u1ec9 v\u1edbi m\u1ed9t th\u00e1o t\u00e1c k\u00e9o \u0111\u01a1n gi\u1ea3n v\u00e0 nh\u1eb9 nh\u00e0ng chi\u1ebfc <strong>gh\u1ebf sofa gi\u01b0\u1eddng cao c\u1ea5<\/strong>\u00a0n\u00e0y c\u00f3 th\u1ec3 bi\u1ebfn th\u00e0nh m\u1ed9t chi\u1ebfc gi\u01b0\u1eddng r\u1ed9ng l\u1edbn \u0111\u1ee7 ch\u1ed7 cho 3 \u0111\u1ebfn 4 ng\u01b0\u1eddi n\u1eb1m tho\u1ea3i m\u00e1i. V\u1edbi ch\u1ea5t li\u1ec7u n\u1ec9 b\u1ecdc cao c\u1ea5p v\u00e0 h\u1ecda ti\u1ebft k\u1ebb s\u1ecdc thanh l\u1ecbch v\u00e0 \u0111\u01a1n gi\u1ea3n nh\u01b0ng n\u00f3 v\u1eabn to\u00e1t l\u00ean v\u1ebb \u0111\u1eb9p cao c\u1ea5p v\u00e0 hi\u1ec7n \u0111\u1ea1i.<\/p>\n<p>M\u1eabu <strong>gh\u1ebf sofa ph\u00f2ng ng\u1ee7<\/strong> n\u00e0y r\u1ea5t \u0111a n\u0103ng v\u00e0 ti\u1ec7n l\u1ee3i n\u1ebfu gia \u0111\u00ecnh b\u1ea1n c\u00f3 b\u1ea1n b\u00e8 ho\u1eb7c ng\u01b0\u1eddi th\u00e2n \u1edf l\u1ea1i qua \u0111\u00eam, b\u1ea1n s\u1ebd kh\u00f4ng lo thi\u1ebfu ch\u1ed7 ng\u1ee7 ho\u1eb7c ph\u1ea3i ng\u1ee7 d\u01b0\u1edbi s\u00e0n nh\u00e0.<\/p>\n<\/div>\n<div><\/div>\n<div><img src=\"http:\/\/nhaxinhplaza.vn\/Images\/Sofa-giuong-ma-g30.jpg\" alt=\"sofa gi\u01b0\u1eddng m\u00e3 g30\" \/><\/p>\n<p><em>Sofa gi\u01b0\u1eddng \u0111a n\u0103ng c\u1ee7a N\u1ed9i Th\u1ea5t Xinh<\/em><\/div>\n<div>\n<div>N\u1ebfu kh\u00e1ch h\u00e0ng mu\u1ed1n bi\u1ebft th\u00eam th\u00f4ng tin chi ti\u1ebft v\u1ec1 s\u1ea3n ph\u1ea9m n\u00e0y h\u00e3y li\u00ean h\u1ec7 v\u1edbi\u00a0<strong>si\u00eau th\u1ecb n\u1ed9i th\u1ea5t\u00a0<\/strong>c\u1ee7a ch\u00fang t\u00f4i theo s\u1ed1 m\u00e1y Hotline \u0111\u1ec3 nh\u1eadn nh\u1eefng th\u00f4ng tin t\u01b0 v\u1ea5n nhanh nh\u1ea5t v\u00e0 ch\u00ednh x\u00e1c nh\u1ea5t.<\/div>\n<\/div>\n<\/div>\n<div id=\"dp2\" class=\"intr\">\n<p>\u00a0<strong>Th\u00f4ng tin c\u1ea7n bi\u1ebft v\u1ec1 s\u1ea3m ph\u1ea9m G30<\/strong><\/p>\n<ul>\n<li>Ch\u1ea5t li\u1ec7u: n\u1ec9 cao c\u1ea5p xu\u1ea5t x\u1ee9 ch\u00e2u \u00c2u<\/li>\n<li>Khung x\u01b0\u01a1ng: khung g\u1ed7 s\u1ed3i nh\u1eadp kh\u1ea9u ch\u1ecbu l\u1ef1c t\u1ed1t, b\u1ec1n l\u00e2u v\u00e0 ch\u1eafc ch\u1eafn<\/li>\n<li>K\u00edch th\u01b0\u1edbc:\u00a0<span style=\"color: #ff9900;\"><b>1900*900<\/b><\/span>\u00a0(d\u00e0i*r\u1ed9ng).<\/li>\n<li>Ki\u1ec3u d\u00e1ng: sofa gi\u01b0\u1eddng hi\u1ec7n \u0111\u1ea1i, sang tr\u1ecdng.<\/li>\n<li>\u0110\u1ec7m m\u00fat: c\u1ea5u t\u1ea1o 3 l\u1edbp nh\u1eadp kh\u1ea9u cao c\u1ea5p ch\u1ed1ng l\u00fan.<\/li>\n<li>Ch\u00e2n gh\u1ebf: ch\u00e2n g\u1ed7 m\u00e0u \u0111en.<\/li>\n<li>N\u1ed9i Th\u1ea5t Xinh nh\u1eadn giao h\u00e0ng mi\u1ec5n ph\u00ed b\u00e1n k\u00ednh &lt;200km tr\u00ean to\u00e0n qu\u1ed1c<\/li>\n<li>T\u1eb7ng g\u1ed1i \u00f4m cao c\u1ea5p.<\/li>\n<\/ul>\n<\/div>\n","protected":false},"excerpt":{"rendered":"<ul class=\"tt\">\n<li class=\"cc\">Xu\u1ea5t x\u1ee9: H\u00e0n QU\u1ed1c<\/li>\n<li class=\"cc\">B\u1ea3o h\u00e0nh: 6 n\u0103m<\/li>\n<li class=\"cc\">M\u00e0u s\u1eafc: X\u00e1m pha k\u1ebb s\u1ecdc tr\u1eafng<\/li>\n<li class=\"cc\">Ch\u1ea5t li\u1ec7u: N\u1ec9 cao c\u1ea5p<\/li>\n<li class=\"cc\">K\u00edch th\u01b0\u1edbc: 1900*900<\/li>\n<li class=\"cc\">T\u00ecnh tr\u1ea1ng: C\u00f3 s\u1eb5n<\/li>\n<\/ul>\n","protected":false},"featured_media":641,"comment_status":"open","ping_status":"closed","template":"","meta":[],"_links":{"self":[{"href":"https:\/\/themex.myonter.com\/noithat2\/wp-json\/wp\/v2\/product\/640"}],"collection":[{"href":"https:\/\/themex.myonter.com\/noithat2\/wp-json\/wp\/v2\/product"}],"about":[{"href":"https:\/\/themex.myonter.com\/noithat2\/wp-json\/wp\/v2\/types\/product"}],"replies":[{"embeddable":true,"href":"https:\/\/themex.myonter.com\/noithat2\/wp-json\/wp\/v2\/comments?post=640"}],"wp:featuredmedia":[{"embeddable":true,"href":"https:\/\/themex.myonter.com\/noithat2\/wp-json\/wp\/v2\/media\/641"}],"wp:attachment":[{"href":"https:\/\/themex.myonter.com\/noithat2\/wp-json\/wp\/v2\/media?parent=640"}],"curies":[{"name":"wp","href":"https:\/\/api.w.org\/{rel}","templated":true}]}}