{"id":642,"date":"2018-02-26T09:23:38","date_gmt":"2018-02-26T02:23:38","guid":{"rendered":"https:\/\/bizhostvn.com\/w\/noithat2\/?post_type=product&#038;p=642"},"modified":"2018-02-26T09:24:04","modified_gmt":"2018-02-26T02:24:04","slug":"sofa-da-ma-ntx722-nhap-khau-nguyen-chiec","status":"publish","type":"product","link":"https:\/\/themex.myonter.com\/noithat2\/san-pham\/sofa-da-ma-ntx722-nhap-khau-nguyen-chiec\/","title":{"rendered":"Sofa da m\u00e3 NTX722 nh\u1eadp kh\u1ea9u nguy\u00ean chi\u1ebfc"},"content":{"rendered":"<p><span style=\"color: #333333; font-size: 14.4px; line-height: 1.5;\">S\u1edf h\u1eefu m\u1ed9t chi\u1ebfc sofa ti\u1ec7n nghi l\u00e0 \u0111i\u1ec1u m\u00e0 ai c\u0169ng mong mu\u1ed1n c\u00f3 \u0111\u01b0\u1ee3c. Th\u1ea5u hi\u1ec3u \u0111i\u1ec1u \u0111\u00f3, N\u1ed9i Th\u1ea5t Xinh mang \u0111\u1ebfn nhi\u1ec1u m\u1eabu sofa da v\u1edbi thi\u1ebft k\u1ebf \u0111\u1eb7c bi\u1ec7t kh\u00e1c nhau gi\u00fap qu\u00fd v\u1ecb ch\u1ecdn l\u1ef1a d\u1ec5 d\u00e0ng h\u01a1n. Nh\u01b0 m\u1eabu sofa m\u00e3 NTX722.<\/span><\/p>\n<div id=\"dp1\" class=\"intr\">\n<h2><strong>Ti\u1ec7n nghi s\u1eed d\u1ee5ng khi l\u1ef1a ch\u1ecdn sofa da m\u00e3 NTX722<\/strong><\/h2>\n<div>V\u00ec sao c\u00f3 th\u1ec3 kh\u1eb3ng \u0111\u1ecbnh <strong>gh\u1ebf sofada<\/strong> m\u00e3 NTX722 l\u00e0 s\u1ef1 l\u1ef1a ch\u1ecdn ti\u1ec7n nghi, ph\u00f9 h\u1ee3p? \u0110i\u1ec1u n\u00e0y \u0111\u1ebfn t\u1eeb s\u1ea3n ph\u1ea9m b\u1ecdc da ch\u1ea5t l\u01b0\u1ee3ng cao \u00eam \u00e1i tho\u1ea3i m\u00e1i c\u00f9ng thi\u1ebft k\u1ebf ri\u00eang th\u00f4ng minh m\u00e0 sofa c\u00f3 \u0111\u01b0\u1ee3c.<\/div>\n<div><em><img src=\"http:\/\/nhaxinhplaza.vn\/Images\/sofa-ma-ntx722-1.jpg\" alt=\"Sofa b\u00e1n s\u1eb5n m\u00e3 NTX722\" \/><\/p>\n<p><\/em><\/div>\n<div><i>Gh\u1ebf sofa g\u00f3c b\u1ecdc da \u00eam \u00e1i<\/p>\n<p><\/i><\/div>\n<div>\u0110\u00f3 ch\u00ednh l\u00e0 thi\u1ebft k\u1ebf ki\u1ec3u d\u00e1ng <strong>sofa g\u00f3c ch\u1eef L<\/strong> g\u1ecdn g\u00e0ng v\u1edbi nh\u1eefng \u0111\u01b0\u1eddng may nu\u1ed9t n\u00e0 tinh t\u1ebf. S\u1ef1 k\u1ebft h\u1ee3p c\u1ee7a t\u1ef1a l\u01b0ng g\u1eadt g\u00f9 gi\u00fap sofa ti\u1ec7n l\u1ee3i s\u1eed d\u1ee5ng cho ng\u01b0\u1eddi c\u00f3 chi\u1ec1u cao hay ng\u01b0\u1eddi th\u1ea5p, ph\u00f9 h\u1ee3p v\u1edbi nhi\u1ec1u h\u00ecnh th\u1ec3 c\u1ee7a c\u00e1c th\u00e0nh vi\u00ean trong gia \u0111\u00ecnh. M\u1ed9t l\u1ef1a ch\u1ecdn ph\u00f9 h\u1ee3p v\u1edbi c\u1ea3 gia \u0111\u00ecnh.<\/div>\n<div><em><em><img src=\"http:\/\/nhaxinhplaza.vn\/Images\/sofa-ma-ntx722-6.jpg\" alt=\"Sofa b\u00e1n s\u1eb5n m\u00e3 NTX722\" \/><\/p>\n<p>\u0110\u01b0\u1eddng may \u0111\u1eb9p tr\u00ean th\u00e2n gh\u1ebf<\/em><\/em><img src=\"http:\/\/nhaxinhplaza.vn\/Images\/sofa-ma-ntx722-4.jpg\" alt=\"Sofa b\u00e1n s\u1eb5n m\u00e3 NTX722\" \/><\/p>\n<p><em>Tay gh\u1ebf \u1ed1p g\u1ed7 hi\u1ec7n \u0111\u1ea1i<\/em><img src=\"http:\/\/nhaxinhplaza.vn\/Images\/sofa-ma-ntx722-7.jpg\" alt=\"Sofa b\u00e1n s\u1eb5n m\u00e3 NTX722\" \/><\/p>\n<p>T\u1ef1a l\u01b0ng th\u00f4ng minh gi\u00fap qu\u00fd v\u1ecb c\u00f3 th\u1ec3 \u0111i\u1ec1u khi\u1ec3n theo \u00fd mu\u1ed1n<\/p>\n<\/div>\n<div><\/div>\n<div>N\u1ebfu qu\u00fd v\u1ecb mu\u1ed1n tr\u1ea3i nghi\u1ec7m <strong>m\u1eabu sofa \u0111\u1eb9p<\/strong> n\u00e0y \u00a0tr\u1ef1c ti\u1ebfp, h\u00e3y \u0111\u1ebfn v\u1edbi showroom N\u1ed9i Th\u1ea5t Xinh S\u1ed1 321 Tr\u01b0\u1eddng Chinh \u2013 Thanh Xu\u00e2n &#8211; H\u00e0 N\u1ed9i \u0111\u1ec3 c\u1ea3m nh\u1eadn v\u00e0 ch\u1ecdn mua nh\u00e9!<\/div>\n<\/div>\n<div id=\"dp2\" class=\"intr\">\n<p>\u00a0<strong>Th\u00f4ng tin chi ti\u1ebft:<\/strong><\/p>\n<ul>\n<li>K\u00edch th\u01b0\u1edbc: 2800x1800x900 mm<\/li>\n<li>Ch\u1ea5t li\u1ec7u b\u1ecdc: Da Microfiber cao c\u1ea5p<\/li>\n<li>Khung x\u01b0\u01a1ng: g\u1ed7 S\u1ed3i \u0111\u00e3 \u0111\u01b0\u1ee3c x\u1eed l\u00fd ch\u1ed1ng m\u1ed1i m\u1ecdt<\/li>\n<li>\u0110\u1ec7m m\u00fat thi\u1ebft k\u1ebf 3 l\u1edbp \u0111\u00e0n h\u1ed3i cao<\/li>\n<li>M\u00e0u s\u1eafc: V\u00e0ng cam t\u01b0\u01a1i s\u00e1ng<\/li>\n<li>Ki\u1ec3u d\u00e1ng: Sofa g\u00f3c ch\u1eef L ti\u1ec7n l\u1ee3i<\/li>\n<li>Gh\u1ebf sofa c\u00f3 l\u01b0ng g\u1eadt g\u00f9 ba n\u1ea5c hi\u1ec7n \u0111\u1ea1i, ti\u1ec7n nghi<\/li>\n<li>Tay v\u1ecbn ki\u1ec3u vu\u00f4ng, k\u1ebft h\u1ee3p tay g\u1ed7 n\u1ed5i b\u1eadt<\/li>\n<li>T\u1ef1a l\u01b0ng m\u1ec1m \u00eam \u00e1i, tho\u1ea3i m\u00e1i ngh\u1ec9 ng\u01a1i<\/li>\n<li>\u0110\u01b0\u1eddng n\u00e9t ti\u1ebft k\u1ebf v\u1edbi \u0111\u01b0\u1eddng may r\u00fat nh\u1ea5n d\u00e1ng \u00f4 thoi sang tr\u1ecdng<\/li>\n<\/ul>\n<\/div>\n","protected":false},"excerpt":{"rendered":"<ul class=\"tt\">\n<li class=\"cc\">Xu\u1ea5t x\u1ee9: H\u00e0n Qu\u1ed1c<\/li>\n<li class=\"cc\">B\u1ea3o h\u00e0nh: 6 n\u0103m<\/li>\n<li class=\"cc\">M\u00e0u s\u1eafc: V\u00e0ng cam<\/li>\n<li class=\"cc\">Ch\u1ea5t li\u1ec7u: Da Microfiber<\/li>\n<li class=\"cc\">K\u00edch th\u01b0\u1edbc: 2800x1800x900<\/li>\n<li class=\"cc\">T\u00ecnh tr\u1ea1ng: C\u00f3 s\u1eb5n<\/li>\n<\/ul>\n","protected":false},"featured_media":643,"comment_status":"open","ping_status":"closed","template":"","meta":[],"_links":{"self":[{"href":"https:\/\/themex.myonter.com\/noithat2\/wp-json\/wp\/v2\/product\/642"}],"collection":[{"href":"https:\/\/themex.myonter.com\/noithat2\/wp-json\/wp\/v2\/product"}],"about":[{"href":"https:\/\/themex.myonter.com\/noithat2\/wp-json\/wp\/v2\/types\/product"}],"replies":[{"embeddable":true,"href":"https:\/\/themex.myonter.com\/noithat2\/wp-json\/wp\/v2\/comments?post=642"}],"wp:featuredmedia":[{"embeddable":true,"href":"https:\/\/themex.myonter.com\/noithat2\/wp-json\/wp\/v2\/media\/643"}],"wp:attachment":[{"href":"https:\/\/themex.myonter.com\/noithat2\/wp-json\/wp\/v2\/media?parent=642"}],"curies":[{"name":"wp","href":"https:\/\/api.w.org\/{rel}","templated":true}]}}