{"id":644,"date":"2018-02-26T09:35:55","date_gmt":"2018-02-26T02:35:55","guid":{"rendered":"https:\/\/bizhostvn.com\/w\/noithat2\/?post_type=product&#038;p=644"},"modified":"2018-02-26T09:35:55","modified_gmt":"2018-02-26T02:35:55","slug":"den-chum-8-bong-e14-ch-8055-8-cao-cap","status":"publish","type":"product","link":"https:\/\/themex.myonter.com\/noithat2\/san-pham\/den-chum-8-bong-e14-ch-8055-8-cao-cap\/","title":{"rendered":"\u0110\u00e8n ch\u00f9m 8 b\u00f3ng E14 &#8211; CH-8055\/8 cao c\u1ea5p"},"content":{"rendered":"<p>\u0110\u00e8n ch\u00f9m CH-8055\/8 chi\u1ebfu s\u00e1ng b\u1eb1ng 8 b\u00f3ng \u0111\u00e8n LED\u00a0\u0111ui E14 qua 8 chao \u0111\u00e8n th\u1ee7y tinh<\/p>\n<p>Th\u00e2n \u0111\u00e8n l\u00e0 c\u00e1c thanh h\u1ee3p kim m\u1ea1 inox s\u00e1ng b\u00f3ng, h\u1ea1n ch\u1ebf g\u1ec9 s\u00e9t theo th\u1eddi gian.<\/p>\n<p>Chi\u1ec1u cao th\u1ea3 \u0111\u00e8n c\u00f3 th\u1ec3 thay \u0111\u1ed5i \u0111\u01b0\u1ee3c \u0111\u1ec3 ph\u00f9 h\u1ee3p v\u1edbi kh\u00f4ng gian n\u1ed9i th\u1ea5t nh\u00e0 b\u1ea1n.<\/p>\n<div>\n<div class=\"rows-info-product-detail\">\n<p>Ki\u1ec3u \u0111ui :\u00a0<span style=\"color: #333333; font-size: 14.4px; line-height: 1.5;\">E14<\/span><\/p>\n<\/div>\n<div class=\"rows-info-product-detail\">\n<p>K\u00edch th\u01b0\u1edbc bao :\u00a0<span style=\"color: #333333; font-size: 14.4px; line-height: 1.5;\">D600 x H800 mm<\/span><\/p>\n<\/div>\n<div class=\"rows-info-product-detail\">\n<p>Chi\u1ec1u d\u00e0i d\u00e2y treo :\u00a0<span style=\"color: #333333; font-size: 14.4px; line-height: 1.5;\">Max 1m<\/span><\/p>\n<\/div>\n<div class=\"rows-info-product-detail\">\n<p>K\u00edch th\u01b0\u1edbc \u0111\u1ebf :\u00a0<span style=\"color: #333333; font-size: 14.4px; line-height: 1.5;\">D600 mm<\/span><\/p>\n<\/div>\n<\/div>\n<div>\n<div class=\"rows-info-product-detail\">\n<p>\u0110i\u1ec7n \u00e1p \u0111\u1ea7u v\u00e0o(V) :\u00a0<span style=\"color: #333333; font-size: 14.4px; line-height: 1.5;\">220 VAC<\/span><\/p>\n<\/div>\n<div class=\"rows-info-product-detail\">\n<p>S\u1eed d\u1ee5ng v\u1edbi chi\u1ebft \u00e1p :\u00a0<span style=\"color: #333333; font-size: 14.4px; line-height: 1.5;\">Kh\u00f4ng<\/span><\/p>\n<\/div>\n<div class=\"rows-info-product-detail\">\n<p>C\u00f4ng su\u1ea5t (W) :\u00a0<span style=\"color: #333333; font-size: 14.4px; line-height: 1.5;\">8 b\u00f3ng E14<\/span><\/p>\n<\/div>\n<\/div>\n<div>\n<div class=\"rows-info-product-detail\">\n<p>Ch\u1ea5t li\u1ec7u :\u00a0<span style=\"color: #333333; font-size: 14.4px; line-height: 1.5;\">H\u1ee3p kim nh\u00f4m s\u01a1n t\u0129nh \u0111i\u1ec7n + K\u00ednh th\u1ee7y tinh<\/span><\/p>\n<\/div>\n<div class=\"rows-info-product-detail\">\n<p>M\u00e0u s\u1eafc :\u00a0<span style=\"color: #333333; font-size: 14.4px; line-height: 1.5;\">Tr\u1eafng b\u1ea1c<\/span><\/p>\n<\/div>\n<div class=\"rows-info-product-detail\">\n<p>M\u00f4i tr\u01b0\u1eddng s\u1eed d\u1ee5ng :\u00a0<span style=\"color: #333333; font-size: 14.4px; line-height: 1.5;\">Trong nh\u00e0<\/span><\/p>\n<\/div>\n<div class=\"rows-info-product-detail\">\n<p>S\u1ed1 l\u01b0\u1ee3ng \u0111ui \u0111\u00e8n :\u00a0<span style=\"color: #333333; font-size: 14.4px; line-height: 1.5;\">8<\/span><\/p>\n<\/div>\n<div class=\"rows-info-product-detail\">\n<p>C\u00f4ng su\u1ea5t t\u1ed1i \u0111a :\u00a0<span style=\"color: #333333; font-size: 14.4px; line-height: 1.5;\">Max 60W<\/span><\/p>\n<\/div>\n<\/div>\n<div>\n<div class=\"rows-info-product-detail\">\n<p>Nhi\u1ec7t \u0111\u1ed9 m\u00e0u \u00e1nh s\u00e1ng (K) :\u00a0<span style=\"color: #333333; font-size: 14.4px; line-height: 1.5;\">3000K\/ 6000K<\/span><\/p>\n<\/div>\n<div class=\"rows-info-product-detail\">\n<p>Ch\u1ebf \u0111\u1ed9 s\u00e1ng :\u00a0<span style=\"color: #333333; font-size: 14.4px; line-height: 1.5;\">1 ch\u1ebf \u0111\u1ed9<\/span><\/p>\n<\/div>\n<div class=\"rows-info-product-detail\">\n<p>Ngu\u1ed3n s\u00e1ng :\u00a0<span style=\"color: #333333; font-size: 14.4px; line-height: 1.5;\">LED\/ S\u1ee3i \u0111\u1ed1t\/ Compact<\/span><\/p>\n<\/div>\n<div class=\"rows-info-product-detail\">\n<p>H\u01b0\u1edbng h\u1eaft s\u00e1ng :\u00a0<span style=\"color: #333333; font-size: 14.4px; line-height: 1.5;\">H\u01b0\u1edbng xu\u1ed1ng<\/span><\/p>\n<\/div>\n<div class=\"rows-info-product-detail\">\n<p>\u00c1nh s\u00e1ng :\u00a0<span style=\"color: #333333; font-size: 14.4px; line-height: 1.5;\">Tr\u1eafng\/ V\u00e0ng<\/span><\/p>\n<\/div>\n<\/div>\n","protected":false},"excerpt":{"rendered":"<div class=\"rows-info-product-detail\">\n<p>\u0110i\u1ec7n \u00e1p \u0111\u1ea7u v\u00e0o(V):\u00a0<span style=\"color: #333333; font-size: 14.4px; line-height: 1.5;\">220 VAC<\/span><\/p>\n<\/div>\n<div class=\"rows-info-product-detail\">\n<p>Ch\u1ea5t li\u1ec7u:\u00a0<span style=\"color: #333333; font-size: 14.4px; line-height: 1.5;\">H\u1ee3p kim nh\u00f4m s\u01a1n t\u0129nh \u0111i\u1ec7n + K\u00ednh th\u1ee7y tinh<\/span><\/p>\n<\/div>\n<div class=\"rows-info-product-detail\">\n<p>M\u00e0u s\u1eafc:\u00a0<span style=\"color: #333333; font-size: 14.4px; line-height: 1.5;\">Tr\u1eafng b\u1ea1c<\/span><\/p>\n<\/div>\n<div class=\"rows-info-product-detail\">\n<p>Nhi\u1ec7t \u0111\u1ed9 m\u00e0u \u00e1nh s\u00e1ng: (K)<\/p>\n<\/div>\n","protected":false},"featured_media":646,"comment_status":"open","ping_status":"closed","template":"","meta":[],"_links":{"self":[{"href":"https:\/\/themex.myonter.com\/noithat2\/wp-json\/wp\/v2\/product\/644"}],"collection":[{"href":"https:\/\/themex.myonter.com\/noithat2\/wp-json\/wp\/v2\/product"}],"about":[{"href":"https:\/\/themex.myonter.com\/noithat2\/wp-json\/wp\/v2\/types\/product"}],"replies":[{"embeddable":true,"href":"https:\/\/themex.myonter.com\/noithat2\/wp-json\/wp\/v2\/comments?post=644"}],"wp:featuredmedia":[{"embeddable":true,"href":"https:\/\/themex.myonter.com\/noithat2\/wp-json\/wp\/v2\/media\/646"}],"wp:attachment":[{"href":"https:\/\/themex.myonter.com\/noithat2\/wp-json\/wp\/v2\/media?parent=644"}],"curies":[{"name":"wp","href":"https:\/\/api.w.org\/{rel}","templated":true}]}}