{"id":647,"date":"2018-02-26T09:37:45","date_gmt":"2018-02-26T02:37:45","guid":{"rendered":"https:\/\/bizhostvn.com\/w\/noithat2\/?post_type=product&#038;p=647"},"modified":"2018-02-26T09:38:10","modified_gmt":"2018-02-26T02:38:10","slug":"den-chum-led-trang-tri-phong-khach-nhap-khau","status":"publish","type":"product","link":"https:\/\/themex.myonter.com\/noithat2\/san-pham\/den-chum-led-trang-tri-phong-khach-nhap-khau\/","title":{"rendered":"\u0110\u00e8n ch\u00f9m led trang tr\u00ed ph\u00f2ng kh\u00e1ch nh\u1eadp kh\u1ea9u"},"content":{"rendered":"<p><strong>\u0110\u00e8n ch\u00f9m led trang tr\u00ed ph\u00f2ng kh\u00e1ch<\/strong> kh\u00f4ng ch\u1ec9 l\u00e0 m\u1ed9t trong nh\u1eefng v\u1eadt d\u1ee5ng gia \u0111\u00ecnh d\u00f9ng \u0111\u1ec3 trang tr\u00ed b\u00ean trong n\u1ed9i th\u1ea5t nh\u00e0 b\u1ea1n m\u00e0 s\u1ea3n ph\u1ea9m n\u00e0y c\u00f2n c\u00f3 r\u1ea5t nhi\u1ec1u c\u00f4ng n\u0103ng kh\u00e1c.<\/p>\n<p>Trong x\u00e3 h\u1ed9i hi\u1ec7n nay, c\u00f3 r\u1ea5t nhi\u1ec1u qu\u00fd kh\u00e1ch h\u00e0ng s\u1eed d\u1ee5ng <strong>den chum led trang tri phong khach<\/strong> \u0111\u1ec3 \u201ctrang tr\u00ed \u201d cho ko gian c\u0103n\u00a0nh\u00e0\u00a0c\u1ee7a m\u00ecnh.\u00a0\u0111\u1ed3 d\u00f9ng n\u00e0y\u00a0ngo\u00e0i ch\u1ee9c n\u0103ng trang tr\u00ed\u00a0cho b\u00ean trong n\u1ed9i th\u1ea5t c\u0103n h\u1ed9 m\u00e0 c\u00f2n c\u00f3 nh\u1eefng c\u00f4ng d\u1ee5ng l\u1edbn v\u1ec1 m\u1eb7t phong th\u1ee7y, sau \u0111\u00e2y s\u1ebd\u00a0l\u00e0 nh\u1eefng l\u1ee3i \u00edch c\u1ee7a <strong><em>\u0111\u00e8n led trang tr\u00ed ph\u00f2ng kh\u00e1ch<\/em><\/strong> \u0111\u1ed1i v\u1edbi phong th\u1ee7y:<\/p>\n<div class=\"separator\"><a href=\"https:\/\/2.bp.blogspot.com\/-kVLNUC7Vhu0\/WG25C5EtvvI\/AAAAAAAAAQs\/nppcMmn-tp0L5iulHenmZ3D_MCf8sf93QCLcB\/s1600\/den-chum-led-trang-tri-phong-khach-cao-cap.jpeg\"><img loading=\"lazy\" class=\"aligncenter\" src=\"https:\/\/2.bp.blogspot.com\/-kVLNUC7Vhu0\/WG25C5EtvvI\/AAAAAAAAAQs\/nppcMmn-tp0L5iulHenmZ3D_MCf8sf93QCLcB\/s640\/den-chum-led-trang-tri-phong-khach-cao-cap.jpeg\" width=\"640\" height=\"640\" border=\"0\" \/><\/a><\/div>\n<div class=\"separator\"><strong>\u00a0<\/strong><\/div>\n<h3><strong>\u0110\u00e8n ch\u00f9m led trang tr\u00ed ph\u00f2ng kh\u00e1ch gi\u00fap c\u1ea3i thi\u1ec7n lu\u1ed3ng kh\u00ed v\u00e0o nh\u00e0<\/strong><\/h3>\n<p><strong><\/p>\n<p><\/strong>\u0110\u1ed1i v\u1edbi\u00a0m\u1ed9t s\u1ed1 c\u0103n ph\u00f2ng r\u1ed9ng r\u00e3i\u00a0b\u1ea1n c\u0169ng\u00a0c\u00f3 th\u1ec3\u00a0treo m\u1ed9t v\u00e0i <strong><em>m\u1eabu\u00a0\u0111\u00e8n tr\u1ea7n trang tr\u00ed ph\u00f2ng kh\u00e1ch<\/em><\/strong>\u00a0v\u1edbi k\u00edch c\u1ee1 th\u00edch h\u1ee3p nh\u1eb1m m\u1ee5c\u00a0\u0111\u00edch\u00a0thu h\u00fat lu\u1ed3ng kh\u00ed t\u1ed1t v\u00e0o nh\u00e0. \u0110\u1eb7c bi\u1ec7t h\u01a1n, b\u1ea1n c\u0169ng c\u00f3 th\u1ec3\u00a0 l\u1eafp m\u1ed9t s\u1ed1 <em>\u0111\u00e8n ch\u00f9m led trang tr\u00ed ph\u00f2ng kh\u00e1ch hi\u1ec7n\u00a0\u0111\u1ea1i<\/em>\u00a0th\u1eadt to \u1edf v\u1ecb tr\u00ed tr\u1ea7n c\u1ee7a ph\u00f2ng \u0103n c\u0169ng r\u1ea5t t\u1ed1t v\u00ec n\u00f3 bi\u1ec3u t\u01b0\u1ee3ng cho n\u0103ng l\u01b0\u1ee3ng d\u01b0\u01a1ng &#8211; N\u0103ng l\u01b0\u1ee3ng t\u1ed1t, t\u1ed1t cho c\u00e1c b\u1eefa \u0103n.<\/p>\n<p><a href=\"https:\/\/4.bp.blogspot.com\/-RPJWK0SzYek\/WG25CyVpcBI\/AAAAAAAAAQw\/qEexxoYP34EUZUYzlsW9uwDkg4M1K3UNQCLcB\/s1600\/den-chum-led-trang-tri-phong-khach-dep.jpeg\"><img loading=\"lazy\" class=\"aligncenter\" src=\"https:\/\/4.bp.blogspot.com\/-RPJWK0SzYek\/WG25CyVpcBI\/AAAAAAAAAQw\/qEexxoYP34EUZUYzlsW9uwDkg4M1K3UNQCLcB\/s640\/den-chum-led-trang-tri-phong-khach-dep.jpeg\" width=\"640\" height=\"518\" border=\"0\" \/><\/a><\/p>\n<p><strong>\u0110\u00e8n ch\u00f9m led trang tr\u00ed ph\u00f2ng kh\u00e1ch gi\u00fap c\u1ea3i thi\u1ec7n c\u00e1c m\u1ed1i quan h\u1ec7<\/strong><\/p>\n<p>H\u01b0\u1edbng c\u1ee7a <strong>\u0111\u00e8n trang tr\u00ed ph\u00f2ng kh\u00e1ch<\/strong> c\u0169ng v\u00f4 c\u00f9ng quan tr\u1ecdng,\u00a0 \u0111\u00e8n ch\u00f9m led trang tr\u00ed ph\u00f2ng kh\u00e1ch l\u00e0 bi\u1ec3u t\u01b0\u1ee3ng cho m\u1ec7nh Th\u1ed5. Ch\u00ednh v\u00ec v\u1eady h\u01b0\u1edbng T\u00e2y Nam r\u1ea5t ph\u00f9 h\u1ee3p cho vi\u1ec7c treo \u0111\u00e8n. V\u1edbi vi\u1ec7c treo \u0111\u00e8n \u0111\u00fang h\u01b0\u1edbng s\u1ebd k\u00edch ho\u1ea1t n\u0103ng\u00a0l\u01b0\u1ee3ng t\u1ed1t, tr\u1ea5n tr\u1ea1ch, c\u1ea3i thi\u1ec7n m\u1ed1i quan h\u1ec7, l\u00e0m gi\u1ea3m l\u00f2ng tham, nh\u1eefng th\u00f3i h\u01b0 t\u1eadt x\u1ea5u.<\/p>\n<p>V\u1edbi v\u1eadn may th\u00ec <strong><em>\u0111\u00e8n ch\u00f9m ph\u00f2ng kh\u00e1ch hi\u1ec7n\u00a0\u0111\u1ea1i<\/em><\/strong>\u00a0gi\u00fap k\u00edch ho\u1ea1t v\u1eadn may c\u1ee7a gia ch\u1ee7, gi\u1ea3m tai \u01b0\u01a1ng, l\u00e0m m\u1ed7i ng\u01b0\u1eddi g\u1ea7n nhau h\u01a1n. H\u01a1n th\u1ebf phong th\u1ee7y \u0111\u00e8n ch\u00f9m c\u00f2n gi\u00fap cho t\u1eebng ng\u01b0\u1eddi l\u1ea5y \u0111\u01b0\u1ee3c s\u1ef1 y\u00eau m\u1ebfn, tin t\u01b0\u1edfng c\u1ee7a b\u1ea1n b\u00e8 v\u00e0 nh\u1eefng ng\u01b0\u1eddi ch\u1ed7 l\u00e2n c\u1eadn.<\/p>\n","protected":false},"excerpt":{"rendered":"<p>\u0110\u1ec3 c\u00f3 th\u1ec3 ph\u00e1t huy \u0111\u01b0\u1ee3c t\u1ed1i \u0111a c\u00f4ng d\u1ee5ng c\u1ee7a <strong>\u0111\u00e8n ch\u00f9m led trang tr\u00ed ph\u00f2ng kh\u00e1ch<\/strong> b\u1ea1n n\u00ean treo \u0111\u00e8n theo \u0111\u00fang h\u01b0\u1edbng ph\u00f9 h\u1ee3p. nh\u00e2n t\u1ed1 h\u01b0\u1edbng t\u01b0\u1edfng ch\u1eebng nh\u01b0 kh\u00f4ng c\u1ea7n thi\u1ebft nh\u01b0ng l\u1ea1i l\u00e0 nh\u00e2n t\u1ed1 v\u00f4 c\u00f9ng quan tr\u1ecdng gi\u00fap b\u1ea1n c\u1ea3i thi\u1ec7n phong th\u1ee7y cho c\u0103n h\u1ed9.<\/p>\n","protected":false},"featured_media":648,"comment_status":"open","ping_status":"closed","template":"","meta":[],"_links":{"self":[{"href":"https:\/\/themex.myonter.com\/noithat2\/wp-json\/wp\/v2\/product\/647"}],"collection":[{"href":"https:\/\/themex.myonter.com\/noithat2\/wp-json\/wp\/v2\/product"}],"about":[{"href":"https:\/\/themex.myonter.com\/noithat2\/wp-json\/wp\/v2\/types\/product"}],"replies":[{"embeddable":true,"href":"https:\/\/themex.myonter.com\/noithat2\/wp-json\/wp\/v2\/comments?post=647"}],"wp:featuredmedia":[{"embeddable":true,"href":"https:\/\/themex.myonter.com\/noithat2\/wp-json\/wp\/v2\/media\/648"}],"wp:attachment":[{"href":"https:\/\/themex.myonter.com\/noithat2\/wp-json\/wp\/v2\/media?parent=647"}],"curies":[{"name":"wp","href":"https:\/\/api.w.org\/{rel}","templated":true}]}}