{"id":649,"date":"2018-02-26T09:40:02","date_gmt":"2018-02-26T02:40:02","guid":{"rendered":"https:\/\/bizhostvn.com\/w\/noithat2\/?post_type=product&#038;p=649"},"modified":"2018-02-26T09:40:31","modified_gmt":"2018-02-26T02:40:31","slug":"den-chum-trang-tri-phong-khach-dep-023","status":"publish","type":"product","link":"https:\/\/themex.myonter.com\/noithat2\/san-pham\/den-chum-trang-tri-phong-khach-dep-023\/","title":{"rendered":"\u0110\u00e8n ch\u00f9m trang tr\u00ed ph\u00f2ng kh\u00e1ch \u0111\u1eb9p 023"},"content":{"rendered":"<p>Th\u1ecb tr\u01b0\u1eddng \u0111\u00e8n ch\u00f9m trang tr\u00ed ng\u00e0y nay r\u1ea5t phong ph\u00fa v\u00e0 \u0111a d\u1ea1ng. C\u00f3 mu\u00f4n v\u00e0n nh\u1eefng m\u1eabu m\u00e3 \u0111\u00e8n ch\u00f9m v\u1edbi gi\u00e1 c\u1ea3 v\u00e0 ch\u1ea5t l\u01b0\u1ee3ng kh\u00e1c nhau. Ng\u01b0\u1eddi kh\u00e1ch h\u00e0ng nghi\u1ec7p d\u01b0 \u0111\u00f4i khi s\u1ebd c\u1ea3m th\u1ea5y hoa c\u1ea3 m\u1eaft khi \u0111\u1ebfn c\u00e1c trung t\u00e2m \u0111\u00e8n hay t\u00ecm ki\u1ebfm t\u1eeb kh\u00f3a \u201c\u0111\u00e8n ch\u00f9m trang tr\u00ed\u201d tr\u00ean google. H\u00e0ng lo\u1ea1t nh\u1eefng s\u1ea3n ph\u1ea9m \u0111\u00e8n ch\u00f9m thu\u1ed9c nhi\u1ec1u nh\u00e3n h\u00e0ng kh\u00e1c nhau, n\u1ebfu b\u1ea1n kh\u00f4ng c\u00f3 s\u1ef1 t\u00ecm hi\u1ec3u k\u0129 l\u01b0\u1ee1ng tr\u01b0\u1edbc khi mua th\u00ec r\u1ea5t d\u1ec5 b\u1ecb ch\u1ecdn nh\u1ea7m s\u1ea3n ph\u1ea9m k\u00e9m ch\u1ea5t l\u01b0\u1ee3ng, hay nh\u1eefng m\u1eabu \u0111\u00e8n kh\u00f4ng ph\u00f9 h\u1ee3p v\u1edbi kh\u00f4ng gian b\u1ea1n mu\u1ed1n b\u1ed1 tr\u00ed. <strong>\u0110i\u1ec7n \u0110\u1ee9c T\u00edn<\/strong> s\u1ebd gi\u00fap c\u00e1c b\u1ea1n nh\u1eefng c\u00e1ch ch\u1ecdn \u0111\u00e8n ch\u00f9m trang tr\u00ed ho\u00e0n h\u1ea3o nh\u1ea5t.<img loading=\"lazy\" class=\"thumb_big aligncenter\" src=\"http:\/\/trungtamden.com\/upload\/images\/m.jpg\" alt=\"\u0110\u00c8N CH\u00d9M\" width=\"452\" height=\"452\" \/><\/p>\n<p>\u0110\u00e8n ch\u00f9m phong ph\u00fa v\u1ec1 c\u1ea3 h\u00ecnh d\u00e1ng, tr\u1ecdng l\u01b0\u1ee3ng v\u00e0 k\u00edch th\u01b0\u1edbc. Vi\u1ec7c \u0111\u1ea7u ti\u00ean b\u1ea1n n\u00ean l\u00e0m l\u00e0 ho\u00e0n t\u1ea5t vi\u1ec7c ch\u1ecdn phong c\u00e1ch c\u1ee7a \u0111\u00e8n ch\u00f9m, b\u1ea1n ch\u1eafc ch\u1eafn r\u1eb1ng m\u1eabu \u0111\u00e8n n\u00e0y ph\u00f9 h\u1ee3p v\u1edbi c\u0103n ph\u00f2ng c\u1ee7a b\u1ea1n. B\u01b0\u1edbc ti\u1ebfp theo l\u00e0 x\u00e1c \u0111\u1ecbnh k\u00edch th\u01b0\u1edbc th\u00edch h\u1ee3p, \u0111\u00e1nh gi\u00e1 tri\u1ec7t \u0111\u1ec3 kh\u00f4ng gian m\u00e0 b\u1ea1n \u0111\u00e3 l\u00ean k\u1ebf ho\u1ea1ch \u0111\u1ec3 treo \u0111\u00e8n. H\u00e3y l\u01b0u \u00fd \u00e1nh s\u00e1ng b\u00ean trong c\u0103n ph\u00f2ng v\u00e0 xem x\u00e9t c\u00f4ng su\u1ea5t b\u1ea1n c\u1ea7n \u0111\u1ec3 c\u0103n ph\u00f2ng th\u1eadt s\u1ef1 tho\u1ea3i m\u00e1i. C\u00f3 th\u1ec3 s\u1ebd ch\u1ecdn \u0111\u00e8n ch\u00f9m c\u00f3 ba b\u00f3ng, s\u00e1u b\u00f3ng. Hay c\u00f3 th\u1ec3 ch\u1ecdn ch\u00edn b\u00f3ng hay th\u1eadm ch\u00ed l\u00e0 m\u01b0\u1eddi hai b\u00f3ng, t\u00f9y v\u00e0o m\u1ee9c \u0111\u1ed9 \u00e1nh s\u00e1ng m\u00e0 b\u1ea1n c\u1ea7n.<\/p>\n<p>Vi\u1ec7c mua k\u00edch th\u01b0\u1edbc \u0111\u00e8n ch\u00f9m ch\u00ednh x\u00e1c v\u1edbi m\u1ee5c \u0111\u00edch c\u1ee7a b\u1ea1n kh\u00f4ng c\u00f3 g\u00ec qu\u00e1 \u0111\u00e1ng s\u1ee3. B\u1ea1n ch\u1ec9 c\u1ea7n \u0111o k\u00edch th\u01b0\u1edbc c\u0103n ph\u00f2ng v\u00e0 k\u00edch th\u01b0\u1edbc m\u1ea3ng \u0111\u1ed3 n\u1ed9i th\u1ea5t. Sau \u0111\u00f3 x\u00e1c \u0111\u1ecbnh chi\u1ec1u cao c\u1ee7a tr\u1ea7n nh\u00e0. N\u1ebfu <strong>\u0111\u00e8n ch\u00f9m <\/strong>c\u1ee7a b\u1ea1n \u0111\u01b0\u1ee3c treo trong ph\u00f2ng \u0103n, b\u1ea1n h\u00e3y \u0111o chi\u1ec1u d\u00e0i v\u00e0 chi\u1ec1u r\u1ed9ng c\u1ee7a b\u00e0n \u0103n \u0111\u1ec3 c\u00f3 k\u1ebf ho\u1ea1ch treo \u0111\u00e8n hi\u1ec7u qu\u1ea3.<\/p>\n<p>&#8220;&gt;<img loading=\"lazy\" class=\"thumb_big aligncenter\" src=\"http:\/\/trungtamden.com\/upload\/images\/den-trang-tri-phong-thuy%20(1).jpg\" alt=\"\u0110\u00c8N CH\u00d9M PH\u00d2NG \u0102N\" width=\"511\" height=\"512\" \/><\/p>\n<p>L\u00fd t\u01b0\u1edfng nh\u1ea5t l\u00e0 \u0111\u00e8n ch\u00f9m n\u00ean treo c\u00e1ch m\u1eb7t \u0111\u1ea5t trong ph\u00f2ng sinh ho\u1ea1t, ph\u00f2ng kh\u00e1ch kho\u1ea3ng 4,5-5m \u0111\u1ec3 m\u1ecdi ng\u01b0\u1eddi c\u00f3 th\u1ec3 \u0111i b\u1ed9 tho\u1ea3i m\u00e1i d\u01b0\u1edbi n\u00f3. Khi treo tr\u00ean b\u00e0n \u0103n, m\u1ed9t \u0111\u00e8n ch\u00f9m n\u00ean c\u00e1ch b\u00e0n \u0103n kho\u1ea3ng 3m \u0111\u1ec3 t\u1ea1o kh\u00f4ng gian cho b\u00e0n \u0103n v\u00e0 th\u1ef1c ph\u1ea9m. N\u1ebfu tr\u1ea7n nh\u00e0 b\u1ea1n cao h\u01a1n m\u1ee9c b\u00ecnh th\u01b0\u1eddng, b\u1ea1n c\u00f3 th\u1ec3 ch\u1ecdn cho kh\u00f4ng gian nh\u00e0 m\u00ecnh lo\u1ea1i \u0111\u00e8n ch\u00f9m to \u0111\u1ec3 duy tr\u00ec s\u1ef1 h\u00f2a h\u1ee3p v\u1edbi k\u00edch th\u01b0\u1edbc c\u0103n ph\u00f2ng.<\/p>\n<p><img loading=\"lazy\" class=\"thumb_big aligncenter\" src=\"http:\/\/trungtamden.com\/upload\/images\/den%20chum%20phong%20khach2.jpg\" alt=\"\u0111\u00e8n ch\u00f9m ph\u00f2ng kh\u00e1ch\" width=\"554\" height=\"369\" \/><\/p>\n<p>&nbsp;<\/p>\n<p>Tr\u01b0\u1edbc khi mua m\u1ed9t chi\u1ebfc \u0111\u00e8n ch\u00f9m, h\u00e3y ki\u1ec3m tra th\u1eadt k\u1ef9 \u0111i\u1ec1u ki\u1ec7n \u00e1nh s\u00e1ng hi\u1ec7n t\u1ea1i c\u1ee7a b\u1ea1n \u0111\u1ec3 x\u00e1c \u0111\u1ecbnh nhi\u1ec1u c\u00f4ng t\u00e1c x\u00e2y d\u1ef1ng \u0111i\u1ec7n c\u1ea7n ph\u1ea3i l\u00e0m \u0111\u1ec3 th\u1ef1c hi\u1ec7n m\u1ed9t c\u00e1ch an to\u00e0n trong vi\u1ec7c l\u1eafp \u0111\u1eb7t \u0111\u00e8n ch\u00f9m m\u1edbi. C\u00f3 hai tr\u01b0\u1eddng h\u1ee3p x\u1ea3y ra, n\u1ebfu tr\u01b0\u1edbc \u0111\u00e2y b\u1ea1n \u0111\u00e3 d\u00f9ng \u0111\u00e8n ch\u00f9m tr\u1ea7n v\u00e0 b\u1ea1n \u0111ang mu\u1ed1n thay th\u1ebf m\u1ed9t chi\u1ebfc \u0111\u00e8n ch\u00f9m m\u1edbi th\u00ec h\u1ec7 th\u1ed1ng d\u00e2y \u0111i\u1ec7n v\u00e0 c\u01a1 s\u1edf h\u1ea1 t\u1ea7ng t\u1ea1i ch\u1ed7 c\u1ee7a b\u1ea1n \u0111\u00e3 \u0111\u01b0\u1ee3c l\u1eafp \u0111\u1eb7t m\u1ed9t c\u00e1ch an to\u00e0n th\u00ec b\u1ea1n ch\u1ec9 c\u1ea7n thay th\u1ebf \u0111\u00e8n ph\u00f9 h\u1ee3p m\u00e0 kh\u00f4ng c\u1ea7n l\u1eafp \u0111\u1eb7t \u0111\u01b0\u1eddng d\u00e2y l\u1ea1i. C\u00f2n n\u1ebfu \u0111\u00e2y l\u00e0 l\u1ea7n \u0111\u1ea7u ti\u00ean b\u1ea1n l\u1eafp \u0111\u1eb7t \u0111\u00e8n ch\u00f9m trang tr\u00ed th\u00ec b\u1ea1n c\u1ea7n phai tham kh\u1ea3o \u00fd ki\u1ebfn c\u1ee7a th\u1ee3 \u0111i\u1ec7n \u0111\u1ec3 c\u00e0i \u0111\u1eb7t cho b\u1ea1n h\u1ec7 th\u1ed1ng \u00e1nh s\u00e1ng m\u1edbi an to\u00e0n. Trong c\u1ea3 hai tr\u01b0\u1eddng h\u1ee3p, t\u00f9y thu\u1ed9c v\u00e0o tr\u1ecdng l\u01b0\u1ee3ng c\u1ee7a chi\u1ebfc \u0111\u00e8n ch\u00f9m c\u1ee7a b\u1ea1n m\u00e0 b\u1ea1n c\u1ea7n ph\u1ea3i c\u1ea7n th\u00eam ph\u1ea7n c\u1ee9ng h\u1ed7 tr\u1ee3 \u0111\u1ec3 b\u1ea3o \u0111\u1ea3m c\u1ed1 \u0111\u1ecbnh \u00e1nh s\u00e1ng m\u1edbi c\u1ee7a b\u1ea1n \u1edf v\u1ecb tr\u00ed an to\u00e0n nh\u1ea5t.<\/p>\n<p>H\u00e3y xem x\u00e9t l\u1eddi khuy\u00ean v\u1ec1 c\u00e1ch ch\u1ecdn \u0111\u00e8n v\u00e0 an to\u00e0n \u0111i\u1ec7n khi l\u1eafp \u0111\u1eb7t \u0111\u00e8n c\u1ee7a Trung T\u00e2m \u0110\u00e8n ch\u00fang t\u00f4i tr\u01b0\u1edbc khi b\u1eaft \u0111\u1ea7u d\u1ef1 \u00e1n c\u1ee7a b\u1ea1n.<\/p>\n","protected":false},"excerpt":{"rendered":"<p>\u0110\u00e8n ch\u00f9m phong ph\u00fa v\u1ec1 c\u1ea3 h\u00ecnh d\u00e1ng, tr\u1ecdng l\u01b0\u1ee3ng v\u00e0 k\u00edch th\u01b0\u1edbc. Vi\u1ec7c \u0111\u1ea7u ti\u00ean b\u1ea1n n\u00ean l\u00e0m l\u00e0 ho\u00e0n t\u1ea5t vi\u1ec7c ch\u1ecdn phong c\u00e1ch c\u1ee7a \u0111\u00e8n ch\u00f9m, b\u1ea1n ch\u1eafc ch\u1eafn r\u1eb1ng m\u1eabu \u0111\u00e8n n\u00e0y ph\u00f9 h\u1ee3p v\u1edbi c\u0103n ph\u00f2ng c\u1ee7a b\u1ea1n.<\/p>\n","protected":false},"featured_media":650,"comment_status":"open","ping_status":"closed","template":"","meta":[],"_links":{"self":[{"href":"https:\/\/themex.myonter.com\/noithat2\/wp-json\/wp\/v2\/product\/649"}],"collection":[{"href":"https:\/\/themex.myonter.com\/noithat2\/wp-json\/wp\/v2\/product"}],"about":[{"href":"https:\/\/themex.myonter.com\/noithat2\/wp-json\/wp\/v2\/types\/product"}],"replies":[{"embeddable":true,"href":"https:\/\/themex.myonter.com\/noithat2\/wp-json\/wp\/v2\/comments?post=649"}],"wp:featuredmedia":[{"embeddable":true,"href":"https:\/\/themex.myonter.com\/noithat2\/wp-json\/wp\/v2\/media\/650"}],"wp:attachment":[{"href":"https:\/\/themex.myonter.com\/noithat2\/wp-json\/wp\/v2\/media?parent=649"}],"curies":[{"name":"wp","href":"https:\/\/api.w.org\/{rel}","templated":true}]}}