{"id":653,"date":"2018-02-26T09:48:28","date_gmt":"2018-02-26T02:48:28","guid":{"rendered":"https:\/\/bizhostvn.com\/w\/noithat2\/?post_type=product&#038;p=653"},"modified":"2018-02-26T09:49:17","modified_gmt":"2018-02-26T02:49:17","slug":"den-chum-dong-kieu-dang-co-dien-chau-au-atl9282","status":"publish","type":"product","link":"https:\/\/themex.myonter.com\/noithat2\/san-pham\/den-chum-dong-kieu-dang-co-dien-chau-au-atl9282\/","title":{"rendered":"\u0110\u00e8n ch\u00f9m \u0111\u1ed3ng ki\u1ec3u d\u00e1ng c\u1ed5 \u0111i\u1ec3n Ch\u00e2u \u00c2u ATL9282"},"content":{"rendered":"<div>\n<p><strong>\u0110\u00e8n ch\u00f9m \u0111\u1ed3ng ki\u1ec3u d\u00e1ng c\u1ed5 \u0111i\u1ec3n Ch\u00e2u \u00c2u ATL9282<\/strong> \u0111\u01b0\u1ee3c l\u00e0m t\u1eeb nhi\u1ec1u ch\u1ea5t li\u1ec7u cao c\u1ea5p nh\u01b0 \u0111\u1ed3ng, th\u1ee7y tinh, pha l\u00ea \u0111\u1ea3m b\u1ea3o mang \u0111\u1ebfn m\u1ed9t thi\u1ebft k\u1ebf ch\u1eafc ch\u1eafn, b\u1ec1n \u0111\u1eb9p v\u00e0 c\u00f3 gi\u00e1 tr\u1ecb th\u1ea9m m\u0129 cao. Chao \u0111\u00e8n trang tr\u00ed cao c\u1ea5p \u0111\u01b0\u1ee3c thi\u1ebft k\u1ebf h\u01b0\u1edbng xu\u1ed1ng d\u01b0\u1edbi n\u00ean \u00e1nh s\u00e1ng t\u1ecfa ra t\u1eeb b\u00f3ng \u0111\u00e8n v\u00f4 c\u00f9ng \u1ea5m c\u00fang, nh\u1eb9 nh\u00e0ng, th\u00edch h\u1ee3p v\u1edbi m\u1ecdi c\u0103n ph\u00f2ng \u1edf nhi\u1ec1u kh\u00f4ng gian s\u1ed1ng kh\u00e1c nhau. C\u00e1c d\u1ea3i h\u1ea1t pha l\u00ea \u0111\u01b0\u1ee3c c\u1eaft g\u1ecdt m\u1ed9t c\u00e1ch c\u00f4ng phu, tinh x\u1ea3o mang \u0111\u1ebfn kh\u1ea3 n\u0103ng t\u00e1n s\u1eafc \u00e1nh s\u00e1ng t\u1ed1t gi\u00fap \u0111\u00e8n tr\u1edf n\u00ean \u0111\u1eb9p h\u01a1n ngay c\u1ea3 d\u01b0\u1edbi \u00e1nh s\u00e1ng m\u1eb7t tr\u1eddi. D\u01b0\u1edbi \u0111\u00e2y Si\u00eau th\u1ecb n\u1ed9i th\u1ea5t T\u00e2n Ho\u00e0ng Gia s\u1ebd gi\u1edbi thi\u1ec7u \u0111\u1ebfn qu\u00fd kh\u00e1ch h\u00e0ng m\u1ed9t s\u1ed1 th\u00f4ng tin chi ti\u1ebft nh\u1ea5t v\u1ec1 m\u1eabu \u0111\u00e8n ch\u00f9m trang tr\u00ed cao c\u1ea5p n\u00e0y.<\/p>\n<p><strong>M\u1ed9t s\u1ed1 th\u00f4ng tin v\u1ec1 \u0111\u00e8n ch\u00f9m \u0111\u1ed3ng ki\u1ec3u d\u00e1ng c\u1ed5 \u0111i\u1ec3n<\/strong><\/p>\n<\/div>\n<div><\/div>\n<table border=\"1\" cellspacing=\"1\" cellpadding=\"1\">\n<tbody>\n<tr>\n<td>Ch\u1ea5t li\u1ec7u<\/td>\n<td>\u0110\u1ed3ng\/ Pha l\u00ea\/ th\u1ee7y tinh<\/td>\n<td>\u0110i\u1ec7n \u00e1p<\/td>\n<td>220V<\/td>\n<\/tr>\n<tr>\n<td>\u0110\u1ea7u b\u00f3ng<\/td>\n<td>E14<\/td>\n<td>Tu\u1ed5i th\u1ecd<\/td>\n<td>50000h<\/td>\n<\/tr>\n<tr>\n<td>Di\u1ec7n t\u00edch chi\u1ebfu s\u00e1ng<\/td>\n<td>10\u33a1 -16\u33a1<\/td>\n<td>\u0110\u1ed9 cao \u0111i\u1ec1u ch\u1ec9nh<\/td>\n<td>0.4m<\/td>\n<\/tr>\n<tr>\n<td>M\u00e0u s\u1eafc<\/td>\n<td>M\u00e0u \u0111\u1ed3ng c\u1ed5<\/td>\n<td>Lo\u1ea1i b\u00f3ng<\/td>\n<td>\u0110\u00e8n s\u1ee3i \u0111\u1ed1t<\/td>\n<\/tr>\n<\/tbody>\n<\/table>\n<p><img class=\"aligncenter\" src=\"https:\/\/vuongquocnoithat.vn\/images\/2018\/01\/29\/den-chum-dong-kieu-dang-co-dien-chau-au%20atl9282-1.jpg\" alt=\"\u0110\u00e8n ch\u00f9m \u0111\u1ed3ng ki\u1ec3u d\u00e1ng c\u1ed5 \u0111i\u1ec3n Ch\u00e2u \u00c2U ATL9282-1\" \/><\/p>\n<div>Hi\u1ec7n nay t\u1ea1i showroom c\u1ee7a ch\u00fang t\u00f4i \u0111ang cung c\u1ea5p r\u1ea5t nhi\u1ec1u b\u00f3ng \u0111\u00e8n v\u1edbi quy c\u00e1ch kh\u00e1c nhau \u0111\u1ec3 c\u00e1c b\u1ea1n tho\u1ea3i m\u00e1i l\u1ef1a ch\u1ecdn cho kh\u00f4ng gian s\u1ed1ng c\u1ee7a gia \u0111\u00ecnh m\u00ecnh.\u00a0\u00a0Ngo\u00e0i kh\u00f4ng gian ph\u00f2ng kh\u00e1ch, b\u1ea1n c\u00f3 th\u1ec3 s\u1eed d\u1ee5ng m\u1eabu \u0111\u00e8n trang tr\u00ed cao c\u1ea5p n\u00e0y trong ph\u00f2ng ng\u1ee7, ph\u00f2ng \u0111\u1ecdc s\u00e1ch, s\u1ea3nh kh\u00e1ch s\u1ea1n, trung t\u00e2m th\u01b0\u01a1ng m\u1ea1i, qu\u00e1n cafe, nh\u00e0 h\u00e0ng, khu tri\u1ec3n l\u00e3m&#8230; \u0110\u1ec3 \u0111\u1ea3m b\u1ea3o cung c\u1ea5p \u0111\u1ea7y \u0111\u1ee7 \u00e1nh s\u00e1ng cho c\u00e1c kh\u00f4ng gian n\u00e0y b\u1ea1n n\u00ean s\u1eed d\u1ee5ng k\u1ebft h\u1ee3p \u0111\u00e8n ch\u00f9m trang tr\u00ed v\u1edbi m\u1ed9t s\u1ed1 lo\u1ea1i \u0111\u00e8n kh\u00e1c nh\u01b0 \u0111\u00e8n \u00e2m t\u1ea7m, \u0111\u00e8n h\u1eaft tr\u1ea7n&#8230;<\/div>\n<p><img class=\"aligncenter\" src=\"https:\/\/vuongquocnoithat.vn\/images\/2018\/01\/29\/den-chum-dong-kieu-dang-co-dien-chau-au%20atl9282-2.jpg\" alt=\"\u0110\u00e8n ch\u00f9m \u0111\u1ed3ng ki\u1ec3u d\u00e1ng c\u1ed5 \u0111i\u1ec3n Ch\u00e2u \u00c2U ATL9282-2\" \/><\/p>\n<p><img class=\"aligncenter\" src=\"https:\/\/vuongquocnoithat.vn\/images\/2018\/01\/29\/den-chum-dong-kieu-dang-co-dien-chau-au%20atl9282-3.jpg\" alt=\"\u0110\u00e8n ch\u00f9m \u0111\u1ed3ng ki\u1ec3u d\u00e1ng c\u1ed5 \u0111i\u1ec3n Ch\u00e2u \u00c2U ATL9282-3\" \/><\/p>\n<p>Hi\u1ec7n nay t\u1ea1i showroom c\u1ee7a ch\u00fang t\u00f4i \u0111ang cung c\u1ea5p r\u1ea5t nhi\u1ec1u b\u00f3ng \u0111\u00e8n v\u1edbi quy c\u00e1ch kh\u00e1c nhau \u0111\u1ec3 c\u00e1c b\u1ea1n tho\u1ea3i m\u00e1i l\u1ef1a ch\u1ecdn cho kh\u00f4ng gian s\u1ed1ng c\u1ee7a gia \u0111\u00ecnh m\u00ecnh.\u00a0\u00a0Ngo\u00e0i kh\u00f4ng gian ph\u00f2ng kh\u00e1ch, b\u1ea1n c\u00f3 th\u1ec3 s\u1eed d\u1ee5ng m\u1eabu \u0111\u00e8n trang tr\u00ed cao c\u1ea5p n\u00e0y trong ph\u00f2ng ng\u1ee7, ph\u00f2ng \u0111\u1ecdc s\u00e1ch, s\u1ea3nh kh\u00e1ch s\u1ea1n, trung t\u00e2m th\u01b0\u01a1ng m\u1ea1i, qu\u00e1n cafe, nh\u00e0 h\u00e0ng, khu tri\u1ec3n l\u00e3m&#8230; \u0110\u1ec3 \u0111\u1ea3m b\u1ea3o cung c\u1ea5p \u0111\u1ea7y \u0111\u1ee7 \u00e1nh s\u00e1ng cho c\u00e1c kh\u00f4ng gian n\u00e0y b\u1ea1n n\u00ean s\u1eed d\u1ee5ng k\u1ebft h\u1ee3p \u0111\u00e8n ch\u00f9m trang tr\u00ed v\u1edbi m\u1ed9t s\u1ed1 lo\u1ea1i \u0111\u00e8n kh\u00e1c nh\u01b0 \u0111\u00e8n \u00e2m t\u1ea7m, \u0111\u00e8n h\u1eaft tr\u1ea7n&#8230;<\/p>\n","protected":false},"excerpt":{"rendered":"<ul>\n<li>Nh\u1eadp kh\u1ea9u 100%<\/li>\n<li>B\u1ea3o h\u00e0nh 2 n\u0103m<\/li>\n<li>Mi\u1ec5n ph\u00ed v\u1eadn chuy\u1ec3n, l\u1eafp \u0111\u1eb7p t\u1ea1i H\u00e0 N\u1ed9i &amp; HCM<\/li>\n<li>Showroom: 3000m<sup>2\u00a0<\/sup>T\u1ea7ng 1&amp;2, t\u00f2a T2 Vinaconex12, 57 V\u0169 Tr\u1ecdng Ph\u1ee5ng qu\u1eadn Thanh Xu\u00e2n TP H\u00e0 N\u1ed9i<\/li>\n<\/ul>\n","protected":false},"featured_media":657,"comment_status":"open","ping_status":"closed","template":"","meta":[],"_links":{"self":[{"href":"https:\/\/themex.myonter.com\/noithat2\/wp-json\/wp\/v2\/product\/653"}],"collection":[{"href":"https:\/\/themex.myonter.com\/noithat2\/wp-json\/wp\/v2\/product"}],"about":[{"href":"https:\/\/themex.myonter.com\/noithat2\/wp-json\/wp\/v2\/types\/product"}],"replies":[{"embeddable":true,"href":"https:\/\/themex.myonter.com\/noithat2\/wp-json\/wp\/v2\/comments?post=653"}],"wp:featuredmedia":[{"embeddable":true,"href":"https:\/\/themex.myonter.com\/noithat2\/wp-json\/wp\/v2\/media\/657"}],"wp:attachment":[{"href":"https:\/\/themex.myonter.com\/noithat2\/wp-json\/wp\/v2\/media?parent=653"}],"curies":[{"name":"wp","href":"https:\/\/api.w.org\/{rel}","templated":true}]}}