{"id":654,"date":"2018-02-26T09:45:59","date_gmt":"2018-02-26T02:45:59","guid":{"rendered":"https:\/\/bizhostvn.com\/w\/noithat2\/?post_type=product&#038;p=654"},"modified":"2018-02-26T09:45:59","modified_gmt":"2018-02-26T02:45:59","slug":"den-chum-dong-cao-cap-atl1602-nhap-khau","status":"publish","type":"product","link":"https:\/\/themex.myonter.com\/noithat2\/san-pham\/den-chum-dong-cao-cap-atl1602-nhap-khau\/","title":{"rendered":"\u0110\u00e8n ch\u00f9m \u0111\u1ed3ng cao c\u1ea5p ATL1602 nh\u1eadp kh\u1ea9u"},"content":{"rendered":"<div><strong>\u0110\u00c8N CH\u00d9M \u0110\u1ed2NG CAO C\u1ea4P ATL1602<\/strong>\u00a0\u0111\u01b0\u1ee3c gia c\u00f4ng t\u1ec9 m\u1ec9 d\u01b0\u1edbi b\u00e0n tay c\u1ee7a c\u00e1c ki\u1ebfn tr\u00fac s\u01b0 t\u00e0i n\u0103ng v\u00e0 t\u00e2m huy\u1ebft n\u00ean v\u1eeba c\u00f3 \u0111\u1ed9 th\u1ea9m m\u1ef9 t\u1ed1i \u0111a l\u1ea1i c\u00f3 \u0111\u1ed9 b\u1ec1n cao theo n\u0103m th\u00e1ng. S\u1edf h\u1eefu m\u1eabu \u0111\u00e8n tran tr\u00ed n\u00e0y b\u1ea1n s\u1ebd lu\u00f4n c\u00f3 m\u1ed9t kh\u00f4ng gian l\u00e3ng m\u1ea1n, r\u1ef1c r\u1ee1 \u00e1nh s\u00e1ng \u0111\u1ec3 c\u00f3 nh\u1eefng tr\u1ea3i nghi\u1ec7m tuy\u1ec7t v\u1eddi nh\u1ea5t khi sinh ho\u1ea1t v\u00e0 ngh\u1ec9 ng\u01a1i.<\/p>\n<p>S\u1ea3n ph\u1ea9m th\u00edch h\u1ee3p nh\u1ea5t cho kh\u00f4ng gian mang phong c\u00e1ch ki\u1ebfn tr\u00fac c\u1ed5 \u0111i\u1ec3n, l\u00e0m n\u1ed7i b\u1eadt \u0111\u01b0\u1ee3c s\u1ef1 sang tr\u1ecdng, \u0111\u1eb3ng c\u1ea5p c\u1ee7a kh\u00f4ng gian. M\u1eabu \u0111\u00e8n ch\u00f9m cao c\u1ea5p \u0111\u01b0\u1ee3c l\u00e0m b\u1eb1ng \u0111\u1ed3ng n\u00ean c\u00f3 tu\u1ed5i th\u1ecd l\u00ean \u0111\u1ebfn 5000h, gi\u00fap kh\u00e1ch h\u00e0ng y\u00ean t\u00e2m khi s\u1eed d\u1ee5ng.<\/p>\n<p>V\u1edbi di\u1ec7n t\u00edch chi\u1ebfu s\u00e1ng t\u1eeb 5 \u0111\u1ebfn 10m2, chi\u1ebfc \u0111\u00e8n s\u1ebd gi\u00fap b\u1ea1n nh\u00ecn r\u00f5 m\u1ecdi v\u1eadt trong \u0111\u00eam t\u1ed1i, cung c\u1ea5p ngu\u1ed3n s\u00e1ng \u1ed5n \u0111\u1ecbnh, kh\u00f4ng nh\u1ea5p nh\u00e1y v\u00e0 c\u00f3 kh\u1ea3 n\u0103ng ti\u1ebft ki\u1ec7m \u0111i\u1ec7n n\u0103ng t\u1ed1i \u0111a.<\/p>\n<p><strong>Th\u00f4ng tin chi ti\u1ebft v\u1ec1\u00a0\u0110\u00c8N CH\u00d9M \u0110\u1ed2NG CAO C\u1ea4P ATL1602\u00a0<\/strong><\/p>\n<\/div>\n<table border=\"1\" cellspacing=\"1\" cellpadding=\"1\">\n<tbody>\n<tr>\n<td>Ch\u1ea5t li\u1ec7u<\/td>\n<td>\u0110\u1ed3ng<\/td>\n<td>\u0110i\u1ec7n \u00e1p<\/td>\n<td>220V<\/td>\n<\/tr>\n<tr>\n<td>\u0110\u1ea7u b\u00f3ng<\/td>\n<td>E14<\/td>\n<td>Di\u1ec7n t\u00edch chi\u1ebfu s\u00e1ng<\/td>\n<td>5\u33a1 -10\u33a1<\/td>\n<\/tr>\n<tr>\n<td>Tu\u1ed5i th\u1ecd<\/td>\n<td>50000h<\/td>\n<td>\u0110\u1ed9 d\u00e0i d\u00e2y treo<\/td>\n<td>40cm (c\u00f3 th\u1ec3 t\u00f9y ch\u1ec9nh)<\/td>\n<\/tr>\n<tr>\n<td>Lo\u1ea1i \u0111\u00e8n<\/td>\n<td>LED<\/td>\n<td>K\u00edch th\u01b0\u1edbc<\/td>\n<td>3b\u00f3ng: D59*H43CM,<\/p>\n<p>6 b\u00f3ng: D69*H43CM<\/p>\n<p>8 b\u00f3ng: D81*H46CM<\/p>\n<p>10b\u00f3ng: D107*H50CM<\/td>\n<\/tr>\n<\/tbody>\n<\/table>\n<div>\n<p><img src=\"https:\/\/vuongquocnoithat.vn\/images\/2018\/01\/27\/den-chum-dong-cao-cap%20atl1602-1.jpg\" alt=\"\u0110\u00e8n ch\u00f9m \u0111\u1ed3ng cao c\u1ea5p ATL1602-1\" \/><\/p>\n<p><img src=\"https:\/\/vuongquocnoithat.vn\/images\/2018\/01\/27\/den-chum-dong-cao-cap%20atl1602-2.jpg\" alt=\"\u0110\u00e8n ch\u00f9m \u0111\u1ed3ng cao c\u1ea5p ATL1602-2\" \/><\/p>\n<p><img src=\"https:\/\/vuongquocnoithat.vn\/images\/2018\/01\/27\/den-chum-dong-cao-cap%20atl1602-3.jpg\" alt=\"\u0110\u00e8n ch\u00f9m \u0111\u1ed3ng cao c\u1ea5p ATL1602-3\" \/><\/p>\n<p><img src=\"https:\/\/vuongquocnoithat.vn\/images\/2018\/01\/27\/den-chum-dong-cao-cap%20atl1602-4.jpg\" alt=\"\u0110\u00e8n ch\u00f9m \u0111\u1ed3ng cao c\u1ea5p ATL1602-4\" \/><\/p>\n<p><img src=\"https:\/\/vuongquocnoithat.vn\/images\/2018\/01\/27\/den-chum-dong-cao-cap%20atl1602-5.jpg\" alt=\"\u0110\u00e8n ch\u00f9m \u0111\u1ed3ng cao c\u1ea5p ATL1602-5\" \/><\/p>\n<p><img src=\"https:\/\/vuongquocnoithat.vn\/images\/2018\/01\/27\/den-chum-dong-cao-cap%20atl1602-6.jpg\" alt=\"\u0110\u00e8n ch\u00f9m \u0111\u1ed3ng cao c\u1ea5p ATL1602-6\" \/><\/p>\n<p><img src=\"https:\/\/vuongquocnoithat.vn\/images\/2018\/01\/27\/den-chum-dong-cao-cap%20atl1602-7.jpg\" alt=\"\u0110\u00e8n ch\u00f9m \u0111\u1ed3ng cao c\u1ea5p ATL1602-7\" \/><\/div>\n","protected":false},"excerpt":{"rendered":"<ul>\n<li>Nh\u1eadp kh\u1ea9u 100%<\/li>\n<li>B\u1ea3o h\u00e0nh 2 n\u0103m<\/li>\n<li>Mi\u1ec5n ph\u00ed v\u1eadn chuy\u1ec3n, l\u1eafp \u0111\u1eb7p t\u1ea1i H\u00e0 N\u1ed9i &amp; HCM<\/li>\n<li>Showroom: 3000m<sup>2\u00a0<\/sup>T\u1ea7ng 1&amp;2, t\u00f2a T2 Vinaconex12, 57 V\u0169 Tr\u1ecdng Ph\u1ee5ng qu\u1eadn Thanh Xu\u00e2n TP H\u00e0 N\u1ed9i<\/li>\n<\/ul>\n","protected":false},"featured_media":655,"comment_status":"open","ping_status":"closed","template":"","meta":[],"_links":{"self":[{"href":"https:\/\/themex.myonter.com\/noithat2\/wp-json\/wp\/v2\/product\/654"}],"collection":[{"href":"https:\/\/themex.myonter.com\/noithat2\/wp-json\/wp\/v2\/product"}],"about":[{"href":"https:\/\/themex.myonter.com\/noithat2\/wp-json\/wp\/v2\/types\/product"}],"replies":[{"embeddable":true,"href":"https:\/\/themex.myonter.com\/noithat2\/wp-json\/wp\/v2\/comments?post=654"}],"wp:featuredmedia":[{"embeddable":true,"href":"https:\/\/themex.myonter.com\/noithat2\/wp-json\/wp\/v2\/media\/655"}],"wp:attachment":[{"href":"https:\/\/themex.myonter.com\/noithat2\/wp-json\/wp\/v2\/media?parent=654"}],"curies":[{"name":"wp","href":"https:\/\/api.w.org\/{rel}","templated":true}]}}