{"id":656,"date":"2018-02-26T09:53:41","date_gmt":"2018-02-26T02:53:41","guid":{"rendered":"https:\/\/bizhostvn.com\/w\/noithat2\/?post_type=product&#038;p=656"},"modified":"2018-02-26T09:53:41","modified_gmt":"2018-02-26T02:53:41","slug":"ghe-dau-nagasaki-nhap-khau-nguyen-chiec","status":"publish","type":"product","link":"https:\/\/themex.myonter.com\/noithat2\/san-pham\/ghe-dau-nagasaki-nhap-khau-nguyen-chiec\/","title":{"rendered":"Gh\u1ebf \u0111\u1ea9u Nagasaki nh\u1eadp kh\u1ea9u nguy\u00ean chi\u1ebfc"},"content":{"rendered":"<p><strong>Gh\u1ebf \u0110\u1eb9p <\/strong>l\u00e0 m\u1ed9t trong nh\u1eefng th\u01b0\u01a1ng hi\u1ec7u c\u00f3 ti\u1ebfng c\u1ee7a <strong>MOREHOME <\/strong>GROUP. MoreHome l\u00e0 \u0111\u01a1n v\u1ecb ho\u1ea1t \u0111\u1ed9ng chuy\u00ean nghi\u1ec7p trong l\u0129nh v\u1ef1c\u00a0thi\u1ebft k\u1ebf n\u1ed9i th\u1ea5t\u00a0v\u00e0\u00a0thi c\u00f4ng n\u1ed9i th\u1ea5t. S\u1ea3n ph\u1ea9m <strong>gh\u1ebf sofa<\/strong>, <strong>gh\u1ebf trang tr\u00ed<\/strong>, <strong>gh\u1ebf \u0103n<\/strong>, <strong>gh\u1ebf th\u01b0 gi\u00e3n<\/strong>, <strong>gh\u1ebf b\u1eadp b\u00eanh<\/strong> ng\u00e0y c\u00e0ng \u0111\u01b0\u1ee3c s\u1eed d\u1ee5ng r\u1ed9ng r\u00e3i t\u1ea1i Vi\u1ec7t Nam. \u0110\u1ec3 ph\u1ee5c \u00a0v\u1ee5 nhu c\u1ea7u kh\u00e1ch h\u00e0ng, ch\u00fang t\u00f4i \u0111\u00e3 tr\u1ef1c ti\u1ebfp tham gia t\u01b0 v\u1ea5n, thi\u1ebft k\u1ebf, s\u1ea3n xu\u1ea5t sofa cho c\u00e1c gia \u0111\u00ecnh, v\u0103n ph\u00f2ng, nh\u00e0 h\u00e0ng, bar, caf\u00e9, kh\u00e1ch s\u1ea1n,&#8230; V\u1edbi tr\u00ean 10 n\u0103m ho\u1ea1t \u0111\u1ed9ng c\u00f9ng \u0111\u1ed9i ng\u0169 thi\u1ebft k\u1ebf chuy\u00ean nghi\u1ec7p v\u00e0 th\u1ee3 l\u00e0nh ngh\u1ec1, ch\u00fang t\u00f4i lu\u00f4n \u0111\u01b0a ra nh\u1eefng s\u1ea3n ph\u1ea9m sang tr\u1ecdng, tinh t\u1ebf v\u00e0 s\u1ef1 k\u1ebft h\u1ee3p n\u1ed9i th\u1ea5t h\u1ee3p l\u00fd l\u00e0m n\u1ed5i b\u1eadt kh\u00f4ng gian c\u0169ng nh\u01b0 l\u00e0m th\u1ecfa m\u00e3n m\u1ecdi nhu c\u1ea7u c\u1ee7a Qu\u00fd Kh\u00e1ch H\u00e0ng.<\/p>\n<p>Ki\u1ec3u gh\u1ebf nh\u01b0 MGH 50 \u0111\u01b0\u1ee3c t\u1ea1o ra d\u1ef1a tr\u00ean n\u1ec1n t\u1ea3ng gh\u1ebf qu\u1ea7y bar. Tuy nhi\u00ean, s\u1ef1 thay \u0111\u1ed5i m\u1edbi l\u1ea1 \u0111\u00f3 \u0111\u1ec1u ch\u1ee9a \u0111\u1ef1ng \u00fd ngh\u0129a v\u00e0 n\u00e9t \u0111\u1eb9p ri\u00eang c\u1ee7a n\u00f3. S\u1ea3n ph\u1ea9m c\u0169ng h\u1ee9a h\u1eb9n s\u1ebd t\u1ea1o s\u1ee9c h\u00fat h\u1ea5p d\u1eabn trong th\u1ecb tr\u01b0\u1eddng \u0111\u1ed3 trang tr\u00ed n\u1ed9i th\u1ea5t.<\/p>\n<h2><strong>M\u1ed9t s\u1ed1 th\u00f4ng tin v\u1ec1 gh\u1ebf v\u0103n ph\u00f2ng MGH 50<\/strong><\/h2>\n<p>&#8211; Ch\u1ea5t li\u1ec7u g\u1ed7 laminate, inox kh\u00f4ng g\u1ec9<\/p>\n<p>&#8211; M\u00e0u s\u1eafc: nhi\u1ec1u m\u00e0u tham kh\u1ea3o<\/p>\n<p>&#8211; K\u00edch th\u01b0\u1edbc nh\u01b0 h\u00ecnh m\u1eabu<\/p>\n<p>Gh\u1ebf MGH 50 \u0111\u01b0\u1ee3c t\u1ea1o n\u00ean b\u1eb1ng s\u1ef1 nghi\u00eam t\u00fac m\u00e0 v\u1eabn \u0111\u01b0\u1ee3c n\u00e9t \u0111\u1eb9p ph\u00f3ng kho\u00e1ng m\u00e0 \u0111\u01a1n gi\u1ea3n. Chi\u1ebfc gh\u1ebf nh\u00ecn v\u1eady th\u00f4i nh\u01b0ng r\u1ea5t v\u1eefng ch\u1eafc cho ng\u01b0\u1eddi s\u1eed d\u1ee5ng. M\u1eabu gh\u1ebf \u0111\u1eb9p n\u00e0y c\u00f3 th\u1ec3 gi\u00fap cho m\u1ecdi ng\u01b0\u1eddi ng\u1ed3i c\u00f9ng nhau tr\u1edf n\u00ean vui v\u1ebb v\u00e0 g\u1ea7n g\u0169i h\u01a1n. Li\u00ean h\u1ec7 \u0111\u1eb7t <strong>gh\u1ebf \u0111\u1eb9p<\/strong>theo s\u1ed1 \u0111i\u1ec7n tho\u1ea1i\u00a00911.247.247.<\/p>\n","protected":false},"excerpt":{"rendered":"<ul>\n<li>Nh\u1eadp kh\u1ea9u 100%<\/li>\n<li>B\u1ea3o h\u00e0nh 2 n\u0103m<\/li>\n<li>Mi\u1ec5n ph\u00ed v\u1eadn chuy\u1ec3n, l\u1eafp \u0111\u1eb7p t\u1ea1i H\u00e0 N\u1ed9i &amp; HCM<\/li>\n<li>Showroom: 3000m<sup>2\u00a0<\/sup>T\u1ea7ng 1&amp;2, t\u00f2a T2 Vinaconex12, 57 V\u0169 Tr\u1ecdng Ph\u1ee5ng qu\u1eadn Thanh Xu\u00e2n TP H\u00e0 N\u1ed9i<\/li>\n<\/ul>\n","protected":false},"featured_media":658,"comment_status":"open","ping_status":"closed","template":"","meta":[],"_links":{"self":[{"href":"https:\/\/themex.myonter.com\/noithat2\/wp-json\/wp\/v2\/product\/656"}],"collection":[{"href":"https:\/\/themex.myonter.com\/noithat2\/wp-json\/wp\/v2\/product"}],"about":[{"href":"https:\/\/themex.myonter.com\/noithat2\/wp-json\/wp\/v2\/types\/product"}],"replies":[{"embeddable":true,"href":"https:\/\/themex.myonter.com\/noithat2\/wp-json\/wp\/v2\/comments?post=656"}],"wp:featuredmedia":[{"embeddable":true,"href":"https:\/\/themex.myonter.com\/noithat2\/wp-json\/wp\/v2\/media\/658"}],"wp:attachment":[{"href":"https:\/\/themex.myonter.com\/noithat2\/wp-json\/wp\/v2\/media?parent=656"}],"curies":[{"name":"wp","href":"https:\/\/api.w.org\/{rel}","templated":true}]}}