{"id":665,"date":"2018-02-26T10:06:32","date_gmt":"2018-02-26T03:06:32","guid":{"rendered":"https:\/\/bizhostvn.com\/w\/noithat2\/?post_type=product&#038;p=665"},"modified":"2018-02-26T10:06:32","modified_gmt":"2018-02-26T03:06:32","slug":"papasan-chair-mau-ghe-co-dien-da-phien-ban","status":"publish","type":"product","link":"https:\/\/themex.myonter.com\/noithat2\/san-pham\/papasan-chair-mau-ghe-co-dien-da-phien-ban\/","title":{"rendered":"\u201cPapasan Chair\u201d &#8211; M\u1eabu gh\u1ebf c\u1ed5 \u0111i\u1ec3n \u0111a phi\u00ean b\u1ea3n"},"content":{"rendered":"<div>L\u00e0m th\u1ebf n\u00e0o \u0111\u1ec3 h\u00f4 bi\u1ebfn m\u1ed9t m\u00f3n n\u1ed9i th\u1ea5t thi\u1ebft k\u1ebf c\u1ed5 \u0111i\u1ec3n tr\u1edf n\u00ean \u0111a d\u1ee5ng v\u1edbi nhi\u1ec1u phi\u00ean b\u1ea3n kh\u00e1c nhau? \u0110i\u1ec1u n\u00e0y th\u1ef1c s\u1ef1 \u0111\u01a1n gi\u1ea3n v\u1edbi m\u1eabu gh\u1ebf Papasan. N\u00f3 \u0111\u01b0\u1ee3c bi\u1ebft \u0111\u1ebfn nh\u01b0 l\u00e0 m\u1ed9t chi\u1ebfc gh\u1ebf h\u00ecnh b\u00e1t v\u1edbi h\u00ecnh th\u1ee9c gi\u1ed1ng nh\u01b0 t\u00ean g\u1ecdi. V\u00e0 m\u1ecdi ng\u01b0\u1eddi s\u1ebd th\u1ef1c s\u1ef1 c\u1ea3m th\u1ea5y d\u1ec5 ch\u1ecbu khi th\u01b0 gi\u00e3n tr\u00ean chi\u1ebfc gh\u1ebf n\u00e0y.<\/div>\n<div><\/div>\n<div>\n<div><img class=\"aligncenter\" title=\"m\u1eabu gh\u1ebf \u0111\u1eb9p\" src=\"http:\/\/afamilycdn.com\/k:7CPxF2iCvBEUOqjlotLPyBQvcccccc\/Image\/2015\/03\/32\/1-c70f5\/mau-ghe-dep.jpg\" alt=\"m\u1eabu gh\u1ebf \u0111\u1eb9p\" \/><\/div>\n<p>\u0110\u01b0\u1ee3c gi\u1edbi thi\u1ec7u l\u1ea7n \u0111\u1ea7u t\u1ea1i M\u1ef9 v\u00e0o nh\u1eefng n\u0103m 50 nh\u01b0ng \u0111\u1ebfn nh\u1eefng n\u0103m 70, m\u1eabu gh\u1ebfPapasan m\u1edbi th\u1ef1c s\u1ef1 tr\u1edf n\u00ean ph\u1ed5 bi\u1ebfn. Cho \u0111\u1ebfn nay, n\u00f3 v\u1eabn \u0111\u01b0\u1ee3c ti\u1ebfp t\u1ee5c c\u1ea3i ti\u1ebfn v\u00e0 s\u1eed d\u1ee5ng trong c\u00e1c thi\u1ebft k\u1ebf n\u1ed9i &#8211; ngo\u1ea1i th\u1ea5t tr\u00ean to\u00e0n th\u1ebf gi\u1edbi. Papasan \u0111\u01b0\u1ee3c \u0111\u00e1nh gi\u00e1 cao b\u1edfi t\u00ednh thi\u1ebft th\u1ef1c c\u1ed9ng v\u1edbi s\u1ef1 tho\u1ea3i m\u00e1i m\u00e0 n\u00f3 mang l\u1ea1i cho ng\u01b0\u1eddi d\u00f9ng.<\/p><\/div>\n<div><\/div>\n<div>\n<div><img class=\"aligncenter\" title=\"m\u1eabu gh\u1ebf \u0111\u1eb9p\" src=\"http:\/\/afamilycdn.com\/k:7CPxF2iCvBEUOqjlotLPyBQvcccccc\/Image\/2015\/03\/32\/2-c70f5\/mau-ghe-dep.jpg\" alt=\"m\u1eabu gh\u1ebf \u0111\u1eb9p\" \/><\/div>\n<\/div>\n<div>Ph\u1ea7n n\u1ec7m c\u1ee7a gh\u1ebf \u0111\u01b0\u1ee3c \u0111\u1eb7t g\u1ecdn trong m\u1ed9t chi\u1ebfc khung h\u00ecnh b\u00e1t v\u1edbi ph\u1ea7n ch\u00e2n th\u1eb3ng \u0111\u1ee9ng. Theo truy\u1ec1n th\u1ed1ng, ch\u00fang \u0111\u01b0\u1ee3c \u0111an l\u00e1t b\u1eb1ng m\u00e2y tre, sau n\u00e0y \u0111\u01b0\u1ee3c ph\u00e1t tri\u1ec3n th\u00e0nh nhi\u1ec1u phi\u00ean b\u1ea3n v\u1edbi li\u1ec5u gai ho\u1eb7c g\u1ed7 v\u1eefng ch\u1eafc.<\/div>\n<div><\/div>\n<div>\n<div><img class=\"aligncenter\" title=\"m\u1eabu gh\u1ebf \u0111\u1eb9p\" src=\"http:\/\/afamilycdn.com\/k:7CPxF2iCvBEUOqjlotLPyBQvcccccc\/Image\/2015\/03\/32\/3-c70f5\/mau-ghe-dep.jpg\" alt=\"m\u1eabu gh\u1ebf \u0111\u1eb9p\" \/><\/div>\n<p>Gh\u1ebf Papasan \u0111\u01b0\u1ee3c thi\u1ebft k\u1ebf kh\u00e1 \u0111\u01a1n gi\u1ea3n nh\u01b0ng c\u0169ng r\u1ea5t linh ho\u1ea1t, c\u00f3 th\u1ec3 th\u00edch \u1ee9ng \u0111\u01b0\u1ee3c v\u1edbi nhi\u1ec1u phong c\u00e1ch kh\u00e1c nhau: Khi th\u00ec tr\u00f4ng r\u1ea5t m\u1ea1nh m\u1ebd, sang tr\u1ecdng, khi th\u00ec l\u1ea1i n\u1eef t\u00ednh v\u00e0 duy\u00ean d\u00e1ng,\u2026<\/p><\/div>\n<div><\/div>\n<div>\n<div><img class=\"aligncenter\" title=\"m\u1eabu gh\u1ebf \u0111\u1eb9p\" src=\"http:\/\/afamilycdn.com\/k:7CPxF2iCvBEUOqjlotLPyBQvcccccc\/Image\/2015\/03\/32\/4-c70f5\/mau-ghe-dep.jpg\" alt=\"m\u1eabu gh\u1ebf \u0111\u1eb9p\" \/><\/div>\n<p>Nh\u1eefng m\u1eabu gh\u1ebf h\u00ecnh b\u00e1t nh\u01b0 th\u1ebf n\u00e0y c\u00f3 th\u1ec3 d\u1ec5 d\u00e0ng \u0111i\u1ec1u ch\u1ec9nh v\u1ecb tr\u00ed \u0111\u1ec3 th\u00edch nghi v\u1edbi s\u1edf th\u00edch c\u1ee7a ng\u01b0\u1eddi d\u00f9ng. \u0110i\u1ec1u n\u00e0y l\u00e0m cho n\u00f3 \u0111\u1eb7c bi\u1ec7t tho\u1ea3i m\u00e1i cho khu v\u1ef1c ph\u00f2ng kh\u00e1ch hay ph\u00f2ng l\u00e0m vi\u1ec7c.<\/p><\/div>\n","protected":false},"excerpt":{"rendered":"<ul class=\"info_more\">\n<li>Xem th\u00eam ch\u00ednh s\u00e1ch b\u1ea3o h\u00e0nh v\u00e0 \u0111\u1ed5i tr\u1ea3 s\u1ea3n ph\u1ea9m<\/li>\n<li>H\u1ec7 th\u1ed1ng trung t\u00e2m b\u1ea3o h\u00e0nh ( Xem chi ti\u1ebft)<\/li>\n<li>\u0110\u1ed5i tr\u1ea3 s\u1ea3n ph\u1ea9m trong v\u00f2ng 30 ng\u00e0y.<\/li>\n<li>Mi\u1ec3n ph\u00ed v\u1eadn chuy\u1ec3n to\u00e0n qu\u1ed1c * ( Xem chi ti\u1ebft)<\/li>\n<\/ul>\n","protected":false},"featured_media":666,"comment_status":"open","ping_status":"closed","template":"","meta":[],"_links":{"self":[{"href":"https:\/\/themex.myonter.com\/noithat2\/wp-json\/wp\/v2\/product\/665"}],"collection":[{"href":"https:\/\/themex.myonter.com\/noithat2\/wp-json\/wp\/v2\/product"}],"about":[{"href":"https:\/\/themex.myonter.com\/noithat2\/wp-json\/wp\/v2\/types\/product"}],"replies":[{"embeddable":true,"href":"https:\/\/themex.myonter.com\/noithat2\/wp-json\/wp\/v2\/comments?post=665"}],"wp:featuredmedia":[{"embeddable":true,"href":"https:\/\/themex.myonter.com\/noithat2\/wp-json\/wp\/v2\/media\/666"}],"wp:attachment":[{"href":"https:\/\/themex.myonter.com\/noithat2\/wp-json\/wp\/v2\/media?parent=665"}],"curies":[{"name":"wp","href":"https:\/\/api.w.org\/{rel}","templated":true}]}}