{"id":669,"date":"2018-02-26T10:18:59","date_gmt":"2018-02-26T03:18:59","guid":{"rendered":"https:\/\/bizhostvn.com\/w\/noithat2\/?post_type=product&#038;p=669"},"modified":"2018-02-26T10:19:25","modified_gmt":"2018-02-26T03:19:25","slug":"cay-xanh-phong-thuy-trang-tri-mau-so-1","status":"publish","type":"product","link":"https:\/\/themex.myonter.com\/noithat2\/san-pham\/cay-xanh-phong-thuy-trang-tri-mau-so-1\/","title":{"rendered":"C\u00e2y Xanh Phong Th\u1ee7y Trang Tr\u00ed m\u1eabu s\u00f4 1"},"content":{"rendered":"<p>Ch\u1eb3ng bi\u1ebft t\u1ef1 bao gi\u1edd m\u00e0u xanh tr\u1edf th\u00e0nh m\u00e0u c\u1ee7a b\u00ecnh y\u00ean \u0111\u1ed1i v\u1edbi nhi\u1ec1u ng\u01b0\u1eddi. Qu\u1ea3 v\u1eady, m\u00e0u xanh t\u01b0\u01a1i t\u1eafn c\u1ee7a c\u00e2y c\u1ecf, thi\u00ean nhi\u00ean lu\u00f4n \u0111em \u0111\u1ebfn s\u1ef1 d\u1ec5 ch\u1ecbu, c\u1ea3m gi\u00e1c tho\u1ea3i m\u00e1i cho con ng\u01b0\u1eddi, ch\u01b0a k\u1ec3 qu\u00e1 tr\u00ecnh quang h\u1ee3p c\u1ee7a l\u00e1 c\u00e2y \u0111em \u0111\u1ebfn b\u1ea7u kh\u00f4ng kh\u00ed trong l\u00e0nh, gi\u00e0u \u00f4-xi, gi\u00fap con ng\u01b0\u1eddi c\u00f3 \u0111\u01b0\u1eddng h\u00f4 h\u1ea5p kh\u1ecfe m\u1ea1nh. S\u1ef1 \u0111\u00f4 th\u1ecb h\u00f3a v\u00e0 cu\u1ed9c s\u1ed1ng hi\u1ec7n \u0111\u1ea1i \u0111\u00e3 \u0111\u01b0a con ng\u01b0\u1eddi v\u00e0o nh\u1eefng cao \u1ed1c l\u1ea1nh l\u1ebdo, kh\u00f4 khan, thi\u1ebfu v\u1eafng m\u00e0u xanh c\u1ee7a t\u1ef1 nhi\u00ean, an l\u00e0nh. Ch\u00ednh v\u00ec th\u1ebf, xu h\u01b0\u1edbng hi\u1ec7n nay ai c\u0169ng mong mu\u1ed1n \u0111\u01b0\u1ee3c g\u1ea7n g\u0169i v\u1edbi thi\u00ean nhi\u00ean, nh\u1eefng mu\u1ed1n t\u00ecm cho m\u00ecnh s\u1ef1 nh\u1eb9 nh\u00f5m, thanh tho\u00e1t sau nh\u1eefng \u00e1p l\u1ef1c c\u1ee7a cu\u1ed9c s\u1ed1ng th\u01b0\u1eddng nh\u1eadt.<\/p>\n<p><strong><img class=\"aligncenter\" title=\"khuyen mai cay xanh phong thuy trang tri tai quatangcayxanh.com gia re\" src=\"http:\/\/resources.nhommua.com\/FTPProduct\/66365\/cay-xanh-phong-thuy-trang-tri-tai-qua-tang-cay-xanh-com%20%2815%29.jpg\" alt=\"khuyen mai cay xanh phong thuy trang tri tai quatangcayxanh.com gia re\" width=\"650px\" \/><\/strong><\/p>\n<p><em>C\u00e2y L\u01b0\u1ee1i M\u00e8o<\/em><\/p>\n<p><img class=\"aligncenter\" title=\"khuyen mai cay xanh phong thuy trang tri tai quatangcayxanh.com gia re\" src=\"http:\/\/resources.nhommua.com\/FTPProduct\/66365\/cay-xanh-phong-thuy-trang-tri-tai-qua-tang-cay-xanh-com%20%287%29.jpg\" alt=\"khuyen mai cay xanh phong thuy trang tri tai quatangcayxanh.com gia re\" width=\"650px\" \/><\/p>\n<p><em>C\u00e2y Tr\u1ea7u B\u00e0 Tr\u1eafng<\/em><\/p>\n<p><strong>Qu\u00e0 t\u1eb7ng c\u00e2y xanh<\/strong> ra \u0111\u1eddi nh\u01b0 m\u1ed9t gi\u1ea3i ph\u00e1p k\u1ecbp th\u1eddi v\u00e0 hi\u1ec7u qu\u1ea3, l\u00e0 khu v\u01b0\u1eddn t\u01b0\u01a1i xanh m\u00e0 b\u1ea5t k\u1ef3 ai c\u0169ng mu\u1ed1n v\u00e0o v\u00e0 ch\u1ecdn cho m\u00ecnh \u0111\u01b0\u1ee3c lo\u1ea1i c\u00e2y y\u00eau th\u00edch. H\u00e3y \u0111\u1ec3 ch\u00fang t\u00f4i gi\u00fap b\u1ea1n mang c\u00e2y xanh v\u00e0o nh\u00e0, v\u00e0o ph\u00f2ng ng\u1ee7, ph\u00f2ng l\u00e0m vi\u1ec7c\u2026\u0111\u1ec3 lu\u00f4n s\u1ed1ng kh\u1ecfe, s\u1ed1ng vui v\u00e0 y\u00eau \u0111\u1eddi h\u01a1n m\u1ed7i ng\u00e0y.<\/p>\n<p><img class=\"aligncenter\" title=\"khuyen mai cay xanh phong thuy trang tri tai quatangcayxanh.com gia re\" src=\"http:\/\/resources.nhommua.com\/FTPProduct\/66365\/cay-xanh-phong-thuy-trang-tri-tai-qua-tang-cay-xanh-com%20%282%29.jpg\" alt=\"khuyen mai cay xanh phong thuy trang tri tai quatangcayxanh.com gia re\" width=\"650px\" \/><\/p>\n<p><em>C\u00e2y Thanh T\u00e2m<\/em><\/p>\n<p><img class=\"aligncenter\" title=\"khuyen mai cay xanh phong thuy trang tri tai quatangcayxanh.com gia re\" src=\"http:\/\/resources.nhommua.com\/FTPProduct\/66365\/cay-xanh-phong-thuy-trang-tri-tai-qua-tang-cay-xanh-com%20%2810%29.jpg\" alt=\"khuyen mai cay xanh phong thuy trang tri tai quatangcayxanh.com gia re\" width=\"650px\" \/><\/p>\n<p><em>C\u00e2y Tr\u1ea7u B\u00e0 Ch\u00e2n V\u1ecbt<\/em><\/p>\n<p>L\u00e0 \u0111\u1ecba ch\u1ec9 chuy\u00ean cung c\u1ea5p c\u00e1c lo\u1ea1i <em><strong>c\u00e2y xanh phong th\u1ee7y<\/strong><\/em>, <em><strong>c\u00e2y th\u1ee7y canh<\/strong><\/em> v\u1edbi phong ph\u00fa ch\u1ee7ng lo\u1ea1i c\u00e2y v\u00e0 \u0111a d\u1ea1ng ki\u1ec3u d\u00e1ng. T\u1ea1i \u0111\u00e2y b\u1ea1n c\u00f3 th\u1ec3 t\u00ecm th\u1ea5y r\u1ea5t nhi\u1ec1u c\u00e1c lo\u1ea1i c\u00e2y xanh \u0111\u1eb9p m\u1eaft, h\u1ee3p v\u1edbi phong th\u1ee7y v\u00e0 s\u1edf th\u00edch \u0111\u1ec3 l\u00e0m qu\u00e0 t\u1eb7ng hay v\u1eadt trang tr\u00ed cho v\u0103n ph\u00f2ng c\u1ee7a m\u00ecnh.\u00a0C\u00e2y c\u1ea3nh tr\u1ed3ng trong nh\u00e0 v\u1eeba mang m\u00e0u s\u1eafc t\u01b0\u01a1i t\u1eafn t\u1ea1o n\u00ean c\u1ea3m gi\u00e1c g\u1ea7n g\u0169i v\u1edbi thi\u00ean nhi\u00ean l\u00e0 li\u1ec7u ph\u00e1p h\u1eefu hi\u1ec7u mang l\u1ea1i s\u1ee9c kh\u1ecfe v\u00e0 gi\u1ea3m c\u0103ng th\u1eb3ng, m\u1ec7t m\u1ecfi.<\/p>\n<p><img class=\"aligncenter\" title=\"khuyen mai cay xanh phong thuy trang tri tai quatangcayxanh.com gia re\" src=\"http:\/\/resources.nhommua.com\/FTPProduct\/66365\/cay-xanh-phong-thuy-trang-tri-tai-qua-tang-cay-xanh-com%20%289%29.jpg\" alt=\"khuyen mai cay xanh phong thuy trang tri tai quatangcayxanh.com gia re\" width=\"650px\" \/><\/p>\n<p><em>C\u00e2y V\u1ea1n l\u1ed9c<\/em><\/p>\n<p><img class=\"aligncenter\" title=\"khuyen mai cay xanh phong thuy trang tri tai quatangcayxanh.com gia re\" src=\"http:\/\/resources.nhommua.com\/FTPProduct\/66365\/cay-xanh-phong-thuy-trang-tri-tai-qua-tang-cay-xanh-com%20%2811%29.jpg\" alt=\"khuyen mai cay xanh phong thuy trang tri tai quatangcayxanh.com gia re\" width=\"650px\" \/><\/p>\n<p><em>C\u00e2y C\u1ecd Nh\u1eadt<\/em><\/p>\n<p>N\u1ed3ng \u0111\u1ed9 ozone \u0111\u1ed9c h\u1ea1i \u0111\u01b0\u1ee3c th\u1ea3i ra t\u1eeb c\u00e1c thi\u1ebft b\u1ecb m\u00e1y photocopy, m\u00e1y in v\u00e0 thi\u1ebft b\u1ecb \u0111i\u1ec1u h\u00f2a kh\u00f4ng kh\u00ed g\u00e2y ra nguy h\u1ea1i l\u1edbn cho s\u1ee9c kh\u1ecfe con ng\u01b0\u1eddi. C\u00e1c lo\u1ea1i kh\u00ed \u0111\u1ed9c n\u00e0y l\u00e0 nguy\u00ean nh\u00e2n g\u00e2y ra ch\u1ee9ng ph\u00f9 ph\u1ed5i, xu\u1ea5t huy\u1ebft v\u00e0 vi\u00eam nhi\u1ec5m c\u00f3 th\u1ec3 g\u00e2y t\u1eed vong. C\u00e1c nh\u00e0 khoa h\u1ecdc \u0111\u00e3 ch\u1ee9ng minh, tr\u1ed3ng c\u00e1c lo\u1ea1i c\u00e2y xanh trong v\u0103n ph\u00f2ng c\u00f3 kh\u1ea3 n\u0103ng kh\u1eed c\u00e1c ch\u1ea5t \u0111\u1ed9c h\u1ea1i n\u00e0y, l\u00e0m trong s\u1ea1ch m\u00f4i tr\u01b0\u1eddng v\u0103n ph\u00f2ng. L\u00e1 c\u1ee7a c\u00e2y s\u1ebd h\u1ea5p th\u1ee5 c\u00e1c kh\u00ed \u0111\u1ed9c r\u1ed3i chuy\u1ec3n ch\u00fang xu\u1ed1ng r\u1ec5 &#8211; t\u1eeb \u0111\u00e2y ch\u1ea5t \u0111\u1ed9c s\u1ebd b\u1ecb bi\u1ebfn th\u00e0nh th\u1ee9c \u0103n nu\u00f4i d\u01b0\u1ee1ng c\u00e2y. B\u1ea1n n\u00ean tr\u1ed3ng nh\u1eefng lo\u1ea1i c\u00e2y c\u00f3 kh\u1ea3 n\u0103ng s\u1ed1ng trong nh\u00e0, d\u1ec5 tr\u1ed3ng v\u00e0 kh\u00f4ng t\u1ed1n nhi\u1ec1u c\u00f4ng ch\u0103m s\u00f3c. N\u00ean ch\u1ecdn nh\u1eefng c\u00e2y c\u00f3 nhi\u1ec1u l\u00e1 v\u00ec c\u00e2y c\u00e0ng nhi\u1ec1u l\u00e1, c\u00e2y s\u1ebd c\u00e0ng c\u00f3 kh\u1ea3 n\u0103ng h\u1ea5p thu l\u01b0\u1ee3ng ch\u1ea5t \u0111\u1ed9c l\u1edbn.<\/p>\n","protected":false},"excerpt":{"rendered":"<p class=\"deal_detail_name_long\">Mang m\u00e0u s\u1eafc c\u1ee7a thi\u00ean nhi\u00ean v\u00e0o kh\u00f4ng gian s\u1ed1ng v\u1edbi c\u00e2y xanh phong th\u1ee7y, c\u00e2y th\u1ee7y canh trang tr\u00ed<\/p>\n","protected":false},"featured_media":670,"comment_status":"open","ping_status":"closed","template":"","meta":[],"_links":{"self":[{"href":"https:\/\/themex.myonter.com\/noithat2\/wp-json\/wp\/v2\/product\/669"}],"collection":[{"href":"https:\/\/themex.myonter.com\/noithat2\/wp-json\/wp\/v2\/product"}],"about":[{"href":"https:\/\/themex.myonter.com\/noithat2\/wp-json\/wp\/v2\/types\/product"}],"replies":[{"embeddable":true,"href":"https:\/\/themex.myonter.com\/noithat2\/wp-json\/wp\/v2\/comments?post=669"}],"wp:featuredmedia":[{"embeddable":true,"href":"https:\/\/themex.myonter.com\/noithat2\/wp-json\/wp\/v2\/media\/670"}],"wp:attachment":[{"href":"https:\/\/themex.myonter.com\/noithat2\/wp-json\/wp\/v2\/media?parent=669"}],"curies":[{"name":"wp","href":"https:\/\/api.w.org\/{rel}","templated":true}]}}