{"id":675,"date":"2018-02-26T10:26:02","date_gmt":"2018-02-26T03:26:02","guid":{"rendered":"https:\/\/bizhostvn.com\/w\/noithat2\/?post_type=product&#038;p=675"},"modified":"2018-02-26T10:26:02","modified_gmt":"2018-02-26T03:26:02","slug":"cay-kieng-trang-tri-ban-lam-viec-nho-dep","status":"publish","type":"product","link":"https:\/\/themex.myonter.com\/noithat2\/san-pham\/cay-kieng-trang-tri-ban-lam-viec-nho-dep\/","title":{"rendered":"C\u00e2y ki\u1ec3ng trang tr\u00ed b\u00e0n l\u00e0m vi\u1ec7c nh\u1ecf \u0111\u1eb9p"},"content":{"rendered":"<p><strong>Kh\u00f4ng gian b\u00e0n l\u00e0m vi\u1ec7c l\u00e0 n\u01a1i b\u1ea1n gi\u00e0nh ph\u1ea7n nhi\u1ec1u th\u1eddi gian \u1edf \u0111\u00f3, thay v\u00ec m\u1ed9t kh\u00f4ng gian nh\u00e0m ch\u00e1n b\u00e8 b\u1ed9n nh\u1eefng h\u1ed3 s\u01a1 gi\u1ea5y t\u1edd, b\u1ea1n h\u00e3y \u0111i\u1ec3m th\u00eam m\u1ed9t c\u00e2y ki\u1ec3ng m\u00e0 b\u1ea1n th\u00edch \u0111\u1ec3 thay \u0111\u1ed5i kh\u00f4ng kh\u00ed, ch\u1eafc ch\u1eafn b\u1ea1n s\u1ebd r\u1ea5t th\u00edch th\u00fa.<\/strong><\/p>\n<p>C\u00e2y trang tr\u00ed tr\u00ean b\u00e0n l\u00e0m vi\u1ec7c kh\u00f4ng nh\u1eefng \u0111\u01b0\u1ee3c s\u1eed d\u1ee5ng \u0111\u1ed1i v\u1edbi c\u00e1c x\u1ebfp t\u1eeb tr\u01b0\u1edbc \u0111\u1ebfn nay, theo quan ni\u1ec7m \u0111\u00f3 l\u00e0 m\u1ed9t s\u1ef1 b\u1ed1 tr\u00ed theo phong th\u1ee7y v\u1edbi mong mu\u1ed1n l\u00e0m \u0103n ph\u00e1t \u0111\u1ea1t h\u01a1n, c\u00e1c b\u1ea1n tr\u1ebb b\u00e2y gi\u1edd c\u0169ng s\u1eed d\u1ee5ng r\u1ea5t nhi\u1ec1u, v\u1eeba t\u1ea1o ra m\u1ed9t kh\u00f4ng gian l\u00e0m vi\u1ec7c y\u00eau th\u00edch v\u1eeba mang t\u00ednh phong th\u1ee7y. \u0110\u1ec3 ph\u00f9 h\u1ee3p v\u1edbi kh\u00f4ng gian l\u00e0 b\u00e0n l\u00e0m vi\u1ec7c h\u00e3y tham kh\u1ea3o m\u1ed9t s\u1ed1 lo\u1ea1i c\u00e2y ki\u1ec3ng d\u01b0\u1edbi \u0111\u00e2y.<\/p>\n<p><strong>C\u00e2y tr\u1ea7u b\u00e0 \u0111\u1ebf v\u01b0\u01a1ng \u0111\u1ecf<\/strong><\/p>\n<p>\u0110\u00e2y l\u00e0 lo\u1ea1i c\u00e2y c\u00f3 \u0111\u1ed9 cao t\u1eeb 30 \u0111\u1ebfn 50cm ph\u00f9 h\u1ee3p \u0111\u1ec3 trang tr\u00ed tr\u00ean b\u00e0n l\u00e0m vi\u1ec7c, l\u00e0 lo\u1ea1i c\u00e2y b\u1ee5i nh\u1ecf, v\u1edbi t\u00e1n l\u00e1 l\u1edbn, m\u00e0u l\u00e1 \u0111\u1eadm, l\u00e1 non c\u00f3 m\u00e0u \u0111\u1ecf t\u00eda, l\u00e1 gi\u00e0 c\u00f3 m\u00e0u l\u1ee5c t\u00eda, tr\u00e0u b\u00e0 \u0111\u1ebf v\u01b0\u01a1ng t\u1ea1o n\u00ean m\u1ed9t c\u1ea3m gi\u00e1c t\u01b0\u01a1i m\u00e1t b\u1eaft m\u1eaft trong ph\u00f2ng l\u00e0m vi\u1ec7c, th\u1ec3 hi\u1ec7n s\u1ef1 sang tr\u1ecdng c\u1ee7a b\u1eadc \u0111\u1ebf v\u01b0\u01a1ng. V\u1ec1 phong th\u1ee7y tr\u1ea7u b\u00e0 \u0111\u1ebf v\u01b0\u01a1ng \u0111\u1ecf v\u1edbi quan ni\u1ec7m s\u1ebd mang \u0111\u1ebfn t\u00e0i l\u1ed9c v\u00e0 s\u1ee9c kh\u1ecfe cho gia ch\u1ee7. Ngo\u00e0i vi\u1ec7c trang tr\u00ed tr\u1ea7u b\u00e0 c\u00f2n c\u00f3 t\u00e1c d\u1ee5ng thanh l\u1ecdc kh\u00f4ng kh\u00ed, h\u1ea5p th\u1ee5 kh\u00ed \u0111\u1ed9c trong ph\u00f2ng k\u00edn nh\u01b0 kh\u00f3i thu\u1ed1c, b\u1ee9c x\u1ea1 m\u00e1y t\u00ednh\u2026<\/p>\n<p><strong>C\u00e2y b\u1ea1ch m\u00e3 ho\u00e0ng t\u1eed<\/strong><\/p>\n<p>C\u00e1i t\u00ean \u0111\u00e3 n\u00f3i l\u00ean t\u1ea5t c\u1ea3, B\u1ea1ch m\u00e3 ho\u00e0ng t\u1eed th\u1ec3 hi\u1ec7n s\u1ef1 l\u1ecbch l\u00e3m v\u00e0 phong \u0111\u1ed9 c\u1ee7a m\u1ed9t ch\u00e0ng trai ho\u00e0ng t\u1ed9c. Chi\u1ec1u cao c\u1ee7a c\u00e2y trung binh t\u1eeb 30 \u0111\u1ebfn 100cm, c\u00e2y m\u1ecdc thanh b\u1ee5i, th\u00e2n tr\u1eafng v\u00e0 v\u01b0\u01a1n th\u1eb3ng. B\u1ea1ch m\u00e3 ho\u00e0ng t\u1eed s\u1ebd mang l\u1ea1i may m\u1eafn cho gia \u0111\u00ecnh v\u00e0 ng\u01b0\u1eddi th\u00e2n, thu\u1eadn bu\u1ed3m xu\u00f4i gi\u00f3 trong c\u00f4ng vi\u1ec7c. Lo\u1ea1i c\u00e2y n\u00e0y ph\u00f9 h\u1ee3p n\u01a1i c\u00f3 s\u1eed d\u1ee5ng m\u00e1y \u0111i\u1ec1u h\u00f2a s\u1ebd l\u00e0m cho kh\u00f4ng kh\u00ed \u1ea9m h\u01a1n. Theo phong th\u1ee7y lo\u1ea1i c\u00e2y n\u00e0y \u0111\u1eb7c bi\u1ec7t ph\u00f9 h\u1ee3p v\u1edbi ng\u01b0\u1eddi c\u00f3 m\u1ea1ng h\u1ecfa, m\u1ea1ng m\u1ed9c.<\/p>\n<p><strong>C\u00e2y cung \u0111i\u1ec7n \u0111\u1ecf hay c\u00f2n g\u1ecdi l\u00e0 c\u00e2y bao thanh thi\u00ean<\/strong><\/p>\n<p>Cung \u0111i\u1ec7n \u0111\u1ecf th\u1ec3 hi\u1ec7n s\u1ef1 th\u1ecbnh v\u01b0\u1ee3ng, mang \u00fd ngh\u0129a thanh li\u00eam ch\u00ednh tr\u1ef1c nh\u01b0 ch\u00ednh c\u00e1i t\u00ean c\u1ee7a n\u00f3. C\u00e2y c\u00f3 \u0111\u1ed9 cao kho\u1ea3ng 30cm, c\u00f3 hoa m\u00e0u tr\u1eafng xanh, m\u1eb7t d\u01b0\u1edbi c\u1ee7a l\u00e1 c\u00f3 v\u00e2n m\u00e0u \u0111\u1ecf, m\u1eb7t tr\u00ean c\u1ee7a l\u00e1 \u00a0c\u00f3 m\u00e0u xanh l\u1ee5c. Theo phong th\u1ee7y cung \u0111i\u1ec7n \u0111\u1ecf s\u1ebd b\u1ea3o v\u1ec7 b\u1ea1n kh\u1ecfi t\u00e0 kh\u00ed, xua \u0111u\u1ed5i \u00e2m h\u1ed3n.<\/p>\n<p><strong>C\u00e2y b\u01b0\u1edbm \u0111\u00eam<\/strong><\/p>\n<p>\u0110\u00e2y l\u00e0 lo\u1ea1i c\u00e2y nh\u00ecn hoa v\u00e0 l\u00e1 r\u1ea5t gi\u1ed1ng con b\u01b0\u1edbm, ban ng\u00e0y l\u00e1 x\u00e8o ra gi\u1ed1ng b\u01b0\u1edbm bay, v\u1ec1 \u0111\u00eam l\u00e1 l\u1ea1i c\u1ee5p l\u1ea1i gi\u1ed1ng nh\u01b0 b\u01b0\u1edbm \u0111\u1eadu. B\u01b0\u1edbm \u0111\u00eam thu\u1ed9c h\u1ecd chua me \u0111\u1ea5t, th\u00e2n m\u1ecdc s\u00e1t \u0111\u1ea5t, c\u00e0nh l\u00e1 m\u1ecdc th\u1eb3ng, hoa m\u1ecdc th\u00e0nh c\u1ee5m c\u00f3 m\u00e0u tr\u1eafng h\u1ed3ng nh\u01b0 l\u00e0n da con g\u00e1i, hoa c\u00f3 d\u1ea1ng loa 5 c\u00e1nh. B\u01b0\u1edbm \u0111\u00eam mang trong m\u00ecnh v\u1ebb \u0111\u1eb9p m\u1ecfng manh \u0111\u1ea7y quy\u1ebfn r\u0169 nh\u01b0 v\u1ebb \u0111\u1eb9p c\u1ee7a m\u1ed9t c\u00f4 g\u00e1i tu\u1ed5i thanh xu\u00e2n, m\u00e0u s\u1eafc \u00a0hoa th\u1ec3 hi\u1ec7n s\u1ef1 tinh kh\u00f4i, thu\u1ea7n khi\u1ebft, B\u01b0\u1edbm \u0111\u00eam ph\u00f9 h\u1ee3p v\u1edbi nh\u1eefng ng\u01b0\u1eddi y\u00eau c\u00e1i \u0111\u1eb9p nh\u1eb9 nh\u00e0ng v\u00e0 tinh t\u1ebf.<\/p>\n<p><strong>C\u00e2y kim ph\u00e1t t\u00e0i c\u00f2n g\u1ecdi l\u00e0 c\u00e2y kim ti\u1ec1n<\/strong><\/p>\n<p>C\u00e2y thu\u1ed9c lo\u1ea1i th\u00e2n r\u1ec5, l\u00e1 m\u00e0u xanh s\u1eabm gi\u1ed1ng l\u00f4ng chim, th\u00e2n th\u1eb3ng v\u00e0 m\u1ecdc th\u00e0nh b\u1ee5i. Kim ph\u00e1t t\u00e0i th\u1ec3 hi\u1ec7n s\u1ef1 sung t\u00fac ti\u1ec1n t\u00e0i, th\u1ecbnh v\u01b0\u1ee3ng v\u00e0 may m\u1eafn cho ch\u1ee7 nh\u00e2n, l\u00e0 m\u1ed9t trong nh\u1eefng lo\u1ea1i c\u00e2y may m\u1eafn nh\u1ea5t trong phong th\u1ee7y, theo quan ni\u1ec7m l\u00fac c\u00e2y ra hoa s\u1ebd mang l\u1ea1i l\u1ed9c v\u00e0ng v\u00e0 ph\u00e1t t\u00e0i. R\u1ea5t ph\u00f9 h\u1ee3p trang tr\u00ed tr\u00ean b\u00e0n l\u00e0m vi\u1ec7c c\u1ee7a l\u00e3nh \u0111\u1ea1o, qu\u1ea3n l\u00fd.<\/p>\n","protected":false},"excerpt":{"rendered":"<p>C\u00e2y trang tr\u00ed tr\u00ean b\u00e0n l\u00e0m vi\u1ec7c kh\u00f4ng nh\u1eefng \u0111\u01b0\u1ee3c s\u1eed d\u1ee5ng \u0111\u1ed1i v\u1edbi c\u00e1c x\u1ebfp t\u1eeb tr\u01b0\u1edbc \u0111\u1ebfn nay, theo quan ni\u1ec7m \u0111\u00f3 l\u00e0 m\u1ed9t s\u1ef1 b\u1ed1 tr\u00ed theo phong th\u1ee7y v\u1edbi mong mu\u1ed1n l\u00e0m \u0103n ph\u00e1t \u0111\u1ea1t h\u01a1n, c\u00e1c b\u1ea1n tr\u1ebb b\u00e2y gi\u1edd c\u0169ng s\u1eed d\u1ee5ng r\u1ea5t nhi\u1ec1u, v\u1eeba t\u1ea1o ra m\u1ed9t kh\u00f4ng gian l\u00e0m vi\u1ec7c y\u00eau th\u00edch v\u1eeba mang t\u00ednh phong th\u1ee7y. \u0110\u1ec3 ph\u00f9 h\u1ee3p v\u1edbi kh\u00f4ng gian l\u00e0 b\u00e0n l\u00e0m vi\u1ec7c h\u00e3y tham kh\u1ea3o m\u1ed9t s\u1ed1 lo\u1ea1i c\u00e2y ki\u1ec3ng d\u01b0\u1edbi \u0111\u00e2y.<\/p>\n","protected":false},"featured_media":676,"comment_status":"open","ping_status":"closed","template":"","meta":[],"_links":{"self":[{"href":"https:\/\/themex.myonter.com\/noithat2\/wp-json\/wp\/v2\/product\/675"}],"collection":[{"href":"https:\/\/themex.myonter.com\/noithat2\/wp-json\/wp\/v2\/product"}],"about":[{"href":"https:\/\/themex.myonter.com\/noithat2\/wp-json\/wp\/v2\/types\/product"}],"replies":[{"embeddable":true,"href":"https:\/\/themex.myonter.com\/noithat2\/wp-json\/wp\/v2\/comments?post=675"}],"wp:featuredmedia":[{"embeddable":true,"href":"https:\/\/themex.myonter.com\/noithat2\/wp-json\/wp\/v2\/media\/676"}],"wp:attachment":[{"href":"https:\/\/themex.myonter.com\/noithat2\/wp-json\/wp\/v2\/media?parent=675"}],"curies":[{"name":"wp","href":"https:\/\/api.w.org\/{rel}","templated":true}]}}