{"id":677,"date":"2018-02-26T10:27:40","date_gmt":"2018-02-26T03:27:40","guid":{"rendered":"https:\/\/bizhostvn.com\/w\/noithat2\/?post_type=product&#038;p=677"},"modified":"2018-02-26T10:27:40","modified_gmt":"2018-02-26T03:27:40","slug":"chau-hoa-trang-tri-cua-so-nho-dep","status":"publish","type":"product","link":"https:\/\/themex.myonter.com\/noithat2\/san-pham\/chau-hoa-trang-tri-cua-so-nho-dep\/","title":{"rendered":"Ch\u1eadu hoa trang tr\u00ed c\u1eeda s\u1ed5 nh\u1ecf \u0111\u1eb9p"},"content":{"rendered":"<p class=\"knc-sapo\">Khung c\u01b0\u0309a nh\u00e0 b\u1ea1n s\u1ebd \u0111\u1eb9p h\u01a1n n\u00ea\u0301u co\u0301 nh\u01b0\u0303ng ch\u00e2\u0323u hoa trang tr\u00ed c\u1eeda s\u1ed5 nh\u01b0 th\u1ebf n\u00e0y \u0111\u01b0\u1ee3c \u0111\u1ec3 \u1edf ngay b\u1ec7 c\u1eeda.<\/p>\n<div>Tr\u1ed3ng c\u00e2y trong nh\u00e0 kh\u00f4ng ch\u1ec9 l\u00e0m \u0111\u1eb9p cho ng\u00f4i nh\u00e0 m\u00e0 c\u00f2n c\u00f3 th\u1ec3 thanh l\u1ecdc kh\u00f4ng kh\u00ed \u0111em l\u1ea1i kh\u00f4ng gian s\u1ed1ng trong l\u00e0nh cho gia \u0111\u00ecnh b\u1ea1n. Tuy nhi\u00ean, kh\u00f4ng ph\u1ea3i kh\u00f4ng gian n\u00e0o c\u0169ng \u0111\u1ee7 thu\u1eadn l\u1ee3i \u0111\u1ec3 tr\u1ed3ng c\u00e2y, c\u00f3 1 c\u00e1ch \u0111\u01a1n gi\u1ea3n l\u00e0 tr\u1ed3ng nh\u1eefng c\u00e2y nh\u1ecf xinh \u1edf ngay b\u00ean c\u1eeda s\u1ed5 v\u1eeba l\u00e0m \u0111\u1eb9p cho khung c\u1eeda s\u1ed5 v\u1eeba th\u1ecfa m\u00e3n \u0111\u01b0\u1ee3c s\u1edf th\u00edch y\u00eau c\u00e2y xanh c\u1ee7a gia ch\u1ee7.<\/div>\n<div><\/div>\n<div>\u0110i\u1ec1u quan tr\u1ecdng nh\u1ea5t c\u1ea7n xem x\u00e9t khi mua c\u00e2y \u0111\u1ec3 trang tr\u00ed c\u1eeda s\u1ed5 l\u00e0 ph\u1ea3i\u00a0hi\u1ec3u \u0111\u01b0\u1ee3c\u00a0nhu c\u1ea7u \u00e1nh s\u00e1ng c\u1ee7a c\u00e2y nh\u01b0 th\u1ebf n\u00e0o, nhi\u1ec1u hay \u00edt. Nh\u1eefng c\u00e2y \u0111\u01b0\u1ee3c l\u1ef1a ch\u1ecdn\u00a0th\u01b0\u1eddng l\u00e0 lo\u1ea1i \u01b0a s\u00e1ng v\u00e0 s\u1ed1ng \u0111\u01b0\u1ee3c trong \u0111i\u1ec1u ki\u1ec7n kh\u00f4.<\/div>\n<div>\n<div>\n<div><\/div>\n<div><img src=\"http:\/\/afamilycdn.com\/M8N20d5STCm5E9QXKSmE0TPi2bNc59\/Image\/2016\/06\/trong-cay-ben-cua-so-sieu-de-ma-van-cuc-dep_6589ecd00c.jpg\" alt=\"\" \/><\/div>\n<div>B\u1ea1n kh\u00f4ng nh\u1ea5t thi\u1ebft ph\u1ea3i tr\u1ed3ng hoa\u00a0trong nh\u1eefng chi\u1ebfc ch\u1eadu ki\u1ec3u truy\u1ec1n th\u1ed1ng. T\u1ea1i sao b\u1ea1n kh\u00f4ng th\u1eed tr\u1ed3ng c\u00e2y trong nh\u1eefng ch\u1eadu \u0111i\u1ec7u \u0111\u00e0, n\u1eef t\u00ednh nh\u01b0 th\u1ebf n\u00e0y?<\/div>\n<div><\/div>\n<div><img src=\"http:\/\/afamilycdn.com\/M8N20d5STCm5E9QXKSmE0TPi2bNc59\/Image\/2016\/06\/trong-cay-ben-cua-so-sieu-de-ma-van-cuc-dep_8cd62b60d6.jpg\" alt=\"\" \/><\/div>\n<div>\u00a0V\u1eabn l\u00e0 c\u00e1ch \u0111\u1eb7t ch\u1eadu hoa \u1edf g\u1ea7n c\u1eeda s\u1ed5, nh\u01b0ng b\u1ea1n c\u00f3 th\u1ec3 thi\u1ebft k\u1ebf m\u1ed9t gi\u00e1 thanh m\u1ea3nh v\u00e0 l\u00e3ng m\u1ea1n nh\u01b0 th\u1ebf n\u00e0y l\u00e0m m\u1edbi kh\u00f4ng gian s\u1ed1ng.<\/div>\n<div><\/div>\n<div><img src=\"http:\/\/afamilycdn.com\/M8N20d5STCm5E9QXKSmE0TPi2bNc59\/Image\/2016\/06\/trong-cay-ben-cua-so-sieu-de-ma-van-cuc-dep_47dcbe1f07.jpg\" alt=\"\" \/><\/div>\n<div>\u0110\u1ec3 c\u1eeda s\u1ed5\u00a0th\u00eam ngh\u1ec7 thu\u1eadt h\u00e3y treo l\u01a1 l\u1eedng c\u00e2y\u00a0l\u00ean cao b\u1eb1ng chi\u1ebfc gi\u00e1 g\u1ed7 \u0111\u1ec3 t\u1ea5t c\u1ea3 c\u00f3 th\u1ec3\u00a0ph\u00f4 di\u1ec5n h\u1ebft v\u1ebb \u0111\u1eb9p c\u1ee7a c\u1ea3 c\u00e2y v\u00e0 ch\u1eadu.<\/div>\n<div><\/div>\n<div><img src=\"http:\/\/afamilycdn.com\/M8N20d5STCm5E9QXKSmE0TPi2bNc59\/Image\/2016\/06\/trong-cay-ben-cua-so-sieu-de-ma-van-cuc-dep_d0a5da1aad.jpg\" alt=\"\" \/><\/div>\n<div><\/div>\n<div><img src=\"http:\/\/afamilycdn.com\/M8N20d5STCm5E9QXKSmE0TPi2bNc59\/Image\/2016\/06\/trong-cay-ben-cua-so-sieu-de-ma-van-cuc-dep_db28ac4655.jpg\" alt=\"\" \/><\/div>\n<div>Hoa tr\u00f4\u0300ng \u01a1\u0309 b\u00ean ngo\u00e0i c\u1eeda\u00a0s\u00f4\u0309 l\u00e0\u00a0nh\u01b0\u0303ng loa\u0323i c\u00e2y \u01b0a sa\u0301ng, chi\u0323u nhi\u00ea\u0323t cao va\u0300 kh\u00f4ng c\u00e2\u0300n qua\u0301 nhi\u00ea\u0300u n\u01b0\u01a1\u0301c nh\u01b0 hoa sen \u0111\u00e1 n\u00e0y.<\/div>\n<div><\/div>\n<div><img src=\"http:\/\/afamilycdn.com\/M8N20d5STCm5E9QXKSmE0TPi2bNc59\/Image\/2016\/06\/trong-cay-ben-cua-so-sieu-de-ma-van-cuc-dep_0defd0c51b.jpg\" alt=\"\" \/><\/div>\n<div>\u0110\u00f3\u00a0c\u00e1c lo\u1ea1i c\u00e2y th\u00edch h\u1ee3p v\u1edbi c\u00e1c \u0111i\u1ec1u ki\u1ec7n kh\u00f4 \u0111\u1ec3 gi\u1ea3m thi\u1ec3u s\u1ef1 m\u1ea5t n\u01b0\u1edbc \u1edf l\u00e1 c\u1ee7a ch\u00fang v\u00ec th\u1ebf, ch\u00fang ta kh\u00f4ng c\u1ea7n d\u00e0nh qu\u00e1 nhi\u1ec1u th\u1eddi gian \u0111\u1ec3 ch\u0103m s\u00f3c nh\u01b0ng v\u1eabn c\u00f3 \u0111\u01b0\u1ee3c nh\u1eefng khung c\u1eeda s\u1ed5 l\u00e3ng m\u1ea1n.<\/div>\n<div><\/div>\n<div><img src=\"http:\/\/afamilycdn.com\/M8N20d5STCm5E9QXKSmE0TPi2bNc59\/Image\/2016\/06\/trong-cay-ben-cua-so-sieu-de-ma-van-cuc-dep_e8469e4646.jpg\" alt=\"\" \/><\/div>\n<div>Ch\u1eadu hoa \u0111\u01a1n gi\u1ea3n, nh\u1ecf xinh d\u00f9ng \u0111\u1ec3 trang tr\u00ed c\u1eeda s\u1ed5 n\u00e0y se\u0303 giu\u0301p ng\u00f4i nha\u0300 tr\u01a1\u0309 n\u00ean t\u01b0\u01a1i tre\u0309 \u0111em thi\u00ean nhi\u00ean g\u00e2\u0300n la\u0323i v\u01a1\u0301i con ng\u01b0\u01a1\u0300i h\u01a1n.<\/div>\n<div><\/div>\n<div><img src=\"http:\/\/afamilycdn.com\/M8N20d5STCm5E9QXKSmE0TPi2bNc59\/Image\/2016\/06\/trong-cay-ben-cua-so-sieu-de-ma-van-cuc-dep_2f18a0595d.jpg\" alt=\"\" \/><\/div>\n<\/div>\n<\/div>\n","protected":false},"excerpt":{"rendered":"<div>\u0110\u00f3\u00a0c\u00e1c lo\u1ea1i c\u00e2y th\u00edch h\u1ee3p v\u1edbi c\u00e1c \u0111i\u1ec1u ki\u1ec7n kh\u00f4 \u0111\u1ec3 gi\u1ea3m thi\u1ec3u s\u1ef1 m\u1ea5t n\u01b0\u1edbc \u1edf l\u00e1 c\u1ee7a ch\u00fang v\u00ec th\u1ebf, ch\u00fang ta kh\u00f4ng c\u1ea7n d\u00e0nh qu\u00e1 nhi\u1ec1u th\u1eddi gian \u0111\u1ec3 ch\u0103m s\u00f3c nh\u01b0ng v\u1eabn c\u00f3 \u0111\u01b0\u1ee3c nh\u1eefng khung c\u1eeda s\u1ed5 l\u00e3ng m\u1ea1n.<\/div>\n","protected":false},"featured_media":678,"comment_status":"open","ping_status":"closed","template":"","meta":[],"_links":{"self":[{"href":"https:\/\/themex.myonter.com\/noithat2\/wp-json\/wp\/v2\/product\/677"}],"collection":[{"href":"https:\/\/themex.myonter.com\/noithat2\/wp-json\/wp\/v2\/product"}],"about":[{"href":"https:\/\/themex.myonter.com\/noithat2\/wp-json\/wp\/v2\/types\/product"}],"replies":[{"embeddable":true,"href":"https:\/\/themex.myonter.com\/noithat2\/wp-json\/wp\/v2\/comments?post=677"}],"wp:featuredmedia":[{"embeddable":true,"href":"https:\/\/themex.myonter.com\/noithat2\/wp-json\/wp\/v2\/media\/678"}],"wp:attachment":[{"href":"https:\/\/themex.myonter.com\/noithat2\/wp-json\/wp\/v2\/media?parent=677"}],"curies":[{"name":"wp","href":"https:\/\/api.w.org\/{rel}","templated":true}]}}