{"id":679,"date":"2018-02-26T10:29:23","date_gmt":"2018-02-26T03:29:23","guid":{"rendered":"https:\/\/bizhostvn.com\/w\/noithat2\/?post_type=product&#038;p=679"},"modified":"2018-02-26T10:29:23","modified_gmt":"2018-02-26T03:29:23","slug":"bo-cay-trang-tri-hinh-chu-love-dep-cho-ban-hoc","status":"publish","type":"product","link":"https:\/\/themex.myonter.com\/noithat2\/san-pham\/bo-cay-trang-tri-hinh-chu-love-dep-cho-ban-hoc\/","title":{"rendered":"B\u1ed9 c\u00e2y trang tr\u00ed h\u00ecnh ch\u1eef LOVE \u0111\u1eb9p cho b\u00e0n h\u1ecdc"},"content":{"rendered":"<p><strong>Kh\u00f4ng gian m\u00e0 b\u1ea1n \u1edf kh\u00f4ng th\u1ec3 thi\u1ebfu m\u1ea7u xanh c\u1ee7a hoa l\u00e1, cu\u1ed9c s\u1ed1ng trong nh\u00e0 b\u1ea1n s\u1ebd tr\u1edf l\u00ean m\u00e1t m\u1ebb h\u01a1n v\u1edbi nh\u1eefng m\u1ea7u xanh t\u1ef1 nhi\u00ean t\u1eeb c\u00e2y.<\/strong><\/p>\n<p>Sau \u0111\u00e2y Iquatang xin gi\u1edbi thi\u1ec7u b\u1ed9 c\u00e2y trang tr\u00ed h\u00ecnh ch\u1eef love r\u1ea5t \u0111\u1ed9c \u0111\u00e1o, s\u1ea3n ph\u1ea9m nh\u1ecf g\u1ecdn, xinh x\u1eafn, v\u1edbi ch\u1ea5t li\u1ec7u ch\u1eadu s\u1ee9, c\u00e2y nh\u1ef1a \u00a0v\u00e0 s\u1ee3i b\u00f4ng mang l\u1ea1i s\u1ea3n ph\u1ea9m trang tr\u00ed b\u00e0n u\u1ed1ng n\u01b0\u1edbc v\u00e0 b\u00e0n l\u00e0m vi\u1ec7c r\u1ea5t \u0111\u1ed9c \u0111\u00e1o. Ngo\u00e0i ra b\u1ea1n c\u00f3 th\u1ec3 d\u00f9ng s\u1ea3n ph\u1ea9m n\u00e0y l\u00e0m qu\u00e0 t\u0103ng l\u01b0u ni\u1ec7m cho b\u1ea1n b\u00e8, gia \u0111\u00ecnh\u2026<\/p>\n<p><strong>H\u00ccnh \u1ea3nh s\u1ea3n ph\u1ea9m<\/strong><\/p>\n<p><a class=\"responsive_lightbox\" href=\"http:\/\/iquatang.com\/wp-content\/uploads\/2015\/07\/bo_cay_love_khuy_2_1.jpg\"><img loading=\"lazy\" class=\"alignnone size-full wp-image-1228\" src=\"http:\/\/iquatang.com\/wp-content\/uploads\/2015\/07\/bo_cay_love_khuy_2_1.jpg\" alt=\"bo_cay_love_khuy_2_1\" width=\"768\" height=\"432\" data-description=\"\" \/><\/a><\/p>\n<p>Hi\u1ec7n san ph\u1ea9m \u0111ang \u0111\u01b0\u1ee3c b\u00e1n t\u1ea1i Iquatang.com v\u1edbi m\u1ee9c gi\u00e1 r\u1ea5t \u01b0u \u0111\u00e3i, t\u1ea1i Iquatang ch\u00fang t\u00f4i lu\u00f4n c\u00e2p nh\u1eadt nh\u1eefng m\u00e3u s\u1ea3n ph\u1ea9m \u0111\u1ed9c \u0111\u00e1o v\u00e0 \u00fd ngh\u0129a nh\u1ea5t.<\/p>\n<p>Sau \u0111\u00e2y Iquatang xin gi\u1edbi thi\u1ec7u b\u1ed9 c\u00e2y trang tr\u00ed h\u00ecnh ch\u1eef love r\u1ea5t \u0111\u1ed9c \u0111\u00e1o, s\u1ea3n ph\u1ea9m nh\u1ecf g\u1ecdn, xinh x\u1eafn, v\u1edbi ch\u1ea5t li\u1ec7u ch\u1eadu s\u1ee9, c\u00e2y nh\u1ef1a \u00a0v\u00e0 s\u1ee3i b\u00f4ng mang l\u1ea1i s\u1ea3n ph\u1ea9m trang tr\u00ed b\u00e0n u\u1ed1ng n\u01b0\u1edbc v\u00e0 b\u00e0n l\u00e0m vi\u1ec7c r\u1ea5t \u0111\u1ed9c \u0111\u00e1o. Ngo\u00e0i ra b\u1ea1n c\u00f3 th\u1ec3 d\u00f9ng s\u1ea3n ph\u1ea9m n\u00e0y l\u00e0m qu\u00e0 t\u0103ng l\u01b0u ni\u1ec7m cho b\u1ea1n b\u00e8, gia \u0111\u00ecnh\u2026<\/p>\n","protected":false},"excerpt":{"rendered":"<p><strong>Th\u00f4ng tin s\u1ea3n ph\u1ea9m:<\/strong><\/p>\n<p>\u2013 <strong>Ch\u1ea5t li\u1ec7u:<\/strong> ch\u1eadu s\u1ee9, c\u00e2y nh\u1ef1a, s\u1ee3i b\u00f4ng.<\/p>\n<p>\u2013 <strong>K\u00edch th\u01b0\u1edbc 1 c\u00e2y:<\/strong> 20x6x6cm.<\/p>\n<p>\u2013 <strong>M\u00e0u s\u1eafc:<\/strong> xanh<\/p>\n<p><strong>Ch\u00fang t\u00f4i cam k\u1ebft:<\/strong><\/p>\n<p>\u2013 S\u1ea3n ph\u1ea9m gi\u1ed1ng nh\u01b0 h\u00ecnh \u1ea3nh minh h\u1ecda.<\/p>\n<p>\u2013 Giao h\u00e0ng t\u1eadn nh\u00e0 to\u00e0n qu\u1ed1c, thanh to\u00e1n khi nh\u1eadn h\u00e0ng.<\/p>\n<p>\u2013 B\u1ea3o h\u00e0nh 6 th\u00e1ng, \u0111\u1ed5i tr\u1ea3 trong v\u00f2ng 7 ng\u00e0y n\u1ebfu l\u1ed7i do nh\u00e0 s\u1ea3n xu\u1ea5t.<\/p>\n","protected":false},"featured_media":680,"comment_status":"open","ping_status":"closed","template":"","meta":[],"_links":{"self":[{"href":"https:\/\/themex.myonter.com\/noithat2\/wp-json\/wp\/v2\/product\/679"}],"collection":[{"href":"https:\/\/themex.myonter.com\/noithat2\/wp-json\/wp\/v2\/product"}],"about":[{"href":"https:\/\/themex.myonter.com\/noithat2\/wp-json\/wp\/v2\/types\/product"}],"replies":[{"embeddable":true,"href":"https:\/\/themex.myonter.com\/noithat2\/wp-json\/wp\/v2\/comments?post=679"}],"wp:featuredmedia":[{"embeddable":true,"href":"https:\/\/themex.myonter.com\/noithat2\/wp-json\/wp\/v2\/media\/680"}],"wp:attachment":[{"href":"https:\/\/themex.myonter.com\/noithat2\/wp-json\/wp\/v2\/media?parent=679"}],"curies":[{"name":"wp","href":"https:\/\/api.w.org\/{rel}","templated":true}]}}