{"id":683,"date":"2018-02-26T10:32:59","date_gmt":"2018-02-26T03:32:59","guid":{"rendered":"https:\/\/bizhostvn.com\/w\/noithat2\/?post_type=product&#038;p=683"},"modified":"2018-02-26T10:32:59","modified_gmt":"2018-02-26T03:32:59","slug":"ke-tivi-ket-hop-ban-tho-tc355","status":"publish","type":"product","link":"https:\/\/themex.myonter.com\/noithat2\/san-pham\/ke-tivi-ket-hop-ban-tho-tc355\/","title":{"rendered":"K\u1ec7 tivi k\u1ebft h\u1ee3p b\u00e0n th\u1edd &#8211; TC355"},"content":{"rendered":"<h3 class=\"heading\">Th\u00f4ng tin s\u1ea3n ph\u1ea9m<\/h3>\n<div class=\"body\">\n<p><strong>K\u1ec7 tivi k\u1ebft h\u1ee3p b\u00e0n th\u1edd &#8211; TC355<\/strong> s\u1ebd l\u00e0 thi\u1ebft y\u1ebfu mang \u0111\u1ebfn cho kh\u00f4ng gian c\u0103n ph\u00f2ng kh\u00e1ch \u0111\u1eb9p h\u00e0i h\u00f2a v\u00e0 tinh t\u1ebf h\u01a1n h\u1ebft. \u0110\u1eb7c bi\u1ec7t v\u1edbi kh\u00f4ng gian c\u0103n nh\u00e0 ch\u1eadt ch\u1ed9i th\u00ec l\u1ef1a ch\u1ecdn m\u00f3n \u0111\u1ed3 n\u1ed9i th\u1ea5t \u0111a n\u0103ng s\u1ebd g\u00f3p ph\u1ea7n c\u01a1i n\u1edbi cho kh\u00f4ng gian tr\u1edf n\u00ean r\u1ed9ng r\u00e3i v\u00e0 tho\u00e1ng \u0111\u00e3ng h\u01a1n.<\/p>\n<h2><strong>K\u1ec7 tivi k\u1ebft h\u1ee3p b\u00e0n th\u1edd &#8211; TC355 mang \u0111\u1ebfn s\u1ef1 l\u1ef1a ch\u1ecdn ho\u00e0n h\u1ea3o<\/strong><\/h2>\n<p><strong>K\u1ec7 tivi k\u1ebft h\u1ee3p b\u00e0n th\u1edd &#8211; TC355 <\/strong>\u0111\u01b0\u1ee3c l\u00e0m\u00a0b\u1eb1ng ch\u1ea5t li\u1ec7u g\u1ed7 c\u00f4ng nghi\u1ec7p, v\u1edbi\u00a0thi\u1ebft k\u1ebf \u0111\u01a1n gi\u1ea3n, kh\u00f4ng c\u1ea7u k\u00ec m\u00e0 c\u0169ng kh\u00f4ng h\u1ec1 m\u1ea5t \u0111i s\u1ef1 ti\u1ec7n nghi, t\u1ea1o cho c\u0103n ph\u00f2ng tr\u1edf n\u00ean tho\u00e1ng \u0111\u00e3ng h\u01a1n, b\u00ean c\u1ea1nh \u0111\u00f3 c\u00f2n t\u00edch h\u1ee3p th\u00eam m\u1ed9t chi\u1ebfc t\u1ee7 \u0111\u1ef1ng s\u00e1ch, t\u1ee7 c\u00f3 ng\u0103n \u0111\u1ef1ng \u0111\u1ed3.\u00a0Nh\u01b0 v\u1eady s\u1ebd khi\u1ebfn cho ng\u01b0\u1eddi d\u00f9ng ti\u1ec7n nghi h\u01a1n v\u00e0 nh\u1eefng m\u00f3n \u0111\u1ed3 \u0111\u01b0\u1ee3c s\u1eafp x\u1ebfp m\u1ed9t c\u00e1ch ng\u0103n n\u1eafp v\u00e0 g\u1ecdn g\u00e0ng.<\/p>\n<div class=\"uk-text-center\"><img src=\"https:\/\/noithattoancau.vn\/uploads\/images\/ke-tivi-ket-hop-ban-tho-1-%281%29.jpg\" alt=\"K\u1ec7 tivi k\u1ebft h\u1ee3p b\u00e0n th\u1edd - TC355\" \/><\/div>\n<p>K\u1ec7 tivi k\u1ebft h\u1ee3p b\u00e0n th\u1edd &#8211; TC355B\u00ean c\u1ea1nh \u0111\u00f3 ng\u01b0\u1eddi d\u00f9ng c\u0169ng c\u00f3 th\u1ec3 trang tr\u00ed nh\u1eefng m\u00f3n \u0111\u1ed3 l\u01b0u ni\u1ec7m, c\u0169ng nh\u01b0 nh\u1eefng l\u1ecd hoa \u0111\u1ec3 g\u00f3p ph\u1ea7n t\u1ea1o n\u00ean \u0111i\u1ec3m nh\u1ea5n cho chi\u1ebfc k\u1ec7 v\u00e0 c\u0103n ph\u00f2ng tr\u1edf n\u00ean \u0111\u01b0\u1ee3c t\u01b0\u01a1i m\u1edbi h\u01a1n r\u1ea5t nhi\u1ec1u.<\/p>\n<p><strong>K\u1ec7 tivi k\u1ebft h\u1ee3p b\u00e0n th\u1edd &#8211; TC355 <\/strong>\u0111\u01b0\u1ee3c l\u00e0m t\u1eeb ch\u1ea5t li\u1ec7u g\u1ed7 c\u00f4ng nghi\u1ec7p, nh\u01b0ng n\u1ebfu h\u00e1ch h\u00e0ng mu\u1ed1n l\u1ef1a ch\u1ecdn g\u1ed7 t\u1ef1 nhi\u00ean c\u0169ng c\u00f3 th\u1ec3 nh\u1edd \u0111\u1ebfn ki\u1ebfn tr\u00fac s\u01b0 thi\u1ebft k\u1ebf theo \u00fd mu\u1ed1n.<\/p>\n<p>T\u1ee7 k\u1ec7 b\u00e0n th\u1edd &#8211; TC355 v\u1edbi ch\u1ea5t li\u1ec7u g\u1ed7 \u0111\u01b0\u1ee3c nh\u1eadp t\u1eeb n\u01b0\u1edbc ngo\u00e0i n\u00ean ch\u1ed1ng cong v\u00eanh, m\u1ed1i m\u1ecdt, \u0111a d\u1ea1ng v\u1ec1 s\u1ea3n ph\u1ea9m n\u00ean mang \u0111\u1ebfn cho ng\u01b0\u1eddi d\u00f9ng s\u1ef1 l\u1ef1a ch\u1ecdn thi\u1ebft th\u1ef1c nh\u1ea5t, c\u0169ng nh\u01b0 ph\u00f9 h\u1ee3p v\u1edbi t\u00fai ti\u1ec1n c\u1ee7a h\u1ea7u h\u1ebft gia ch\u1ee7.<\/p>\n<p>Do v\u1eady, K\u1ec7 tivi ki\u00eam b\u00e0n th\u1edd &#8211; TC355 s\u1ebd l\u00e0 m\u00f3n \u0111\u1ed3 h\u1ea7u nh\u01b0 m\u1ecdi kh\u00e1ch \u0111\u1ec1u l\u1ef1a ch\u1ecdn, h\u00e3y \u0111\u1ec3 n\u1ed9i th\u1ea5t To\u00e0n C\u1ea7u t\u01b0 v\u1ea5n v\u00e0 thi\u1ebft k\u1ebf cho kh\u00f4ng gian c\u0103n nh\u00e0 v\u1edbi nh\u1eefng m\u00f3n \u0111\u1ed3 \u0111\u1eb9p, ch\u1ea5t l\u01b0\u1ee3ng nh\u1ea5t nh\u00e9.<\/p>\n<p>K\u1ec7 tivi k\u1ebft h\u1ee3p t\u1ee7 th\u1edd &#8211; TC355 c\u00f2n c\u00f3 gam m\u00e0u nh\u00e3 nh\u1eb7n, mang \u0111\u1ebfn s\u1ef1 h\u00e0i h\u00f2a h\u01a1n cho c\u0103n ph\u00f2ng, c\u0169ng nh\u01b0 ch\u00fang c\u0169ng d\u1ec5 d\u00e0ng k\u1ebft h\u1ee3p h\u01a1n v\u1edbi nh\u1eefng m\u00f3n \u0111\u1ed3 n\u1ed9i th\u1ea5t \u0111\u1ec3 mang \u0111\u1ebfn m\u1ed9t kh\u00f4ng gian c\u0103n nh\u00e0 c\u00f3 \u0111i\u1ec3m nh\u1ea5n v\u00e0 hi\u1ec7n \u0111\u1ea1i h\u01a1n h\u1ebft.<\/p>\n<div class=\"uk-text-center\"><img src=\"https:\/\/noithattoancau.vn\/uploads\/images\/ke-tivi-ket-hop-ban-tho-2-%281%29.jpg\" alt=\"K\u1ec7 tivi k\u1ebft h\u1ee3p b\u00e0n th\u1edd - TC355 cho m\u1ecdi kh\u00f4ng gian nh\u00e0\" \/><\/div>\n<p>K\u1ec7 tivi k\u1ebft h\u1ee3p b\u00e0n th\u1edd &#8211; TC355 cho m\u1ecdi kh\u00f4ng gian nh\u00e0K\u1ec7 tivi k\u1ebft h\u1ee3p v\u1edbi t\u1ee7 th\u1edd &#8211; TC355 \u00a0v\u1edbi nh\u1eefng chi ti\u1ebft c\u00e1ch \u0111i\u1ec7u n\u00e0y s\u1ebd g\u00f3p ph\u1ea7n c\u00f9ng v\u1edbi nh\u1eefng b\u1ed9 b\u00e0n gh\u1ebf sofa l\u00e0m t\u00e2m \u0111i\u1ec3m cho kh\u00f4ng gian ph\u00f2ng kh\u00e1ch khi\u1ebfn gia ch\u1ee7 b\u1ecb cho\u00e1ng ng\u1ee3p trong kh\u00f4ng gian nh\u00e0 \u0111\u1eb9p v\u00e0 sang tr\u1ecdng.<\/p>\n<p>Do v\u1eady, v\u1edbi m\u1ed9t kh\u00f4ng gian c\u0103n nh\u00e0 ch\u1eadt ch\u1ed9i th\u00ec ng\u01b0\u1eddi d\u00f9ng h\u00e3y n\u00ean ch\u1ecdn cho m\u00ecnh nh\u1eefng m\u00f3n \u0111\u1ed3 n\u1ed9i th\u1ea5t \u0111a n\u0103ng v\u00e0 nh\u1eefng chi\u1ebfc k\u1ec7 tivi l\u00e0 m\u00f3n \u0111\u1ed3 kh\u00f4ng th\u1ec3 thi\u1ebfu t\u1ea1o n\u00ean nh\u1eefng n\u00e9t c\u00e1 t\u00ednh ri\u00eang bi\u1ec7t cho ng\u00f4i nh\u00e0 v\u1edbi phong c\u00e1ch hi\u1ec7n \u0111\u1ea1i.<\/p>\n<h2><strong>K\u1ec7 tivi k\u1ebft h\u1ee3p b\u00e0n th\u1edd <\/strong><strong>&#8211; TC355 cao c\u1ea5p ch\u1ec9 c\u00f3 t\u1ea1i n\u1ed9i th\u1ea5t To\u00e0n C\u1ea7u<\/strong><\/h2>\n<p>Hi\u1ec7n nay v\u1edbi nhi\u1ec1u ki\u1ec3u d\u00e1ng c\u1ee7a nh\u1eefng chi\u1ebfc k\u1ec7 tivi \u0111\u1eb9p, nh\u01b0ng \u0111\u1ec3 t\u00edch h\u1ee3p v\u00e0 ti\u1ec7n d\u1ee5ng h\u01a1n th\u00ec ng\u01b0\u1eddi d\u00f9ng h\u00e3y n\u00ean quan t\u00e2m \u0111\u1ebfn K\u1ec7 tivi k\u1ebft h\u1ee3p b\u00e0n th\u1edd &#8211; TC355 t\u1ea1i n\u1ed9i th\u1ea5t To\u00e0n C\u1ea7u.<\/p>\n<p><strong>K\u1ec7 tivi k\u1ebft h\u1ee3p v\u1edbi b\u00e0n th\u1edd<\/strong> &#8211; TC355 t\u1ea1i n\u1ed9i th\u1ea5t To\u00e0n C\u1ea7u v\u1edbi ch\u1ea5t li\u1ec7u b\u1eb1ng g\u1ed7, th\u00e2n thu\u1ed9c v\u1edbi con ng\u01b0\u1eddi v\u00e0 c\u0169ng an to\u00e0n cho s\u1ee9c kh\u1ecfe ng\u01b0\u1eddi s\u1eed d\u1ee5ng n\u00ean khi s\u1eed d\u1ee5ng ng\u01b0\u1eddi d\u00f9ng c\u0169ng an t\u00e2m h\u01a1n, \u0111\u1eb7c bi\u1ec7t s\u1ea3n ph\u1ea9m c\u00f3 th\u1eddi gian s\u1eed d\u1ee5ng l\u00e2u d\u00e0i, n\u00ean kh\u00e1ch h\u00e0ng kh\u00f4ng ph\u1ea3i lo l\u1eafng v\u1ec1 ch\u1ea5t l\u01b0\u1ee3ng s\u1ea3n ph\u1ea9m.<\/p>\n<div class=\"uk-text-center\"><img src=\"https:\/\/noithattoancau.vn\/uploads\/images\/ke-tivi-ket-hop-ban-tho-3-%281%29.jpg\" alt=\"K\u1ec7 tivi k\u1ebft h\u1ee3p b\u00e0n th\u1edd - TC355 sang tr\u1ecdng\" \/><\/div>\n<p>K\u1ec7 tivi k\u1ebft h\u1ee3p b\u00e0n th\u1edd &#8211; TC355 sang tr\u1ecdngB\u00ean c\u1ea1nh \u0111\u00f3, s\u1ea3n ph\u1ea9m n\u1ed9i th\u1ea5t t\u1ea1i To\u00e0n C\u1ea7u lu\u00f4n c\u00f3 ch\u1ebf \u0111\u1ed9 b\u1ea3o h\u00e0ng l\u00e2u d\u00e0i, n\u1ebfu c\u00f3 v\u1ea5n \u0111\u1ec1 g\u00ec trong th\u1eddi gian s\u1eed d\u1ee5ng, kh\u00e1ch h\u00e0ng c\u00f3 th\u1ec3 nh\u1edd \u0111\u1ebfn nh\u1eefng chuy\u00ean gia trong l\u0129nh v\u1ef1c n\u1ed9i th\u1ea5t t\u1ea1i To\u00e0n C\u1ea7u \u0111\u1ebfn s\u1eeda ch\u1eefa v\u00e0 t\u01b0 v\u1ea5n s\u1eed d\u1ee5ng.<\/p>\n<p>K\u1ec7 tivi k\u1ebft h\u1ee3p b\u00e0n th\u1edd &#8211; TC355 v\u1edbi ki\u1ec3u d\u00e1ng \u0111\u1ed9c \u0111\u00e1o, hi\u1ec7n \u0111\u1ea1i,..r\u1ea5t ph\u00f9 h\u1ee3p v\u1edbi m\u1ecdi kh\u00f4ng gian c\u0103n ph\u00f2ng, n\u1ebfu kh\u00e1ch h\u00e0ng s\u1ed1ng trong ng\u00f4i nh\u00e0 chung c\u01b0 ch\u1eadt ch\u1ed9i hay l\u00e0 nh\u00e0 r\u1ed9ng r\u00e3i c\u0169ng c\u00f3 th\u1ec3 s\u1eed d\u1ee5ng chi\u1ebfc k\u1ec7 n\u00e0y t\u00f9y ch\u1ec9nh k\u00edch th\u01b0\u1edbc theo mong mu\u1ed1n.<\/p>\n<p><strong>K\u1ec7 tivi k\u1ebft h\u1ee3p b\u00e0n th\u1edd &#8211; TC355<\/strong> ch\u1eafc ch\u1eafn \u0111\u00e3 l\u00e0m h\u00e0i l\u00f2ng kh\u00e1ch h\u00e0ng, n\u1ebfu kh\u00e1ch h\u00e0ng \u0111\u00e3 mu\u1ed1n s\u1eafm ngay chi\u1ebfc k\u1ec7 n\u00e0y th\u00ec h\u00e3y li\u00ean h\u1ec7 v\u1edbi n\u1ed9i th\u1ea5t<strong> To\u00e0n C\u1ea7u<\/strong> \u0111\u1ec3 \u0111\u01b0\u1ee3c gi\u00e1 \u01b0u \u0111\u00e3i.<\/p>\n<p>&nbsp;<\/p>\n<\/div>\n","protected":false},"excerpt":{"rendered":"<p><strong>K\u1ec7 tivi k\u1ebft h\u1ee3p b\u00e0n th\u1edd &#8211; TC355 <\/strong>\u0111\u01b0\u1ee3c l\u00e0m t\u1eeb ch\u1ea5t li\u1ec7u g\u1ed7 c\u00f4ng nghi\u1ec7p, nh\u01b0ng n\u1ebfu h\u00e1ch h\u00e0ng mu\u1ed1n l\u1ef1a ch\u1ecdn g\u1ed7 t\u1ef1 nhi\u00ean c\u0169ng c\u00f3 th\u1ec3 nh\u1edd \u0111\u1ebfn ki\u1ebfn tr\u00fac s\u01b0 thi\u1ebft k\u1ebf theo \u00fd mu\u1ed1n.<\/p>\n","protected":false},"featured_media":684,"comment_status":"open","ping_status":"closed","template":"","meta":[],"_links":{"self":[{"href":"https:\/\/themex.myonter.com\/noithat2\/wp-json\/wp\/v2\/product\/683"}],"collection":[{"href":"https:\/\/themex.myonter.com\/noithat2\/wp-json\/wp\/v2\/product"}],"about":[{"href":"https:\/\/themex.myonter.com\/noithat2\/wp-json\/wp\/v2\/types\/product"}],"replies":[{"embeddable":true,"href":"https:\/\/themex.myonter.com\/noithat2\/wp-json\/wp\/v2\/comments?post=683"}],"wp:featuredmedia":[{"embeddable":true,"href":"https:\/\/themex.myonter.com\/noithat2\/wp-json\/wp\/v2\/media\/684"}],"wp:attachment":[{"href":"https:\/\/themex.myonter.com\/noithat2\/wp-json\/wp\/v2\/media?parent=683"}],"curies":[{"name":"wp","href":"https:\/\/api.w.org\/{rel}","templated":true}]}}