{"id":687,"date":"2018-02-26T10:35:11","date_gmt":"2018-02-26T03:35:11","guid":{"rendered":"https:\/\/bizhostvn.com\/w\/noithat2\/?post_type=product&#038;p=687"},"modified":"2018-02-26T10:35:11","modified_gmt":"2018-02-26T03:35:11","slug":"ke-tivi-go-cong-nghiep-gia-re-tc351","status":"publish","type":"product","link":"https:\/\/themex.myonter.com\/noithat2\/san-pham\/ke-tivi-go-cong-nghiep-gia-re-tc351\/","title":{"rendered":"K\u1ec7 tivi g\u1ed7 c\u00f4ng nghi\u1ec7p gi\u00e1 r\u1ebb &#8211; TC351"},"content":{"rendered":"<h2><strong>K\u1ec7 tivi g\u1ed7 c\u00f4ng nghi\u1ec7p gi\u00e1 r\u1ebb nh\u1eefng \u01b0u \u0111i\u1ec3m c\u1ea7n quan t\u00e2m<\/strong><\/h2>\n<p>N\u1ebfu kh\u00e1ch h\u00e0ng quan t\u00e2m \u0111\u1ebfn nh\u1eefng m\u00e2u thi\u1ebft k\u1ebf k\u1ec7 tivi \u0111\u1eb9p nh\u1ea5t th\u00ec h\u00e3y n\u00ean quan t\u00e2m h\u01a1n \u0111\u1ebfn <strong>k\u1ec7 tivi g\u1ed7 c\u00f4ng nghi\u1ec7p TC351<\/strong> t\u1ea1i n\u1ed9i th\u1ea5t To\u00e0n C\u1ea7u b\u1edfi \u0111\u00e2y l\u00e0 s\u1ea3n ph\u1ea9m m\u1edbi ra m\u1eaft, lu\u00f4n mang \u0111\u1ebfn cho ng\u01b0\u1eddi d\u00f9ng nh\u1eefng s\u1ea3n ph\u1ea9m b\u1ec1n \u0111\u1eb9p, ch\u1ea5t l\u01b0\u1ee3ng nh\u1ea5t v\u00e0 gi\u00e1\u00a0c\u1ea3\u00a0k\u1ec7 tivi g\u1ed7\u00a0\u00e9p lu\u00f4n t\u1ed1t nh\u1ea5t th\u1ecb tr\u01b0\u1eddng.<\/p>\n<div class=\"uk-text-center\"><img src=\"https:\/\/noithattoancau.vn\/uploads\/images\/ke-tivi-go-cong-nghiep-gia-re-2-%281%29.jpg\" alt=\"K\u1ec7 tivi g\u1ed7 c\u00f4ng nghi\u1ec7p gi\u00e1 r\u1ebb ph\u00f9 h\u1ee3p t\u00fai ti\u1ec1n m\u1ecdi nh\u00e0\" \/><\/div>\n<p>K\u1ec7 tivi g\u1ed7 c\u00f4ng nghi\u1ec7p gi\u00e1 r\u1ebb ph\u00f9 h\u1ee3p t\u00fai ti\u1ec1n m\u1ecdi nh\u00e0<\/p>\n<p>V\u1edbi ki\u1ec3u d\u00e1ng <strong>k\u1ec7 tivi g\u1ed7<\/strong> c\u00f4ng nghi\u1ec7p gi\u00e1 r\u1ebb \u0111a d\u1ea1ng v\u00e0 cu\u1ed1n h\u00fat, m\u1eabu s\u1ea3n ph\u1ea9m n\u00e0y \u0111\u01b0\u1ee3c l\u00e0m t\u1eeb ch\u1ea5t li\u1ec7u g\u1ed7 c\u00f4ng nghi\u1ec7p MFC, \u0111\u00e2y l\u00e0 s\u1ea3n ph\u1ea9m t\u1ed1t, c\u00f3 gi\u00e1 c\u1ea3 ph\u1ea3i ch\u0103ng b\u00ean c\u1ea1nh \u0111\u00f3 c\u00f2n r\u1ea5t ti\u1ec7n l\u1ee3i \u0111\u1ed1i v\u1edbi ng\u01b0\u1eddi s\u1eed d\u1ee5ng.<\/p>\n<p>V\u1edbi ki\u1ec3u d\u00e1ng m\u00e0u s\u1eafc nh\u1eb9 nh\u00e0ng, r\u1ea5t ph\u00f9 h\u1ee3p v\u1edbi kh\u00f4ng gian c\u0103n nh\u00e0 ch\u1eadt ch\u1ed9i tr\u1edf n\u00ean c\u00f3 \u0111i\u1ec3m nh\u1ea5n h\u01a1n. Ngo\u00e0i ra t\u1ee7\u00a0tivi g\u1ed7\u00a0\u00e9p\u00a0c\u00f4ng nghi\u1ec7p c\u00f2n c\u00f3 ng\u0103n t\u1ee7 \u0111\u1ec3 ng\u01b0\u1eddi d\u00f9ng c\u00f3 th\u1ec3 d\u1ec5 d\u00e0ng c\u1ea5t nh\u1eefng m\u00f3n \u0111\u1ed3 v\u00e0o ng\u0103n l\u01b0u tr\u1eef m\u1ed9t c\u00e1ch g\u1ecdn g\u00e0ng h\u01a1n.<\/p>\n<p>B\u00ean c\u1ea1nh \u0111\u00f3, k\u1ec7 tivi g\u1ed7 c\u00f4ng nghi\u1ec7p gi\u00e1 r\u1ebb &#8211; TC351 c\u00f2n c\u00f3 r\u1ea5t nhi\u1ec1u ng\u0103n k\u00e9o gi\u00fap gia ch\u1ee7 c\u00f3 th\u1ec3 c\u1ea5t nh\u1eefng m\u00f3n \u0111\u1ed3 l\u1eb7t v\u1eb7t \u0111\u1ec3 t\u1ea1o n\u00ean m\u1ed9t c\u0103n ph\u00f2ng \u0111\u01b0\u1ee3c th\u00f4ng tho\u00e1ng v\u00e0 g\u1ecdn g\u00e0ng h\u01a1n r\u1ea5t nhi\u1ec1u. Do v\u1eady, h\u00e3y t\u1ea1o n\u00ean m\u1ed9t c\u0103n ph\u00f2ng c\u00f3 \u0111i\u1ec3m nh\u1ea5n c\u00f9ng v\u1edbi nh\u1eefng chi\u1ebfc k\u1ec7 tivi g\u1ed7\u00a0\u00e9p hcm th\u00ec gia ch\u1ee7 n\u00ean c\u00f3 nh\u1eefng c\u00e1ch b\u00e0i tr\u00ed nh\u1eefng l\u1ecd hoa, c\u00e2y c\u1ea3nh \u0111\u1ec3 mang s\u1eafc th\u1eafm \u0111\u1ebfn c\u0103n ph\u00f2ng tr\u1edf n\u00ean \u0111\u1eb9p h\u00e0i h\u00f2a v\u00e0 hi\u1ec7n \u0111\u1ea1i h\u01a1n.<\/p>\n<div class=\"uk-text-center\"><img src=\"https:\/\/noithattoancau.vn\/uploads\/images\/ke-tivi-go-cong-nghiep-gia-re-1-%281%29.jpg\" alt=\"K\u1ec7 tivi g\u1ed7 c\u00f4ng nghi\u1ec7p gi\u00e1 r\u1ebb - TC351 \u0111\u00e1p \u1ee9ng m\u1ecdi nhu c\u1ea7u s\u1eed d\u1ee5ng\" \/><\/div>\n<p>K\u1ec7 tivi g\u1ed7 c\u00f4ng nghi\u1ec7p gi\u00e1 r\u1ebb &#8211; TC351 \u0111\u00e1p \u1ee9ng m\u1ecdi nhu c\u1ea7u s\u1eed d\u1ee5ng<\/p>\n<p>K\u1ec7 tivi g\u1ed7 c\u00f4ng nghi\u1ec7p gi\u00e1 r\u1ebb TC351\u0111\u01b0\u1ee3c chia l\u00e0m r\u1ea5t nhi\u1ec1u ng\u0103n l\u01b0u tr\u1eef, gi\u00fap ng\u01b0\u1eddi d\u00f9ng c\u00f3 th\u1ec3 b\u00e0i tr\u00ed v\u1edbi m\u1ecdi kh\u00f4ng gian k\u1ec3 c\u1ea3 trong ph\u00f2ng ng\u1ee7 \u0111\u1ec1u r\u1ea5t thu\u1eadn ti\u1ec7n v\u00e0 c\u00f3 th\u1ec3 \u0111\u00e2y l\u00e0 c\u00e1c t\u1ed1i \u01b0u nh\u1ea5t gi\u00fap c\u0103n nh\u00e0 tr\u1edf n\u00ean \u0111\u1eb9p hi\u1ec7n \u0111\u1ea1i h\u01a1n.<\/p>\n<p>Do v\u1eady, n\u1ebfu nh\u1eefng gia ch\u1ee7 \u0111ang s\u1ed1ng trong kh\u00f4ng gian c\u0103n nh\u00e0 h\u01a1i ch\u00fat ch\u1eadt ch\u1ed9i c\u0169ng nh\u01b0 mong mu\u1ed1n l\u1ef1a ch\u1ecdn m\u1ed9t s\u1ef1 t\u01b0\u01a1i m\u1edbi h\u01a1n cho c\u0103n nh\u00e0 th\u00eam ph\u1ea7n hi\u1ec7n \u0111\u1ea1i v\u00e0 cu\u1ed1n h\u00fat th\u00ec h\u00e3y n\u00ean l\u1ef1a ch\u1ecdn nh\u1eefng m\u00f3n \u0111\u1ed3 n\u1ed9i th\u1ea5t ph\u00f9 h\u1ee3p v\u00e0 \u0111\u00f9ng n\u00ean b\u1ecf qua k\u1ec7 tivi g\u1ed7 c\u00f4ng nghi\u1ec7p gi\u00e1 r\u1ebb &#8211; TC351<\/p>\n<h2><strong>K\u1ec7 tivi g\u1ed7 c\u00f4ng nghi\u1ec7p gi\u00e1 r\u1ebb &#8211; TC351 \u0111\u1ecba ch\u1ec9 n\u00e0o cung c\u1ea5p?<\/strong><\/h2>\n<p>N\u1ebfu kh\u00e1ch h\u00e0ng c\u1ea3m th\u1ea5y h\u00e0i l\u00f2ng v\u1edbi chi\u1ebfc k\u1ec7 tivi g\u1ed7 c\u00f4ng nghi\u1ec7p gi\u00e1 r\u1ebb n\u00e0y r\u1ed3i th\u00ec h\u00e3y n\u00ean li\u00ean h\u1ec7 v\u1edbi n\u1ed9i th\u1ea5t To\u00e0n C\u1ea7u \u0111\u1ec3 c\u00f3 th\u1ec3 s\u1edf h\u1eefu \u0111\u01b0\u1ee3c nh\u1eefng m\u00f3n \u0111\u1ed3 b\u1ec1n \u0111\u1eb9p nh\u01b0 \u00fd nh\u1ea5t. N\u1ed9i th\u1ea5t To\u00e0n C\u1ea7u cam k\u1ebft v\u1edbi kh\u00e1ch h\u00e0ng nh\u01b0 sau:<\/p>\n<div class=\"uk-text-center\"><img src=\"https:\/\/noithattoancau.vn\/uploads\/images\/ke-tivi-go-cong-nghiep-gia-re-3-%281%29.jpg\" alt=\"K\u1ec7 tivi g\u1ed7 c\u00f4ng nghi\u1ec7p gi\u00e1 r\u1ebb ti\u1ec7n nghi, hi\u1ec7n \u0111\u1ea1i\" \/><\/div>\n<p>K\u1ec7 tivi g\u1ed7 c\u00f4ng nghi\u1ec7p gi\u00e1 r\u1ebb ti\u1ec7n nghi, hi\u1ec7n \u0111\u1ea1i<\/p>\n<ul>\n<li>S\u1ea3n ph\u1ea9m\u00a0k\u1ec7 tivi g\u1ed7\u00a0\u00e9p n\u1ed9i th\u1ea5t \u0111\u1ec1u \u0111\u01b0\u1ee3c l\u00e0m t\u1eeb ch\u1ea5t li\u1ec7u g\u1ed7 c\u00f3 ngu\u1ed3n g\u1ed1c xu\u1ea5t x\u1ee9, t\u1ea1o l\u00f2ng tin cho \u0111\u00f4ng \u0111\u1ea3o kh\u00e1ch h\u00e0ng.<\/li>\n<li>Nh\u1eefng k\u1ec7 tivi g\u1ed7 c\u00f4ng nghi\u1ec7p\u00a0tp hcm, hn \u0111\u1ec1u l\u00e0 nh\u1eefng s\u1ea3n ph\u1ea9m m\u1edbi, c\u00f3 thi\u1ebft k\u1ebf \u0111\u01a1n gi\u1ea3n nh\u01b0ng v\u1eabn mang \u0111\u1ebfn cho kh\u00f4ng gian c\u0103n ph\u00f2ng \u0111\u1eb9p hi\u1ec7n \u0111\u1ea1i v\u00e0 ph\u00f9 h\u1ee3p v\u1edbi nh\u1eefng ng\u00f4i nh\u00e0 ch\u1eadt ch\u1ed9i.<\/li>\n<li>Kh\u00e1ch h\u00e0ng s\u1ebd \u0111\u01b0\u1ee3c nh\u1eadn h\u00e0ng mi\u1ec5n ph\u00ed, c\u00f3 b\u1ea3o h\u00e0nh, kh\u00e1ch h\u00e0ng y\u00ean t\u00e2m h\u01a1n khi s\u1eed d\u1ee5ng.<\/li>\n<li>Nh\u00e2n vi\u00ean t\u01b0 v\u1ea5n nhi\u1ec7t t\u00ecnh gi\u00fap kh\u00e1ch h\u00e0ng c\u00f3 th\u1ec3 l\u1ef1a ch\u1ecdn \u0111\u01b0\u1ee3c nh\u1eefng k\u1ec7 tivi g\u1ed7\u00a0v\u00e1n \u00e9p nh\u01b0 \u00fd c\u0169ng nh\u01b0 l\u00e0 s\u1ef1 l\u1ef1a ch\u1ecdn tuy\u1ec7t h\u1ea3o nh\u1ea5t cho ng\u00f4i nh\u00e0 c\u00f3 \u0111i\u1ec3m nh\u1ea5n.<\/li>\n<\/ul>\n<p>Do v\u1eady, l\u1ef1a ch\u1ecdn <strong>k\u1ec7 tivi g\u1ed7 c\u00f4ng nghi\u1ec7p gi\u00e1 r\u1ebb<\/strong> &#8211; TC351 ch\u1eafc ch\u1eafn s\u1ebd l\u00e0 l\u1ef1a ch\u1ecdn ho\u00e0n h\u1ea3o v\u00e0 l\u00e0m h\u00e0i l\u00f2ng cho \u0111\u00f4ng \u0111\u1ea3o kh\u00e1ch h\u00e0ng. H\u00e3y \u0111\u1ebfn v\u1edbi <strong>To\u00e0n C\u1ea7u <\/strong>\u0111\u1ec3 s\u1edf h\u1eefu nh\u1eefng s\u1ea3n ph\u1ea9m t\u1ed1t nh\u1ea5t, hi\u1ec7n \u0111\u1ea1i v\u00e0 gi\u00e1 k\u1ec7 tivi g\u1ed7\u00a0\u00e9p ph\u00f9 h\u1ee3p v\u1edbi m\u1ecdi t\u00fai ti\u1ec1n.<\/p>\n","protected":false},"excerpt":{"rendered":"<ul>\n<li>S\u1ea3n ph\u1ea9m\u00a0k\u1ec7 tivi g\u1ed7\u00a0\u00e9p n\u1ed9i th\u1ea5t \u0111\u1ec1u \u0111\u01b0\u1ee3c l\u00e0m t\u1eeb ch\u1ea5t li\u1ec7u g\u1ed7 c\u00f3 ngu\u1ed3n g\u1ed1c xu\u1ea5t x\u1ee9, t\u1ea1o l\u00f2ng tin cho \u0111\u00f4ng \u0111\u1ea3o kh\u00e1ch h\u00e0ng.<\/li>\n<li>Nh\u1eefng k\u1ec7 tivi g\u1ed7 c\u00f4ng nghi\u1ec7p\u00a0tp hcm, hn \u0111\u1ec1u l\u00e0 nh\u1eefng s\u1ea3n ph\u1ea9m m\u1edbi, c\u00f3 thi\u1ebft k\u1ebf \u0111\u01a1n gi\u1ea3n nh\u01b0ng v\u1eabn mang \u0111\u1ebfn cho kh\u00f4ng gian c\u0103n ph\u00f2ng \u0111\u1eb9p hi\u1ec7n \u0111\u1ea1i v\u00e0 ph\u00f9 h\u1ee3p v\u1edbi nh\u1eefng ng\u00f4i nh\u00e0 ch\u1eadt ch\u1ed9i.<\/li>\n<li>Kh\u00e1ch h\u00e0ng s\u1ebd \u0111\u01b0\u1ee3c nh\u1eadn h\u00e0ng mi\u1ec5n ph\u00ed, c\u00f3 b\u1ea3o h\u00e0nh, kh\u00e1ch h\u00e0ng y\u00ean t\u00e2m h\u01a1n khi s\u1eed d\u1ee5ng.<\/li>\n<\/ul>\n","protected":false},"featured_media":688,"comment_status":"open","ping_status":"closed","template":"","meta":[],"_links":{"self":[{"href":"https:\/\/themex.myonter.com\/noithat2\/wp-json\/wp\/v2\/product\/687"}],"collection":[{"href":"https:\/\/themex.myonter.com\/noithat2\/wp-json\/wp\/v2\/product"}],"about":[{"href":"https:\/\/themex.myonter.com\/noithat2\/wp-json\/wp\/v2\/types\/product"}],"replies":[{"embeddable":true,"href":"https:\/\/themex.myonter.com\/noithat2\/wp-json\/wp\/v2\/comments?post=687"}],"wp:featuredmedia":[{"embeddable":true,"href":"https:\/\/themex.myonter.com\/noithat2\/wp-json\/wp\/v2\/media\/688"}],"wp:attachment":[{"href":"https:\/\/themex.myonter.com\/noithat2\/wp-json\/wp\/v2\/media?parent=687"}],"curies":[{"name":"wp","href":"https:\/\/api.w.org\/{rel}","templated":true}]}}