{"id":691,"date":"2018-02-26T10:36:51","date_gmt":"2018-02-26T03:36:51","guid":{"rendered":"https:\/\/bizhostvn.com\/w\/noithat2\/?post_type=product&#038;p=691"},"modified":"2018-02-26T10:36:51","modified_gmt":"2018-02-26T03:36:51","slug":"ke-tivi-phong-khach-chung-cu-nho-tc360","status":"publish","type":"product","link":"https:\/\/themex.myonter.com\/noithat2\/san-pham\/ke-tivi-phong-khach-chung-cu-nho-tc360\/","title":{"rendered":"K\u1ec7 tivi ph\u00f2ng kh\u00e1ch chung c\u01b0 nh\u1ecf &#8211; TC360"},"content":{"rendered":"<h2><strong>K\u1ec7 tivi ph\u00f2ng kh\u00e1ch chung c\u01b0 nh\u1ecf &#8211; TC360 t\u1ea1o n\u00ean kh\u00f4ng gian s\u1ed1ng t\u01b0\u01a1i m\u1edbi<\/strong><\/h2>\n<p>Kh\u00f4ng ph\u1ea3i ai c\u0169ng \u0111\u01b0\u1ee3c s\u1ed1ng trong m\u1ed9t kh\u00f4ng gian c\u0103n ph\u00f2ng r\u1ed9ng r\u00e3i, m\u00e0 \u0111a ph\u1ea7n ph\u1ea3i s\u1ed1ng \u1edf nh\u1eefng khu chung c\u01b0, ch\u1eadt ch\u1ed9i, h\u1ea1n ch\u1ebf v\u1ec1 kh\u00f4ng gian sinh ho\u1ea1t. Do v\u1eady m\u00e0 r\u1ea5t nhi\u1ec1u ng\u01b0\u1eddi lu\u00f4n t\u00ecm ki\u1ebfm c\u00e1i g\u00ec \u0111\u00f3 th\u1eadt m\u1edbi m\u1ebb, hi\u1ec7n \u0111\u1ea1i v\u00e0 v\u00f4 c\u00f9ng thi\u1ebft th\u1ef1c.<\/p>\n<div class=\"uk-text-center\"><img src=\"https:\/\/noithattoancau.vn\/uploads\/images\/ke-tivi-phong-khach-chung-cu-nho-3-(1).jpg\" alt=\"K\u1ec7 tivi ph\u00f2ng kh\u00e1ch chung c\u01b0 nh\u1ecf - TC360\" \/><\/div>\n<p><strong>K\u1ec7 tivi ph\u00f2ng kh\u00e1ch chung c\u01b0 nh\u1ecf &#8211; TC360<\/strong><\/p>\n<p>K\u1ec7 tivi ph\u00f2ng kh\u00e1ch chung c\u01b0 nh\u1ecf &#8211; TC360 ch\u1eafc ch\u1eafn l\u00e0 l\u1ef1a ch\u1ecdn h\u00e0ng \u0111\u1ea7u c\u1ee7a kh\u00e1ch h\u00e0ng, b\u1edfi l\u1ebd ch\u00fang kh\u00f4ng ch\u1ec9 c\u00f3 m\u1ed9t ti\u1ec7n \u00edch m\u00e0 c\u00f3 th\u1ec3 t\u00edch h\u1ee3p nhi\u1ec1u ti\u1ec7n \u00edch kh\u00e1c nhau, gi\u00fap ng\u01b0\u1eddi d\u00f9ng c\u1ea3m nh\u1eadn \u0111\u01b0\u1ee3c s\u1ef1 ho\u00e0n h\u1ea3o trong ch\u00ednh kh\u00f4ng gian s\u1ed1ng c\u1ee7a m\u00ecnh.<\/p>\n<p><strong>M\u1eabu\u00a0k\u1ec7 tivi\u00a0m\u1edbi nh\u1ea5t<\/strong> &#8211; TC360 \u0111\u01b0\u1ee3c l\u00e0m t\u1eeb ch\u1ea5t li\u1ec7u g\u1ed7 t\u1ef1 nhi\u00ean, c\u00f3 s\u1ef1 k\u1ebft h\u1ee3p c\u1ee7a g\u1ed7 c\u00f4ng nghi\u1ec7p, mang \u0111\u1ebfn ki\u1ec3u d\u00e1ng v\u00f4 c\u00f9ng tr\u1ebb trung, b\u1eaft m\u1eaft v\u00e0 ti\u1ec7n nghi h\u01a1n v\u1edbi ng\u01b0\u1eddi d\u00f9ng.<\/p>\n<p>C\u00e1c m\u1eabu\u00a0k\u1ec7 tivi\u00a0\u0111\u1eb9p b\u1eb1ng g\u1ed7 b\u1eb1ng ch\u1ea5t li\u1ec7u g\u1ed7 t\u1ef1 nhi\u00ean l\u00e0 s\u1ea3n ph\u1ea9m th\u00f4ng d\u1ee5ng nh\u1ea5t \u0111\u1ed1i v\u1edbi h\u1ea7u h\u1ebft gia ch\u1ee7, kh\u00f4ng cong v\u00eanh, m\u1ed1i m\u1ecdt, t\u00ednh ch\u1ee5 nhi\u1ec7t ch\u1ecbu l\u1ef1c l\u1edbn \u0111\u1eb7c bi\u1ec7t l\u00e0 v\u1edbi kh\u00ed h\u1ea1u \u1edf Vi\u1ec7t Nam, do v\u1eady kh\u00e1ch h\u00e0ng s\u1ebd y\u00ean t\u00e2m h\u01a1n khi s\u1eed d\u1ee5ng v\u1edbi nh\u1eefng m\u00f2n \u0111\u1ed3 ch\u1ea5t l\u01b0\u1ee3ng t\u1ed1t nh\u1ea5t.<\/p>\n<p>M\u1eabu\u00a0k\u1ec7 tivi\u00a0\u0111\u01a1n gi\u1ea3n c\u00f3 ng\u0103n k\u00e9o l\u00e0m b\u1eb1ng ch\u1ea5t li\u1ec7u g\u1ed7 c\u00f4ng nghi\u1ec7p \u0111\u01b0\u1ee3c thi\u1ebft k\u1ebf cho nh\u1eefng ng\u0103n k\u00e9o s\u1ebd l\u00e0 l\u1ef1a ch\u1ecdn tinh t\u1ebf v\u00e0 ho\u00e0n h\u1ea3o nh\u1ea5t t\u1ea1o n\u00ean \u0111i\u1ec3m nh\u1ea5n cho kh\u00f4ng gian c\u0103n ph\u00f2ng tinh t\u1ebf v\u00e0 hi\u1ec7n \u0111\u1ea1i h\u01a1n.<\/p>\n<div class=\"uk-text-center\"><img src=\"https:\/\/noithattoancau.vn\/uploads\/images\/ke-tivi-phong-khach-chung-cu-nho-2-(1).jpg\" alt=\"K\u1ec7 tivi ph\u00f2ng kh\u00e1ch chung c\u01b0 nh\u1ecf - TC360 hi\u1ec7n \u0111\u1ea1i\" \/><\/div>\n<p>K\u1ec7 tivi ph\u00f2ng kh\u00e1ch chung c\u01b0 nh\u1ecf &#8211; TC360 hi\u1ec7n \u0111\u1ea1i<\/p>\n<p>Khi mua nh\u1eefng m\u00f3n \u0111\u1ed3 n\u1ed9i th\u1ea5t th\u00ec ng\u01b0\u1eddi d\u00f9ng th\u01b0\u1eddng ch\u00fa \u00fd v\u1ec1 k\u00edch th\u01b0\u1edbc s\u1ea3n ph\u1ea9m, nh\u01b0ng \u0111\u1ed1i v\u1edbi k\u1ec7 tivi ph\u00f2ng kh\u00e1ch chung c\u01b0 nh\u1ecf &#8211; TC360 kh\u00e1ch h\u00e0ng s\u1ebd y\u00ean t\u00e2m h\u01a1n, v\u00ec \u0111\u00e2y l\u00e0 s\u1ea3n ph\u1ea9m gi\u00e0nh ri\u00eang cho gia ch\u1ee7 \u0111ang s\u1ed1ng \u1edf nh\u1eefng ng\u00f4i nh\u00e0 chung c\u01b0, nh\u00e0 ch\u1eadt ch\u1ed9i.<\/p>\n<p>K\u1ec7 tivi ph\u00f2ng kh\u00e1ch chung c\u01b0 nh\u1ecf &#8211; TC360 kh\u00f4ng nh\u1eefng c\u00f3 nh\u1eefng ng\u0103n \u0111\u1ec3 \u0111\u1ed3 m\u00e0 ch\u00fang c\u00f3n c\u00f3 chi\u1ebfc gi\u00e1 s\u00e1ch gi\u00fap kh\u00e1ch h\u00e0ng\u00a0ti\u1ec7n h\u01a1n trong c\u00e1ch b\u1ed1 tr\u00ed nh\u1eefng m\u00f3n \u0111\u1ed3 l\u1eb7t v\u1eb7t v\u00e0o ng\u0103n m\u1ed9t c\u00e1ch g\u1ecdn g\u00e0ng nh\u1ea5t.<\/p>\n<p>M\u00e0u s\u1eafc c\u1ee7a k\u1ec7 tivi v\u1edbi gam m\u00e0u s\u00e1ng, gi\u00fap kh\u00f4ng gian s\u1ed1ng tr\u1edf n\u00ean h\u00e0i h\u00f2a h\u01a1n, v\u00e0 k\u1ebft h\u1ee3p v\u1edbi nh\u1eefng m\u00f3n \u0111\u1ed3 n\u1ed9i th\u1ea5t c\u0169ng ho\u00e0n h\u1ea3o h\u01a1n. Do v\u1eady, n\u1ebfu kh\u00e1ch h\u00e0ng s\u1ed1ng \u1edf ng\u00f4i nh\u00e0 di\u1ec7n t\u00edch ch\u1eadt ch\u1ed9i th\u00ec l\u1ef1a ch\u1ecdn phong c\u00e1ch thi\u1ebft k\u1ebf\u00a0 hi\u1ec7n \u0111\u1ea1i v\u00e0 ch\u1ecdn nh\u1eefng chi\u1ebfc k\u1ec7 tivi n\u00e0y l\u00e0 ho\u00e0n to\u00e0n ph\u00f9 h\u1ee3p v\u00e0 tinh t\u1ebf.<\/p>\n<h2><strong>K\u1ec7 tivi ph\u00f2ng kh\u00e1ch chung c\u01b0 nh\u1ecf &#8211; TC360 h\u00e3y \u0111\u1ebfn v\u1edbi n\u1ed9i th\u1ea5t To\u00e0n C\u1ea7u<\/strong><\/h2>\n<p>R\u1ea5t nhi\u1ec1u kh\u00e1ch h\u00e0ng mu\u1ed1n mua nh\u1eefng m\u00f3n \u0111\u1ed3 n\u1ed9i th\u1ea5t \u0111\u1eb9p, gi\u00e1 t\u1ed1t nh\u01b0ng h\u1ecd l\u1ea1i kh\u00f4ng th\u1ec3 t\u00ecm ki\u1ebfm \u0111\u01b0\u1ee3c \u0111\u1ecba ch\u1ec9 mua h\u00e0ng t\u1ed1t, gi\u00e1 r\u1ebb nh\u1ea5t. V\u00e0 h\u00e3y \u0111\u1ec3 n\u1ed9i th\u1ea5t To\u00e0n C\u1ea7u mang \u0111\u1ebfn cho kh\u00e1ch h\u00e0ng s\u1ef1 ti\u1ec7n d\u1ee5ng h\u01a1n v\u1edbi nh\u1eefng m\u00f3n \u0111\u1ed3 \u0111\u1eb9p, gi\u00e1 t\u1ed1t nh\u1ea5t.<\/p>\n<p>Nhi\u1ec1u n\u0103m kinh nghi\u1ec7m trong l\u0129nh v\u1ef1c thi c\u00f4ng n\u1ed9i th\u1ea5t, <strong>To\u00e0n C\u1ea7u <\/strong>lu\u00f4n c\u00f3 \u0111\u1ed9i ng\u0169 nh\u00e2n vi\u00ean c\u00f3 tay ngh\u1ec1, \u0111\u00e1p \u1ee9ng m\u1ecdi y\u00eau c\u1ea7u c\u1ee7a kh\u00e1ch h\u00e0ng. N\u1ebfu kh\u00e1ch h\u00e0ng mu\u1ed1n\u00a0 thi\u1ebft k\u1ebf m\u1ed9t ng\u00f4i nh\u00e0 xinh h\u00e3y b\u00e0y t\u1ecf nh\u1eefng \u00fd ki\u1ebfn c\u1ee7a m\u00ecnh \u0111\u1ec3 nh\u00e2n vi\u00ean c\u00f3 th\u1ec3 thi\u1ebft k\u1ebf \u0111\u01b0\u1ee3c nh\u1eefng m\u00f3n \u0111\u1ed3 nh\u01b0 \u00fd nh\u1ea5t.<\/p>\n<div class=\"uk-text-center\"><img src=\"https:\/\/noithattoancau.vn\/uploads\/images\/ke-tivi-phong-khach-chung-cu-nho-1-(1).jpg\" alt=\"K\u1ec7 tivi ph\u00f2ng kh\u00e1ch chung c\u01b0 nh\u1ecf - TC360 \" \/><\/div>\n<p>K\u1ec7 tivi ph\u00f2ng kh\u00e1ch chung c\u01b0 nh\u1ecf &#8211; TC360 hi\u1ec7n \u0111\u1ea1i<\/p>\n<p>Nh\u1eefng thi\u1ebft k\u1ebf\u00a0k\u1ec7 tivi ph\u00f2ng kh\u00e1ch t\u1ea1i n\u1ed9i th\u1ea5t To\u00e0n C\u1ea7u \u0111\u01b0\u1ee3c l\u00e0m t\u1eeb ch\u1ea5t li\u1ec7u g\u1ed7 qu\u00fd, kh\u00f4ng cong v\u00eanh, c\u00f3 kh\u1ea3 n\u0103ng ch\u1ecbu \u0111\u01b0\u1ee3c s\u00e2u m\u1ecdt v\u00e0 r\u1ea5t ph\u00f9 h\u1ee3p v\u1edbi kh\u00ed h\u1eadu \u1edf Vi\u1ec7t Nam. Nh\u01b0 v\u1eady \u0111\u00e2y s\u1ebd l\u00e0 nh\u1eefng s\u1ea3n ph\u1ea9m t\u1ed1t nh\u1ea5t tr\u00ean th\u1ecb tr\u01b0\u1eddng n\u1ed9i th\u1ea5t.<\/p>\n<p>Kh\u00e1ch h\u00e0ng \u0111\u01b0\u1ee3c mi\u1ec5n ph\u00ed v\u1eadn chuy\u1ec3n n\u1ebfu nh\u01b0 kh\u00e1ch h\u00e0ng \u1edf g\u1ea7n, v\u00e0 h\u1ed7 tr\u1ee3 n\u1ebfu nh\u01b0 kh\u00e1ch h\u00e0ng \u1edf xa, b\u00ean c\u1ea1nh \u0111\u00f3 ch\u1ebf \u0111\u1ed9 b\u1ea3o h\u00e0nh t\u1ed1t nh\u1ea5t, kh\u00e1ch h\u00e0ng s\u1ebd an t\u00e2m h\u01a1n khi s\u1eed d\u1ee5ng.<\/p>\n<p><strong>K\u1ec7 tivi ph\u00f2ng kh\u00e1ch chung c\u01b0 nh\u1ecf &#8211; TC360 <\/strong>qua nh\u1eefng \u01b0u \u0111i\u1ec3m v\u01b0\u1ee3t tr\u1ed9i \u1edf tr\u00ean ch\u1eafc ch\u1eafn s\u1ebd l\u00e0m h\u00e0i l\u00f2ng \u0111\u1ed1i v\u1edbi \u0111\u00f4ng \u0111\u1ea3o kh\u00e1ch h\u00e0ng, h\u00e3y \u0111\u1ebfn v\u1edbi n\u1ed9i th\u1ea5t To\u00e0n C\u1ea7u \u0111\u1ec3 s\u1edf h\u1eefu nh\u1eefng m\u1eabu\u00a0k\u1ec7 tivi\u00a0cho\u00a0ph\u00f2ng kh\u00e1ch nh\u1ecf nh\u01b0 \u00fd mu\u1ed1n nh\u1ea5t cho ng\u00f4i nh\u00e0 xinh.<\/p>\n","protected":false},"excerpt":{"rendered":"<p>K\u1ec7 tivi ph\u00f2ng kh\u00e1ch chung c\u01b0 nh\u1ecf &#8211; TC360 kh\u00f4ng nh\u1eefng c\u00f3 nh\u1eefng ng\u0103n \u0111\u1ec3 \u0111\u1ed3 m\u00e0 ch\u00fang c\u00f3n c\u00f3 chi\u1ebfc gi\u00e1 s\u00e1ch gi\u00fap kh\u00e1ch h\u00e0ng\u00a0ti\u1ec7n h\u01a1n trong c\u00e1ch b\u1ed1 tr\u00ed nh\u1eefng m\u00f3n \u0111\u1ed3 l\u1eb7t v\u1eb7t v\u00e0o ng\u0103n m\u1ed9t c\u00e1ch g\u1ecdn g\u00e0ng nh\u1ea5t.<\/p>\n","protected":false},"featured_media":692,"comment_status":"open","ping_status":"closed","template":"","meta":[],"_links":{"self":[{"href":"https:\/\/themex.myonter.com\/noithat2\/wp-json\/wp\/v2\/product\/691"}],"collection":[{"href":"https:\/\/themex.myonter.com\/noithat2\/wp-json\/wp\/v2\/product"}],"about":[{"href":"https:\/\/themex.myonter.com\/noithat2\/wp-json\/wp\/v2\/types\/product"}],"replies":[{"embeddable":true,"href":"https:\/\/themex.myonter.com\/noithat2\/wp-json\/wp\/v2\/comments?post=691"}],"wp:featuredmedia":[{"embeddable":true,"href":"https:\/\/themex.myonter.com\/noithat2\/wp-json\/wp\/v2\/media\/692"}],"wp:attachment":[{"href":"https:\/\/themex.myonter.com\/noithat2\/wp-json\/wp\/v2\/media?parent=691"}],"curies":[{"name":"wp","href":"https:\/\/api.w.org\/{rel}","templated":true}]}}