{"id":710,"date":"2017-06-14T14:34:58","date_gmt":"2017-06-14T07:34:58","guid":{"rendered":"#\/w\/shopnoithat\/?post_type=product&#038;p=710"},"modified":"2017-12-29T21:30:16","modified_gmt":"2017-12-29T14:30:16","slug":"thiet-bi-bat-tat-den-thong-minh-sh-d2","status":"publish","type":"product","link":"https:\/\/themex.myonter.com\/shopnoithat\/shop\/thiet-bi-bat-tat-den-thong-minh-sh-d2","title":{"rendered":"C\u00f4ng t\u1eafc \u0111\u00e8n th\u00f4ng minh GS3823"},"content":{"rendered":"<div class=\"row row-large row-divided\"  id=\"row-555975998\">\n<div class=\"col medium-8 small-12 large-8\"  ><div class=\"col-inner\"  >\n<p>Thi\u1ebft b\u1ecb B\u1eadt t\u1eaft \u0111\u00e8n th\u00f4ng minh SH-D2 ho\u1ea1t \u0111\u1ed9ng b\u1eb1ng c\u00f4ng ngh\u1ec7 c\u1ea3m \u1ee9ng h\u1ed3ng ngo\u1ea1i th\u00e2n nhi\u1ec7t. Khi ng\u01b0\u1eddi s\u1eed d\u1ee5ng trong v\u00f9ng c\u1ea3m \u1ee9ng, thi\u1ebft b\u1ecb s\u1ebd t\u1ef1 \u0111\u1ed9ng b\u1eadt \u0111\u00e8n v\u00e0 t\u1eaft \u0111\u00e8n khi kh\u00f4ng c\u00f3 ng\u01b0\u1eddi. Thi\u1ebft b\u1ecb \u0111\u01b0\u1ee3c t\u00edch h\u1ee3p t\u00ednh n\u0103ng c\u1ea3m bi\u1ebfn \u00e1nh s\u00e1ng v\u00e0 kh\u1ea3 n\u0103ng hi\u1ec7u ch\u1ec9nh linh ho\u1ea1t th\u1eddi gian t\u1eaft t\u1ef1 \u0111\u1ed9ng sau khi kh\u00f4ng c\u00f3 ng\u01b0\u1eddi s\u1eed d\u1ee5ng. Thi\u1ebft b\u1ecb c\u00f2n \u0111\u01b0\u1ee3c t\u00edch h\u1ee3p t\u00ednh n\u0103ng c\u00f4ng t\u1eafc th\u00f4ng minh \u0111\u1ec3 ho\u1ea1t \u0111\u1ed9ng theo k\u1ecbch b\u1ea3n c\u1ee7a ng\u01b0\u1eddi s\u1eed d\u1ee5ng. T\u00ednh n\u0103ng th\u00f4ng minh c\u1ee7a thi\u1ebft b\u1ecb mang l\u1ea1i s\u1ef1 ti\u1ec7n nghi, an to\u00e0n v\u00e0 ti\u1ebft ki\u1ec7m \u0111i\u1ec7n cho ng\u01b0\u1eddi s\u1eed d\u1ee5ng.<\/p>\n<p><img src=\"https:\/\/bizweb.dktcdn.net\/100\/109\/381\/files\/shd1d2d3.jpg?v=1469673219618\" \/><\/p>\n<h3>\u1ee8ng d\u1ee5ng:<\/h3>\n<p>Thi\u1ebft b\u1ecb ph\u00f9 h\u1ee3p \u0111\u1ec3 b\u1eadt t\u1eaft \u0111\u00e8n t\u1ef1 \u0111\u1ed9ng cho nhi\u1ec1u v\u1ecb tr\u00ed nh\u01b0: V\u0103n ph\u00f2ng, nh\u00e0 m\u00e1y, ph\u00f2ng kh\u00e1ch, ph\u00f2ng ng\u1ee7, c\u1ed5ng, ban c\u00f4ng, ph\u00f2ng v\u1ec7 sinh, khu c\u00f4ng c\u1ed9ng\u2026<\/p>\n<h3>Th\u00f4ng s\u1ed1 k\u1ef9 thu\u1eadt:<\/h3>\n<p>\u0110i\u1ec7n \u00e1p: 100 &#8211; 240V; 50\/60Hz<\/p>\n<p>\u0110i\u1ec1u khi\u1ec3n th\u00f4ng minh b\u1eb1ng chip vi x\u1eed l\u00fd<\/p>\n<p>C\u00f3 t\u00ednh n\u0103ng c\u00f4ng t\u1eafc th\u00f4ng minh cho ph\u00e9p b\u1eadt \u0111\u00e8n c\u01b0\u1ee1ng b\u1ee9c, t\u1eaft \u0111\u00e8n c\u01b0\u1ee1ng b\u1ee9c v\u00e0 c\u00e0i \u0111\u1eb7t c\u00e1c k\u1ecbch b\u1ea3n.<\/p>\n<p>C\u00f4ng su\u1ea5t ch\u1ecbu t\u1ea3i: \u0110\u00e8n s\u1ee3i \u0111\u1ed1t &#8211; t\u1ed1i \u0111a 800W; \u0110\u00e8n hu\u1ef3nh quang &#8211; t\u1ed1i \u0111a 350W; \u0110\u00e8n LED &#8211; t\u1ed1i \u0111a 350W<\/p>\n<p>Kho\u1ea3ng c\u00e1ch c\u1ea3m \u1ee9ng: t\u1ed1i \u0111a 5m<\/p>\n<p>V\u00f9ng c\u1ea3m \u1ee9ng kh\u1ea3 d\u1ee5ng: t\u1ed1i \u0111a 20m2<\/p>\n<p>Th\u1eddi gian t\u1eaft t\u1ef1 \u0111\u1ed9ng sau khi kh\u00f4ng c\u00f3 ng\u01b0\u1eddi: 10 gi\u00e2y &#8211; 60 ph\u00fat t\u00f9y ch\u1ec9nh<\/p>\n<p>Th\u1eddi gian t\u1eaft c\u01b0\u1ee1ng b\u1ee9c: 30 ph\u00fat &#8211; 12 ti\u1ebfng t\u00f9y ch\u1ec9nh<\/p>\n<p>Ch\u1ebf \u0111\u1ed9 c\u1ea3m bi\u1ebfn \u00e1nh s\u00e1ng: Ng\u00e0y \/ \u0111\u00eam t\u00f9y ch\u1ec9nh<\/p>\n<p>Nhi\u1ec7t \u0111\u1ed9 ho\u1ea1t \u0111\u1ed9ng: 0 &#8211; 50 \u0111\u1ed9 C<\/p>\n<p>K\u00edch th\u01b0\u1edbc (D x H): 90 x 38mm<\/p>\n<p>Tr\u1ecdng l\u01b0\u1ee3ng: 90 gram<\/p>\n<p>B\u1ea3o h\u00e0nh: 12 th\u00e1ng<\/p>\n<\/div><\/div>\n<div class=\"col medium-4 small-12 large-4\"  ><div class=\"col-inner\"  >\n<h3>S\u1ea3n ph\u1ea9m m\u1edbi c\u1eadp nh\u1eadt<\/h3>\n<div class=\"woocommerce columns-2\">\n\t\t\t\n\t\t\t\t<div class=\"products row row-small large-columns-2 medium-columns-3 small-columns-2 has-shadow row-box-shadow-2 row-box-shadow-1-hover\">\n\t\n\t\t\t\t\n\t\t\t\t\t\n<div class=\"product-small col has-hover post-899 product type-product status-publish has-post-thumbnail first instock shipping-taxable purchasable product-type-simple\">\n\t<div class=\"col-inner\">\n\t\n<div class=\"badge-container absolute left top z-1\">\n<\/div>\n\t<div class=\"product-small box \">\n\t\t<div class=\"box-image\">\n\t\t\t<div class=\"image-fade_in_back\">\n\t\t\t\t<a href=\"https:\/\/themex.myonter.com\/shopnoithat\/shop\/bo-dieu-khien-trung-tam-kg872344\">\n\t\t\t\t\t<img width=\"300\" height=\"277\" src=\"\/\/themex.myonter.com\/shopnoithat\/wp-content\/uploads\/2017\/06\/resizeimage-1-300x277.png\" class=\"attachment-shop_catalog size-shop_catalog wp-post-image\" alt=\"\" loading=\"lazy\" \/><img width=\"400\" height=\"277\" src=\"https:\/\/themex.myonter.com\/shopnoithat\/wp-content\/uploads\/2017\/06\/resizeimage-1.png\" class=\"show-on-hover absolute fill hide-for-small back-image\" alt=\"\" loading=\"lazy\" \/>\t\t\t\t<\/a>\n\t\t\t<\/div>\n\t\t\t<div class=\"image-tools is-small top right show-on-hover\">\n\t\t\t\t\t\t\t<\/div>\n\t\t\t<div class=\"image-tools is-small hide-for-small bottom left show-on-hover\">\n\t\t\t\t\t\t\t<\/div>\n\t\t\t<div class=\"image-tools grid-tools text-center hide-for-small bottom hover-slide-in show-on-hover\">\n\t\t\t\t\t\t\t<\/div>\n\t\t\t\t\t<\/div><!-- box-image -->\n\n\t\t<div class=\"box-text box-text-products text-center grid-style-2\">\n\t\t\t<div class=\"title-wrapper\"><p class=\"name product-title\"><a href=\"https:\/\/themex.myonter.com\/shopnoithat\/shop\/bo-dieu-khien-trung-tam-kg872344\">B\u1ed9 \u0111i\u1ec1u khi\u1ec3n trung t\u00e2m KG872344<\/a><\/p><\/div><div class=\"price-wrapper\">\n\t<span class=\"price\"><span class=\"woocommerce-Price-amount amount\">5,000,000<span class=\"woocommerce-Price-currencySymbol\">&#8363;<\/span><\/span><\/span>\n<\/div>\t\t<\/div><!-- box-text -->\n\t<\/div><!-- box -->\n\t\t<\/div><!-- .col-inner -->\n<\/div><!-- col -->\n\n\t\t\t\t\n\t\t\t\t\t\n<div class=\"product-small col has-hover post-712 product type-product status-publish has-post-thumbnail product_cat-phong-khach last instock shipping-taxable purchasable product-type-simple\">\n\t<div class=\"col-inner\">\n\t\n<div class=\"badge-container absolute left top z-1\">\n<\/div>\n\t<div class=\"product-small box \">\n\t\t<div class=\"box-image\">\n\t\t\t<div class=\"image-fade_in_back\">\n\t\t\t\t<a href=\"https:\/\/themex.myonter.com\/shopnoithat\/shop\/bo-dieu-khien-trung-tam\">\n\t\t\t\t\t<img width=\"300\" height=\"300\" src=\"\/\/themex.myonter.com\/shopnoithat\/wp-content\/uploads\/2017\/06\/shoe-rack-open-300x300.jpg\" class=\"attachment-shop_catalog size-shop_catalog wp-post-image\" alt=\"\" loading=\"lazy\" srcset=\"\/\/themex.myonter.com\/shopnoithat\/wp-content\/uploads\/2017\/06\/shoe-rack-open-300x300.jpg 300w, \/\/themex.myonter.com\/shopnoithat\/wp-content\/uploads\/2017\/06\/shoe-rack-open-280x280.jpg 280w, \/\/themex.myonter.com\/shopnoithat\/wp-content\/uploads\/2017\/06\/shoe-rack-open-400x400.jpg 400w, \/\/themex.myonter.com\/shopnoithat\/wp-content\/uploads\/2017\/06\/shoe-rack-open-180x180.jpg 180w, \/\/themex.myonter.com\/shopnoithat\/wp-content\/uploads\/2017\/06\/shoe-rack-open.jpg 420w\" sizes=\"(max-width: 300px) 100vw, 300px\" \/><img width=\"400\" height=\"277\" src=\"https:\/\/themex.myonter.com\/shopnoithat\/wp-content\/uploads\/2017\/06\/resizeimage-1.png\" class=\"show-on-hover absolute fill hide-for-small back-image\" alt=\"\" loading=\"lazy\" \/>\t\t\t\t<\/a>\n\t\t\t<\/div>\n\t\t\t<div class=\"image-tools is-small top right show-on-hover\">\n\t\t\t\t\t\t\t<\/div>\n\t\t\t<div class=\"image-tools is-small hide-for-small bottom left show-on-hover\">\n\t\t\t\t\t\t\t<\/div>\n\t\t\t<div class=\"image-tools grid-tools text-center hide-for-small bottom hover-slide-in show-on-hover\">\n\t\t\t\t\t\t\t<\/div>\n\t\t\t\t\t<\/div><!-- box-image -->\n\n\t\t<div class=\"box-text box-text-products text-center grid-style-2\">\n\t\t\t<div class=\"title-wrapper\"><p class=\"name product-title\"><a href=\"https:\/\/themex.myonter.com\/shopnoithat\/shop\/bo-dieu-khien-trung-tam\">B\u1ed9 \u0111i\u1ec1u khi\u1ec3n trung t\u00e2m KG872344<\/a><\/p><\/div><div class=\"price-wrapper\">\n\t<span class=\"price\"><span class=\"woocommerce-Price-amount amount\">5,000,000<span class=\"woocommerce-Price-currencySymbol\">&#8363;<\/span><\/span><\/span>\n<\/div>\t\t<\/div><!-- box-text -->\n\t<\/div><!-- box -->\n\t\t<\/div><!-- .col-inner -->\n<\/div><!-- col -->\n\n\t\t\t\t\n\t\t\t\t\t\n<div class=\"product-small col has-hover post-710 product type-product status-publish has-post-thumbnail product_cat-phong-khach first instock shipping-taxable purchasable product-type-simple\">\n\t<div class=\"col-inner\">\n\t\n<div class=\"badge-container absolute left top z-1\">\n<\/div>\n\t<div class=\"product-small box \">\n\t\t<div class=\"box-image\">\n\t\t\t<div class=\"image-fade_in_back\">\n\t\t\t\t<a href=\"https:\/\/themex.myonter.com\/shopnoithat\/shop\/thiet-bi-bat-tat-den-thong-minh-sh-d2\">\n\t\t\t\t\t<img width=\"300\" height=\"300\" src=\"\/\/themex.myonter.com\/shopnoithat\/wp-content\/uploads\/2017\/06\/127078484912161-300x300.jpg\" class=\"attachment-shop_catalog size-shop_catalog wp-post-image\" alt=\"\" loading=\"lazy\" srcset=\"\/\/themex.myonter.com\/shopnoithat\/wp-content\/uploads\/2017\/06\/127078484912161-300x300.jpg 300w, \/\/themex.myonter.com\/shopnoithat\/wp-content\/uploads\/2017\/06\/127078484912161-280x280.jpg 280w, \/\/themex.myonter.com\/shopnoithat\/wp-content\/uploads\/2017\/06\/127078484912161-400x400.jpg 400w, \/\/themex.myonter.com\/shopnoithat\/wp-content\/uploads\/2017\/06\/127078484912161-180x180.jpg 180w, \/\/themex.myonter.com\/shopnoithat\/wp-content\/uploads\/2017\/06\/127078484912161.jpg 446w\" sizes=\"(max-width: 300px) 100vw, 300px\" \/><img width=\"400\" height=\"250\" src=\"https:\/\/themex.myonter.com\/shopnoithat\/wp-content\/uploads\/2017\/06\/shd1d2d3.jpg\" class=\"show-on-hover absolute fill hide-for-small back-image\" alt=\"\" loading=\"lazy\" \/>\t\t\t\t<\/a>\n\t\t\t<\/div>\n\t\t\t<div class=\"image-tools is-small top right show-on-hover\">\n\t\t\t\t\t\t\t<\/div>\n\t\t\t<div class=\"image-tools is-small hide-for-small bottom left show-on-hover\">\n\t\t\t\t\t\t\t<\/div>\n\t\t\t<div class=\"image-tools grid-tools text-center hide-for-small bottom hover-slide-in show-on-hover\">\n\t\t\t\t\t\t\t<\/div>\n\t\t\t\t\t<\/div><!-- box-image -->\n\n\t\t<div class=\"box-text box-text-products text-center grid-style-2\">\n\t\t\t<div class=\"title-wrapper\"><p class=\"name product-title\"><a href=\"https:\/\/themex.myonter.com\/shopnoithat\/shop\/thiet-bi-bat-tat-den-thong-minh-sh-d2\">C\u00f4ng t\u1eafc \u0111\u00e8n th\u00f4ng minh GS3823<\/a><\/p><\/div><div class=\"price-wrapper\">\n\t<span class=\"price\"><span class=\"woocommerce-Price-amount amount\">2,300,000<span class=\"woocommerce-Price-currencySymbol\">&#8363;<\/span><\/span><\/span>\n<\/div>\t\t<\/div><!-- box-text -->\n\t<\/div><!-- box -->\n\t\t<\/div><!-- .col-inner -->\n<\/div><!-- col -->\n\n\t\t\t\t\n\t\t\t\t\t\n<div class=\"product-small col has-hover post-704 product type-product status-publish has-post-thumbnail product_cat-thiet-bi-bep last instock shipping-taxable purchasable product-type-simple\">\n\t<div class=\"col-inner\">\n\t\n<div class=\"badge-container absolute left top z-1\">\n<\/div>\n\t<div class=\"product-small box \">\n\t\t<div class=\"box-image\">\n\t\t\t<div class=\"image-fade_in_back\">\n\t\t\t\t<a href=\"https:\/\/themex.myonter.com\/shopnoithat\/shop\/may-hut-mui-canzy-cz-3388-7090\">\n\t\t\t\t\t<img width=\"300\" height=\"300\" src=\"\/\/themex.myonter.com\/shopnoithat\/wp-content\/uploads\/2017\/06\/may-khu-mui-nha-bep-sevilla-sv-3388-90-300x300.jpg\" class=\"attachment-shop_catalog size-shop_catalog wp-post-image\" alt=\"\" loading=\"lazy\" srcset=\"\/\/themex.myonter.com\/shopnoithat\/wp-content\/uploads\/2017\/06\/may-khu-mui-nha-bep-sevilla-sv-3388-90-300x300.jpg 300w, \/\/themex.myonter.com\/shopnoithat\/wp-content\/uploads\/2017\/06\/may-khu-mui-nha-bep-sevilla-sv-3388-90-280x280.jpg 280w, \/\/themex.myonter.com\/shopnoithat\/wp-content\/uploads\/2017\/06\/may-khu-mui-nha-bep-sevilla-sv-3388-90-180x180.jpg 180w, \/\/themex.myonter.com\/shopnoithat\/wp-content\/uploads\/2017\/06\/may-khu-mui-nha-bep-sevilla-sv-3388-90-600x600.jpg 600w\" sizes=\"(max-width: 300px) 100vw, 300px\" \/><img width=\"300\" height=\"300\" src=\"https:\/\/themex.myonter.com\/shopnoithat\/wp-content\/uploads\/2017\/06\/may-khu-mui-nha-bep-sevilla-sv-3388-90-300x300.jpg\" class=\"show-on-hover absolute fill hide-for-small back-image\" alt=\"\" loading=\"lazy\" srcset=\"https:\/\/themex.myonter.com\/shopnoithat\/wp-content\/uploads\/2017\/06\/may-khu-mui-nha-bep-sevilla-sv-3388-90-300x300.jpg 300w, https:\/\/themex.myonter.com\/shopnoithat\/wp-content\/uploads\/2017\/06\/may-khu-mui-nha-bep-sevilla-sv-3388-90-280x280.jpg 280w, https:\/\/themex.myonter.com\/shopnoithat\/wp-content\/uploads\/2017\/06\/may-khu-mui-nha-bep-sevilla-sv-3388-90-180x180.jpg 180w, https:\/\/themex.myonter.com\/shopnoithat\/wp-content\/uploads\/2017\/06\/may-khu-mui-nha-bep-sevilla-sv-3388-90-600x600.jpg 600w\" sizes=\"(max-width: 300px) 100vw, 300px\" \/>\t\t\t\t<\/a>\n\t\t\t<\/div>\n\t\t\t<div class=\"image-tools is-small top right show-on-hover\">\n\t\t\t\t\t\t\t<\/div>\n\t\t\t<div class=\"image-tools is-small hide-for-small bottom left show-on-hover\">\n\t\t\t\t\t\t\t<\/div>\n\t\t\t<div class=\"image-tools grid-tools text-center hide-for-small bottom hover-slide-in show-on-hover\">\n\t\t\t\t\t\t\t<\/div>\n\t\t\t\t\t<\/div><!-- box-image -->\n\n\t\t<div class=\"box-text box-text-products text-center grid-style-2\">\n\t\t\t<div class=\"title-wrapper\"><p class=\"name product-title\"><a href=\"https:\/\/themex.myonter.com\/shopnoithat\/shop\/may-hut-mui-canzy-cz-3388-7090\">M\u00e1y h\u00fat m\u00f9i Canzy CZ-3388-70\/90 098933<\/a><\/p><\/div><div class=\"price-wrapper\">\n\t<span class=\"price\"><span class=\"woocommerce-Price-amount amount\">6,200,000<span class=\"woocommerce-Price-currencySymbol\">&#8363;<\/span><\/span><\/span>\n<\/div>\t\t<\/div><!-- box-text -->\n\t<\/div><!-- box -->\n\t\t<\/div><!-- .col-inner -->\n<\/div><!-- col -->\n\n\t\t\t\t\n\t\t\t\t\t\n<div class=\"product-small col has-hover post-702 product type-product status-publish has-post-thumbnail product_cat-thiet-bi-bep first instock shipping-taxable purchasable product-type-simple\">\n\t<div class=\"col-inner\">\n\t\n<div class=\"badge-container absolute left top z-1\">\n<\/div>\n\t<div class=\"product-small box \">\n\t\t<div class=\"box-image\">\n\t\t\t<div class=\"image-fade_in_back\">\n\t\t\t\t<a href=\"https:\/\/themex.myonter.com\/shopnoithat\/shop\/may-hut-mui-giovani-g70-prs\">\n\t\t\t\t\t<img width=\"300\" height=\"300\" src=\"\/\/themex.myonter.com\/shopnoithat\/wp-content\/uploads\/2017\/06\/giovani-300x300.jpg\" class=\"attachment-shop_catalog size-shop_catalog wp-post-image\" alt=\"\" loading=\"lazy\" srcset=\"\/\/themex.myonter.com\/shopnoithat\/wp-content\/uploads\/2017\/06\/giovani-300x300.jpg 300w, \/\/themex.myonter.com\/shopnoithat\/wp-content\/uploads\/2017\/06\/giovani-280x280.jpg 280w, \/\/themex.myonter.com\/shopnoithat\/wp-content\/uploads\/2017\/06\/giovani-400x400.jpg 400w, \/\/themex.myonter.com\/shopnoithat\/wp-content\/uploads\/2017\/06\/giovani-180x180.jpg 180w, \/\/themex.myonter.com\/shopnoithat\/wp-content\/uploads\/2017\/06\/giovani.jpg 446w\" sizes=\"(max-width: 300px) 100vw, 300px\" \/><img width=\"446\" height=\"446\" src=\"https:\/\/themex.myonter.com\/shopnoithat\/wp-content\/uploads\/2017\/06\/giovani.jpg\" class=\"show-on-hover absolute fill hide-for-small back-image\" alt=\"\" loading=\"lazy\" srcset=\"https:\/\/themex.myonter.com\/shopnoithat\/wp-content\/uploads\/2017\/06\/giovani.jpg 446w, https:\/\/themex.myonter.com\/shopnoithat\/wp-content\/uploads\/2017\/06\/giovani-280x280.jpg 280w, https:\/\/themex.myonter.com\/shopnoithat\/wp-content\/uploads\/2017\/06\/giovani-400x400.jpg 400w, https:\/\/themex.myonter.com\/shopnoithat\/wp-content\/uploads\/2017\/06\/giovani-180x180.jpg 180w, https:\/\/themex.myonter.com\/shopnoithat\/wp-content\/uploads\/2017\/06\/giovani-300x300.jpg 300w\" sizes=\"(max-width: 446px) 100vw, 446px\" \/>\t\t\t\t<\/a>\n\t\t\t<\/div>\n\t\t\t<div class=\"image-tools is-small top right show-on-hover\">\n\t\t\t\t\t\t\t<\/div>\n\t\t\t<div class=\"image-tools is-small hide-for-small bottom left show-on-hover\">\n\t\t\t\t\t\t\t<\/div>\n\t\t\t<div class=\"image-tools grid-tools text-center hide-for-small bottom hover-slide-in show-on-hover\">\n\t\t\t\t\t\t\t<\/div>\n\t\t\t\t\t<\/div><!-- box-image -->\n\n\t\t<div class=\"box-text box-text-products text-center grid-style-2\">\n\t\t\t<div class=\"title-wrapper\"><p class=\"name product-title\"><a href=\"https:\/\/themex.myonter.com\/shopnoithat\/shop\/may-hut-mui-giovani-g70-prs\">M\u00e1y h\u00fat m\u00f9i Giovani G70 PRS FK37393<\/a><\/p><\/div><div class=\"price-wrapper\">\n\t<span class=\"price\"><span class=\"woocommerce-Price-amount amount\">5,600,000<span class=\"woocommerce-Price-currencySymbol\">&#8363;<\/span><\/span><\/span>\n<\/div>\t\t<\/div><!-- box-text -->\n\t<\/div><!-- box -->\n\t\t<\/div><!-- .col-inner -->\n<\/div><!-- col -->\n\n\t\t\t\t\n\t\t\t\t\t\n<div class=\"product-small col has-hover post-686 product type-product status-publish has-post-thumbnail product_cat-thiet-bi-bep last instock shipping-taxable purchasable product-type-simple\">\n\t<div class=\"col-inner\">\n\t\n<div class=\"badge-container absolute left top z-1\">\n<\/div>\n\t<div class=\"product-small box \">\n\t\t<div class=\"box-image\">\n\t\t\t<div class=\"image-fade_in_back\">\n\t\t\t\t<a href=\"https:\/\/themex.myonter.com\/shopnoithat\/shop\/bep-ga-am-kinh-kaff-kf-321\">\n\t\t\t\t\t<img width=\"300\" height=\"300\" src=\"\/\/themex.myonter.com\/shopnoithat\/wp-content\/uploads\/2017\/06\/bep01-300x300.jpg\" class=\"attachment-shop_catalog size-shop_catalog wp-post-image\" alt=\"\" loading=\"lazy\" srcset=\"\/\/themex.myonter.com\/shopnoithat\/wp-content\/uploads\/2017\/06\/bep01-300x300.jpg 300w, \/\/themex.myonter.com\/shopnoithat\/wp-content\/uploads\/2017\/06\/bep01-280x280.jpg 280w, \/\/themex.myonter.com\/shopnoithat\/wp-content\/uploads\/2017\/06\/bep01-400x400.jpg 400w, \/\/themex.myonter.com\/shopnoithat\/wp-content\/uploads\/2017\/06\/bep01-180x180.jpg 180w, \/\/themex.myonter.com\/shopnoithat\/wp-content\/uploads\/2017\/06\/bep01.jpg 446w\" sizes=\"(max-width: 300px) 100vw, 300px\" \/><img width=\"446\" height=\"446\" src=\"https:\/\/themex.myonter.com\/shopnoithat\/wp-content\/uploads\/2017\/06\/bep01.jpg\" class=\"show-on-hover absolute fill hide-for-small back-image\" alt=\"\" loading=\"lazy\" srcset=\"https:\/\/themex.myonter.com\/shopnoithat\/wp-content\/uploads\/2017\/06\/bep01.jpg 446w, https:\/\/themex.myonter.com\/shopnoithat\/wp-content\/uploads\/2017\/06\/bep01-280x280.jpg 280w, https:\/\/themex.myonter.com\/shopnoithat\/wp-content\/uploads\/2017\/06\/bep01-400x400.jpg 400w, https:\/\/themex.myonter.com\/shopnoithat\/wp-content\/uploads\/2017\/06\/bep01-180x180.jpg 180w, https:\/\/themex.myonter.com\/shopnoithat\/wp-content\/uploads\/2017\/06\/bep01-300x300.jpg 300w\" sizes=\"(max-width: 446px) 100vw, 446px\" \/>\t\t\t\t<\/a>\n\t\t\t<\/div>\n\t\t\t<div class=\"image-tools is-small top right show-on-hover\">\n\t\t\t\t\t\t\t<\/div>\n\t\t\t<div class=\"image-tools is-small hide-for-small bottom left show-on-hover\">\n\t\t\t\t\t\t\t<\/div>\n\t\t\t<div class=\"image-tools grid-tools text-center hide-for-small bottom hover-slide-in show-on-hover\">\n\t\t\t\t\t\t\t<\/div>\n\t\t\t\t\t<\/div><!-- box-image -->\n\n\t\t<div class=\"box-text box-text-products text-center grid-style-2\">\n\t\t\t<div class=\"title-wrapper\"><p class=\"name product-title\"><a href=\"https:\/\/themex.myonter.com\/shopnoithat\/shop\/bep-ga-am-kinh-kaff-kf-321\">B\u1ebfp ga \u00e2m k\u00ednh KAFF KF-321 ch\u1ea5t l\u01b0\u1ee3ng cao<\/a><\/p><\/div><div class=\"price-wrapper\">\n\t<span class=\"price\"><span class=\"woocommerce-Price-amount amount\">6,000,000<span class=\"woocommerce-Price-currencySymbol\">&#8363;<\/span><\/span><\/span>\n<\/div>\t\t<\/div><!-- box-text -->\n\t<\/div><!-- box -->\n\t\t<\/div><!-- .col-inner -->\n<\/div><!-- col -->\n\n\t\t\t\t\n\t\t\t<\/div><!-- row -->\n\t\t\t\n\t\t\t<\/div>\n<\/div><\/div>\n\n<style scope=\"scope\">\n\n<\/style>\n<\/div>\n","protected":false},"excerpt":{"rendered":"<p>Thi\u1ebft b\u1ecb B\u1eadt t\u1eaft \u0111\u00e8n th\u00f4ng minh SH-D2 ho\u1ea1t \u0111\u1ed9ng b\u1eb1ng c\u00f4ng ngh\u1ec7 c\u1ea3m \u1ee9ng h\u1ed3ng ngo\u1ea1i th\u00e2n nhi\u1ec7t. Khi ng\u01b0\u1eddi s\u1eed d\u1ee5ng trong v\u00f9ng c\u1ea3m \u1ee9ng, thi\u1ebft b\u1ecb s\u1ebd t\u1ef1 \u0111\u1ed9ng b\u1eadt \u0111\u00e8n v\u00e0 t\u1eaft \u0111\u00e8n khi kh\u00f4ng c\u00f3 ng\u01b0\u1eddi. Thi\u1ebft b\u1ecb \u0111\u01b0\u1ee3c t\u00edch h\u1ee3p t\u00ednh n\u0103ng c\u1ea3m&#8230;<\/p>\n","protected":false},"featured_media":614,"comment_status":"open","ping_status":"closed","template":"","meta":[],"_links":{"self":[{"href":"https:\/\/themex.myonter.com\/shopnoithat\/wp-json\/wp\/v2\/product\/710"}],"collection":[{"href":"https:\/\/themex.myonter.com\/shopnoithat\/wp-json\/wp\/v2\/product"}],"about":[{"href":"https:\/\/themex.myonter.com\/shopnoithat\/wp-json\/wp\/v2\/types\/product"}],"replies":[{"embeddable":true,"href":"https:\/\/themex.myonter.com\/shopnoithat\/wp-json\/wp\/v2\/comments?post=710"}],"wp:featuredmedia":[{"embeddable":true,"href":"https:\/\/themex.myonter.com\/shopnoithat\/wp-json\/wp\/v2\/media\/614"}],"wp:attachment":[{"href":"https:\/\/themex.myonter.com\/shopnoithat\/wp-json\/wp\/v2\/media?parent=710"}],"curies":[{"name":"wp","href":"https:\/\/api.w.org\/{rel}","templated":true}]}}